{"id":2507,"date":"2017-08-23T16:33:35","date_gmt":"2017-08-23T15:33:35","guid":{"rendered":"https:\/\/www.thebigchallenge.com\/at-new-bis\/?page_id=2507"},"modified":"2025-06-06T10:07:56","modified_gmt":"2025-06-06T09:07:56","slug":"cgu","status":"publish","type":"page","link":"https:\/\/www.thebigchallenge.com\/at\/teacher\/legal\/cgu\/","title":{"rendered":"CGU"},"content":{"rendered":"","protected":false},"excerpt":{"rendered":"","protected":false},"author":1,"featured_media":0,"parent":37851,"menu_order":0,"comment_status":"closed","ping_status":"open","template":"","meta":{"footnotes":""},"acf":[],"yoast_head":"<!-- This site is optimized with the Yoast SEO plugin v21.4 - https:\/\/yoast.com\/wordpress\/plugins\/seo\/ -->\n<title>Allgemeine Nutzungsbedingungen von The Big Challenge<\/title>\n<meta name=\"description\" content=\"Lesen Sie die allgemeinen Nutzungsbedingungen von The Big Challenge \u2013 rechtliche Hinweise zur Nutzung der Website und der Online-Angebote.\" \/>\n<meta name=\"robots\" content=\"index, follow, max-snippet:-1, max-image-preview:large, max-video-preview:-1\" \/>\n<link rel=\"canonical\" href=\"https:\/\/www.thebigchallenge.com\/at\/teacher\/legal\/cgu\/\" \/>\n<meta property=\"og:locale\" content=\"fr_FR\" \/>\n<meta property=\"og:type\" content=\"article\" \/>\n<meta property=\"og:title\" content=\"Allgemeine Nutzungsbedingungen von The Big Challenge\" \/>\n<meta property=\"og:description\" content=\"Lesen Sie die allgemeinen Nutzungsbedingungen von The Big Challenge \u2013 rechtliche Hinweise zur Nutzung der Website und der Online-Angebote.\" \/>\n<meta property=\"og:url\" content=\"https:\/\/www.thebigchallenge.com\/at\/teacher\/legal\/cgu\/\" \/>\n<meta property=\"og:site_name\" content=\"AT\" \/>\n<meta property=\"article:modified_time\" content=\"2025-06-06T09:07:56+00:00\" \/>\n<meta name=\"twitter:card\" content=\"summary_large_image\" \/>\n<script type=\"application\/ld+json\" class=\"yoast-schema-graph\">{\"@context\":\"https:\/\/schema.org\",\"@graph\":[{\"@type\":\"WebPage\",\"@id\":\"https:\/\/www.thebigchallenge.com\/at\/teacher\/legal\/cgu\/\",\"url\":\"https:\/\/www.thebigchallenge.com\/at\/teacher\/legal\/cgu\/\",\"name\":\"Allgemeine Nutzungsbedingungen von The Big Challenge\",\"isPartOf\":{\"@id\":\"https:\/\/www.thebigchallenge.com\/at\/#website\"},\"datePublished\":\"2017-08-23T15:33:35+00:00\",\"dateModified\":\"2025-06-06T09:07:56+00:00\",\"description\":\"Lesen Sie die allgemeinen Nutzungsbedingungen von The Big Challenge \u2013 rechtliche Hinweise zur Nutzung der Website und der Online-Angebote.\",\"breadcrumb\":{\"@id\":\"https:\/\/www.thebigchallenge.com\/at\/teacher\/legal\/cgu\/#breadcrumb\"},\"inLanguage\":\"fr-FR\",\"potentialAction\":[{\"@type\":\"ReadAction\",\"target\":[\"https:\/\/www.thebigchallenge.com\/at\/teacher\/legal\/cgu\/\"]}]},{\"@type\":\"BreadcrumbList\",\"@id\":\"https:\/\/www.thebigchallenge.com\/at\/teacher\/legal\/cgu\/#breadcrumb\",\"itemListElement\":[{\"@type\":\"ListItem\",\"position\":1,\"name\":\"Accueil\",\"item\":\"https:\/\/www.thebigchallenge.com\/at\/\"},{\"@type\":\"ListItem\",\"position\":2,\"name\":\"Teacher\",\"item\":\"https:\/\/www.thebigchallenge.com\/at\/teacher\/\"},{\"@type\":\"ListItem\",\"position\":3,\"name\":\"L\u00e9gal\",\"item\":\"https:\/\/www.thebigchallenge.com\/at\/teacher\/legal\/\"},{\"@type\":\"ListItem\",\"position\":4,\"name\":\"CGU\"}]},{\"@type\":\"WebSite\",\"@id\":\"https:\/\/www.thebigchallenge.com\/at\/#website\",\"url\":\"https:\/\/www.thebigchallenge.com\/at\/\",\"name\":\"AT\",\"description\":\"Le Grand Jeu Concours d\u2019Anglais pour tous les El\u00e8ves du coll\u00e8ge. Plus de 600 000 participants chaque ann\u00e9e.\",\"potentialAction\":[{\"@type\":\"SearchAction\",\"target\":{\"@type\":\"EntryPoint\",\"urlTemplate\":\"https:\/\/www.thebigchallenge.com\/at\/?s={search_term_string}\"},\"query-input\":\"required name=search_term_string\"}],\"inLanguage\":\"fr-FR\"}]}<\/script>\n<!-- \/ Yoast SEO plugin. -->","yoast_head_json":{"title":"Allgemeine Nutzungsbedingungen von The Big Challenge","description":"Lesen Sie die allgemeinen Nutzungsbedingungen von The Big Challenge \u2013 rechtliche Hinweise zur Nutzung der Website und der Online-Angebote.","robots":{"index":"index","follow":"follow","max-snippet":"max-snippet:-1","max-image-preview":"max-image-preview:large","max-video-preview":"max-video-preview:-1"},"canonical":"https:\/\/www.thebigchallenge.com\/at\/teacher\/legal\/cgu\/","og_locale":"fr_FR","og_type":"article","og_title":"Allgemeine Nutzungsbedingungen von The Big Challenge","og_description":"Lesen Sie die allgemeinen Nutzungsbedingungen von The Big Challenge \u2013 rechtliche Hinweise zur Nutzung der Website und der Online-Angebote.","og_url":"https:\/\/www.thebigchallenge.com\/at\/teacher\/legal\/cgu\/","og_site_name":"AT","article_modified_time":"2025-06-06T09:07:56+00:00","twitter_card":"summary_large_image","schema":{"@context":"https:\/\/schema.org","@graph":[{"@type":"WebPage","@id":"https:\/\/www.thebigchallenge.com\/at\/teacher\/legal\/cgu\/","url":"https:\/\/www.thebigchallenge.com\/at\/teacher\/legal\/cgu\/","name":"Allgemeine Nutzungsbedingungen von The Big Challenge","isPartOf":{"@id":"https:\/\/www.thebigchallenge.com\/at\/#website"},"datePublished":"2017-08-23T15:33:35+00:00","dateModified":"2025-06-06T09:07:56+00:00","description":"Lesen Sie die allgemeinen Nutzungsbedingungen von The Big Challenge \u2013 rechtliche Hinweise zur Nutzung der Website und der Online-Angebote.","breadcrumb":{"@id":"https:\/\/www.thebigchallenge.com\/at\/teacher\/legal\/cgu\/#breadcrumb"},"inLanguage":"fr-FR","potentialAction":[{"@type":"ReadAction","target":["https:\/\/www.thebigchallenge.com\/at\/teacher\/legal\/cgu\/"]}]},{"@type":"BreadcrumbList","@id":"https:\/\/www.thebigchallenge.com\/at\/teacher\/legal\/cgu\/#breadcrumb","itemListElement":[{"@type":"ListItem","position":1,"name":"Accueil","item":"https:\/\/www.thebigchallenge.com\/at\/"},{"@type":"ListItem","position":2,"name":"Teacher","item":"https:\/\/www.thebigchallenge.com\/at\/teacher\/"},{"@type":"ListItem","position":3,"name":"L\u00e9gal","item":"https:\/\/www.thebigchallenge.com\/at\/teacher\/legal\/"},{"@type":"ListItem","position":4,"name":"CGU"}]},{"@type":"WebSite","@id":"https:\/\/www.thebigchallenge.com\/at\/#website","url":"https:\/\/www.thebigchallenge.com\/at\/","name":"AT","description":"Le Grand Jeu Concours d\u2019Anglais pour tous les El\u00e8ves du coll\u00e8ge. Plus de 600 000 participants chaque ann\u00e9e.","potentialAction":[{"@type":"SearchAction","target":{"@type":"EntryPoint","urlTemplate":"https:\/\/www.thebigchallenge.com\/at\/?s={search_term_string}"},"query-input":"required name=search_term_string"}],"inLanguage":"fr-FR"}]}},"publishpress_future_action":{"enabled":false,"date":"1970-01-01 01:00:00","action":"","terms":[],"taxonomy":"","browser_timezone_offset":0},"_links":{"self":[{"href":"https:\/\/www.thebigchallenge.com\/at\/wp-json\/wp\/v2\/pages\/2507"}],"collection":[{"href":"https:\/\/www.thebigchallenge.com\/at\/wp-json\/wp\/v2\/pages"}],"about":[{"href":"https:\/\/www.thebigchallenge.com\/at\/wp-json\/wp\/v2\/types\/page"}],"author":[{"embeddable":true,"href":"https:\/\/www.thebigchallenge.com\/at\/wp-json\/wp\/v2\/users\/1"}],"replies":[{"embeddable":true,"href":"https:\/\/www.thebigchallenge.com\/at\/wp-json\/wp\/v2\/comments?post=2507"}],"version-history":[{"count":7,"href":"https:\/\/www.thebigchallenge.com\/at\/wp-json\/wp\/v2\/pages\/2507\/revisions"}],"predecessor-version":[{"id":42378,"href":"https:\/\/www.thebigchallenge.com\/at\/wp-json\/wp\/v2\/pages\/2507\/revisions\/42378"}],"up":[{"embeddable":true,"href":"https:\/\/www.thebigchallenge.com\/at\/wp-json\/wp\/v2\/pages\/37851"}],"wp:attachment":[{"href":"https:\/\/www.thebigchallenge.com\/at\/wp-json\/wp\/v2\/media?parent=2507"}],"curies":[{"name":"wp","href":"https:\/\/api.w.org\/{rel}","templated":true}]}}