{"id":29,"date":"2015-05-20T12:19:17","date_gmt":"2015-05-20T11:19:17","guid":{"rendered":"https:\/\/www.thebigchallenge.com\/at-new-bis\/?page_id=29"},"modified":"2025-06-05T15:15:34","modified_gmt":"2025-06-05T14:15:34","slug":"comments","status":"publish","type":"page","link":"https:\/\/www.thebigchallenge.com\/at\/student\/comments\/","title":{"rendered":"Comments"},"content":{"rendered":"","protected":false},"excerpt":{"rendered":"","protected":false},"author":1,"featured_media":0,"parent":41829,"menu_order":0,"comment_status":"closed","ping_status":"open","template":"","meta":{"footnotes":""},"acf":[],"yoast_head":"<!-- This site is optimized with the Yoast SEO plugin v21.4 - https:\/\/yoast.com\/wordpress\/plugins\/seo\/ -->\n<title>Sch\u00fclerkommentare - The Big Challenge \u00d6sterreich<\/title>\n<meta name=\"description\" content=\"Lies echte Kommentare zu The Big Challenge von anderen Sch\u00fclerinnen und Sch\u00fclern \u2013 ihre Erfahrungen, Tipps und Eindr\u00fccke aus dem Wettbewerb!\" \/>\n<meta name=\"robots\" content=\"index, follow, max-snippet:-1, max-image-preview:large, max-video-preview:-1\" \/>\n<link rel=\"canonical\" href=\"https:\/\/www.thebigchallenge.com\/at\/student\/comments\/\" \/>\n<meta property=\"og:locale\" content=\"fr_FR\" \/>\n<meta property=\"og:type\" content=\"article\" \/>\n<meta property=\"og:title\" content=\"Sch\u00fclerkommentare - The Big Challenge \u00d6sterreich\" \/>\n<meta property=\"og:description\" content=\"Lies echte Kommentare zu The Big Challenge von anderen Sch\u00fclerinnen und Sch\u00fclern \u2013 ihre Erfahrungen, Tipps und Eindr\u00fccke aus dem Wettbewerb!\" \/>\n<meta property=\"og:url\" content=\"https:\/\/www.thebigchallenge.com\/at\/student\/comments\/\" \/>\n<meta property=\"og:site_name\" content=\"AT\" \/>\n<meta property=\"article:modified_time\" content=\"2025-06-05T14:15:34+00:00\" \/>\n<meta name=\"twitter:card\" content=\"summary_large_image\" \/>\n<script type=\"application\/ld+json\" class=\"yoast-schema-graph\">{\"@context\":\"https:\/\/schema.org\",\"@graph\":[{\"@type\":\"WebPage\",\"@id\":\"https:\/\/www.thebigchallenge.com\/at\/student\/comments\/\",\"url\":\"https:\/\/www.thebigchallenge.com\/at\/student\/comments\/\",\"name\":\"Sch\u00fclerkommentare - The Big Challenge \u00d6sterreich\",\"isPartOf\":{\"@id\":\"https:\/\/www.thebigchallenge.com\/at\/#website\"},\"datePublished\":\"2015-05-20T11:19:17+00:00\",\"dateModified\":\"2025-06-05T14:15:34+00:00\",\"description\":\"Lies echte Kommentare zu The Big Challenge von anderen Sch\u00fclerinnen und Sch\u00fclern \u2013 ihre Erfahrungen, Tipps und Eindr\u00fccke aus dem Wettbewerb!\",\"breadcrumb\":{\"@id\":\"https:\/\/www.thebigchallenge.com\/at\/student\/comments\/#breadcrumb\"},\"inLanguage\":\"fr-FR\",\"potentialAction\":[{\"@type\":\"ReadAction\",\"target\":[\"https:\/\/www.thebigchallenge.com\/at\/student\/comments\/\"]}]},{\"@type\":\"BreadcrumbList\",\"@id\":\"https:\/\/www.thebigchallenge.com\/at\/student\/comments\/#breadcrumb\",\"itemListElement\":[{\"@type\":\"ListItem\",\"position\":1,\"name\":\"Accueil\",\"item\":\"https:\/\/www.thebigchallenge.com\/at\/\"},{\"@type\":\"ListItem\",\"position\":2,\"name\":\"Student\",\"item\":\"https:\/\/www.thebigchallenge.com\/at\/student\/\"},{\"@type\":\"ListItem\",\"position\":3,\"name\":\"Comments\"}]},{\"@type\":\"WebSite\",\"@id\":\"https:\/\/www.thebigchallenge.com\/at\/#website\",\"url\":\"https:\/\/www.thebigchallenge.com\/at\/\",\"name\":\"AT\",\"description\":\"Le Grand Jeu Concours d\u2019Anglais pour tous les El\u00e8ves du coll\u00e8ge. Plus de 600 000 participants chaque ann\u00e9e.\",\"potentialAction\":[{\"@type\":\"SearchAction\",\"target\":{\"@type\":\"EntryPoint\",\"urlTemplate\":\"https:\/\/www.thebigchallenge.com\/at\/?s={search_term_string}\"},\"query-input\":\"required name=search_term_string\"}],\"inLanguage\":\"fr-FR\"}]}<\/script>\n<!-- \/ Yoast SEO plugin. -->","yoast_head_json":{"title":"Sch\u00fclerkommentare - The Big Challenge \u00d6sterreich","description":"Lies echte Kommentare zu The Big Challenge von anderen Sch\u00fclerinnen und Sch\u00fclern \u2013 ihre Erfahrungen, Tipps und Eindr\u00fccke aus dem Wettbewerb!","robots":{"index":"index","follow":"follow","max-snippet":"max-snippet:-1","max-image-preview":"max-image-preview:large","max-video-preview":"max-video-preview:-1"},"canonical":"https:\/\/www.thebigchallenge.com\/at\/student\/comments\/","og_locale":"fr_FR","og_type":"article","og_title":"Sch\u00fclerkommentare - The Big Challenge \u00d6sterreich","og_description":"Lies echte Kommentare zu The Big Challenge von anderen Sch\u00fclerinnen und Sch\u00fclern \u2013 ihre Erfahrungen, Tipps und Eindr\u00fccke aus dem Wettbewerb!","og_url":"https:\/\/www.thebigchallenge.com\/at\/student\/comments\/","og_site_name":"AT","article_modified_time":"2025-06-05T14:15:34+00:00","twitter_card":"summary_large_image","schema":{"@context":"https:\/\/schema.org","@graph":[{"@type":"WebPage","@id":"https:\/\/www.thebigchallenge.com\/at\/student\/comments\/","url":"https:\/\/www.thebigchallenge.com\/at\/student\/comments\/","name":"Sch\u00fclerkommentare - The Big Challenge \u00d6sterreich","isPartOf":{"@id":"https:\/\/www.thebigchallenge.com\/at\/#website"},"datePublished":"2015-05-20T11:19:17+00:00","dateModified":"2025-06-05T14:15:34+00:00","description":"Lies echte Kommentare zu The Big Challenge von anderen Sch\u00fclerinnen und Sch\u00fclern \u2013 ihre Erfahrungen, Tipps und Eindr\u00fccke aus dem Wettbewerb!","breadcrumb":{"@id":"https:\/\/www.thebigchallenge.com\/at\/student\/comments\/#breadcrumb"},"inLanguage":"fr-FR","potentialAction":[{"@type":"ReadAction","target":["https:\/\/www.thebigchallenge.com\/at\/student\/comments\/"]}]},{"@type":"BreadcrumbList","@id":"https:\/\/www.thebigchallenge.com\/at\/student\/comments\/#breadcrumb","itemListElement":[{"@type":"ListItem","position":1,"name":"Accueil","item":"https:\/\/www.thebigchallenge.com\/at\/"},{"@type":"ListItem","position":2,"name":"Student","item":"https:\/\/www.thebigchallenge.com\/at\/student\/"},{"@type":"ListItem","position":3,"name":"Comments"}]},{"@type":"WebSite","@id":"https:\/\/www.thebigchallenge.com\/at\/#website","url":"https:\/\/www.thebigchallenge.com\/at\/","name":"AT","description":"Le Grand Jeu Concours d\u2019Anglais pour tous les El\u00e8ves du coll\u00e8ge. Plus de 600 000 participants chaque ann\u00e9e.","potentialAction":[{"@type":"SearchAction","target":{"@type":"EntryPoint","urlTemplate":"https:\/\/www.thebigchallenge.com\/at\/?s={search_term_string}"},"query-input":"required name=search_term_string"}],"inLanguage":"fr-FR"}]}},"publishpress_future_action":{"enabled":false,"date":"1970-01-01 01:00:00","action":"","terms":[],"taxonomy":"","browser_timezone_offset":0},"_links":{"self":[{"href":"https:\/\/www.thebigchallenge.com\/at\/wp-json\/wp\/v2\/pages\/29"}],"collection":[{"href":"https:\/\/www.thebigchallenge.com\/at\/wp-json\/wp\/v2\/pages"}],"about":[{"href":"https:\/\/www.thebigchallenge.com\/at\/wp-json\/wp\/v2\/types\/page"}],"author":[{"embeddable":true,"href":"https:\/\/www.thebigchallenge.com\/at\/wp-json\/wp\/v2\/users\/1"}],"replies":[{"embeddable":true,"href":"https:\/\/www.thebigchallenge.com\/at\/wp-json\/wp\/v2\/comments?post=29"}],"version-history":[{"count":10,"href":"https:\/\/www.thebigchallenge.com\/at\/wp-json\/wp\/v2\/pages\/29\/revisions"}],"predecessor-version":[{"id":41560,"href":"https:\/\/www.thebigchallenge.com\/at\/wp-json\/wp\/v2\/pages\/29\/revisions\/41560"}],"up":[{"embeddable":true,"href":"https:\/\/www.thebigchallenge.com\/at\/wp-json\/wp\/v2\/pages\/41829"}],"wp:attachment":[{"href":"https:\/\/www.thebigchallenge.com\/at\/wp-json\/wp\/v2\/media?parent=29"}],"curies":[{"name":"wp","href":"https:\/\/api.w.org\/{rel}","templated":true}]}}