{"id":38558,"date":"2021-08-26T12:23:18","date_gmt":"2021-08-26T11:23:18","guid":{"rendered":"https:\/\/www.thebigchallenge.com\/at-new-bis\/?page_id=38558"},"modified":"2025-09-24T17:01:39","modified_gmt":"2025-09-24T16:01:39","slug":"entrainement","status":"publish","type":"page","link":"https:\/\/www.thebigchallenge.com\/at\/student\/entrainement\/","title":{"rendered":"Entra\u00eenement"},"content":{"rendered":"","protected":false},"excerpt":{"rendered":"","protected":false},"author":1,"featured_media":0,"parent":41829,"menu_order":0,"comment_status":"closed","ping_status":"closed","template":"","meta":{"footnotes":""},"acf":[],"yoast_head":"<!-- This site is optimized with the Yoast SEO plugin v21.4 - https:\/\/yoast.com\/wordpress\/plugins\/seo\/ -->\n<title>Effektives Englischtraining mit The Big Challenge PLAY<\/title>\n<meta name=\"description\" content=\"Trainiere dein Englisch mit The Big Challenge PLAY! Spannende Spiele und \u00dcbungen, die dich schnell voranbringen.\" \/>\n<meta name=\"robots\" content=\"index, follow, max-snippet:-1, max-image-preview:large, max-video-preview:-1\" \/>\n<link rel=\"canonical\" href=\"https:\/\/www.thebigchallenge.com\/at\/student\/entrainement\/\" \/>\n<meta property=\"og:locale\" content=\"fr_FR\" \/>\n<meta property=\"og:type\" content=\"article\" \/>\n<meta property=\"og:title\" content=\"Effektives Englischtraining mit The Big Challenge PLAY\" \/>\n<meta property=\"og:description\" content=\"Trainiere dein Englisch mit The Big Challenge PLAY! Spannende Spiele und \u00dcbungen, die dich schnell voranbringen.\" \/>\n<meta property=\"og:url\" content=\"https:\/\/www.thebigchallenge.com\/at\/student\/entrainement\/\" \/>\n<meta property=\"og:site_name\" content=\"AT\" \/>\n<meta property=\"article:modified_time\" content=\"2025-09-24T16:01:39+00:00\" \/>\n<meta name=\"twitter:card\" content=\"summary_large_image\" \/>\n<script type=\"application\/ld+json\" class=\"yoast-schema-graph\">{\"@context\":\"https:\/\/schema.org\",\"@graph\":[{\"@type\":\"WebPage\",\"@id\":\"https:\/\/www.thebigchallenge.com\/at\/student\/entrainement\/\",\"url\":\"https:\/\/www.thebigchallenge.com\/at\/student\/entrainement\/\",\"name\":\"Effektives Englischtraining mit The Big Challenge PLAY\",\"isPartOf\":{\"@id\":\"https:\/\/www.thebigchallenge.com\/at\/#website\"},\"datePublished\":\"2021-08-26T11:23:18+00:00\",\"dateModified\":\"2025-09-24T16:01:39+00:00\",\"description\":\"Trainiere dein Englisch mit The Big Challenge PLAY! Spannende Spiele und \u00dcbungen, die dich schnell voranbringen.\",\"breadcrumb\":{\"@id\":\"https:\/\/www.thebigchallenge.com\/at\/student\/entrainement\/#breadcrumb\"},\"inLanguage\":\"fr-FR\",\"potentialAction\":[{\"@type\":\"ReadAction\",\"target\":[\"https:\/\/www.thebigchallenge.com\/at\/student\/entrainement\/\"]}]},{\"@type\":\"BreadcrumbList\",\"@id\":\"https:\/\/www.thebigchallenge.com\/at\/student\/entrainement\/#breadcrumb\",\"itemListElement\":[{\"@type\":\"ListItem\",\"position\":1,\"name\":\"Accueil\",\"item\":\"https:\/\/www.thebigchallenge.com\/at\/\"},{\"@type\":\"ListItem\",\"position\":2,\"name\":\"Student\",\"item\":\"https:\/\/www.thebigchallenge.com\/at\/student\/\"},{\"@type\":\"ListItem\",\"position\":3,\"name\":\"Entra\u00eenement\"}]},{\"@type\":\"WebSite\",\"@id\":\"https:\/\/www.thebigchallenge.com\/at\/#website\",\"url\":\"https:\/\/www.thebigchallenge.com\/at\/\",\"name\":\"AT\",\"description\":\"Le Grand Jeu Concours d\u2019Anglais pour tous les El\u00e8ves du coll\u00e8ge. Plus de 600 000 participants chaque ann\u00e9e.\",\"potentialAction\":[{\"@type\":\"SearchAction\",\"target\":{\"@type\":\"EntryPoint\",\"urlTemplate\":\"https:\/\/www.thebigchallenge.com\/at\/?s={search_term_string}\"},\"query-input\":\"required name=search_term_string\"}],\"inLanguage\":\"fr-FR\"}]}<\/script>\n<!-- \/ Yoast SEO plugin. -->","yoast_head_json":{"title":"Effektives Englischtraining mit The Big Challenge PLAY","description":"Trainiere dein Englisch mit The Big Challenge PLAY! Spannende Spiele und \u00dcbungen, die dich schnell voranbringen.","robots":{"index":"index","follow":"follow","max-snippet":"max-snippet:-1","max-image-preview":"max-image-preview:large","max-video-preview":"max-video-preview:-1"},"canonical":"https:\/\/www.thebigchallenge.com\/at\/student\/entrainement\/","og_locale":"fr_FR","og_type":"article","og_title":"Effektives Englischtraining mit The Big Challenge PLAY","og_description":"Trainiere dein Englisch mit The Big Challenge PLAY! Spannende Spiele und \u00dcbungen, die dich schnell voranbringen.","og_url":"https:\/\/www.thebigchallenge.com\/at\/student\/entrainement\/","og_site_name":"AT","article_modified_time":"2025-09-24T16:01:39+00:00","twitter_card":"summary_large_image","schema":{"@context":"https:\/\/schema.org","@graph":[{"@type":"WebPage","@id":"https:\/\/www.thebigchallenge.com\/at\/student\/entrainement\/","url":"https:\/\/www.thebigchallenge.com\/at\/student\/entrainement\/","name":"Effektives Englischtraining mit The Big Challenge PLAY","isPartOf":{"@id":"https:\/\/www.thebigchallenge.com\/at\/#website"},"datePublished":"2021-08-26T11:23:18+00:00","dateModified":"2025-09-24T16:01:39+00:00","description":"Trainiere dein Englisch mit The Big Challenge PLAY! Spannende Spiele und \u00dcbungen, die dich schnell voranbringen.","breadcrumb":{"@id":"https:\/\/www.thebigchallenge.com\/at\/student\/entrainement\/#breadcrumb"},"inLanguage":"fr-FR","potentialAction":[{"@type":"ReadAction","target":["https:\/\/www.thebigchallenge.com\/at\/student\/entrainement\/"]}]},{"@type":"BreadcrumbList","@id":"https:\/\/www.thebigchallenge.com\/at\/student\/entrainement\/#breadcrumb","itemListElement":[{"@type":"ListItem","position":1,"name":"Accueil","item":"https:\/\/www.thebigchallenge.com\/at\/"},{"@type":"ListItem","position":2,"name":"Student","item":"https:\/\/www.thebigchallenge.com\/at\/student\/"},{"@type":"ListItem","position":3,"name":"Entra\u00eenement"}]},{"@type":"WebSite","@id":"https:\/\/www.thebigchallenge.com\/at\/#website","url":"https:\/\/www.thebigchallenge.com\/at\/","name":"AT","description":"Le Grand Jeu Concours d\u2019Anglais pour tous les El\u00e8ves du coll\u00e8ge. Plus de 600 000 participants chaque ann\u00e9e.","potentialAction":[{"@type":"SearchAction","target":{"@type":"EntryPoint","urlTemplate":"https:\/\/www.thebigchallenge.com\/at\/?s={search_term_string}"},"query-input":"required name=search_term_string"}],"inLanguage":"fr-FR"}]}},"publishpress_future_action":{"enabled":false,"date":"1970-01-01 01:00:00","action":"","terms":[],"taxonomy":"","browser_timezone_offset":0},"_links":{"self":[{"href":"https:\/\/www.thebigchallenge.com\/at\/wp-json\/wp\/v2\/pages\/38558"}],"collection":[{"href":"https:\/\/www.thebigchallenge.com\/at\/wp-json\/wp\/v2\/pages"}],"about":[{"href":"https:\/\/www.thebigchallenge.com\/at\/wp-json\/wp\/v2\/types\/page"}],"author":[{"embeddable":true,"href":"https:\/\/www.thebigchallenge.com\/at\/wp-json\/wp\/v2\/users\/1"}],"replies":[{"embeddable":true,"href":"https:\/\/www.thebigchallenge.com\/at\/wp-json\/wp\/v2\/comments?post=38558"}],"version-history":[{"count":10,"href":"https:\/\/www.thebigchallenge.com\/at\/wp-json\/wp\/v2\/pages\/38558\/revisions"}],"predecessor-version":[{"id":42553,"href":"https:\/\/www.thebigchallenge.com\/at\/wp-json\/wp\/v2\/pages\/38558\/revisions\/42553"}],"up":[{"embeddable":true,"href":"https:\/\/www.thebigchallenge.com\/at\/wp-json\/wp\/v2\/pages\/41829"}],"wp:attachment":[{"href":"https:\/\/www.thebigchallenge.com\/at\/wp-json\/wp\/v2\/media?parent=38558"}],"curies":[{"name":"wp","href":"https:\/\/api.w.org\/{rel}","templated":true}]}}