{"id":39667,"date":"2022-09-30T13:35:21","date_gmt":"2022-09-30T12:35:21","guid":{"rendered":"https:\/\/www.thebigchallenge.com\/at-new-bis\/?page_id=39667"},"modified":"2025-12-11T13:50:56","modified_gmt":"2025-12-11T12:50:56","slug":"organisation","status":"publish","type":"page","link":"https:\/\/www.thebigchallenge.com\/at\/teacher\/contest\/organisation\/","title":{"rendered":"Organisation"},"content":{"rendered":"","protected":false},"excerpt":{"rendered":"","protected":false},"author":1,"featured_media":0,"parent":38871,"menu_order":0,"comment_status":"closed","ping_status":"closed","template":"","meta":{"footnotes":""},"acf":[],"yoast_head":"<!-- This site is optimized with the Yoast SEO plugin v21.4 - https:\/\/yoast.com\/wordpress\/plugins\/seo\/ -->\n<title>Organisation des The Big Challenge Wettbewerbs \u2013 Schritt f\u00fcr Schritt erkl\u00e4rt<\/title>\n<meta name=\"description\" content=\"Alles zur Organisation des The Big Challenge Wettbewerbs: Vorbereitung, Materialien, Ablauf \u2013 einfach und reibungslos in Ihrer Schule umsetzbar!\" \/>\n<meta name=\"robots\" content=\"index, follow, max-snippet:-1, max-image-preview:large, max-video-preview:-1\" \/>\n<link rel=\"canonical\" href=\"https:\/\/www.thebigchallenge.com\/at\/teacher\/contest\/organisation\/\" \/>\n<meta property=\"og:locale\" content=\"fr_FR\" \/>\n<meta property=\"og:type\" content=\"article\" \/>\n<meta property=\"og:title\" content=\"Organisation des The Big Challenge Wettbewerbs \u2013 Schritt f\u00fcr Schritt erkl\u00e4rt\" \/>\n<meta property=\"og:description\" content=\"Alles zur Organisation des The Big Challenge Wettbewerbs: Vorbereitung, Materialien, Ablauf \u2013 einfach und reibungslos in Ihrer Schule umsetzbar!\" \/>\n<meta property=\"og:url\" content=\"https:\/\/www.thebigchallenge.com\/at\/teacher\/contest\/organisation\/\" \/>\n<meta property=\"og:site_name\" content=\"AT\" \/>\n<meta property=\"article:modified_time\" content=\"2025-12-11T12:50:56+00:00\" \/>\n<meta name=\"twitter:card\" content=\"summary_large_image\" \/>\n<script type=\"application\/ld+json\" class=\"yoast-schema-graph\">{\"@context\":\"https:\/\/schema.org\",\"@graph\":[{\"@type\":\"WebPage\",\"@id\":\"https:\/\/www.thebigchallenge.com\/at\/teacher\/contest\/organisation\/\",\"url\":\"https:\/\/www.thebigchallenge.com\/at\/teacher\/contest\/organisation\/\",\"name\":\"Organisation des The Big Challenge Wettbewerbs \u2013 Schritt f\u00fcr Schritt erkl\u00e4rt\",\"isPartOf\":{\"@id\":\"https:\/\/www.thebigchallenge.com\/at\/#website\"},\"datePublished\":\"2022-09-30T12:35:21+00:00\",\"dateModified\":\"2025-12-11T12:50:56+00:00\",\"description\":\"Alles zur Organisation des The Big Challenge Wettbewerbs: Vorbereitung, Materialien, Ablauf \u2013 einfach und reibungslos in Ihrer Schule umsetzbar!\",\"breadcrumb\":{\"@id\":\"https:\/\/www.thebigchallenge.com\/at\/teacher\/contest\/organisation\/#breadcrumb\"},\"inLanguage\":\"fr-FR\",\"potentialAction\":[{\"@type\":\"ReadAction\",\"target\":[\"https:\/\/www.thebigchallenge.com\/at\/teacher\/contest\/organisation\/\"]}]},{\"@type\":\"BreadcrumbList\",\"@id\":\"https:\/\/www.thebigchallenge.com\/at\/teacher\/contest\/organisation\/#breadcrumb\",\"itemListElement\":[{\"@type\":\"ListItem\",\"position\":1,\"name\":\"Accueil\",\"item\":\"https:\/\/www.thebigchallenge.com\/at\/\"},{\"@type\":\"ListItem\",\"position\":2,\"name\":\"Teacher\",\"item\":\"https:\/\/www.thebigchallenge.com\/at\/teacher\/\"},{\"@type\":\"ListItem\",\"position\":3,\"name\":\"Contest\",\"item\":\"https:\/\/www.thebigchallenge.com\/at\/teacher\/contest\/\"},{\"@type\":\"ListItem\",\"position\":4,\"name\":\"Organisation\"}]},{\"@type\":\"WebSite\",\"@id\":\"https:\/\/www.thebigchallenge.com\/at\/#website\",\"url\":\"https:\/\/www.thebigchallenge.com\/at\/\",\"name\":\"AT\",\"description\":\"Le Grand Jeu Concours d\u2019Anglais pour tous les El\u00e8ves du coll\u00e8ge. Plus de 600 000 participants chaque ann\u00e9e.\",\"potentialAction\":[{\"@type\":\"SearchAction\",\"target\":{\"@type\":\"EntryPoint\",\"urlTemplate\":\"https:\/\/www.thebigchallenge.com\/at\/?s={search_term_string}\"},\"query-input\":\"required name=search_term_string\"}],\"inLanguage\":\"fr-FR\"}]}<\/script>\n<!-- \/ Yoast SEO plugin. -->","yoast_head_json":{"title":"Organisation des The Big Challenge Wettbewerbs \u2013 Schritt f\u00fcr Schritt erkl\u00e4rt","description":"Alles zur Organisation des The Big Challenge Wettbewerbs: Vorbereitung, Materialien, Ablauf \u2013 einfach und reibungslos in Ihrer Schule umsetzbar!","robots":{"index":"index","follow":"follow","max-snippet":"max-snippet:-1","max-image-preview":"max-image-preview:large","max-video-preview":"max-video-preview:-1"},"canonical":"https:\/\/www.thebigchallenge.com\/at\/teacher\/contest\/organisation\/","og_locale":"fr_FR","og_type":"article","og_title":"Organisation des The Big Challenge Wettbewerbs \u2013 Schritt f\u00fcr Schritt erkl\u00e4rt","og_description":"Alles zur Organisation des The Big Challenge Wettbewerbs: Vorbereitung, Materialien, Ablauf \u2013 einfach und reibungslos in Ihrer Schule umsetzbar!","og_url":"https:\/\/www.thebigchallenge.com\/at\/teacher\/contest\/organisation\/","og_site_name":"AT","article_modified_time":"2025-12-11T12:50:56+00:00","twitter_card":"summary_large_image","schema":{"@context":"https:\/\/schema.org","@graph":[{"@type":"WebPage","@id":"https:\/\/www.thebigchallenge.com\/at\/teacher\/contest\/organisation\/","url":"https:\/\/www.thebigchallenge.com\/at\/teacher\/contest\/organisation\/","name":"Organisation des The Big Challenge Wettbewerbs \u2013 Schritt f\u00fcr Schritt erkl\u00e4rt","isPartOf":{"@id":"https:\/\/www.thebigchallenge.com\/at\/#website"},"datePublished":"2022-09-30T12:35:21+00:00","dateModified":"2025-12-11T12:50:56+00:00","description":"Alles zur Organisation des The Big Challenge Wettbewerbs: Vorbereitung, Materialien, Ablauf \u2013 einfach und reibungslos in Ihrer Schule umsetzbar!","breadcrumb":{"@id":"https:\/\/www.thebigchallenge.com\/at\/teacher\/contest\/organisation\/#breadcrumb"},"inLanguage":"fr-FR","potentialAction":[{"@type":"ReadAction","target":["https:\/\/www.thebigchallenge.com\/at\/teacher\/contest\/organisation\/"]}]},{"@type":"BreadcrumbList","@id":"https:\/\/www.thebigchallenge.com\/at\/teacher\/contest\/organisation\/#breadcrumb","itemListElement":[{"@type":"ListItem","position":1,"name":"Accueil","item":"https:\/\/www.thebigchallenge.com\/at\/"},{"@type":"ListItem","position":2,"name":"Teacher","item":"https:\/\/www.thebigchallenge.com\/at\/teacher\/"},{"@type":"ListItem","position":3,"name":"Contest","item":"https:\/\/www.thebigchallenge.com\/at\/teacher\/contest\/"},{"@type":"ListItem","position":4,"name":"Organisation"}]},{"@type":"WebSite","@id":"https:\/\/www.thebigchallenge.com\/at\/#website","url":"https:\/\/www.thebigchallenge.com\/at\/","name":"AT","description":"Le Grand Jeu Concours d\u2019Anglais pour tous les El\u00e8ves du coll\u00e8ge. Plus de 600 000 participants chaque ann\u00e9e.","potentialAction":[{"@type":"SearchAction","target":{"@type":"EntryPoint","urlTemplate":"https:\/\/www.thebigchallenge.com\/at\/?s={search_term_string}"},"query-input":"required name=search_term_string"}],"inLanguage":"fr-FR"}]}},"publishpress_future_action":{"enabled":false,"date":"1970-01-01 01:00:00","action":"","terms":[],"taxonomy":"","browser_timezone_offset":0},"_links":{"self":[{"href":"https:\/\/www.thebigchallenge.com\/at\/wp-json\/wp\/v2\/pages\/39667"}],"collection":[{"href":"https:\/\/www.thebigchallenge.com\/at\/wp-json\/wp\/v2\/pages"}],"about":[{"href":"https:\/\/www.thebigchallenge.com\/at\/wp-json\/wp\/v2\/types\/page"}],"author":[{"embeddable":true,"href":"https:\/\/www.thebigchallenge.com\/at\/wp-json\/wp\/v2\/users\/1"}],"replies":[{"embeddable":true,"href":"https:\/\/www.thebigchallenge.com\/at\/wp-json\/wp\/v2\/comments?post=39667"}],"version-history":[{"count":10,"href":"https:\/\/www.thebigchallenge.com\/at\/wp-json\/wp\/v2\/pages\/39667\/revisions"}],"predecessor-version":[{"id":42674,"href":"https:\/\/www.thebigchallenge.com\/at\/wp-json\/wp\/v2\/pages\/39667\/revisions\/42674"}],"up":[{"embeddable":true,"href":"https:\/\/www.thebigchallenge.com\/at\/wp-json\/wp\/v2\/pages\/38871"}],"wp:attachment":[{"href":"https:\/\/www.thebigchallenge.com\/at\/wp-json\/wp\/v2\/media?parent=39667"}],"curies":[{"name":"wp","href":"https:\/\/api.w.org\/{rel}","templated":true}]}}