{"id":40167,"date":"2023-06-15T17:04:44","date_gmt":"2023-06-15T16:04:44","guid":{"rendered":"https:\/\/www.thebigchallenge.com\/at-new-bis\/?page_id=40167"},"modified":"2025-06-06T09:34:13","modified_gmt":"2025-06-06T08:34:13","slug":"evaluation","status":"publish","type":"page","link":"https:\/\/www.thebigchallenge.com\/at\/teacher\/contest\/evaluation\/","title":{"rendered":"Evaluation"},"content":{"rendered":"","protected":false},"excerpt":{"rendered":"","protected":false},"author":1,"featured_media":0,"parent":38871,"menu_order":0,"comment_status":"closed","ping_status":"closed","template":"","meta":{"footnotes":""},"acf":[],"yoast_head":"<!-- This site is optimized with the Yoast SEO plugin v21.4 - https:\/\/yoast.com\/wordpress\/plugins\/seo\/ -->\n<title>Die Bewertung - The Big Challenge \u00d6sterreich<\/title>\n<meta name=\"description\" content=\"Erfahren Sie, wie die Bewertung im The Big Challenge Wettbewerb erfolgt: Punktevergabe, Bewertungskriterien und p\u00e4dagogischer Nutzen im \u00dcberblick.\" \/>\n<meta name=\"robots\" content=\"index, follow, max-snippet:-1, max-image-preview:large, max-video-preview:-1\" \/>\n<link rel=\"canonical\" href=\"https:\/\/www.thebigchallenge.com\/at\/teacher\/contest\/evaluation\/\" \/>\n<meta property=\"og:locale\" content=\"fr_FR\" \/>\n<meta property=\"og:type\" content=\"article\" \/>\n<meta property=\"og:title\" content=\"Die Bewertung - The Big Challenge \u00d6sterreich\" \/>\n<meta property=\"og:description\" content=\"Erfahren Sie, wie die Bewertung im The Big Challenge Wettbewerb erfolgt: Punktevergabe, Bewertungskriterien und p\u00e4dagogischer Nutzen im \u00dcberblick.\" \/>\n<meta property=\"og:url\" content=\"https:\/\/www.thebigchallenge.com\/at\/teacher\/contest\/evaluation\/\" \/>\n<meta property=\"og:site_name\" content=\"AT\" \/>\n<meta property=\"article:modified_time\" content=\"2025-06-06T08:34:13+00:00\" \/>\n<meta name=\"twitter:card\" content=\"summary_large_image\" \/>\n<script type=\"application\/ld+json\" class=\"yoast-schema-graph\">{\"@context\":\"https:\/\/schema.org\",\"@graph\":[{\"@type\":\"WebPage\",\"@id\":\"https:\/\/www.thebigchallenge.com\/at\/teacher\/contest\/evaluation\/\",\"url\":\"https:\/\/www.thebigchallenge.com\/at\/teacher\/contest\/evaluation\/\",\"name\":\"Die Bewertung - The Big Challenge \u00d6sterreich\",\"isPartOf\":{\"@id\":\"https:\/\/www.thebigchallenge.com\/at\/#website\"},\"datePublished\":\"2023-06-15T16:04:44+00:00\",\"dateModified\":\"2025-06-06T08:34:13+00:00\",\"description\":\"Erfahren Sie, wie die Bewertung im The Big Challenge Wettbewerb erfolgt: Punktevergabe, Bewertungskriterien und p\u00e4dagogischer Nutzen im \u00dcberblick.\",\"breadcrumb\":{\"@id\":\"https:\/\/www.thebigchallenge.com\/at\/teacher\/contest\/evaluation\/#breadcrumb\"},\"inLanguage\":\"fr-FR\",\"potentialAction\":[{\"@type\":\"ReadAction\",\"target\":[\"https:\/\/www.thebigchallenge.com\/at\/teacher\/contest\/evaluation\/\"]}]},{\"@type\":\"BreadcrumbList\",\"@id\":\"https:\/\/www.thebigchallenge.com\/at\/teacher\/contest\/evaluation\/#breadcrumb\",\"itemListElement\":[{\"@type\":\"ListItem\",\"position\":1,\"name\":\"Accueil\",\"item\":\"https:\/\/www.thebigchallenge.com\/at\/\"},{\"@type\":\"ListItem\",\"position\":2,\"name\":\"Teacher\",\"item\":\"https:\/\/www.thebigchallenge.com\/at\/teacher\/\"},{\"@type\":\"ListItem\",\"position\":3,\"name\":\"Contest\",\"item\":\"https:\/\/www.thebigchallenge.com\/at\/teacher\/contest\/\"},{\"@type\":\"ListItem\",\"position\":4,\"name\":\"Evaluation\"}]},{\"@type\":\"WebSite\",\"@id\":\"https:\/\/www.thebigchallenge.com\/at\/#website\",\"url\":\"https:\/\/www.thebigchallenge.com\/at\/\",\"name\":\"AT\",\"description\":\"Le Grand Jeu Concours d\u2019Anglais pour tous les El\u00e8ves du coll\u00e8ge. Plus de 600 000 participants chaque ann\u00e9e.\",\"potentialAction\":[{\"@type\":\"SearchAction\",\"target\":{\"@type\":\"EntryPoint\",\"urlTemplate\":\"https:\/\/www.thebigchallenge.com\/at\/?s={search_term_string}\"},\"query-input\":\"required name=search_term_string\"}],\"inLanguage\":\"fr-FR\"}]}<\/script>\n<!-- \/ Yoast SEO plugin. -->","yoast_head_json":{"title":"Die Bewertung - The Big Challenge \u00d6sterreich","description":"Erfahren Sie, wie die Bewertung im The Big Challenge Wettbewerb erfolgt: Punktevergabe, Bewertungskriterien und p\u00e4dagogischer Nutzen im \u00dcberblick.","robots":{"index":"index","follow":"follow","max-snippet":"max-snippet:-1","max-image-preview":"max-image-preview:large","max-video-preview":"max-video-preview:-1"},"canonical":"https:\/\/www.thebigchallenge.com\/at\/teacher\/contest\/evaluation\/","og_locale":"fr_FR","og_type":"article","og_title":"Die Bewertung - The Big Challenge \u00d6sterreich","og_description":"Erfahren Sie, wie die Bewertung im The Big Challenge Wettbewerb erfolgt: Punktevergabe, Bewertungskriterien und p\u00e4dagogischer Nutzen im \u00dcberblick.","og_url":"https:\/\/www.thebigchallenge.com\/at\/teacher\/contest\/evaluation\/","og_site_name":"AT","article_modified_time":"2025-06-06T08:34:13+00:00","twitter_card":"summary_large_image","schema":{"@context":"https:\/\/schema.org","@graph":[{"@type":"WebPage","@id":"https:\/\/www.thebigchallenge.com\/at\/teacher\/contest\/evaluation\/","url":"https:\/\/www.thebigchallenge.com\/at\/teacher\/contest\/evaluation\/","name":"Die Bewertung - The Big Challenge \u00d6sterreich","isPartOf":{"@id":"https:\/\/www.thebigchallenge.com\/at\/#website"},"datePublished":"2023-06-15T16:04:44+00:00","dateModified":"2025-06-06T08:34:13+00:00","description":"Erfahren Sie, wie die Bewertung im The Big Challenge Wettbewerb erfolgt: Punktevergabe, Bewertungskriterien und p\u00e4dagogischer Nutzen im \u00dcberblick.","breadcrumb":{"@id":"https:\/\/www.thebigchallenge.com\/at\/teacher\/contest\/evaluation\/#breadcrumb"},"inLanguage":"fr-FR","potentialAction":[{"@type":"ReadAction","target":["https:\/\/www.thebigchallenge.com\/at\/teacher\/contest\/evaluation\/"]}]},{"@type":"BreadcrumbList","@id":"https:\/\/www.thebigchallenge.com\/at\/teacher\/contest\/evaluation\/#breadcrumb","itemListElement":[{"@type":"ListItem","position":1,"name":"Accueil","item":"https:\/\/www.thebigchallenge.com\/at\/"},{"@type":"ListItem","position":2,"name":"Teacher","item":"https:\/\/www.thebigchallenge.com\/at\/teacher\/"},{"@type":"ListItem","position":3,"name":"Contest","item":"https:\/\/www.thebigchallenge.com\/at\/teacher\/contest\/"},{"@type":"ListItem","position":4,"name":"Evaluation"}]},{"@type":"WebSite","@id":"https:\/\/www.thebigchallenge.com\/at\/#website","url":"https:\/\/www.thebigchallenge.com\/at\/","name":"AT","description":"Le Grand Jeu Concours d\u2019Anglais pour tous les El\u00e8ves du coll\u00e8ge. Plus de 600 000 participants chaque ann\u00e9e.","potentialAction":[{"@type":"SearchAction","target":{"@type":"EntryPoint","urlTemplate":"https:\/\/www.thebigchallenge.com\/at\/?s={search_term_string}"},"query-input":"required name=search_term_string"}],"inLanguage":"fr-FR"}]}},"publishpress_future_action":{"enabled":false,"date":"1970-01-01 01:00:00","action":"","terms":[],"taxonomy":"","browser_timezone_offset":0},"_links":{"self":[{"href":"https:\/\/www.thebigchallenge.com\/at\/wp-json\/wp\/v2\/pages\/40167"}],"collection":[{"href":"https:\/\/www.thebigchallenge.com\/at\/wp-json\/wp\/v2\/pages"}],"about":[{"href":"https:\/\/www.thebigchallenge.com\/at\/wp-json\/wp\/v2\/types\/page"}],"author":[{"embeddable":true,"href":"https:\/\/www.thebigchallenge.com\/at\/wp-json\/wp\/v2\/users\/1"}],"replies":[{"embeddable":true,"href":"https:\/\/www.thebigchallenge.com\/at\/wp-json\/wp\/v2\/comments?post=40167"}],"version-history":[{"count":3,"href":"https:\/\/www.thebigchallenge.com\/at\/wp-json\/wp\/v2\/pages\/40167\/revisions"}],"predecessor-version":[{"id":42051,"href":"https:\/\/www.thebigchallenge.com\/at\/wp-json\/wp\/v2\/pages\/40167\/revisions\/42051"}],"up":[{"embeddable":true,"href":"https:\/\/www.thebigchallenge.com\/at\/wp-json\/wp\/v2\/pages\/38871"}],"wp:attachment":[{"href":"https:\/\/www.thebigchallenge.com\/at\/wp-json\/wp\/v2\/media?parent=40167"}],"curies":[{"name":"wp","href":"https:\/\/api.w.org\/{rel}","templated":true}]}}