{"id":40285,"date":"2023-06-27T10:52:46","date_gmt":"2023-06-27T09:52:46","guid":{"rendered":"https:\/\/www.thebigchallenge.com\/at-new-bis\/?page_id=40285"},"modified":"2025-10-09T10:23:55","modified_gmt":"2025-10-09T09:23:55","slug":"annales","status":"publish","type":"page","link":"https:\/\/www.thebigchallenge.com\/at\/student\/annales\/","title":{"rendered":"Annales"},"content":{"rendered":"","protected":false},"excerpt":{"rendered":"","protected":false},"author":1,"featured_media":0,"parent":41829,"menu_order":0,"comment_status":"closed","ping_status":"closed","template":"","meta":{"footnotes":""},"acf":[],"yoast_head":"<!-- This site is optimized with the Yoast SEO plugin v21.4 - https:\/\/yoast.com\/wordpress\/plugins\/seo\/ -->\n<title>Englischtests vergangener Jahre \u2013 \u00dcbe mit The Big Challenge<\/title>\n<meta name=\"description\" content=\"\u00dcbe mit den Englischtests vergangener Jahre von The Big Challenge. Perfekt, um dich optimal vorzubereiten!\" \/>\n<meta name=\"robots\" content=\"index, follow, max-snippet:-1, max-image-preview:large, max-video-preview:-1\" \/>\n<link rel=\"canonical\" href=\"https:\/\/www.thebigchallenge.com\/at\/student\/annales\/\" \/>\n<meta property=\"og:locale\" content=\"fr_FR\" \/>\n<meta property=\"og:type\" content=\"article\" \/>\n<meta property=\"og:title\" content=\"Englischtests vergangener Jahre \u2013 \u00dcbe mit The Big Challenge\" \/>\n<meta property=\"og:description\" content=\"\u00dcbe mit den Englischtests vergangener Jahre von The Big Challenge. Perfekt, um dich optimal vorzubereiten!\" \/>\n<meta property=\"og:url\" content=\"https:\/\/www.thebigchallenge.com\/at\/student\/annales\/\" \/>\n<meta property=\"og:site_name\" content=\"AT\" \/>\n<meta property=\"article:modified_time\" content=\"2025-10-09T09:23:55+00:00\" \/>\n<meta name=\"twitter:card\" content=\"summary_large_image\" \/>\n<script type=\"application\/ld+json\" class=\"yoast-schema-graph\">{\"@context\":\"https:\/\/schema.org\",\"@graph\":[{\"@type\":\"WebPage\",\"@id\":\"https:\/\/www.thebigchallenge.com\/at\/student\/annales\/\",\"url\":\"https:\/\/www.thebigchallenge.com\/at\/student\/annales\/\",\"name\":\"Englischtests vergangener Jahre \u2013 \u00dcbe mit The Big Challenge\",\"isPartOf\":{\"@id\":\"https:\/\/www.thebigchallenge.com\/at\/#website\"},\"datePublished\":\"2023-06-27T09:52:46+00:00\",\"dateModified\":\"2025-10-09T09:23:55+00:00\",\"description\":\"\u00dcbe mit den Englischtests vergangener Jahre von The Big Challenge. Perfekt, um dich optimal vorzubereiten!\",\"breadcrumb\":{\"@id\":\"https:\/\/www.thebigchallenge.com\/at\/student\/annales\/#breadcrumb\"},\"inLanguage\":\"fr-FR\",\"potentialAction\":[{\"@type\":\"ReadAction\",\"target\":[\"https:\/\/www.thebigchallenge.com\/at\/student\/annales\/\"]}]},{\"@type\":\"BreadcrumbList\",\"@id\":\"https:\/\/www.thebigchallenge.com\/at\/student\/annales\/#breadcrumb\",\"itemListElement\":[{\"@type\":\"ListItem\",\"position\":1,\"name\":\"Accueil\",\"item\":\"https:\/\/www.thebigchallenge.com\/at\/\"},{\"@type\":\"ListItem\",\"position\":2,\"name\":\"Student\",\"item\":\"https:\/\/www.thebigchallenge.com\/at\/student\/\"},{\"@type\":\"ListItem\",\"position\":3,\"name\":\"Annales\"}]},{\"@type\":\"WebSite\",\"@id\":\"https:\/\/www.thebigchallenge.com\/at\/#website\",\"url\":\"https:\/\/www.thebigchallenge.com\/at\/\",\"name\":\"AT\",\"description\":\"Le Grand Jeu Concours d\u2019Anglais pour tous les El\u00e8ves du coll\u00e8ge. Plus de 600 000 participants chaque ann\u00e9e.\",\"potentialAction\":[{\"@type\":\"SearchAction\",\"target\":{\"@type\":\"EntryPoint\",\"urlTemplate\":\"https:\/\/www.thebigchallenge.com\/at\/?s={search_term_string}\"},\"query-input\":\"required name=search_term_string\"}],\"inLanguage\":\"fr-FR\"}]}<\/script>\n<!-- \/ Yoast SEO plugin. -->","yoast_head_json":{"title":"Englischtests vergangener Jahre \u2013 \u00dcbe mit The Big Challenge","description":"\u00dcbe mit den Englischtests vergangener Jahre von The Big Challenge. Perfekt, um dich optimal vorzubereiten!","robots":{"index":"index","follow":"follow","max-snippet":"max-snippet:-1","max-image-preview":"max-image-preview:large","max-video-preview":"max-video-preview:-1"},"canonical":"https:\/\/www.thebigchallenge.com\/at\/student\/annales\/","og_locale":"fr_FR","og_type":"article","og_title":"Englischtests vergangener Jahre \u2013 \u00dcbe mit The Big Challenge","og_description":"\u00dcbe mit den Englischtests vergangener Jahre von The Big Challenge. Perfekt, um dich optimal vorzubereiten!","og_url":"https:\/\/www.thebigchallenge.com\/at\/student\/annales\/","og_site_name":"AT","article_modified_time":"2025-10-09T09:23:55+00:00","twitter_card":"summary_large_image","schema":{"@context":"https:\/\/schema.org","@graph":[{"@type":"WebPage","@id":"https:\/\/www.thebigchallenge.com\/at\/student\/annales\/","url":"https:\/\/www.thebigchallenge.com\/at\/student\/annales\/","name":"Englischtests vergangener Jahre \u2013 \u00dcbe mit The Big Challenge","isPartOf":{"@id":"https:\/\/www.thebigchallenge.com\/at\/#website"},"datePublished":"2023-06-27T09:52:46+00:00","dateModified":"2025-10-09T09:23:55+00:00","description":"\u00dcbe mit den Englischtests vergangener Jahre von The Big Challenge. Perfekt, um dich optimal vorzubereiten!","breadcrumb":{"@id":"https:\/\/www.thebigchallenge.com\/at\/student\/annales\/#breadcrumb"},"inLanguage":"fr-FR","potentialAction":[{"@type":"ReadAction","target":["https:\/\/www.thebigchallenge.com\/at\/student\/annales\/"]}]},{"@type":"BreadcrumbList","@id":"https:\/\/www.thebigchallenge.com\/at\/student\/annales\/#breadcrumb","itemListElement":[{"@type":"ListItem","position":1,"name":"Accueil","item":"https:\/\/www.thebigchallenge.com\/at\/"},{"@type":"ListItem","position":2,"name":"Student","item":"https:\/\/www.thebigchallenge.com\/at\/student\/"},{"@type":"ListItem","position":3,"name":"Annales"}]},{"@type":"WebSite","@id":"https:\/\/www.thebigchallenge.com\/at\/#website","url":"https:\/\/www.thebigchallenge.com\/at\/","name":"AT","description":"Le Grand Jeu Concours d\u2019Anglais pour tous les El\u00e8ves du coll\u00e8ge. Plus de 600 000 participants chaque ann\u00e9e.","potentialAction":[{"@type":"SearchAction","target":{"@type":"EntryPoint","urlTemplate":"https:\/\/www.thebigchallenge.com\/at\/?s={search_term_string}"},"query-input":"required name=search_term_string"}],"inLanguage":"fr-FR"}]}},"publishpress_future_action":{"enabled":false,"date":"1970-01-01 01:00:00","action":"","terms":[],"taxonomy":"","browser_timezone_offset":0},"_links":{"self":[{"href":"https:\/\/www.thebigchallenge.com\/at\/wp-json\/wp\/v2\/pages\/40285"}],"collection":[{"href":"https:\/\/www.thebigchallenge.com\/at\/wp-json\/wp\/v2\/pages"}],"about":[{"href":"https:\/\/www.thebigchallenge.com\/at\/wp-json\/wp\/v2\/types\/page"}],"author":[{"embeddable":true,"href":"https:\/\/www.thebigchallenge.com\/at\/wp-json\/wp\/v2\/users\/1"}],"replies":[{"embeddable":true,"href":"https:\/\/www.thebigchallenge.com\/at\/wp-json\/wp\/v2\/comments?post=40285"}],"version-history":[{"count":7,"href":"https:\/\/www.thebigchallenge.com\/at\/wp-json\/wp\/v2\/pages\/40285\/revisions"}],"predecessor-version":[{"id":42593,"href":"https:\/\/www.thebigchallenge.com\/at\/wp-json\/wp\/v2\/pages\/40285\/revisions\/42593"}],"up":[{"embeddable":true,"href":"https:\/\/www.thebigchallenge.com\/at\/wp-json\/wp\/v2\/pages\/41829"}],"wp:attachment":[{"href":"https:\/\/www.thebigchallenge.com\/at\/wp-json\/wp\/v2\/media?parent=40285"}],"curies":[{"name":"wp","href":"https:\/\/api.w.org\/{rel}","templated":true}]}}