{"id":41851,"date":"2022-04-21T13:41:07","date_gmt":"2022-04-21T12:41:07","guid":{"rendered":"http:\/\/www.thebigchallenge.com\/fr\/?page_id=38993"},"modified":"2022-04-21T13:41:07","modified_gmt":"2022-04-21T12:41:07","slug":"parents","status":"publish","type":"page","link":"https:\/\/www.thebigchallenge.com\/at\/parents\/","title":{"rendered":"Parents"},"content":{"rendered":"","protected":false},"excerpt":{"rendered":"","protected":false},"author":1,"featured_media":0,"parent":0,"menu_order":0,"comment_status":"closed","ping_status":"closed","template":"","meta":{"footnotes":""},"acf":[],"yoast_head":"<!-- This site is optimized with the Yoast SEO plugin v21.4 - https:\/\/yoast.com\/wordpress\/plugins\/seo\/ -->\n<title>The Big Challenge - espace parents<\/title>\n<meta name=\"robots\" content=\"index, follow, max-snippet:-1, max-image-preview:large, max-video-preview:-1\" \/>\n<link rel=\"canonical\" href=\"https:\/\/www.thebigchallenge.com\/at\/parents\/\" \/>\n<meta property=\"og:locale\" content=\"fr_FR\" \/>\n<meta property=\"og:type\" content=\"article\" \/>\n<meta property=\"og:title\" content=\"The Big Challenge - espace parents\" \/>\n<meta property=\"og:url\" content=\"https:\/\/www.thebigchallenge.com\/at\/parents\/\" \/>\n<meta property=\"og:site_name\" content=\"AT\" \/>\n<meta name=\"twitter:card\" content=\"summary_large_image\" \/>\n<script type=\"application\/ld+json\" class=\"yoast-schema-graph\">{\"@context\":\"https:\/\/schema.org\",\"@graph\":[{\"@type\":\"WebPage\",\"@id\":\"https:\/\/www.thebigchallenge.com\/at\/parents\/\",\"url\":\"https:\/\/www.thebigchallenge.com\/at\/parents\/\",\"name\":\"The Big Challenge - espace parents\",\"isPartOf\":{\"@id\":\"https:\/\/www.thebigchallenge.com\/at\/#website\"},\"datePublished\":\"2022-04-21T12:41:07+00:00\",\"dateModified\":\"2022-04-21T12:41:07+00:00\",\"breadcrumb\":{\"@id\":\"https:\/\/www.thebigchallenge.com\/at\/parents\/#breadcrumb\"},\"inLanguage\":\"fr-FR\",\"potentialAction\":[{\"@type\":\"ReadAction\",\"target\":[\"https:\/\/www.thebigchallenge.com\/at\/parents\/\"]}]},{\"@type\":\"BreadcrumbList\",\"@id\":\"https:\/\/www.thebigchallenge.com\/at\/parents\/#breadcrumb\",\"itemListElement\":[{\"@type\":\"ListItem\",\"position\":1,\"name\":\"Accueil\",\"item\":\"https:\/\/www.thebigchallenge.com\/at\/\"},{\"@type\":\"ListItem\",\"position\":2,\"name\":\"Parents\"}]},{\"@type\":\"WebSite\",\"@id\":\"https:\/\/www.thebigchallenge.com\/at\/#website\",\"url\":\"https:\/\/www.thebigchallenge.com\/at\/\",\"name\":\"AT\",\"description\":\"Le Grand Jeu Concours d\u2019Anglais pour tous les El\u00e8ves du coll\u00e8ge. Plus de 600 000 participants chaque ann\u00e9e.\",\"potentialAction\":[{\"@type\":\"SearchAction\",\"target\":{\"@type\":\"EntryPoint\",\"urlTemplate\":\"https:\/\/www.thebigchallenge.com\/at\/?s={search_term_string}\"},\"query-input\":\"required name=search_term_string\"}],\"inLanguage\":\"fr-FR\"}]}<\/script>\n<!-- \/ Yoast SEO plugin. -->","yoast_head_json":{"title":"The Big Challenge - espace parents","robots":{"index":"index","follow":"follow","max-snippet":"max-snippet:-1","max-image-preview":"max-image-preview:large","max-video-preview":"max-video-preview:-1"},"canonical":"https:\/\/www.thebigchallenge.com\/at\/parents\/","og_locale":"fr_FR","og_type":"article","og_title":"The Big Challenge - espace parents","og_url":"https:\/\/www.thebigchallenge.com\/at\/parents\/","og_site_name":"AT","twitter_card":"summary_large_image","schema":{"@context":"https:\/\/schema.org","@graph":[{"@type":"WebPage","@id":"https:\/\/www.thebigchallenge.com\/at\/parents\/","url":"https:\/\/www.thebigchallenge.com\/at\/parents\/","name":"The Big Challenge - espace parents","isPartOf":{"@id":"https:\/\/www.thebigchallenge.com\/at\/#website"},"datePublished":"2022-04-21T12:41:07+00:00","dateModified":"2022-04-21T12:41:07+00:00","breadcrumb":{"@id":"https:\/\/www.thebigchallenge.com\/at\/parents\/#breadcrumb"},"inLanguage":"fr-FR","potentialAction":[{"@type":"ReadAction","target":["https:\/\/www.thebigchallenge.com\/at\/parents\/"]}]},{"@type":"BreadcrumbList","@id":"https:\/\/www.thebigchallenge.com\/at\/parents\/#breadcrumb","itemListElement":[{"@type":"ListItem","position":1,"name":"Accueil","item":"https:\/\/www.thebigchallenge.com\/at\/"},{"@type":"ListItem","position":2,"name":"Parents"}]},{"@type":"WebSite","@id":"https:\/\/www.thebigchallenge.com\/at\/#website","url":"https:\/\/www.thebigchallenge.com\/at\/","name":"AT","description":"Le Grand Jeu Concours d\u2019Anglais pour tous les El\u00e8ves du coll\u00e8ge. Plus de 600 000 participants chaque ann\u00e9e.","potentialAction":[{"@type":"SearchAction","target":{"@type":"EntryPoint","urlTemplate":"https:\/\/www.thebigchallenge.com\/at\/?s={search_term_string}"},"query-input":"required name=search_term_string"}],"inLanguage":"fr-FR"}]}},"publishpress_future_action":{"enabled":false,"date":"1970-01-01 01:00:00","action":"","terms":[],"taxonomy":"","browser_timezone_offset":0},"_links":{"self":[{"href":"https:\/\/www.thebigchallenge.com\/at\/wp-json\/wp\/v2\/pages\/41851"}],"collection":[{"href":"https:\/\/www.thebigchallenge.com\/at\/wp-json\/wp\/v2\/pages"}],"about":[{"href":"https:\/\/www.thebigchallenge.com\/at\/wp-json\/wp\/v2\/types\/page"}],"author":[{"embeddable":true,"href":"https:\/\/www.thebigchallenge.com\/at\/wp-json\/wp\/v2\/users\/1"}],"replies":[{"embeddable":true,"href":"https:\/\/www.thebigchallenge.com\/at\/wp-json\/wp\/v2\/comments?post=41851"}],"version-history":[{"count":0,"href":"https:\/\/www.thebigchallenge.com\/at\/wp-json\/wp\/v2\/pages\/41851\/revisions"}],"wp:attachment":[{"href":"https:\/\/www.thebigchallenge.com\/at\/wp-json\/wp\/v2\/media?parent=41851"}],"curies":[{"name":"wp","href":"https:\/\/api.w.org\/{rel}","templated":true}]}}