{"id":41883,"date":"2023-10-11T13:53:55","date_gmt":"2023-10-11T12:53:55","guid":{"rendered":"http:\/\/www.thebigchallenge.com\/fr\/?page_id=40483"},"modified":"2025-09-09T11:55:25","modified_gmt":"2025-09-09T10:55:25","slug":"startseite","status":"publish","type":"page","link":"https:\/\/www.thebigchallenge.com\/at\/","title":{"rendered":"Startseite"},"content":{"rendered":"","protected":false},"excerpt":{"rendered":"","protected":false},"author":1,"featured_media":0,"parent":0,"menu_order":0,"comment_status":"closed","ping_status":"closed","template":"","meta":{"footnotes":""},"acf":[],"yoast_head":"<!-- This site is optimized with the Yoast SEO plugin v21.4 - https:\/\/yoast.com\/wordpress\/plugins\/seo\/ -->\n<title>The Big Challenge \u00d6sterreich - The Number One English Contest for Schools<\/title>\n<meta name=\"description\" content=\"The Big Challenge ist der Englischwettbewerb f\u00fcr Schulen in \u00d6sterreich \u2013 mit Training, Events und Preisen f\u00fcr alle Sch\u00fclerinnen und Sch\u00fcler!\" \/>\n<meta name=\"robots\" content=\"index, follow, max-snippet:-1, max-image-preview:large, max-video-preview:-1\" \/>\n<link rel=\"canonical\" href=\"https:\/\/www.thebigchallenge.com\/at\/\" \/>\n<meta property=\"og:locale\" content=\"fr_FR\" \/>\n<meta property=\"og:type\" content=\"article\" \/>\n<meta property=\"og:title\" content=\"The Big Challenge \u00d6sterreich - The Number One English Contest for Schools\" \/>\n<meta property=\"og:description\" content=\"The Big Challenge ist der Englischwettbewerb f\u00fcr Schulen in \u00d6sterreich \u2013 mit Training, Events und Preisen f\u00fcr alle Sch\u00fclerinnen und Sch\u00fcler!\" \/>\n<meta property=\"og:url\" content=\"https:\/\/www.thebigchallenge.com\/at\/\" \/>\n<meta property=\"og:site_name\" content=\"AT\" \/>\n<meta property=\"article:modified_time\" content=\"2025-09-09T10:55:25+00:00\" \/>\n<meta name=\"twitter:card\" content=\"summary_large_image\" \/>\n<script type=\"application\/ld+json\" class=\"yoast-schema-graph\">{\"@context\":\"https:\/\/schema.org\",\"@graph\":[{\"@type\":\"WebPage\",\"@id\":\"https:\/\/www.thebigchallenge.com\/at\/\",\"url\":\"https:\/\/www.thebigchallenge.com\/at\/\",\"name\":\"The Big Challenge \u00d6sterreich - The Number One English Contest for Schools\",\"isPartOf\":{\"@id\":\"https:\/\/www.thebigchallenge.com\/at\/#website\"},\"datePublished\":\"2023-10-11T12:53:55+00:00\",\"dateModified\":\"2025-09-09T10:55:25+00:00\",\"description\":\"The Big Challenge ist der Englischwettbewerb f\u00fcr Schulen in \u00d6sterreich \u2013 mit Training, Events und Preisen f\u00fcr alle Sch\u00fclerinnen und Sch\u00fcler!\",\"breadcrumb\":{\"@id\":\"https:\/\/www.thebigchallenge.com\/at\/#breadcrumb\"},\"inLanguage\":\"fr-FR\",\"potentialAction\":[{\"@type\":\"ReadAction\",\"target\":[\"https:\/\/www.thebigchallenge.com\/at\/\"]}]},{\"@type\":\"BreadcrumbList\",\"@id\":\"https:\/\/www.thebigchallenge.com\/at\/#breadcrumb\",\"itemListElement\":[{\"@type\":\"ListItem\",\"position\":1,\"name\":\"Accueil\",\"item\":\"https:\/\/www.thebigchallenge.com\/at\/\"},{\"@type\":\"ListItem\",\"position\":2,\"name\":\"Startseite\"}]},{\"@type\":\"WebSite\",\"@id\":\"https:\/\/www.thebigchallenge.com\/at\/#website\",\"url\":\"https:\/\/www.thebigchallenge.com\/at\/\",\"name\":\"AT\",\"description\":\"Le Grand Jeu Concours d\u2019Anglais pour tous les El\u00e8ves du coll\u00e8ge. Plus de 600 000 participants chaque ann\u00e9e.\",\"potentialAction\":[{\"@type\":\"SearchAction\",\"target\":{\"@type\":\"EntryPoint\",\"urlTemplate\":\"https:\/\/www.thebigchallenge.com\/at\/?s={search_term_string}\"},\"query-input\":\"required name=search_term_string\"}],\"inLanguage\":\"fr-FR\"}]}<\/script>\n<!-- \/ Yoast SEO plugin. -->","yoast_head_json":{"title":"The Big Challenge \u00d6sterreich - The Number One English Contest for Schools","description":"The Big Challenge ist der Englischwettbewerb f\u00fcr Schulen in \u00d6sterreich \u2013 mit Training, Events und Preisen f\u00fcr alle Sch\u00fclerinnen und Sch\u00fcler!","robots":{"index":"index","follow":"follow","max-snippet":"max-snippet:-1","max-image-preview":"max-image-preview:large","max-video-preview":"max-video-preview:-1"},"canonical":"https:\/\/www.thebigchallenge.com\/at\/","og_locale":"fr_FR","og_type":"article","og_title":"The Big Challenge \u00d6sterreich - The Number One English Contest for Schools","og_description":"The Big Challenge ist der Englischwettbewerb f\u00fcr Schulen in \u00d6sterreich \u2013 mit Training, Events und Preisen f\u00fcr alle Sch\u00fclerinnen und Sch\u00fcler!","og_url":"https:\/\/www.thebigchallenge.com\/at\/","og_site_name":"AT","article_modified_time":"2025-09-09T10:55:25+00:00","twitter_card":"summary_large_image","schema":{"@context":"https:\/\/schema.org","@graph":[{"@type":"WebPage","@id":"https:\/\/www.thebigchallenge.com\/at\/","url":"https:\/\/www.thebigchallenge.com\/at\/","name":"The Big Challenge \u00d6sterreich - The Number One English Contest for Schools","isPartOf":{"@id":"https:\/\/www.thebigchallenge.com\/at\/#website"},"datePublished":"2023-10-11T12:53:55+00:00","dateModified":"2025-09-09T10:55:25+00:00","description":"The Big Challenge ist der Englischwettbewerb f\u00fcr Schulen in \u00d6sterreich \u2013 mit Training, Events und Preisen f\u00fcr alle Sch\u00fclerinnen und Sch\u00fcler!","breadcrumb":{"@id":"https:\/\/www.thebigchallenge.com\/at\/#breadcrumb"},"inLanguage":"fr-FR","potentialAction":[{"@type":"ReadAction","target":["https:\/\/www.thebigchallenge.com\/at\/"]}]},{"@type":"BreadcrumbList","@id":"https:\/\/www.thebigchallenge.com\/at\/#breadcrumb","itemListElement":[{"@type":"ListItem","position":1,"name":"Accueil","item":"https:\/\/www.thebigchallenge.com\/at\/"},{"@type":"ListItem","position":2,"name":"Startseite"}]},{"@type":"WebSite","@id":"https:\/\/www.thebigchallenge.com\/at\/#website","url":"https:\/\/www.thebigchallenge.com\/at\/","name":"AT","description":"Le Grand Jeu Concours d\u2019Anglais pour tous les El\u00e8ves du coll\u00e8ge. Plus de 600 000 participants chaque ann\u00e9e.","potentialAction":[{"@type":"SearchAction","target":{"@type":"EntryPoint","urlTemplate":"https:\/\/www.thebigchallenge.com\/at\/?s={search_term_string}"},"query-input":"required name=search_term_string"}],"inLanguage":"fr-FR"}]}},"publishpress_future_action":{"enabled":false,"date":"1970-01-01 01:00:00","action":"","terms":[],"taxonomy":"","browser_timezone_offset":0},"_links":{"self":[{"href":"https:\/\/www.thebigchallenge.com\/at\/wp-json\/wp\/v2\/pages\/41883"}],"collection":[{"href":"https:\/\/www.thebigchallenge.com\/at\/wp-json\/wp\/v2\/pages"}],"about":[{"href":"https:\/\/www.thebigchallenge.com\/at\/wp-json\/wp\/v2\/types\/page"}],"author":[{"embeddable":true,"href":"https:\/\/www.thebigchallenge.com\/at\/wp-json\/wp\/v2\/users\/1"}],"replies":[{"embeddable":true,"href":"https:\/\/www.thebigchallenge.com\/at\/wp-json\/wp\/v2\/comments?post=41883"}],"version-history":[{"count":10,"href":"https:\/\/www.thebigchallenge.com\/at\/wp-json\/wp\/v2\/pages\/41883\/revisions"}],"predecessor-version":[{"id":42545,"href":"https:\/\/www.thebigchallenge.com\/at\/wp-json\/wp\/v2\/pages\/41883\/revisions\/42545"}],"wp:attachment":[{"href":"https:\/\/www.thebigchallenge.com\/at\/wp-json\/wp\/v2\/media?parent=41883"}],"curies":[{"name":"wp","href":"https:\/\/api.w.org\/{rel}","templated":true}]}}