{"id":42020,"date":"2023-10-12T09:20:13","date_gmt":"2023-10-12T08:20:13","guid":{"rendered":"http:\/\/www.thebigchallenge.com\/de\/?page_id=41396"},"modified":"2025-01-20T09:18:19","modified_gmt":"2025-01-20T08:18:19","slug":"teacher-pack","status":"publish","type":"page","link":"https:\/\/www.thebigchallenge.com\/at\/teacher\/contest\/teacher-pack\/","title":{"rendered":"Teacher Pack"},"content":{"rendered":"","protected":false},"excerpt":{"rendered":"","protected":false},"author":1,"featured_media":0,"parent":38871,"menu_order":0,"comment_status":"closed","ping_status":"closed","template":"","meta":{"footnotes":""},"acf":[],"yoast_head":"<!-- This site is optimized with the Yoast SEO plugin v21.4 - https:\/\/yoast.com\/wordpress\/plugins\/seo\/ -->\n<title>Das Teacher Pack der Big Challenge<\/title>\n<meta name=\"description\" content=\"Alle Schulen, die sich bis zum 17. Dezember 2024 anmelden erhalten das p\u00e4dagogisch wertvolle Teacher Pack f\u00fcr Sie als Geschenk\" \/>\n<meta name=\"robots\" content=\"index, follow, max-snippet:-1, max-image-preview:large, max-video-preview:-1\" \/>\n<link rel=\"canonical\" href=\"https:\/\/www.thebigchallenge.com\/at\/teacher\/contest\/teacher-pack\/\" \/>\n<meta property=\"og:locale\" content=\"fr_FR\" \/>\n<meta property=\"og:type\" content=\"article\" \/>\n<meta property=\"og:title\" content=\"Das Teacher Pack der Big Challenge\" \/>\n<meta property=\"og:description\" content=\"Alle Schulen, die sich bis zum 17. Dezember 2024 anmelden erhalten das p\u00e4dagogisch wertvolle Teacher Pack f\u00fcr Sie als Geschenk\" \/>\n<meta property=\"og:url\" content=\"https:\/\/www.thebigchallenge.com\/at\/teacher\/contest\/teacher-pack\/\" \/>\n<meta property=\"og:site_name\" content=\"AT\" \/>\n<meta property=\"article:modified_time\" content=\"2025-01-20T08:18:19+00:00\" \/>\n<meta name=\"twitter:card\" content=\"summary_large_image\" \/>\n<script type=\"application\/ld+json\" class=\"yoast-schema-graph\">{\"@context\":\"https:\/\/schema.org\",\"@graph\":[{\"@type\":\"WebPage\",\"@id\":\"https:\/\/www.thebigchallenge.com\/at\/teacher\/contest\/teacher-pack\/\",\"url\":\"https:\/\/www.thebigchallenge.com\/at\/teacher\/contest\/teacher-pack\/\",\"name\":\"Das Teacher Pack der Big Challenge\",\"isPartOf\":{\"@id\":\"https:\/\/www.thebigchallenge.com\/at\/#website\"},\"datePublished\":\"2023-10-12T08:20:13+00:00\",\"dateModified\":\"2025-01-20T08:18:19+00:00\",\"description\":\"Alle Schulen, die sich bis zum 17. Dezember 2024 anmelden erhalten das p\u00e4dagogisch wertvolle Teacher Pack f\u00fcr Sie als Geschenk\",\"breadcrumb\":{\"@id\":\"https:\/\/www.thebigchallenge.com\/at\/teacher\/contest\/teacher-pack\/#breadcrumb\"},\"inLanguage\":\"fr-FR\",\"potentialAction\":[{\"@type\":\"ReadAction\",\"target\":[\"https:\/\/www.thebigchallenge.com\/at\/teacher\/contest\/teacher-pack\/\"]}]},{\"@type\":\"BreadcrumbList\",\"@id\":\"https:\/\/www.thebigchallenge.com\/at\/teacher\/contest\/teacher-pack\/#breadcrumb\",\"itemListElement\":[{\"@type\":\"ListItem\",\"position\":1,\"name\":\"Accueil\",\"item\":\"https:\/\/www.thebigchallenge.com\/at\/\"},{\"@type\":\"ListItem\",\"position\":2,\"name\":\"Teacher\",\"item\":\"https:\/\/www.thebigchallenge.com\/at\/teacher\/\"},{\"@type\":\"ListItem\",\"position\":3,\"name\":\"Contest\",\"item\":\"https:\/\/www.thebigchallenge.com\/at\/teacher\/contest\/\"},{\"@type\":\"ListItem\",\"position\":4,\"name\":\"Teacher Pack\"}]},{\"@type\":\"WebSite\",\"@id\":\"https:\/\/www.thebigchallenge.com\/at\/#website\",\"url\":\"https:\/\/www.thebigchallenge.com\/at\/\",\"name\":\"AT\",\"description\":\"Le Grand Jeu Concours d\u2019Anglais pour tous les El\u00e8ves du coll\u00e8ge. Plus de 600 000 participants chaque ann\u00e9e.\",\"potentialAction\":[{\"@type\":\"SearchAction\",\"target\":{\"@type\":\"EntryPoint\",\"urlTemplate\":\"https:\/\/www.thebigchallenge.com\/at\/?s={search_term_string}\"},\"query-input\":\"required name=search_term_string\"}],\"inLanguage\":\"fr-FR\"}]}<\/script>\n<!-- \/ Yoast SEO plugin. -->","yoast_head_json":{"title":"Das Teacher Pack der Big Challenge","description":"Alle Schulen, die sich bis zum 17. Dezember 2024 anmelden erhalten das p\u00e4dagogisch wertvolle Teacher Pack f\u00fcr Sie als Geschenk","robots":{"index":"index","follow":"follow","max-snippet":"max-snippet:-1","max-image-preview":"max-image-preview:large","max-video-preview":"max-video-preview:-1"},"canonical":"https:\/\/www.thebigchallenge.com\/at\/teacher\/contest\/teacher-pack\/","og_locale":"fr_FR","og_type":"article","og_title":"Das Teacher Pack der Big Challenge","og_description":"Alle Schulen, die sich bis zum 17. Dezember 2024 anmelden erhalten das p\u00e4dagogisch wertvolle Teacher Pack f\u00fcr Sie als Geschenk","og_url":"https:\/\/www.thebigchallenge.com\/at\/teacher\/contest\/teacher-pack\/","og_site_name":"AT","article_modified_time":"2025-01-20T08:18:19+00:00","twitter_card":"summary_large_image","schema":{"@context":"https:\/\/schema.org","@graph":[{"@type":"WebPage","@id":"https:\/\/www.thebigchallenge.com\/at\/teacher\/contest\/teacher-pack\/","url":"https:\/\/www.thebigchallenge.com\/at\/teacher\/contest\/teacher-pack\/","name":"Das Teacher Pack der Big Challenge","isPartOf":{"@id":"https:\/\/www.thebigchallenge.com\/at\/#website"},"datePublished":"2023-10-12T08:20:13+00:00","dateModified":"2025-01-20T08:18:19+00:00","description":"Alle Schulen, die sich bis zum 17. Dezember 2024 anmelden erhalten das p\u00e4dagogisch wertvolle Teacher Pack f\u00fcr Sie als Geschenk","breadcrumb":{"@id":"https:\/\/www.thebigchallenge.com\/at\/teacher\/contest\/teacher-pack\/#breadcrumb"},"inLanguage":"fr-FR","potentialAction":[{"@type":"ReadAction","target":["https:\/\/www.thebigchallenge.com\/at\/teacher\/contest\/teacher-pack\/"]}]},{"@type":"BreadcrumbList","@id":"https:\/\/www.thebigchallenge.com\/at\/teacher\/contest\/teacher-pack\/#breadcrumb","itemListElement":[{"@type":"ListItem","position":1,"name":"Accueil","item":"https:\/\/www.thebigchallenge.com\/at\/"},{"@type":"ListItem","position":2,"name":"Teacher","item":"https:\/\/www.thebigchallenge.com\/at\/teacher\/"},{"@type":"ListItem","position":3,"name":"Contest","item":"https:\/\/www.thebigchallenge.com\/at\/teacher\/contest\/"},{"@type":"ListItem","position":4,"name":"Teacher Pack"}]},{"@type":"WebSite","@id":"https:\/\/www.thebigchallenge.com\/at\/#website","url":"https:\/\/www.thebigchallenge.com\/at\/","name":"AT","description":"Le Grand Jeu Concours d\u2019Anglais pour tous les El\u00e8ves du coll\u00e8ge. Plus de 600 000 participants chaque ann\u00e9e.","potentialAction":[{"@type":"SearchAction","target":{"@type":"EntryPoint","urlTemplate":"https:\/\/www.thebigchallenge.com\/at\/?s={search_term_string}"},"query-input":"required name=search_term_string"}],"inLanguage":"fr-FR"}]}},"publishpress_future_action":{"enabled":false,"date":"1970-01-01 01:00:00","action":"","terms":[],"taxonomy":"","browser_timezone_offset":0},"_links":{"self":[{"href":"https:\/\/www.thebigchallenge.com\/at\/wp-json\/wp\/v2\/pages\/42020"}],"collection":[{"href":"https:\/\/www.thebigchallenge.com\/at\/wp-json\/wp\/v2\/pages"}],"about":[{"href":"https:\/\/www.thebigchallenge.com\/at\/wp-json\/wp\/v2\/types\/page"}],"author":[{"embeddable":true,"href":"https:\/\/www.thebigchallenge.com\/at\/wp-json\/wp\/v2\/users\/1"}],"replies":[{"embeddable":true,"href":"https:\/\/www.thebigchallenge.com\/at\/wp-json\/wp\/v2\/comments?post=42020"}],"version-history":[{"count":10,"href":"https:\/\/www.thebigchallenge.com\/at\/wp-json\/wp\/v2\/pages\/42020\/revisions"}],"predecessor-version":[{"id":42187,"href":"https:\/\/www.thebigchallenge.com\/at\/wp-json\/wp\/v2\/pages\/42020\/revisions\/42187"}],"up":[{"embeddable":true,"href":"https:\/\/www.thebigchallenge.com\/at\/wp-json\/wp\/v2\/pages\/38871"}],"wp:attachment":[{"href":"https:\/\/www.thebigchallenge.com\/at\/wp-json\/wp\/v2\/media?parent=42020"}],"curies":[{"name":"wp","href":"https:\/\/api.w.org\/{rel}","templated":true}]}}