{"id":42100,"date":"2024-07-19T16:06:05","date_gmt":"2024-07-19T15:06:05","guid":{"rendered":"https:\/\/www.thebigchallenge.com\/fr\/?page_id=41572"},"modified":"2025-06-06T10:01:13","modified_gmt":"2025-06-06T09:01:13","slug":"certificates","status":"publish","type":"page","link":"https:\/\/www.thebigchallenge.com\/at\/teacher\/contest\/certificates\/","title":{"rendered":"Zertifikate"},"content":{"rendered":"","protected":false},"excerpt":{"rendered":"","protected":false},"author":1,"featured_media":0,"parent":38871,"menu_order":0,"comment_status":"closed","ping_status":"closed","template":"","meta":{"footnotes":""},"acf":[],"yoast_head":"<!-- This site is optimized with the Yoast SEO plugin v21.4 - https:\/\/yoast.com\/wordpress\/plugins\/seo\/ -->\n<title>Die Zertifikate und Auszeichnungen - The Big Challenge \u00d6sterreich<\/title>\n<meta name=\"description\" content=\"Entdecken Sie die Zertifikate des The Big Challenge Wettbewerbs: Teilnahmeurkunden &amp; Sonderauszeichnungen f\u00fcr alle Sch\u00fclerinnen und Sch\u00fcler Ihrer Schule.\" \/>\n<meta name=\"robots\" content=\"index, follow, max-snippet:-1, max-image-preview:large, max-video-preview:-1\" \/>\n<link rel=\"canonical\" href=\"https:\/\/www.thebigchallenge.com\/at\/teacher\/contest\/certificates\/\" \/>\n<meta property=\"og:locale\" content=\"fr_FR\" \/>\n<meta property=\"og:type\" content=\"article\" \/>\n<meta property=\"og:title\" content=\"Die Zertifikate und Auszeichnungen - The Big Challenge \u00d6sterreich\" \/>\n<meta property=\"og:description\" content=\"Entdecken Sie die Zertifikate des The Big Challenge Wettbewerbs: Teilnahmeurkunden &amp; Sonderauszeichnungen f\u00fcr alle Sch\u00fclerinnen und Sch\u00fcler Ihrer Schule.\" \/>\n<meta property=\"og:url\" content=\"https:\/\/www.thebigchallenge.com\/at\/teacher\/contest\/certificates\/\" \/>\n<meta property=\"og:site_name\" content=\"AT\" \/>\n<meta property=\"article:modified_time\" content=\"2025-06-06T09:01:13+00:00\" \/>\n<meta name=\"twitter:card\" content=\"summary_large_image\" \/>\n<script type=\"application\/ld+json\" class=\"yoast-schema-graph\">{\"@context\":\"https:\/\/schema.org\",\"@graph\":[{\"@type\":\"WebPage\",\"@id\":\"https:\/\/www.thebigchallenge.com\/at\/teacher\/contest\/certificates\/\",\"url\":\"https:\/\/www.thebigchallenge.com\/at\/teacher\/contest\/certificates\/\",\"name\":\"Die Zertifikate und Auszeichnungen - The Big Challenge \u00d6sterreich\",\"isPartOf\":{\"@id\":\"https:\/\/www.thebigchallenge.com\/at\/#website\"},\"datePublished\":\"2024-07-19T15:06:05+00:00\",\"dateModified\":\"2025-06-06T09:01:13+00:00\",\"description\":\"Entdecken Sie die Zertifikate des The Big Challenge Wettbewerbs: Teilnahmeurkunden & Sonderauszeichnungen f\u00fcr alle Sch\u00fclerinnen und Sch\u00fcler Ihrer Schule.\",\"breadcrumb\":{\"@id\":\"https:\/\/www.thebigchallenge.com\/at\/teacher\/contest\/certificates\/#breadcrumb\"},\"inLanguage\":\"fr-FR\",\"potentialAction\":[{\"@type\":\"ReadAction\",\"target\":[\"https:\/\/www.thebigchallenge.com\/at\/teacher\/contest\/certificates\/\"]}]},{\"@type\":\"BreadcrumbList\",\"@id\":\"https:\/\/www.thebigchallenge.com\/at\/teacher\/contest\/certificates\/#breadcrumb\",\"itemListElement\":[{\"@type\":\"ListItem\",\"position\":1,\"name\":\"Accueil\",\"item\":\"https:\/\/www.thebigchallenge.com\/at\/\"},{\"@type\":\"ListItem\",\"position\":2,\"name\":\"Teacher\",\"item\":\"https:\/\/www.thebigchallenge.com\/at\/teacher\/\"},{\"@type\":\"ListItem\",\"position\":3,\"name\":\"Contest\",\"item\":\"https:\/\/www.thebigchallenge.com\/at\/teacher\/contest\/\"},{\"@type\":\"ListItem\",\"position\":4,\"name\":\"Zertifikate\"}]},{\"@type\":\"WebSite\",\"@id\":\"https:\/\/www.thebigchallenge.com\/at\/#website\",\"url\":\"https:\/\/www.thebigchallenge.com\/at\/\",\"name\":\"AT\",\"description\":\"Le Grand Jeu Concours d\u2019Anglais pour tous les El\u00e8ves du coll\u00e8ge. Plus de 600 000 participants chaque ann\u00e9e.\",\"potentialAction\":[{\"@type\":\"SearchAction\",\"target\":{\"@type\":\"EntryPoint\",\"urlTemplate\":\"https:\/\/www.thebigchallenge.com\/at\/?s={search_term_string}\"},\"query-input\":\"required name=search_term_string\"}],\"inLanguage\":\"fr-FR\"}]}<\/script>\n<!-- \/ Yoast SEO plugin. -->","yoast_head_json":{"title":"Die Zertifikate und Auszeichnungen - The Big Challenge \u00d6sterreich","description":"Entdecken Sie die Zertifikate des The Big Challenge Wettbewerbs: Teilnahmeurkunden & Sonderauszeichnungen f\u00fcr alle Sch\u00fclerinnen und Sch\u00fcler Ihrer Schule.","robots":{"index":"index","follow":"follow","max-snippet":"max-snippet:-1","max-image-preview":"max-image-preview:large","max-video-preview":"max-video-preview:-1"},"canonical":"https:\/\/www.thebigchallenge.com\/at\/teacher\/contest\/certificates\/","og_locale":"fr_FR","og_type":"article","og_title":"Die Zertifikate und Auszeichnungen - The Big Challenge \u00d6sterreich","og_description":"Entdecken Sie die Zertifikate des The Big Challenge Wettbewerbs: Teilnahmeurkunden & Sonderauszeichnungen f\u00fcr alle Sch\u00fclerinnen und Sch\u00fcler Ihrer Schule.","og_url":"https:\/\/www.thebigchallenge.com\/at\/teacher\/contest\/certificates\/","og_site_name":"AT","article_modified_time":"2025-06-06T09:01:13+00:00","twitter_card":"summary_large_image","schema":{"@context":"https:\/\/schema.org","@graph":[{"@type":"WebPage","@id":"https:\/\/www.thebigchallenge.com\/at\/teacher\/contest\/certificates\/","url":"https:\/\/www.thebigchallenge.com\/at\/teacher\/contest\/certificates\/","name":"Die Zertifikate und Auszeichnungen - The Big Challenge \u00d6sterreich","isPartOf":{"@id":"https:\/\/www.thebigchallenge.com\/at\/#website"},"datePublished":"2024-07-19T15:06:05+00:00","dateModified":"2025-06-06T09:01:13+00:00","description":"Entdecken Sie die Zertifikate des The Big Challenge Wettbewerbs: Teilnahmeurkunden & Sonderauszeichnungen f\u00fcr alle Sch\u00fclerinnen und Sch\u00fcler Ihrer Schule.","breadcrumb":{"@id":"https:\/\/www.thebigchallenge.com\/at\/teacher\/contest\/certificates\/#breadcrumb"},"inLanguage":"fr-FR","potentialAction":[{"@type":"ReadAction","target":["https:\/\/www.thebigchallenge.com\/at\/teacher\/contest\/certificates\/"]}]},{"@type":"BreadcrumbList","@id":"https:\/\/www.thebigchallenge.com\/at\/teacher\/contest\/certificates\/#breadcrumb","itemListElement":[{"@type":"ListItem","position":1,"name":"Accueil","item":"https:\/\/www.thebigchallenge.com\/at\/"},{"@type":"ListItem","position":2,"name":"Teacher","item":"https:\/\/www.thebigchallenge.com\/at\/teacher\/"},{"@type":"ListItem","position":3,"name":"Contest","item":"https:\/\/www.thebigchallenge.com\/at\/teacher\/contest\/"},{"@type":"ListItem","position":4,"name":"Zertifikate"}]},{"@type":"WebSite","@id":"https:\/\/www.thebigchallenge.com\/at\/#website","url":"https:\/\/www.thebigchallenge.com\/at\/","name":"AT","description":"Le Grand Jeu Concours d\u2019Anglais pour tous les El\u00e8ves du coll\u00e8ge. Plus de 600 000 participants chaque ann\u00e9e.","potentialAction":[{"@type":"SearchAction","target":{"@type":"EntryPoint","urlTemplate":"https:\/\/www.thebigchallenge.com\/at\/?s={search_term_string}"},"query-input":"required name=search_term_string"}],"inLanguage":"fr-FR"}]}},"publishpress_future_action":{"enabled":false,"date":"1970-01-01 01:00:00","action":"","terms":[],"taxonomy":"","browser_timezone_offset":0},"_links":{"self":[{"href":"https:\/\/www.thebigchallenge.com\/at\/wp-json\/wp\/v2\/pages\/42100"}],"collection":[{"href":"https:\/\/www.thebigchallenge.com\/at\/wp-json\/wp\/v2\/pages"}],"about":[{"href":"https:\/\/www.thebigchallenge.com\/at\/wp-json\/wp\/v2\/types\/page"}],"author":[{"embeddable":true,"href":"https:\/\/www.thebigchallenge.com\/at\/wp-json\/wp\/v2\/users\/1"}],"replies":[{"embeddable":true,"href":"https:\/\/www.thebigchallenge.com\/at\/wp-json\/wp\/v2\/comments?post=42100"}],"version-history":[{"count":5,"href":"https:\/\/www.thebigchallenge.com\/at\/wp-json\/wp\/v2\/pages\/42100\/revisions"}],"predecessor-version":[{"id":42326,"href":"https:\/\/www.thebigchallenge.com\/at\/wp-json\/wp\/v2\/pages\/42100\/revisions\/42326"}],"up":[{"embeddable":true,"href":"https:\/\/www.thebigchallenge.com\/at\/wp-json\/wp\/v2\/pages\/38871"}],"wp:attachment":[{"href":"https:\/\/www.thebigchallenge.com\/at\/wp-json\/wp\/v2\/media?parent=42100"}],"curies":[{"name":"wp","href":"https:\/\/api.w.org\/{rel}","templated":true}]}}