{"id":42385,"date":"2025-04-04T17:09:49","date_gmt":"2025-04-04T16:09:49","guid":{"rendered":"https:\/\/www.thebigchallenge.com\/fr\/?page_id=42756"},"modified":"2025-10-28T12:15:38","modified_gmt":"2025-10-28T11:15:38","slug":"korrigierte-hausaufgaben","status":"publish","type":"page","link":"https:\/\/www.thebigchallenge.com\/at\/teacher\/academy\/korrigierte-hausaufgaben\/","title":{"rendered":"Devoirs autocorrig\u00e9s"},"content":{"rendered":"","protected":false},"excerpt":{"rendered":"","protected":false},"author":1,"featured_media":0,"parent":42382,"menu_order":0,"comment_status":"closed","ping_status":"closed","template":"","meta":{"footnotes":""},"acf":[],"yoast_head":"<!-- This site is optimized with the Yoast SEO plugin v21.4 - https:\/\/yoast.com\/wordpress\/plugins\/seo\/ -->\n<title>Automatisch korrigierte Hausaufgaben - The Academy<\/title>\n<meta name=\"description\" content=\"Bieten Sie Ihren Sch\u00fclerinnen und Sch\u00fclern mit The Big Challenge automatisch korrigierte Englischaufgaben an. Verfolgen Sie den Fortschritt, korrigieren Sie automatisch und nutzen Sie motivierende Inhalte f\u00fcr schl\u00fcsselfertige Aktivit\u00e4ten im Klassenzimmer.\" \/>\n<meta name=\"robots\" content=\"index, follow, max-snippet:-1, max-image-preview:large, max-video-preview:-1\" \/>\n<link rel=\"canonical\" href=\"https:\/\/www.thebigchallenge.com\/at\/teacher\/academy\/korrigierte-hausaufgaben\/\" \/>\n<meta property=\"og:locale\" content=\"fr_FR\" \/>\n<meta property=\"og:type\" content=\"article\" \/>\n<meta property=\"og:title\" content=\"Automatisch korrigierte Hausaufgaben - The Academy\" \/>\n<meta property=\"og:description\" content=\"Bieten Sie Ihren Sch\u00fclerinnen und Sch\u00fclern mit The Big Challenge automatisch korrigierte Englischaufgaben an. Verfolgen Sie den Fortschritt, korrigieren Sie automatisch und nutzen Sie motivierende Inhalte f\u00fcr schl\u00fcsselfertige Aktivit\u00e4ten im Klassenzimmer.\" \/>\n<meta property=\"og:url\" content=\"https:\/\/www.thebigchallenge.com\/at\/teacher\/academy\/korrigierte-hausaufgaben\/\" \/>\n<meta property=\"og:site_name\" content=\"AT\" \/>\n<meta property=\"article:modified_time\" content=\"2025-10-28T11:15:38+00:00\" \/>\n<meta name=\"twitter:card\" content=\"summary_large_image\" \/>\n<script type=\"application\/ld+json\" class=\"yoast-schema-graph\">{\"@context\":\"https:\/\/schema.org\",\"@graph\":[{\"@type\":\"WebPage\",\"@id\":\"https:\/\/www.thebigchallenge.com\/at\/teacher\/academy\/korrigierte-hausaufgaben\/\",\"url\":\"https:\/\/www.thebigchallenge.com\/at\/teacher\/academy\/korrigierte-hausaufgaben\/\",\"name\":\"Automatisch korrigierte Hausaufgaben - The Academy\",\"isPartOf\":{\"@id\":\"https:\/\/www.thebigchallenge.com\/at\/#website\"},\"datePublished\":\"2025-04-04T16:09:49+00:00\",\"dateModified\":\"2025-10-28T11:15:38+00:00\",\"description\":\"Bieten Sie Ihren Sch\u00fclerinnen und Sch\u00fclern mit The Big Challenge automatisch korrigierte Englischaufgaben an. Verfolgen Sie den Fortschritt, korrigieren Sie automatisch und nutzen Sie motivierende Inhalte f\u00fcr schl\u00fcsselfertige Aktivit\u00e4ten im Klassenzimmer.\",\"breadcrumb\":{\"@id\":\"https:\/\/www.thebigchallenge.com\/at\/teacher\/academy\/korrigierte-hausaufgaben\/#breadcrumb\"},\"inLanguage\":\"fr-FR\",\"potentialAction\":[{\"@type\":\"ReadAction\",\"target\":[\"https:\/\/www.thebigchallenge.com\/at\/teacher\/academy\/korrigierte-hausaufgaben\/\"]}]},{\"@type\":\"BreadcrumbList\",\"@id\":\"https:\/\/www.thebigchallenge.com\/at\/teacher\/academy\/korrigierte-hausaufgaben\/#breadcrumb\",\"itemListElement\":[{\"@type\":\"ListItem\",\"position\":1,\"name\":\"Accueil\",\"item\":\"https:\/\/www.thebigchallenge.com\/at\/\"},{\"@type\":\"ListItem\",\"position\":2,\"name\":\"Teacher\",\"item\":\"https:\/\/www.thebigchallenge.com\/at\/teacher\/\"},{\"@type\":\"ListItem\",\"position\":3,\"name\":\"Academy\",\"item\":\"https:\/\/www.thebigchallenge.com\/at\/teacher\/academy\/\"},{\"@type\":\"ListItem\",\"position\":4,\"name\":\"Devoirs autocorrig\u00e9s\"}]},{\"@type\":\"WebSite\",\"@id\":\"https:\/\/www.thebigchallenge.com\/at\/#website\",\"url\":\"https:\/\/www.thebigchallenge.com\/at\/\",\"name\":\"AT\",\"description\":\"Le Grand Jeu Concours d\u2019Anglais pour tous les El\u00e8ves du coll\u00e8ge. Plus de 600 000 participants chaque ann\u00e9e.\",\"potentialAction\":[{\"@type\":\"SearchAction\",\"target\":{\"@type\":\"EntryPoint\",\"urlTemplate\":\"https:\/\/www.thebigchallenge.com\/at\/?s={search_term_string}\"},\"query-input\":\"required name=search_term_string\"}],\"inLanguage\":\"fr-FR\"}]}<\/script>\n<!-- \/ Yoast SEO plugin. -->","yoast_head_json":{"title":"Automatisch korrigierte Hausaufgaben - The Academy","description":"Bieten Sie Ihren Sch\u00fclerinnen und Sch\u00fclern mit The Big Challenge automatisch korrigierte Englischaufgaben an. Verfolgen Sie den Fortschritt, korrigieren Sie automatisch und nutzen Sie motivierende Inhalte f\u00fcr schl\u00fcsselfertige Aktivit\u00e4ten im Klassenzimmer.","robots":{"index":"index","follow":"follow","max-snippet":"max-snippet:-1","max-image-preview":"max-image-preview:large","max-video-preview":"max-video-preview:-1"},"canonical":"https:\/\/www.thebigchallenge.com\/at\/teacher\/academy\/korrigierte-hausaufgaben\/","og_locale":"fr_FR","og_type":"article","og_title":"Automatisch korrigierte Hausaufgaben - The Academy","og_description":"Bieten Sie Ihren Sch\u00fclerinnen und Sch\u00fclern mit The Big Challenge automatisch korrigierte Englischaufgaben an. Verfolgen Sie den Fortschritt, korrigieren Sie automatisch und nutzen Sie motivierende Inhalte f\u00fcr schl\u00fcsselfertige Aktivit\u00e4ten im Klassenzimmer.","og_url":"https:\/\/www.thebigchallenge.com\/at\/teacher\/academy\/korrigierte-hausaufgaben\/","og_site_name":"AT","article_modified_time":"2025-10-28T11:15:38+00:00","twitter_card":"summary_large_image","schema":{"@context":"https:\/\/schema.org","@graph":[{"@type":"WebPage","@id":"https:\/\/www.thebigchallenge.com\/at\/teacher\/academy\/korrigierte-hausaufgaben\/","url":"https:\/\/www.thebigchallenge.com\/at\/teacher\/academy\/korrigierte-hausaufgaben\/","name":"Automatisch korrigierte Hausaufgaben - The Academy","isPartOf":{"@id":"https:\/\/www.thebigchallenge.com\/at\/#website"},"datePublished":"2025-04-04T16:09:49+00:00","dateModified":"2025-10-28T11:15:38+00:00","description":"Bieten Sie Ihren Sch\u00fclerinnen und Sch\u00fclern mit The Big Challenge automatisch korrigierte Englischaufgaben an. Verfolgen Sie den Fortschritt, korrigieren Sie automatisch und nutzen Sie motivierende Inhalte f\u00fcr schl\u00fcsselfertige Aktivit\u00e4ten im Klassenzimmer.","breadcrumb":{"@id":"https:\/\/www.thebigchallenge.com\/at\/teacher\/academy\/korrigierte-hausaufgaben\/#breadcrumb"},"inLanguage":"fr-FR","potentialAction":[{"@type":"ReadAction","target":["https:\/\/www.thebigchallenge.com\/at\/teacher\/academy\/korrigierte-hausaufgaben\/"]}]},{"@type":"BreadcrumbList","@id":"https:\/\/www.thebigchallenge.com\/at\/teacher\/academy\/korrigierte-hausaufgaben\/#breadcrumb","itemListElement":[{"@type":"ListItem","position":1,"name":"Accueil","item":"https:\/\/www.thebigchallenge.com\/at\/"},{"@type":"ListItem","position":2,"name":"Teacher","item":"https:\/\/www.thebigchallenge.com\/at\/teacher\/"},{"@type":"ListItem","position":3,"name":"Academy","item":"https:\/\/www.thebigchallenge.com\/at\/teacher\/academy\/"},{"@type":"ListItem","position":4,"name":"Devoirs autocorrig\u00e9s"}]},{"@type":"WebSite","@id":"https:\/\/www.thebigchallenge.com\/at\/#website","url":"https:\/\/www.thebigchallenge.com\/at\/","name":"AT","description":"Le Grand Jeu Concours d\u2019Anglais pour tous les El\u00e8ves du coll\u00e8ge. Plus de 600 000 participants chaque ann\u00e9e.","potentialAction":[{"@type":"SearchAction","target":{"@type":"EntryPoint","urlTemplate":"https:\/\/www.thebigchallenge.com\/at\/?s={search_term_string}"},"query-input":"required name=search_term_string"}],"inLanguage":"fr-FR"}]}},"publishpress_future_action":{"enabled":false,"date":"1970-01-01 01:00:00","action":"","terms":[],"taxonomy":"","browser_timezone_offset":0},"_links":{"self":[{"href":"https:\/\/www.thebigchallenge.com\/at\/wp-json\/wp\/v2\/pages\/42385"}],"collection":[{"href":"https:\/\/www.thebigchallenge.com\/at\/wp-json\/wp\/v2\/pages"}],"about":[{"href":"https:\/\/www.thebigchallenge.com\/at\/wp-json\/wp\/v2\/types\/page"}],"author":[{"embeddable":true,"href":"https:\/\/www.thebigchallenge.com\/at\/wp-json\/wp\/v2\/users\/1"}],"replies":[{"embeddable":true,"href":"https:\/\/www.thebigchallenge.com\/at\/wp-json\/wp\/v2\/comments?post=42385"}],"version-history":[{"count":8,"href":"https:\/\/www.thebigchallenge.com\/at\/wp-json\/wp\/v2\/pages\/42385\/revisions"}],"predecessor-version":[{"id":42603,"href":"https:\/\/www.thebigchallenge.com\/at\/wp-json\/wp\/v2\/pages\/42385\/revisions\/42603"}],"up":[{"embeddable":true,"href":"https:\/\/www.thebigchallenge.com\/at\/wp-json\/wp\/v2\/pages\/42382"}],"wp:attachment":[{"href":"https:\/\/www.thebigchallenge.com\/at\/wp-json\/wp\/v2\/media?parent=42385"}],"curies":[{"name":"wp","href":"https:\/\/api.w.org\/{rel}","templated":true}]}}