{"id":42387,"date":"2025-03-24T18:08:23","date_gmt":"2025-03-24T17:08:23","guid":{"rendered":"https:\/\/www.thebigchallenge.com\/fr\/?page_id=42419"},"modified":"2025-10-28T12:15:30","modified_gmt":"2025-10-28T11:15:30","slug":"multimedia-serien","status":"publish","type":"page","link":"https:\/\/www.thebigchallenge.com\/at\/teacher\/academy\/multimedia-serien\/","title":{"rendered":"S\u00e9ries multimedia"},"content":{"rendered":"","protected":false},"excerpt":{"rendered":"","protected":false},"author":1,"featured_media":0,"parent":42382,"menu_order":0,"comment_status":"closed","ping_status":"closed","template":"","meta":{"footnotes":""},"acf":[],"yoast_head":"<!-- This site is optimized with the Yoast SEO plugin v21.4 - https:\/\/yoast.com\/wordpress\/plugins\/seo\/ -->\n<title>Multimedia-Serien auf Englisch in der Academy<\/title>\n<meta name=\"description\" content=\"Entdecken Sie die neuen Multimedia-Serien in der The Big Challenge Academy fesselnde Podcasts und H\u00f6rb\u00fccher \u00fcber die englischsprachige Kultur und vielf\u00e4ltige \u00dcbungen\" \/>\n<meta name=\"robots\" content=\"index, follow, max-snippet:-1, max-image-preview:large, max-video-preview:-1\" \/>\n<link rel=\"canonical\" href=\"https:\/\/www.thebigchallenge.com\/at\/teacher\/academy\/multimedia-serien\/\" \/>\n<meta property=\"og:locale\" content=\"fr_FR\" \/>\n<meta property=\"og:type\" content=\"article\" \/>\n<meta property=\"og:title\" content=\"Multimedia-Serien auf Englisch in der Academy\" \/>\n<meta property=\"og:description\" content=\"Entdecken Sie die neuen Multimedia-Serien in der The Big Challenge Academy fesselnde Podcasts und H\u00f6rb\u00fccher \u00fcber die englischsprachige Kultur und vielf\u00e4ltige \u00dcbungen\" \/>\n<meta property=\"og:url\" content=\"https:\/\/www.thebigchallenge.com\/at\/teacher\/academy\/multimedia-serien\/\" \/>\n<meta property=\"og:site_name\" content=\"AT\" \/>\n<meta property=\"article:modified_time\" content=\"2025-10-28T11:15:30+00:00\" \/>\n<meta name=\"twitter:card\" content=\"summary_large_image\" \/>\n<script type=\"application\/ld+json\" class=\"yoast-schema-graph\">{\"@context\":\"https:\/\/schema.org\",\"@graph\":[{\"@type\":\"WebPage\",\"@id\":\"https:\/\/www.thebigchallenge.com\/at\/teacher\/academy\/multimedia-serien\/\",\"url\":\"https:\/\/www.thebigchallenge.com\/at\/teacher\/academy\/multimedia-serien\/\",\"name\":\"Multimedia-Serien auf Englisch in der Academy\",\"isPartOf\":{\"@id\":\"https:\/\/www.thebigchallenge.com\/at\/#website\"},\"datePublished\":\"2025-03-24T17:08:23+00:00\",\"dateModified\":\"2025-10-28T11:15:30+00:00\",\"description\":\"Entdecken Sie die neuen Multimedia-Serien in der The Big Challenge Academy fesselnde Podcasts und H\u00f6rb\u00fccher \u00fcber die englischsprachige Kultur und vielf\u00e4ltige \u00dcbungen\",\"breadcrumb\":{\"@id\":\"https:\/\/www.thebigchallenge.com\/at\/teacher\/academy\/multimedia-serien\/#breadcrumb\"},\"inLanguage\":\"fr-FR\",\"potentialAction\":[{\"@type\":\"ReadAction\",\"target\":[\"https:\/\/www.thebigchallenge.com\/at\/teacher\/academy\/multimedia-serien\/\"]}]},{\"@type\":\"BreadcrumbList\",\"@id\":\"https:\/\/www.thebigchallenge.com\/at\/teacher\/academy\/multimedia-serien\/#breadcrumb\",\"itemListElement\":[{\"@type\":\"ListItem\",\"position\":1,\"name\":\"Accueil\",\"item\":\"https:\/\/www.thebigchallenge.com\/at\/\"},{\"@type\":\"ListItem\",\"position\":2,\"name\":\"Teacher\",\"item\":\"https:\/\/www.thebigchallenge.com\/at\/teacher\/\"},{\"@type\":\"ListItem\",\"position\":3,\"name\":\"Academy\",\"item\":\"https:\/\/www.thebigchallenge.com\/at\/teacher\/academy\/\"},{\"@type\":\"ListItem\",\"position\":4,\"name\":\"S\u00e9ries multimedia\"}]},{\"@type\":\"WebSite\",\"@id\":\"https:\/\/www.thebigchallenge.com\/at\/#website\",\"url\":\"https:\/\/www.thebigchallenge.com\/at\/\",\"name\":\"AT\",\"description\":\"Le Grand Jeu Concours d\u2019Anglais pour tous les El\u00e8ves du coll\u00e8ge. Plus de 600 000 participants chaque ann\u00e9e.\",\"potentialAction\":[{\"@type\":\"SearchAction\",\"target\":{\"@type\":\"EntryPoint\",\"urlTemplate\":\"https:\/\/www.thebigchallenge.com\/at\/?s={search_term_string}\"},\"query-input\":\"required name=search_term_string\"}],\"inLanguage\":\"fr-FR\"}]}<\/script>\n<!-- \/ Yoast SEO plugin. -->","yoast_head_json":{"title":"Multimedia-Serien auf Englisch in der Academy","description":"Entdecken Sie die neuen Multimedia-Serien in der The Big Challenge Academy fesselnde Podcasts und H\u00f6rb\u00fccher \u00fcber die englischsprachige Kultur und vielf\u00e4ltige \u00dcbungen","robots":{"index":"index","follow":"follow","max-snippet":"max-snippet:-1","max-image-preview":"max-image-preview:large","max-video-preview":"max-video-preview:-1"},"canonical":"https:\/\/www.thebigchallenge.com\/at\/teacher\/academy\/multimedia-serien\/","og_locale":"fr_FR","og_type":"article","og_title":"Multimedia-Serien auf Englisch in der Academy","og_description":"Entdecken Sie die neuen Multimedia-Serien in der The Big Challenge Academy fesselnde Podcasts und H\u00f6rb\u00fccher \u00fcber die englischsprachige Kultur und vielf\u00e4ltige \u00dcbungen","og_url":"https:\/\/www.thebigchallenge.com\/at\/teacher\/academy\/multimedia-serien\/","og_site_name":"AT","article_modified_time":"2025-10-28T11:15:30+00:00","twitter_card":"summary_large_image","schema":{"@context":"https:\/\/schema.org","@graph":[{"@type":"WebPage","@id":"https:\/\/www.thebigchallenge.com\/at\/teacher\/academy\/multimedia-serien\/","url":"https:\/\/www.thebigchallenge.com\/at\/teacher\/academy\/multimedia-serien\/","name":"Multimedia-Serien auf Englisch in der Academy","isPartOf":{"@id":"https:\/\/www.thebigchallenge.com\/at\/#website"},"datePublished":"2025-03-24T17:08:23+00:00","dateModified":"2025-10-28T11:15:30+00:00","description":"Entdecken Sie die neuen Multimedia-Serien in der The Big Challenge Academy fesselnde Podcasts und H\u00f6rb\u00fccher \u00fcber die englischsprachige Kultur und vielf\u00e4ltige \u00dcbungen","breadcrumb":{"@id":"https:\/\/www.thebigchallenge.com\/at\/teacher\/academy\/multimedia-serien\/#breadcrumb"},"inLanguage":"fr-FR","potentialAction":[{"@type":"ReadAction","target":["https:\/\/www.thebigchallenge.com\/at\/teacher\/academy\/multimedia-serien\/"]}]},{"@type":"BreadcrumbList","@id":"https:\/\/www.thebigchallenge.com\/at\/teacher\/academy\/multimedia-serien\/#breadcrumb","itemListElement":[{"@type":"ListItem","position":1,"name":"Accueil","item":"https:\/\/www.thebigchallenge.com\/at\/"},{"@type":"ListItem","position":2,"name":"Teacher","item":"https:\/\/www.thebigchallenge.com\/at\/teacher\/"},{"@type":"ListItem","position":3,"name":"Academy","item":"https:\/\/www.thebigchallenge.com\/at\/teacher\/academy\/"},{"@type":"ListItem","position":4,"name":"S\u00e9ries multimedia"}]},{"@type":"WebSite","@id":"https:\/\/www.thebigchallenge.com\/at\/#website","url":"https:\/\/www.thebigchallenge.com\/at\/","name":"AT","description":"Le Grand Jeu Concours d\u2019Anglais pour tous les El\u00e8ves du coll\u00e8ge. Plus de 600 000 participants chaque ann\u00e9e.","potentialAction":[{"@type":"SearchAction","target":{"@type":"EntryPoint","urlTemplate":"https:\/\/www.thebigchallenge.com\/at\/?s={search_term_string}"},"query-input":"required name=search_term_string"}],"inLanguage":"fr-FR"}]}},"publishpress_future_action":{"enabled":false,"date":"1970-01-01 01:00:00","action":"","terms":[],"taxonomy":"","browser_timezone_offset":0},"_links":{"self":[{"href":"https:\/\/www.thebigchallenge.com\/at\/wp-json\/wp\/v2\/pages\/42387"}],"collection":[{"href":"https:\/\/www.thebigchallenge.com\/at\/wp-json\/wp\/v2\/pages"}],"about":[{"href":"https:\/\/www.thebigchallenge.com\/at\/wp-json\/wp\/v2\/types\/page"}],"author":[{"embeddable":true,"href":"https:\/\/www.thebigchallenge.com\/at\/wp-json\/wp\/v2\/users\/1"}],"replies":[{"embeddable":true,"href":"https:\/\/www.thebigchallenge.com\/at\/wp-json\/wp\/v2\/comments?post=42387"}],"version-history":[{"count":10,"href":"https:\/\/www.thebigchallenge.com\/at\/wp-json\/wp\/v2\/pages\/42387\/revisions"}],"predecessor-version":[{"id":42606,"href":"https:\/\/www.thebigchallenge.com\/at\/wp-json\/wp\/v2\/pages\/42387\/revisions\/42606"}],"up":[{"embeddable":true,"href":"https:\/\/www.thebigchallenge.com\/at\/wp-json\/wp\/v2\/pages\/42382"}],"wp:attachment":[{"href":"https:\/\/www.thebigchallenge.com\/at\/wp-json\/wp\/v2\/media?parent=42387"}],"curies":[{"name":"wp","href":"https:\/\/api.w.org\/{rel}","templated":true}]}}