{"id":755,"date":"2015-07-06T13:01:07","date_gmt":"2015-07-06T12:01:07","guid":{"rendered":"https:\/\/www.thebigchallenge.com\/at-new-bis\/?page_id=755"},"modified":"2025-06-06T10:13:13","modified_gmt":"2025-06-06T09:13:13","slug":"mentions-legales","status":"publish","type":"page","link":"https:\/\/www.thebigchallenge.com\/at\/teacher\/legal\/mentions-legales\/","title":{"rendered":"Mentions l\u00e9gales"},"content":{"rendered":"","protected":false},"excerpt":{"rendered":"","protected":false},"author":1,"featured_media":0,"parent":37851,"menu_order":0,"comment_status":"closed","ping_status":"open","template":"","meta":{"footnotes":""},"acf":[],"yoast_head":"<!-- This site is optimized with the Yoast SEO plugin v21.4 - https:\/\/yoast.com\/wordpress\/plugins\/seo\/ -->\n<title>Impressum von The Big Challenge \u2013 rechtliche Angaben &amp; Kontaktinfos<\/title>\n<meta name=\"description\" content=\"Hier finden Sie das Impressum von The Big Challenge mit allen rechtlichen Angaben zum Anbieter, zur Kontaktaufnahme und zur inhaltlichen Verantwortung.\" \/>\n<meta name=\"robots\" content=\"index, follow, max-snippet:-1, max-image-preview:large, max-video-preview:-1\" \/>\n<link rel=\"canonical\" href=\"https:\/\/www.thebigchallenge.com\/at\/teacher\/legal\/mentions-legales\/\" \/>\n<meta property=\"og:locale\" content=\"fr_FR\" \/>\n<meta property=\"og:type\" content=\"article\" \/>\n<meta property=\"og:title\" content=\"Impressum von The Big Challenge \u2013 rechtliche Angaben &amp; Kontaktinfos\" \/>\n<meta property=\"og:description\" content=\"Hier finden Sie das Impressum von The Big Challenge mit allen rechtlichen Angaben zum Anbieter, zur Kontaktaufnahme und zur inhaltlichen Verantwortung.\" \/>\n<meta property=\"og:url\" content=\"https:\/\/www.thebigchallenge.com\/at\/teacher\/legal\/mentions-legales\/\" \/>\n<meta property=\"og:site_name\" content=\"AT\" \/>\n<meta property=\"article:modified_time\" content=\"2025-06-06T09:13:13+00:00\" \/>\n<meta name=\"twitter:card\" content=\"summary_large_image\" \/>\n<meta name=\"twitter:label1\" content=\"Dur\u00e9e de lecture estim\u00e9e\" \/>\n\t<meta name=\"twitter:data1\" content=\"1 minute\" \/>\n<script type=\"application\/ld+json\" class=\"yoast-schema-graph\">{\"@context\":\"https:\/\/schema.org\",\"@graph\":[{\"@type\":\"WebPage\",\"@id\":\"https:\/\/www.thebigchallenge.com\/at\/teacher\/legal\/mentions-legales\/\",\"url\":\"https:\/\/www.thebigchallenge.com\/at\/teacher\/legal\/mentions-legales\/\",\"name\":\"Impressum von The Big Challenge \u2013 rechtliche Angaben & Kontaktinfos\",\"isPartOf\":{\"@id\":\"https:\/\/www.thebigchallenge.com\/at\/#website\"},\"datePublished\":\"2015-07-06T12:01:07+00:00\",\"dateModified\":\"2025-06-06T09:13:13+00:00\",\"description\":\"Hier finden Sie das Impressum von The Big Challenge mit allen rechtlichen Angaben zum Anbieter, zur Kontaktaufnahme und zur inhaltlichen Verantwortung.\",\"breadcrumb\":{\"@id\":\"https:\/\/www.thebigchallenge.com\/at\/teacher\/legal\/mentions-legales\/#breadcrumb\"},\"inLanguage\":\"fr-FR\",\"potentialAction\":[{\"@type\":\"ReadAction\",\"target\":[\"https:\/\/www.thebigchallenge.com\/at\/teacher\/legal\/mentions-legales\/\"]}]},{\"@type\":\"BreadcrumbList\",\"@id\":\"https:\/\/www.thebigchallenge.com\/at\/teacher\/legal\/mentions-legales\/#breadcrumb\",\"itemListElement\":[{\"@type\":\"ListItem\",\"position\":1,\"name\":\"Accueil\",\"item\":\"https:\/\/www.thebigchallenge.com\/at\/\"},{\"@type\":\"ListItem\",\"position\":2,\"name\":\"Teacher\",\"item\":\"https:\/\/www.thebigchallenge.com\/at\/teacher\/\"},{\"@type\":\"ListItem\",\"position\":3,\"name\":\"L\u00e9gal\",\"item\":\"https:\/\/www.thebigchallenge.com\/at\/teacher\/legal\/\"},{\"@type\":\"ListItem\",\"position\":4,\"name\":\"Mentions l\u00e9gales\"}]},{\"@type\":\"WebSite\",\"@id\":\"https:\/\/www.thebigchallenge.com\/at\/#website\",\"url\":\"https:\/\/www.thebigchallenge.com\/at\/\",\"name\":\"AT\",\"description\":\"Le Grand Jeu Concours d\u2019Anglais pour tous les El\u00e8ves du coll\u00e8ge. Plus de 600 000 participants chaque ann\u00e9e.\",\"potentialAction\":[{\"@type\":\"SearchAction\",\"target\":{\"@type\":\"EntryPoint\",\"urlTemplate\":\"https:\/\/www.thebigchallenge.com\/at\/?s={search_term_string}\"},\"query-input\":\"required name=search_term_string\"}],\"inLanguage\":\"fr-FR\"}]}<\/script>\n<!-- \/ Yoast SEO plugin. -->","yoast_head_json":{"title":"Impressum von The Big Challenge \u2013 rechtliche Angaben & Kontaktinfos","description":"Hier finden Sie das Impressum von The Big Challenge mit allen rechtlichen Angaben zum Anbieter, zur Kontaktaufnahme und zur inhaltlichen Verantwortung.","robots":{"index":"index","follow":"follow","max-snippet":"max-snippet:-1","max-image-preview":"max-image-preview:large","max-video-preview":"max-video-preview:-1"},"canonical":"https:\/\/www.thebigchallenge.com\/at\/teacher\/legal\/mentions-legales\/","og_locale":"fr_FR","og_type":"article","og_title":"Impressum von The Big Challenge \u2013 rechtliche Angaben & Kontaktinfos","og_description":"Hier finden Sie das Impressum von The Big Challenge mit allen rechtlichen Angaben zum Anbieter, zur Kontaktaufnahme und zur inhaltlichen Verantwortung.","og_url":"https:\/\/www.thebigchallenge.com\/at\/teacher\/legal\/mentions-legales\/","og_site_name":"AT","article_modified_time":"2025-06-06T09:13:13+00:00","twitter_card":"summary_large_image","twitter_misc":{"Dur\u00e9e de lecture estim\u00e9e":"1 minute"},"schema":{"@context":"https:\/\/schema.org","@graph":[{"@type":"WebPage","@id":"https:\/\/www.thebigchallenge.com\/at\/teacher\/legal\/mentions-legales\/","url":"https:\/\/www.thebigchallenge.com\/at\/teacher\/legal\/mentions-legales\/","name":"Impressum von The Big Challenge \u2013 rechtliche Angaben & Kontaktinfos","isPartOf":{"@id":"https:\/\/www.thebigchallenge.com\/at\/#website"},"datePublished":"2015-07-06T12:01:07+00:00","dateModified":"2025-06-06T09:13:13+00:00","description":"Hier finden Sie das Impressum von The Big Challenge mit allen rechtlichen Angaben zum Anbieter, zur Kontaktaufnahme und zur inhaltlichen Verantwortung.","breadcrumb":{"@id":"https:\/\/www.thebigchallenge.com\/at\/teacher\/legal\/mentions-legales\/#breadcrumb"},"inLanguage":"fr-FR","potentialAction":[{"@type":"ReadAction","target":["https:\/\/www.thebigchallenge.com\/at\/teacher\/legal\/mentions-legales\/"]}]},{"@type":"BreadcrumbList","@id":"https:\/\/www.thebigchallenge.com\/at\/teacher\/legal\/mentions-legales\/#breadcrumb","itemListElement":[{"@type":"ListItem","position":1,"name":"Accueil","item":"https:\/\/www.thebigchallenge.com\/at\/"},{"@type":"ListItem","position":2,"name":"Teacher","item":"https:\/\/www.thebigchallenge.com\/at\/teacher\/"},{"@type":"ListItem","position":3,"name":"L\u00e9gal","item":"https:\/\/www.thebigchallenge.com\/at\/teacher\/legal\/"},{"@type":"ListItem","position":4,"name":"Mentions l\u00e9gales"}]},{"@type":"WebSite","@id":"https:\/\/www.thebigchallenge.com\/at\/#website","url":"https:\/\/www.thebigchallenge.com\/at\/","name":"AT","description":"Le Grand Jeu Concours d\u2019Anglais pour tous les El\u00e8ves du coll\u00e8ge. Plus de 600 000 participants chaque ann\u00e9e.","potentialAction":[{"@type":"SearchAction","target":{"@type":"EntryPoint","urlTemplate":"https:\/\/www.thebigchallenge.com\/at\/?s={search_term_string}"},"query-input":"required name=search_term_string"}],"inLanguage":"fr-FR"}]}},"publishpress_future_action":{"enabled":false,"date":"1970-01-01 01:00:00","action":"","terms":[],"taxonomy":"","browser_timezone_offset":0},"_links":{"self":[{"href":"https:\/\/www.thebigchallenge.com\/at\/wp-json\/wp\/v2\/pages\/755"}],"collection":[{"href":"https:\/\/www.thebigchallenge.com\/at\/wp-json\/wp\/v2\/pages"}],"about":[{"href":"https:\/\/www.thebigchallenge.com\/at\/wp-json\/wp\/v2\/types\/page"}],"author":[{"embeddable":true,"href":"https:\/\/www.thebigchallenge.com\/at\/wp-json\/wp\/v2\/users\/1"}],"replies":[{"embeddable":true,"href":"https:\/\/www.thebigchallenge.com\/at\/wp-json\/wp\/v2\/comments?post=755"}],"version-history":[{"count":9,"href":"https:\/\/www.thebigchallenge.com\/at\/wp-json\/wp\/v2\/pages\/755\/revisions"}],"predecessor-version":[{"id":42381,"href":"https:\/\/www.thebigchallenge.com\/at\/wp-json\/wp\/v2\/pages\/755\/revisions\/42381"}],"up":[{"embeddable":true,"href":"https:\/\/www.thebigchallenge.com\/at\/wp-json\/wp\/v2\/pages\/37851"}],"wp:attachment":[{"href":"https:\/\/www.thebigchallenge.com\/at\/wp-json\/wp\/v2\/media?parent=755"}],"curies":[{"name":"wp","href":"https:\/\/api.w.org\/{rel}","templated":true}]}}