{"id":12070,"date":"2024-07-23T13:17:53","date_gmt":"2024-07-23T12:17:53","guid":{"rendered":"https:\/\/www.thebigchallenge.com\/br-new\/?page_id=12070"},"modified":"2024-11-19T13:48:58","modified_gmt":"2024-11-19T12:48:58","slug":"incluso-na-inscricao","status":"publish","type":"page","link":"https:\/\/www.thebigchallenge.com\/br\/incluso-na-inscricao\/","title":{"rendered":"Incluso na Inscri\u00e7\u00e3o"},"content":{"rendered":"","protected":false},"excerpt":{"rendered":"","protected":false},"author":1,"featured_media":0,"parent":0,"menu_order":0,"comment_status":"closed","ping_status":"closed","template":"","meta":{"footnotes":""},"acf":{"footer":"teacher"},"yoast_head":"<!-- This site is optimized with the Yoast SEO plugin v21.4 - https:\/\/yoast.com\/wordpress\/plugins\/seo\/ -->\n<title>Incluso na sua inscri\u00e7\u00e3o - The Big Challenge - Brasil<\/title>\n<meta name=\"description\" content=\"Inscrever sua escola no Big Challenge, \u00e9 ter acesso a tudo que n\u00f3s oferecemos: A Olimp\u00edada, o aplicativo PLAY e as Class Activities.\" \/>\n<meta name=\"robots\" content=\"index, follow, max-snippet:-1, max-image-preview:large, max-video-preview:-1\" \/>\n<link rel=\"canonical\" href=\"https:\/\/www.thebigchallenge.com\/br\/olimpiada__trashed\/incluso-na-inscricao\/\" \/>\n<meta property=\"og:locale\" content=\"fr_FR\" \/>\n<meta property=\"og:type\" content=\"article\" \/>\n<meta property=\"og:title\" content=\"Incluso na sua inscri\u00e7\u00e3o - The Big Challenge - Brasil\" \/>\n<meta property=\"og:description\" content=\"Inscrever sua escola no Big Challenge, \u00e9 ter acesso a tudo que n\u00f3s oferecemos: A Olimp\u00edada, o aplicativo PLAY e as Class Activities.\" \/>\n<meta property=\"og:url\" content=\"https:\/\/www.thebigchallenge.com\/br\/olimpiada__trashed\/incluso-na-inscricao\/\" \/>\n<meta property=\"og:site_name\" content=\"BR\" \/>\n<meta property=\"article:modified_time\" content=\"2024-11-19T12:48:58+00:00\" \/>\n<meta name=\"twitter:card\" content=\"summary_large_image\" \/>\n<script type=\"application\/ld+json\" class=\"yoast-schema-graph\">{\"@context\":\"https:\/\/schema.org\",\"@graph\":[{\"@type\":\"WebPage\",\"@id\":\"https:\/\/www.thebigchallenge.com\/br\/olimpiada__trashed\/incluso-na-inscricao\/\",\"url\":\"https:\/\/www.thebigchallenge.com\/br\/olimpiada__trashed\/incluso-na-inscricao\/\",\"name\":\"Incluso na sua inscri\u00e7\u00e3o - The Big Challenge - Brasil\",\"isPartOf\":{\"@id\":\"https:\/\/www.thebigchallenge.com\/br\/#website\"},\"datePublished\":\"2024-07-23T12:17:53+00:00\",\"dateModified\":\"2024-11-19T12:48:58+00:00\",\"description\":\"Inscrever sua escola no Big Challenge, \u00e9 ter acesso a tudo que n\u00f3s oferecemos: A Olimp\u00edada, o aplicativo PLAY e as Class Activities.\",\"breadcrumb\":{\"@id\":\"https:\/\/www.thebigchallenge.com\/br\/olimpiada__trashed\/incluso-na-inscricao\/#breadcrumb\"},\"inLanguage\":\"fr-FR\",\"potentialAction\":[{\"@type\":\"ReadAction\",\"target\":[\"https:\/\/www.thebigchallenge.com\/br\/olimpiada__trashed\/incluso-na-inscricao\/\"]}]},{\"@type\":\"BreadcrumbList\",\"@id\":\"https:\/\/www.thebigchallenge.com\/br\/olimpiada__trashed\/incluso-na-inscricao\/#breadcrumb\",\"itemListElement\":[{\"@type\":\"ListItem\",\"position\":1,\"name\":\"Accueil\",\"item\":\"https:\/\/www.thebigchallenge.com\/br\/\"},{\"@type\":\"ListItem\",\"position\":2,\"name\":\"Incluso na Inscri\u00e7\u00e3o\"}]},{\"@type\":\"WebSite\",\"@id\":\"https:\/\/www.thebigchallenge.com\/br\/#website\",\"url\":\"https:\/\/www.thebigchallenge.com\/br\/\",\"name\":\"BR\",\"description\":\"\",\"potentialAction\":[{\"@type\":\"SearchAction\",\"target\":{\"@type\":\"EntryPoint\",\"urlTemplate\":\"https:\/\/www.thebigchallenge.com\/br\/?s={search_term_string}\"},\"query-input\":\"required name=search_term_string\"}],\"inLanguage\":\"fr-FR\"}]}<\/script>\n<!-- \/ Yoast SEO plugin. -->","yoast_head_json":{"title":"Incluso na sua inscri\u00e7\u00e3o - The Big Challenge - Brasil","description":"Inscrever sua escola no Big Challenge, \u00e9 ter acesso a tudo que n\u00f3s oferecemos: A Olimp\u00edada, o aplicativo PLAY e as Class Activities.","robots":{"index":"index","follow":"follow","max-snippet":"max-snippet:-1","max-image-preview":"max-image-preview:large","max-video-preview":"max-video-preview:-1"},"canonical":"https:\/\/www.thebigchallenge.com\/br\/olimpiada__trashed\/incluso-na-inscricao\/","og_locale":"fr_FR","og_type":"article","og_title":"Incluso na sua inscri\u00e7\u00e3o - The Big Challenge - Brasil","og_description":"Inscrever sua escola no Big Challenge, \u00e9 ter acesso a tudo que n\u00f3s oferecemos: A Olimp\u00edada, o aplicativo PLAY e as Class Activities.","og_url":"https:\/\/www.thebigchallenge.com\/br\/olimpiada__trashed\/incluso-na-inscricao\/","og_site_name":"BR","article_modified_time":"2024-11-19T12:48:58+00:00","twitter_card":"summary_large_image","schema":{"@context":"https:\/\/schema.org","@graph":[{"@type":"WebPage","@id":"https:\/\/www.thebigchallenge.com\/br\/olimpiada__trashed\/incluso-na-inscricao\/","url":"https:\/\/www.thebigchallenge.com\/br\/olimpiada__trashed\/incluso-na-inscricao\/","name":"Incluso na sua inscri\u00e7\u00e3o - The Big Challenge - Brasil","isPartOf":{"@id":"https:\/\/www.thebigchallenge.com\/br\/#website"},"datePublished":"2024-07-23T12:17:53+00:00","dateModified":"2024-11-19T12:48:58+00:00","description":"Inscrever sua escola no Big Challenge, \u00e9 ter acesso a tudo que n\u00f3s oferecemos: A Olimp\u00edada, o aplicativo PLAY e as Class Activities.","breadcrumb":{"@id":"https:\/\/www.thebigchallenge.com\/br\/olimpiada__trashed\/incluso-na-inscricao\/#breadcrumb"},"inLanguage":"fr-FR","potentialAction":[{"@type":"ReadAction","target":["https:\/\/www.thebigchallenge.com\/br\/olimpiada__trashed\/incluso-na-inscricao\/"]}]},{"@type":"BreadcrumbList","@id":"https:\/\/www.thebigchallenge.com\/br\/olimpiada__trashed\/incluso-na-inscricao\/#breadcrumb","itemListElement":[{"@type":"ListItem","position":1,"name":"Accueil","item":"https:\/\/www.thebigchallenge.com\/br\/"},{"@type":"ListItem","position":2,"name":"Incluso na Inscri\u00e7\u00e3o"}]},{"@type":"WebSite","@id":"https:\/\/www.thebigchallenge.com\/br\/#website","url":"https:\/\/www.thebigchallenge.com\/br\/","name":"BR","description":"","potentialAction":[{"@type":"SearchAction","target":{"@type":"EntryPoint","urlTemplate":"https:\/\/www.thebigchallenge.com\/br\/?s={search_term_string}"},"query-input":"required name=search_term_string"}],"inLanguage":"fr-FR"}]}},"publishpress_future_action":{"enabled":false,"date":"1970-01-01 01:00:00","action":"","terms":[],"taxonomy":"","browser_timezone_offset":0},"_links":{"self":[{"href":"https:\/\/www.thebigchallenge.com\/br\/wp-json\/wp\/v2\/pages\/12070"}],"collection":[{"href":"https:\/\/www.thebigchallenge.com\/br\/wp-json\/wp\/v2\/pages"}],"about":[{"href":"https:\/\/www.thebigchallenge.com\/br\/wp-json\/wp\/v2\/types\/page"}],"author":[{"embeddable":true,"href":"https:\/\/www.thebigchallenge.com\/br\/wp-json\/wp\/v2\/users\/1"}],"replies":[{"embeddable":true,"href":"https:\/\/www.thebigchallenge.com\/br\/wp-json\/wp\/v2\/comments?post=12070"}],"version-history":[{"count":10,"href":"https:\/\/www.thebigchallenge.com\/br\/wp-json\/wp\/v2\/pages\/12070\/revisions"}],"predecessor-version":[{"id":12388,"href":"https:\/\/www.thebigchallenge.com\/br\/wp-json\/wp\/v2\/pages\/12070\/revisions\/12388"}],"wp:attachment":[{"href":"https:\/\/www.thebigchallenge.com\/br\/wp-json\/wp\/v2\/media?parent=12070"}],"curies":[{"name":"wp","href":"https:\/\/api.w.org\/{rel}","templated":true}]}}