{"id":12770,"date":"2026-01-13T17:59:20","date_gmt":"2026-01-13T16:59:20","guid":{"rendered":"https:\/\/www.thebigchallenge.com\/br\/?page_id=12770"},"modified":"2026-03-27T03:46:20","modified_gmt":"2026-03-27T02:46:20","slug":"academia","status":"publish","type":"page","link":"https:\/\/www.thebigchallenge.com\/br\/home\/professor\/academia\/","title":{"rendered":"O Academy: Suas ferramentas pedag\u00f3gicas para o ano todo"},"content":{"rendered":"","protected":false},"excerpt":{"rendered":"","protected":false},"author":1,"featured_media":0,"parent":12769,"menu_order":0,"comment_status":"closed","ping_status":"closed","template":"","meta":{"footnotes":""},"acf":{"footer":"teacher"},"yoast_head":"<!-- This site is optimized with the Yoast SEO plugin v21.4 - https:\/\/yoast.com\/wordpress\/plugins\/seo\/ -->\n<title>A Academia: Recursos e Ferramentas Pedag\u00f3gicas de Ingl\u00eas - The Big Challenge<\/title>\n<meta name=\"description\" content=\"Pilote suas aulas o ano todo: atribua tarefas de autocorre\u00e7\u00e3o, acompanhe o progresso dos seus alunos e acesse uma biblioteca de recursos multim\u00eddia.\" \/>\n<meta name=\"robots\" content=\"index, follow, max-snippet:-1, max-image-preview:large, max-video-preview:-1\" \/>\n<link rel=\"canonical\" href=\"https:\/\/www.thebigchallenge.com\/br\/home\/professor\/academia\/\" \/>\n<meta property=\"og:locale\" content=\"fr_FR\" \/>\n<meta property=\"og:type\" content=\"article\" \/>\n<meta property=\"og:title\" content=\"A Academia: Recursos e Ferramentas Pedag\u00f3gicas de Ingl\u00eas - The Big Challenge\" \/>\n<meta property=\"og:description\" content=\"Pilote suas aulas o ano todo: atribua tarefas de autocorre\u00e7\u00e3o, acompanhe o progresso dos seus alunos e acesse uma biblioteca de recursos multim\u00eddia.\" \/>\n<meta property=\"og:url\" content=\"https:\/\/www.thebigchallenge.com\/br\/home\/professor\/academia\/\" \/>\n<meta property=\"og:site_name\" content=\"BR\" \/>\n<meta property=\"article:modified_time\" content=\"2026-03-27T02:46:20+00:00\" \/>\n<meta name=\"twitter:card\" content=\"summary_large_image\" \/>\n<script type=\"application\/ld+json\" class=\"yoast-schema-graph\">{\"@context\":\"https:\/\/schema.org\",\"@graph\":[{\"@type\":\"WebPage\",\"@id\":\"https:\/\/www.thebigchallenge.com\/br\/home\/professor\/academia\/\",\"url\":\"https:\/\/www.thebigchallenge.com\/br\/home\/professor\/academia\/\",\"name\":\"A Academia: Recursos e Ferramentas Pedag\u00f3gicas de Ingl\u00eas - The Big Challenge\",\"isPartOf\":{\"@id\":\"https:\/\/www.thebigchallenge.com\/br\/#website\"},\"datePublished\":\"2026-01-13T16:59:20+00:00\",\"dateModified\":\"2026-03-27T02:46:20+00:00\",\"description\":\"Pilote suas aulas o ano todo: atribua tarefas de autocorre\u00e7\u00e3o, acompanhe o progresso dos seus alunos e acesse uma biblioteca de recursos multim\u00eddia.\",\"breadcrumb\":{\"@id\":\"https:\/\/www.thebigchallenge.com\/br\/home\/professor\/academia\/#breadcrumb\"},\"inLanguage\":\"fr-FR\",\"potentialAction\":[{\"@type\":\"ReadAction\",\"target\":[\"https:\/\/www.thebigchallenge.com\/br\/home\/professor\/academia\/\"]}]},{\"@type\":\"BreadcrumbList\",\"@id\":\"https:\/\/www.thebigchallenge.com\/br\/home\/professor\/academia\/#breadcrumb\",\"itemListElement\":[{\"@type\":\"ListItem\",\"position\":1,\"name\":\"Accueil\",\"item\":\"https:\/\/www.thebigchallenge.com\/br\/\"},{\"@type\":\"ListItem\",\"position\":2,\"name\":\"Home\",\"item\":\"https:\/\/www.thebigchallenge.com\/br\/\"},{\"@type\":\"ListItem\",\"position\":3,\"name\":\"Professores\",\"item\":\"https:\/\/www.thebigchallenge.com\/br\/home\/professor\/\"},{\"@type\":\"ListItem\",\"position\":4,\"name\":\"O Academy: Suas ferramentas pedag\u00f3gicas para o ano todo\"}]},{\"@type\":\"WebSite\",\"@id\":\"https:\/\/www.thebigchallenge.com\/br\/#website\",\"url\":\"https:\/\/www.thebigchallenge.com\/br\/\",\"name\":\"BR\",\"description\":\"\",\"potentialAction\":[{\"@type\":\"SearchAction\",\"target\":{\"@type\":\"EntryPoint\",\"urlTemplate\":\"https:\/\/www.thebigchallenge.com\/br\/?s={search_term_string}\"},\"query-input\":\"required name=search_term_string\"}],\"inLanguage\":\"fr-FR\"}]}<\/script>\n<!-- \/ Yoast SEO plugin. -->","yoast_head_json":{"title":"A Academia: Recursos e Ferramentas Pedag\u00f3gicas de Ingl\u00eas - The Big Challenge","description":"Pilote suas aulas o ano todo: atribua tarefas de autocorre\u00e7\u00e3o, acompanhe o progresso dos seus alunos e acesse uma biblioteca de recursos multim\u00eddia.","robots":{"index":"index","follow":"follow","max-snippet":"max-snippet:-1","max-image-preview":"max-image-preview:large","max-video-preview":"max-video-preview:-1"},"canonical":"https:\/\/www.thebigchallenge.com\/br\/home\/professor\/academia\/","og_locale":"fr_FR","og_type":"article","og_title":"A Academia: Recursos e Ferramentas Pedag\u00f3gicas de Ingl\u00eas - The Big Challenge","og_description":"Pilote suas aulas o ano todo: atribua tarefas de autocorre\u00e7\u00e3o, acompanhe o progresso dos seus alunos e acesse uma biblioteca de recursos multim\u00eddia.","og_url":"https:\/\/www.thebigchallenge.com\/br\/home\/professor\/academia\/","og_site_name":"BR","article_modified_time":"2026-03-27T02:46:20+00:00","twitter_card":"summary_large_image","schema":{"@context":"https:\/\/schema.org","@graph":[{"@type":"WebPage","@id":"https:\/\/www.thebigchallenge.com\/br\/home\/professor\/academia\/","url":"https:\/\/www.thebigchallenge.com\/br\/home\/professor\/academia\/","name":"A Academia: Recursos e Ferramentas Pedag\u00f3gicas de Ingl\u00eas - The Big Challenge","isPartOf":{"@id":"https:\/\/www.thebigchallenge.com\/br\/#website"},"datePublished":"2026-01-13T16:59:20+00:00","dateModified":"2026-03-27T02:46:20+00:00","description":"Pilote suas aulas o ano todo: atribua tarefas de autocorre\u00e7\u00e3o, acompanhe o progresso dos seus alunos e acesse uma biblioteca de recursos multim\u00eddia.","breadcrumb":{"@id":"https:\/\/www.thebigchallenge.com\/br\/home\/professor\/academia\/#breadcrumb"},"inLanguage":"fr-FR","potentialAction":[{"@type":"ReadAction","target":["https:\/\/www.thebigchallenge.com\/br\/home\/professor\/academia\/"]}]},{"@type":"BreadcrumbList","@id":"https:\/\/www.thebigchallenge.com\/br\/home\/professor\/academia\/#breadcrumb","itemListElement":[{"@type":"ListItem","position":1,"name":"Accueil","item":"https:\/\/www.thebigchallenge.com\/br\/"},{"@type":"ListItem","position":2,"name":"Home","item":"https:\/\/www.thebigchallenge.com\/br\/"},{"@type":"ListItem","position":3,"name":"Professores","item":"https:\/\/www.thebigchallenge.com\/br\/home\/professor\/"},{"@type":"ListItem","position":4,"name":"O Academy: Suas ferramentas pedag\u00f3gicas para o ano todo"}]},{"@type":"WebSite","@id":"https:\/\/www.thebigchallenge.com\/br\/#website","url":"https:\/\/www.thebigchallenge.com\/br\/","name":"BR","description":"","potentialAction":[{"@type":"SearchAction","target":{"@type":"EntryPoint","urlTemplate":"https:\/\/www.thebigchallenge.com\/br\/?s={search_term_string}"},"query-input":"required name=search_term_string"}],"inLanguage":"fr-FR"}]}},"publishpress_future_action":{"enabled":false,"date":"1970-01-01 01:00:00","action":"","terms":[],"taxonomy":"","browser_timezone_offset":0},"_links":{"self":[{"href":"https:\/\/www.thebigchallenge.com\/br\/wp-json\/wp\/v2\/pages\/12770"}],"collection":[{"href":"https:\/\/www.thebigchallenge.com\/br\/wp-json\/wp\/v2\/pages"}],"about":[{"href":"https:\/\/www.thebigchallenge.com\/br\/wp-json\/wp\/v2\/types\/page"}],"author":[{"embeddable":true,"href":"https:\/\/www.thebigchallenge.com\/br\/wp-json\/wp\/v2\/users\/1"}],"replies":[{"embeddable":true,"href":"https:\/\/www.thebigchallenge.com\/br\/wp-json\/wp\/v2\/comments?post=12770"}],"version-history":[{"count":10,"href":"https:\/\/www.thebigchallenge.com\/br\/wp-json\/wp\/v2\/pages\/12770\/revisions"}],"predecessor-version":[{"id":13052,"href":"https:\/\/www.thebigchallenge.com\/br\/wp-json\/wp\/v2\/pages\/12770\/revisions\/13052"}],"up":[{"embeddable":true,"href":"https:\/\/www.thebigchallenge.com\/br\/wp-json\/wp\/v2\/pages\/12769"}],"wp:attachment":[{"href":"https:\/\/www.thebigchallenge.com\/br\/wp-json\/wp\/v2\/media?parent=12770"}],"curies":[{"name":"wp","href":"https:\/\/api.w.org\/{rel}","templated":true}]}}