{"id":12772,"date":"2026-01-13T18:01:22","date_gmt":"2026-01-13T17:01:22","guid":{"rendered":"https:\/\/www.thebigchallenge.com\/br\/?page_id=12772"},"modified":"2026-02-27T16:10:03","modified_gmt":"2026-02-27T15:10:03","slug":"para-os-alunos","status":"publish","type":"page","link":"https:\/\/www.thebigchallenge.com\/br\/home\/professor\/academia\/para-os-alunos\/","title":{"rendered":"O Espa\u00e7o do Aluno: Aprender ingl\u00eas se divertindo"},"content":{"rendered":"","protected":false},"excerpt":{"rendered":"","protected":false},"author":1,"featured_media":0,"parent":12770,"menu_order":0,"comment_status":"closed","ping_status":"closed","template":"","meta":{"footnotes":""},"acf":{"footer":"teacher"},"yoast_head":"<!-- This site is optimized with the Yoast SEO plugin v21.4 - https:\/\/yoast.com\/wordpress\/plugins\/seo\/ -->\n<title>A Experi\u00eancia do Aluno: Jogos e Aprendizagem Aut\u00f4noma - The Big Challenge Academy<\/title>\n<meta name=\"description\" content=\"Descubra a interface dedicada aos seus alunos: a Game Zone. Um universo l\u00fadico e seguro (RGPD) onde eles treinam de forma aut\u00f4noma com milhares de question\u00e1rios e desafios de \u00e1udio.\" \/>\n<meta name=\"robots\" content=\"index, follow, max-snippet:-1, max-image-preview:large, max-video-preview:-1\" \/>\n<link rel=\"canonical\" href=\"https:\/\/www.thebigchallenge.com\/br\/home\/professor\/academia\/para-os-alunos\/\" \/>\n<meta property=\"og:locale\" content=\"fr_FR\" \/>\n<meta property=\"og:type\" content=\"article\" \/>\n<meta property=\"og:title\" content=\"A Experi\u00eancia do Aluno: Jogos e Aprendizagem Aut\u00f4noma - The Big Challenge Academy\" \/>\n<meta property=\"og:description\" content=\"Descubra a interface dedicada aos seus alunos: a Game Zone. Um universo l\u00fadico e seguro (RGPD) onde eles treinam de forma aut\u00f4noma com milhares de question\u00e1rios e desafios de \u00e1udio.\" \/>\n<meta property=\"og:url\" content=\"https:\/\/www.thebigchallenge.com\/br\/home\/professor\/academia\/para-os-alunos\/\" \/>\n<meta property=\"og:site_name\" content=\"BR\" \/>\n<meta property=\"article:modified_time\" content=\"2026-02-27T15:10:03+00:00\" \/>\n<meta name=\"twitter:card\" content=\"summary_large_image\" \/>\n<script type=\"application\/ld+json\" class=\"yoast-schema-graph\">{\"@context\":\"https:\/\/schema.org\",\"@graph\":[{\"@type\":\"WebPage\",\"@id\":\"https:\/\/www.thebigchallenge.com\/br\/home\/professor\/academia\/para-os-alunos\/\",\"url\":\"https:\/\/www.thebigchallenge.com\/br\/home\/professor\/academia\/para-os-alunos\/\",\"name\":\"A Experi\u00eancia do Aluno: Jogos e Aprendizagem Aut\u00f4noma - The Big Challenge Academy\",\"isPartOf\":{\"@id\":\"https:\/\/www.thebigchallenge.com\/br\/#website\"},\"datePublished\":\"2026-01-13T17:01:22+00:00\",\"dateModified\":\"2026-02-27T15:10:03+00:00\",\"description\":\"Descubra a interface dedicada aos seus alunos: a Game Zone. Um universo l\u00fadico e seguro (RGPD) onde eles treinam de forma aut\u00f4noma com milhares de question\u00e1rios e desafios de \u00e1udio.\",\"breadcrumb\":{\"@id\":\"https:\/\/www.thebigchallenge.com\/br\/home\/professor\/academia\/para-os-alunos\/#breadcrumb\"},\"inLanguage\":\"fr-FR\",\"potentialAction\":[{\"@type\":\"ReadAction\",\"target\":[\"https:\/\/www.thebigchallenge.com\/br\/home\/professor\/academia\/para-os-alunos\/\"]}]},{\"@type\":\"BreadcrumbList\",\"@id\":\"https:\/\/www.thebigchallenge.com\/br\/home\/professor\/academia\/para-os-alunos\/#breadcrumb\",\"itemListElement\":[{\"@type\":\"ListItem\",\"position\":1,\"name\":\"Accueil\",\"item\":\"https:\/\/www.thebigchallenge.com\/br\/\"},{\"@type\":\"ListItem\",\"position\":2,\"name\":\"Home\",\"item\":\"https:\/\/www.thebigchallenge.com\/br\/\"},{\"@type\":\"ListItem\",\"position\":3,\"name\":\"Professores\",\"item\":\"https:\/\/www.thebigchallenge.com\/br\/home\/professor\/\"},{\"@type\":\"ListItem\",\"position\":4,\"name\":\"O Academy: Suas ferramentas pedag\u00f3gicas para o ano todo\",\"item\":\"https:\/\/www.thebigchallenge.com\/br\/home\/professor\/academia\/\"},{\"@type\":\"ListItem\",\"position\":5,\"name\":\"O Espa\u00e7o do Aluno: Aprender ingl\u00eas se divertindo\"}]},{\"@type\":\"WebSite\",\"@id\":\"https:\/\/www.thebigchallenge.com\/br\/#website\",\"url\":\"https:\/\/www.thebigchallenge.com\/br\/\",\"name\":\"BR\",\"description\":\"\",\"potentialAction\":[{\"@type\":\"SearchAction\",\"target\":{\"@type\":\"EntryPoint\",\"urlTemplate\":\"https:\/\/www.thebigchallenge.com\/br\/?s={search_term_string}\"},\"query-input\":\"required name=search_term_string\"}],\"inLanguage\":\"fr-FR\"}]}<\/script>\n<!-- \/ Yoast SEO plugin. -->","yoast_head_json":{"title":"A Experi\u00eancia do Aluno: Jogos e Aprendizagem Aut\u00f4noma - The Big Challenge Academy","description":"Descubra a interface dedicada aos seus alunos: a Game Zone. Um universo l\u00fadico e seguro (RGPD) onde eles treinam de forma aut\u00f4noma com milhares de question\u00e1rios e desafios de \u00e1udio.","robots":{"index":"index","follow":"follow","max-snippet":"max-snippet:-1","max-image-preview":"max-image-preview:large","max-video-preview":"max-video-preview:-1"},"canonical":"https:\/\/www.thebigchallenge.com\/br\/home\/professor\/academia\/para-os-alunos\/","og_locale":"fr_FR","og_type":"article","og_title":"A Experi\u00eancia do Aluno: Jogos e Aprendizagem Aut\u00f4noma - The Big Challenge Academy","og_description":"Descubra a interface dedicada aos seus alunos: a Game Zone. Um universo l\u00fadico e seguro (RGPD) onde eles treinam de forma aut\u00f4noma com milhares de question\u00e1rios e desafios de \u00e1udio.","og_url":"https:\/\/www.thebigchallenge.com\/br\/home\/professor\/academia\/para-os-alunos\/","og_site_name":"BR","article_modified_time":"2026-02-27T15:10:03+00:00","twitter_card":"summary_large_image","schema":{"@context":"https:\/\/schema.org","@graph":[{"@type":"WebPage","@id":"https:\/\/www.thebigchallenge.com\/br\/home\/professor\/academia\/para-os-alunos\/","url":"https:\/\/www.thebigchallenge.com\/br\/home\/professor\/academia\/para-os-alunos\/","name":"A Experi\u00eancia do Aluno: Jogos e Aprendizagem Aut\u00f4noma - The Big Challenge Academy","isPartOf":{"@id":"https:\/\/www.thebigchallenge.com\/br\/#website"},"datePublished":"2026-01-13T17:01:22+00:00","dateModified":"2026-02-27T15:10:03+00:00","description":"Descubra a interface dedicada aos seus alunos: a Game Zone. Um universo l\u00fadico e seguro (RGPD) onde eles treinam de forma aut\u00f4noma com milhares de question\u00e1rios e desafios de \u00e1udio.","breadcrumb":{"@id":"https:\/\/www.thebigchallenge.com\/br\/home\/professor\/academia\/para-os-alunos\/#breadcrumb"},"inLanguage":"fr-FR","potentialAction":[{"@type":"ReadAction","target":["https:\/\/www.thebigchallenge.com\/br\/home\/professor\/academia\/para-os-alunos\/"]}]},{"@type":"BreadcrumbList","@id":"https:\/\/www.thebigchallenge.com\/br\/home\/professor\/academia\/para-os-alunos\/#breadcrumb","itemListElement":[{"@type":"ListItem","position":1,"name":"Accueil","item":"https:\/\/www.thebigchallenge.com\/br\/"},{"@type":"ListItem","position":2,"name":"Home","item":"https:\/\/www.thebigchallenge.com\/br\/"},{"@type":"ListItem","position":3,"name":"Professores","item":"https:\/\/www.thebigchallenge.com\/br\/home\/professor\/"},{"@type":"ListItem","position":4,"name":"O Academy: Suas ferramentas pedag\u00f3gicas para o ano todo","item":"https:\/\/www.thebigchallenge.com\/br\/home\/professor\/academia\/"},{"@type":"ListItem","position":5,"name":"O Espa\u00e7o do Aluno: Aprender ingl\u00eas se divertindo"}]},{"@type":"WebSite","@id":"https:\/\/www.thebigchallenge.com\/br\/#website","url":"https:\/\/www.thebigchallenge.com\/br\/","name":"BR","description":"","potentialAction":[{"@type":"SearchAction","target":{"@type":"EntryPoint","urlTemplate":"https:\/\/www.thebigchallenge.com\/br\/?s={search_term_string}"},"query-input":"required name=search_term_string"}],"inLanguage":"fr-FR"}]}},"publishpress_future_action":{"enabled":false,"date":"1970-01-01 01:00:00","action":"","terms":[],"taxonomy":"","browser_timezone_offset":0},"_links":{"self":[{"href":"https:\/\/www.thebigchallenge.com\/br\/wp-json\/wp\/v2\/pages\/12772"}],"collection":[{"href":"https:\/\/www.thebigchallenge.com\/br\/wp-json\/wp\/v2\/pages"}],"about":[{"href":"https:\/\/www.thebigchallenge.com\/br\/wp-json\/wp\/v2\/types\/page"}],"author":[{"embeddable":true,"href":"https:\/\/www.thebigchallenge.com\/br\/wp-json\/wp\/v2\/users\/1"}],"replies":[{"embeddable":true,"href":"https:\/\/www.thebigchallenge.com\/br\/wp-json\/wp\/v2\/comments?post=12772"}],"version-history":[{"count":10,"href":"https:\/\/www.thebigchallenge.com\/br\/wp-json\/wp\/v2\/pages\/12772\/revisions"}],"predecessor-version":[{"id":13042,"href":"https:\/\/www.thebigchallenge.com\/br\/wp-json\/wp\/v2\/pages\/12772\/revisions\/13042"}],"up":[{"embeddable":true,"href":"https:\/\/www.thebigchallenge.com\/br\/wp-json\/wp\/v2\/pages\/12770"}],"wp:attachment":[{"href":"https:\/\/www.thebigchallenge.com\/br\/wp-json\/wp\/v2\/media?parent=12772"}],"curies":[{"name":"wp","href":"https:\/\/api.w.org\/{rel}","templated":true}]}}