{"id":12773,"date":"2026-01-13T18:02:09","date_gmt":"2026-01-13T17:02:09","guid":{"rendered":"https:\/\/www.thebigchallenge.com\/br\/?page_id=12773"},"modified":"2026-02-27T16:10:50","modified_gmt":"2026-02-27T15:10:50","slug":"para-os-professores","status":"publish","type":"page","link":"https:\/\/www.thebigchallenge.com\/br\/home\/professor\/academia\/para-os-professores\/","title":{"rendered":"Suas ferramentas de gest\u00e3o e acompanhamento pedag\u00f3gico"},"content":{"rendered":"","protected":false},"excerpt":{"rendered":"","protected":false},"author":1,"featured_media":0,"parent":12770,"menu_order":0,"comment_status":"closed","ping_status":"closed","template":"","meta":{"footnotes":""},"acf":{"footer":"teacher"},"yoast_head":"<!-- This site is optimized with the Yoast SEO plugin v21.4 - https:\/\/yoast.com\/wordpress\/plugins\/seo\/ -->\n<title>Ferramentas para Professor: Acompanhamento, Notas e Gest\u00e3o de Turmas - The Big Challenge<\/title>\n<meta name=\"description\" content=\"Simplifique seu cotidiano: atribua tarefas com autocorre\u00e7\u00e3o, acompanhe os resultados por turma e acesse estat\u00edsticas detalhadas para diferenciar sua pedagogia.\" \/>\n<meta name=\"robots\" content=\"index, follow, max-snippet:-1, max-image-preview:large, max-video-preview:-1\" \/>\n<link rel=\"canonical\" href=\"https:\/\/www.thebigchallenge.com\/br\/home\/professor\/academia\/para-os-professores\/\" \/>\n<meta property=\"og:locale\" content=\"fr_FR\" \/>\n<meta property=\"og:type\" content=\"article\" \/>\n<meta property=\"og:title\" content=\"Ferramentas para Professor: Acompanhamento, Notas e Gest\u00e3o de Turmas - The Big Challenge\" \/>\n<meta property=\"og:description\" content=\"Simplifique seu cotidiano: atribua tarefas com autocorre\u00e7\u00e3o, acompanhe os resultados por turma e acesse estat\u00edsticas detalhadas para diferenciar sua pedagogia.\" \/>\n<meta property=\"og:url\" content=\"https:\/\/www.thebigchallenge.com\/br\/home\/professor\/academia\/para-os-professores\/\" \/>\n<meta property=\"og:site_name\" content=\"BR\" \/>\n<meta property=\"article:modified_time\" content=\"2026-02-27T15:10:50+00:00\" \/>\n<meta name=\"twitter:card\" content=\"summary_large_image\" \/>\n<script type=\"application\/ld+json\" class=\"yoast-schema-graph\">{\"@context\":\"https:\/\/schema.org\",\"@graph\":[{\"@type\":\"WebPage\",\"@id\":\"https:\/\/www.thebigchallenge.com\/br\/home\/professor\/academia\/para-os-professores\/\",\"url\":\"https:\/\/www.thebigchallenge.com\/br\/home\/professor\/academia\/para-os-professores\/\",\"name\":\"Ferramentas para Professor: Acompanhamento, Notas e Gest\u00e3o de Turmas - The Big Challenge\",\"isPartOf\":{\"@id\":\"https:\/\/www.thebigchallenge.com\/br\/#website\"},\"datePublished\":\"2026-01-13T17:02:09+00:00\",\"dateModified\":\"2026-02-27T15:10:50+00:00\",\"description\":\"Simplifique seu cotidiano: atribua tarefas com autocorre\u00e7\u00e3o, acompanhe os resultados por turma e acesse estat\u00edsticas detalhadas para diferenciar sua pedagogia.\",\"breadcrumb\":{\"@id\":\"https:\/\/www.thebigchallenge.com\/br\/home\/professor\/academia\/para-os-professores\/#breadcrumb\"},\"inLanguage\":\"fr-FR\",\"potentialAction\":[{\"@type\":\"ReadAction\",\"target\":[\"https:\/\/www.thebigchallenge.com\/br\/home\/professor\/academia\/para-os-professores\/\"]}]},{\"@type\":\"BreadcrumbList\",\"@id\":\"https:\/\/www.thebigchallenge.com\/br\/home\/professor\/academia\/para-os-professores\/#breadcrumb\",\"itemListElement\":[{\"@type\":\"ListItem\",\"position\":1,\"name\":\"Accueil\",\"item\":\"https:\/\/www.thebigchallenge.com\/br\/\"},{\"@type\":\"ListItem\",\"position\":2,\"name\":\"Home\",\"item\":\"https:\/\/www.thebigchallenge.com\/br\/\"},{\"@type\":\"ListItem\",\"position\":3,\"name\":\"Professores\",\"item\":\"https:\/\/www.thebigchallenge.com\/br\/home\/professor\/\"},{\"@type\":\"ListItem\",\"position\":4,\"name\":\"O Academy: Suas ferramentas pedag\u00f3gicas para o ano todo\",\"item\":\"https:\/\/www.thebigchallenge.com\/br\/home\/professor\/academia\/\"},{\"@type\":\"ListItem\",\"position\":5,\"name\":\"Suas ferramentas de gest\u00e3o e acompanhamento pedag\u00f3gico\"}]},{\"@type\":\"WebSite\",\"@id\":\"https:\/\/www.thebigchallenge.com\/br\/#website\",\"url\":\"https:\/\/www.thebigchallenge.com\/br\/\",\"name\":\"BR\",\"description\":\"\",\"potentialAction\":[{\"@type\":\"SearchAction\",\"target\":{\"@type\":\"EntryPoint\",\"urlTemplate\":\"https:\/\/www.thebigchallenge.com\/br\/?s={search_term_string}\"},\"query-input\":\"required name=search_term_string\"}],\"inLanguage\":\"fr-FR\"}]}<\/script>\n<!-- \/ Yoast SEO plugin. -->","yoast_head_json":{"title":"Ferramentas para Professor: Acompanhamento, Notas e Gest\u00e3o de Turmas - The Big Challenge","description":"Simplifique seu cotidiano: atribua tarefas com autocorre\u00e7\u00e3o, acompanhe os resultados por turma e acesse estat\u00edsticas detalhadas para diferenciar sua pedagogia.","robots":{"index":"index","follow":"follow","max-snippet":"max-snippet:-1","max-image-preview":"max-image-preview:large","max-video-preview":"max-video-preview:-1"},"canonical":"https:\/\/www.thebigchallenge.com\/br\/home\/professor\/academia\/para-os-professores\/","og_locale":"fr_FR","og_type":"article","og_title":"Ferramentas para Professor: Acompanhamento, Notas e Gest\u00e3o de Turmas - The Big Challenge","og_description":"Simplifique seu cotidiano: atribua tarefas com autocorre\u00e7\u00e3o, acompanhe os resultados por turma e acesse estat\u00edsticas detalhadas para diferenciar sua pedagogia.","og_url":"https:\/\/www.thebigchallenge.com\/br\/home\/professor\/academia\/para-os-professores\/","og_site_name":"BR","article_modified_time":"2026-02-27T15:10:50+00:00","twitter_card":"summary_large_image","schema":{"@context":"https:\/\/schema.org","@graph":[{"@type":"WebPage","@id":"https:\/\/www.thebigchallenge.com\/br\/home\/professor\/academia\/para-os-professores\/","url":"https:\/\/www.thebigchallenge.com\/br\/home\/professor\/academia\/para-os-professores\/","name":"Ferramentas para Professor: Acompanhamento, Notas e Gest\u00e3o de Turmas - The Big Challenge","isPartOf":{"@id":"https:\/\/www.thebigchallenge.com\/br\/#website"},"datePublished":"2026-01-13T17:02:09+00:00","dateModified":"2026-02-27T15:10:50+00:00","description":"Simplifique seu cotidiano: atribua tarefas com autocorre\u00e7\u00e3o, acompanhe os resultados por turma e acesse estat\u00edsticas detalhadas para diferenciar sua pedagogia.","breadcrumb":{"@id":"https:\/\/www.thebigchallenge.com\/br\/home\/professor\/academia\/para-os-professores\/#breadcrumb"},"inLanguage":"fr-FR","potentialAction":[{"@type":"ReadAction","target":["https:\/\/www.thebigchallenge.com\/br\/home\/professor\/academia\/para-os-professores\/"]}]},{"@type":"BreadcrumbList","@id":"https:\/\/www.thebigchallenge.com\/br\/home\/professor\/academia\/para-os-professores\/#breadcrumb","itemListElement":[{"@type":"ListItem","position":1,"name":"Accueil","item":"https:\/\/www.thebigchallenge.com\/br\/"},{"@type":"ListItem","position":2,"name":"Home","item":"https:\/\/www.thebigchallenge.com\/br\/"},{"@type":"ListItem","position":3,"name":"Professores","item":"https:\/\/www.thebigchallenge.com\/br\/home\/professor\/"},{"@type":"ListItem","position":4,"name":"O Academy: Suas ferramentas pedag\u00f3gicas para o ano todo","item":"https:\/\/www.thebigchallenge.com\/br\/home\/professor\/academia\/"},{"@type":"ListItem","position":5,"name":"Suas ferramentas de gest\u00e3o e acompanhamento pedag\u00f3gico"}]},{"@type":"WebSite","@id":"https:\/\/www.thebigchallenge.com\/br\/#website","url":"https:\/\/www.thebigchallenge.com\/br\/","name":"BR","description":"","potentialAction":[{"@type":"SearchAction","target":{"@type":"EntryPoint","urlTemplate":"https:\/\/www.thebigchallenge.com\/br\/?s={search_term_string}"},"query-input":"required name=search_term_string"}],"inLanguage":"fr-FR"}]}},"publishpress_future_action":{"enabled":false,"date":"1970-01-01 01:00:00","action":"","terms":[],"taxonomy":"","browser_timezone_offset":0},"_links":{"self":[{"href":"https:\/\/www.thebigchallenge.com\/br\/wp-json\/wp\/v2\/pages\/12773"}],"collection":[{"href":"https:\/\/www.thebigchallenge.com\/br\/wp-json\/wp\/v2\/pages"}],"about":[{"href":"https:\/\/www.thebigchallenge.com\/br\/wp-json\/wp\/v2\/types\/page"}],"author":[{"embeddable":true,"href":"https:\/\/www.thebigchallenge.com\/br\/wp-json\/wp\/v2\/users\/1"}],"replies":[{"embeddable":true,"href":"https:\/\/www.thebigchallenge.com\/br\/wp-json\/wp\/v2\/comments?post=12773"}],"version-history":[{"count":7,"href":"https:\/\/www.thebigchallenge.com\/br\/wp-json\/wp\/v2\/pages\/12773\/revisions"}],"predecessor-version":[{"id":13044,"href":"https:\/\/www.thebigchallenge.com\/br\/wp-json\/wp\/v2\/pages\/12773\/revisions\/13044"}],"up":[{"embeddable":true,"href":"https:\/\/www.thebigchallenge.com\/br\/wp-json\/wp\/v2\/pages\/12770"}],"wp:attachment":[{"href":"https:\/\/www.thebigchallenge.com\/br\/wp-json\/wp\/v2\/media?parent=12773"}],"curies":[{"name":"wp","href":"https:\/\/api.w.org\/{rel}","templated":true}]}}