{"id":12775,"date":"2026-01-13T18:04:04","date_gmt":"2026-01-13T17:04:04","guid":{"rendered":"https:\/\/www.thebigchallenge.com\/br\/?page_id=12775"},"modified":"2026-03-27T03:36:46","modified_gmt":"2026-03-27T02:36:46","slug":"guia-pratico","status":"publish","type":"page","link":"https:\/\/www.thebigchallenge.com\/br\/home\/professor\/competicao\/guia-pratico\/","title":{"rendered":"Guia Pr\u00e1tico: Organizando a Prova Passo a Passo"},"content":{"rendered":"","protected":false},"excerpt":{"rendered":"","protected":false},"author":1,"featured_media":0,"parent":12774,"menu_order":0,"comment_status":"closed","ping_status":"closed","template":"","meta":{"footnotes":""},"acf":{"footer":"teacher"},"yoast_head":"<!-- This site is optimized with the Yoast SEO plugin v21.4 - https:\/\/yoast.com\/wordpress\/plugins\/seo\/ -->\n<title>Guia Pr\u00e1tico: Inscri\u00e7\u00e3o, Pre\u00e7os e N\u00edveis - The Big Challenge<\/title>\n<meta name=\"description\" content=\"Tudo para organizar a Olimp\u00edada em sua escola: pre\u00e7os, calend\u00e1rio, n\u00edveis CEFR e informa\u00e7\u00f5es dos formatos Virtual e Impresso.\" \/>\n<meta name=\"robots\" content=\"index, follow, max-snippet:-1, max-image-preview:large, max-video-preview:-1\" \/>\n<link rel=\"canonical\" href=\"https:\/\/www.thebigchallenge.com\/br\/home\/professor\/competicao\/guia-pratico\/\" \/>\n<meta property=\"og:locale\" content=\"fr_FR\" \/>\n<meta property=\"og:type\" content=\"article\" \/>\n<meta property=\"og:title\" content=\"Guia Pr\u00e1tico: Inscri\u00e7\u00e3o, Pre\u00e7os e N\u00edveis - The Big Challenge\" \/>\n<meta property=\"og:description\" content=\"Tudo para organizar a Olimp\u00edada em sua escola: pre\u00e7os, calend\u00e1rio, n\u00edveis CEFR e informa\u00e7\u00f5es dos formatos Virtual e Impresso.\" \/>\n<meta property=\"og:url\" content=\"https:\/\/www.thebigchallenge.com\/br\/home\/professor\/competicao\/guia-pratico\/\" \/>\n<meta property=\"og:site_name\" content=\"BR\" \/>\n<meta property=\"article:modified_time\" content=\"2026-03-27T02:36:46+00:00\" \/>\n<meta name=\"twitter:card\" content=\"summary_large_image\" \/>\n<script type=\"application\/ld+json\" class=\"yoast-schema-graph\">{\"@context\":\"https:\/\/schema.org\",\"@graph\":[{\"@type\":\"WebPage\",\"@id\":\"https:\/\/www.thebigchallenge.com\/br\/home\/professor\/competicao\/guia-pratico\/\",\"url\":\"https:\/\/www.thebigchallenge.com\/br\/home\/professor\/competicao\/guia-pratico\/\",\"name\":\"Guia Pr\u00e1tico: Inscri\u00e7\u00e3o, Pre\u00e7os e N\u00edveis - The Big Challenge\",\"isPartOf\":{\"@id\":\"https:\/\/www.thebigchallenge.com\/br\/#website\"},\"datePublished\":\"2026-01-13T17:04:04+00:00\",\"dateModified\":\"2026-03-27T02:36:46+00:00\",\"description\":\"Tudo para organizar a Olimp\u00edada em sua escola: pre\u00e7os, calend\u00e1rio, n\u00edveis CEFR e informa\u00e7\u00f5es dos formatos Virtual e Impresso.\",\"breadcrumb\":{\"@id\":\"https:\/\/www.thebigchallenge.com\/br\/home\/professor\/competicao\/guia-pratico\/#breadcrumb\"},\"inLanguage\":\"fr-FR\",\"potentialAction\":[{\"@type\":\"ReadAction\",\"target\":[\"https:\/\/www.thebigchallenge.com\/br\/home\/professor\/competicao\/guia-pratico\/\"]}]},{\"@type\":\"BreadcrumbList\",\"@id\":\"https:\/\/www.thebigchallenge.com\/br\/home\/professor\/competicao\/guia-pratico\/#breadcrumb\",\"itemListElement\":[{\"@type\":\"ListItem\",\"position\":1,\"name\":\"Accueil\",\"item\":\"https:\/\/www.thebigchallenge.com\/br\/\"},{\"@type\":\"ListItem\",\"position\":2,\"name\":\"Home\",\"item\":\"https:\/\/www.thebigchallenge.com\/br\/\"},{\"@type\":\"ListItem\",\"position\":3,\"name\":\"Professores\",\"item\":\"https:\/\/www.thebigchallenge.com\/br\/home\/professor\/\"},{\"@type\":\"ListItem\",\"position\":4,\"name\":\"The Big Challenge &#8211; O Olimp\u00edada de Ingl\u00eas\",\"item\":\"https:\/\/www.thebigchallenge.com\/br\/home\/professor\/competicao\/\"},{\"@type\":\"ListItem\",\"position\":5,\"name\":\"Guia Pr\u00e1tico: Organizando a Prova Passo a Passo\"}]},{\"@type\":\"WebSite\",\"@id\":\"https:\/\/www.thebigchallenge.com\/br\/#website\",\"url\":\"https:\/\/www.thebigchallenge.com\/br\/\",\"name\":\"BR\",\"description\":\"\",\"potentialAction\":[{\"@type\":\"SearchAction\",\"target\":{\"@type\":\"EntryPoint\",\"urlTemplate\":\"https:\/\/www.thebigchallenge.com\/br\/?s={search_term_string}\"},\"query-input\":\"required name=search_term_string\"}],\"inLanguage\":\"fr-FR\"}]}<\/script>\n<!-- \/ Yoast SEO plugin. -->","yoast_head_json":{"title":"Guia Pr\u00e1tico: Inscri\u00e7\u00e3o, Pre\u00e7os e N\u00edveis - The Big Challenge","description":"Tudo para organizar a Olimp\u00edada em sua escola: pre\u00e7os, calend\u00e1rio, n\u00edveis CEFR e informa\u00e7\u00f5es dos formatos Virtual e Impresso.","robots":{"index":"index","follow":"follow","max-snippet":"max-snippet:-1","max-image-preview":"max-image-preview:large","max-video-preview":"max-video-preview:-1"},"canonical":"https:\/\/www.thebigchallenge.com\/br\/home\/professor\/competicao\/guia-pratico\/","og_locale":"fr_FR","og_type":"article","og_title":"Guia Pr\u00e1tico: Inscri\u00e7\u00e3o, Pre\u00e7os e N\u00edveis - The Big Challenge","og_description":"Tudo para organizar a Olimp\u00edada em sua escola: pre\u00e7os, calend\u00e1rio, n\u00edveis CEFR e informa\u00e7\u00f5es dos formatos Virtual e Impresso.","og_url":"https:\/\/www.thebigchallenge.com\/br\/home\/professor\/competicao\/guia-pratico\/","og_site_name":"BR","article_modified_time":"2026-03-27T02:36:46+00:00","twitter_card":"summary_large_image","schema":{"@context":"https:\/\/schema.org","@graph":[{"@type":"WebPage","@id":"https:\/\/www.thebigchallenge.com\/br\/home\/professor\/competicao\/guia-pratico\/","url":"https:\/\/www.thebigchallenge.com\/br\/home\/professor\/competicao\/guia-pratico\/","name":"Guia Pr\u00e1tico: Inscri\u00e7\u00e3o, Pre\u00e7os e N\u00edveis - The Big Challenge","isPartOf":{"@id":"https:\/\/www.thebigchallenge.com\/br\/#website"},"datePublished":"2026-01-13T17:04:04+00:00","dateModified":"2026-03-27T02:36:46+00:00","description":"Tudo para organizar a Olimp\u00edada em sua escola: pre\u00e7os, calend\u00e1rio, n\u00edveis CEFR e informa\u00e7\u00f5es dos formatos Virtual e Impresso.","breadcrumb":{"@id":"https:\/\/www.thebigchallenge.com\/br\/home\/professor\/competicao\/guia-pratico\/#breadcrumb"},"inLanguage":"fr-FR","potentialAction":[{"@type":"ReadAction","target":["https:\/\/www.thebigchallenge.com\/br\/home\/professor\/competicao\/guia-pratico\/"]}]},{"@type":"BreadcrumbList","@id":"https:\/\/www.thebigchallenge.com\/br\/home\/professor\/competicao\/guia-pratico\/#breadcrumb","itemListElement":[{"@type":"ListItem","position":1,"name":"Accueil","item":"https:\/\/www.thebigchallenge.com\/br\/"},{"@type":"ListItem","position":2,"name":"Home","item":"https:\/\/www.thebigchallenge.com\/br\/"},{"@type":"ListItem","position":3,"name":"Professores","item":"https:\/\/www.thebigchallenge.com\/br\/home\/professor\/"},{"@type":"ListItem","position":4,"name":"The Big Challenge &#8211; O Olimp\u00edada de Ingl\u00eas","item":"https:\/\/www.thebigchallenge.com\/br\/home\/professor\/competicao\/"},{"@type":"ListItem","position":5,"name":"Guia Pr\u00e1tico: Organizando a Prova Passo a Passo"}]},{"@type":"WebSite","@id":"https:\/\/www.thebigchallenge.com\/br\/#website","url":"https:\/\/www.thebigchallenge.com\/br\/","name":"BR","description":"","potentialAction":[{"@type":"SearchAction","target":{"@type":"EntryPoint","urlTemplate":"https:\/\/www.thebigchallenge.com\/br\/?s={search_term_string}"},"query-input":"required name=search_term_string"}],"inLanguage":"fr-FR"}]}},"publishpress_future_action":{"enabled":false,"date":"1970-01-01 01:00:00","action":"","terms":[],"taxonomy":"","browser_timezone_offset":0},"_links":{"self":[{"href":"https:\/\/www.thebigchallenge.com\/br\/wp-json\/wp\/v2\/pages\/12775"}],"collection":[{"href":"https:\/\/www.thebigchallenge.com\/br\/wp-json\/wp\/v2\/pages"}],"about":[{"href":"https:\/\/www.thebigchallenge.com\/br\/wp-json\/wp\/v2\/types\/page"}],"author":[{"embeddable":true,"href":"https:\/\/www.thebigchallenge.com\/br\/wp-json\/wp\/v2\/users\/1"}],"replies":[{"embeddable":true,"href":"https:\/\/www.thebigchallenge.com\/br\/wp-json\/wp\/v2\/comments?post=12775"}],"version-history":[{"count":10,"href":"https:\/\/www.thebigchallenge.com\/br\/wp-json\/wp\/v2\/pages\/12775\/revisions"}],"predecessor-version":[{"id":13051,"href":"https:\/\/www.thebigchallenge.com\/br\/wp-json\/wp\/v2\/pages\/12775\/revisions\/13051"}],"up":[{"embeddable":true,"href":"https:\/\/www.thebigchallenge.com\/br\/wp-json\/wp\/v2\/pages\/12774"}],"wp:attachment":[{"href":"https:\/\/www.thebigchallenge.com\/br\/wp-json\/wp\/v2\/media?parent=12775"}],"curies":[{"name":"wp","href":"https:\/\/api.w.org\/{rel}","templated":true}]}}