{"id":12776,"date":"2026-01-13T18:05:12","date_gmt":"2026-01-13T17:05:12","guid":{"rendered":"https:\/\/www.thebigchallenge.com\/br\/?page_id=12776"},"modified":"2026-02-27T16:11:47","modified_gmt":"2026-02-27T15:11:47","slug":"recompensas","status":"publish","type":"page","link":"https:\/\/www.thebigchallenge.com\/br\/home\/professor\/competicao\/recompensas\/","title":{"rendered":"As Recompensas e Pr\u00eamios a ganhar"},"content":{"rendered":"","protected":false},"excerpt":{"rendered":"","protected":false},"author":1,"featured_media":0,"parent":12774,"menu_order":0,"comment_status":"closed","ping_status":"closed","template":"","meta":{"footnotes":""},"acf":{"footer":"teacher"},"yoast_head":"<!-- This site is optimized with the Yoast SEO plugin v21.4 - https:\/\/yoast.com\/wordpress\/plugins\/seo\/ -->\n<title>Recompensas e Pr\u00eamios da Olimp\u00edada de Ingl\u00eas - The Big Challenge<\/title>\n<meta name=\"description\" content=\"Alunos premiados! Descubra a lista de pr\u00eamios: certificados oficiais, medalhas e muito mais!\" \/>\n<meta name=\"robots\" content=\"index, follow, max-snippet:-1, max-image-preview:large, max-video-preview:-1\" \/>\n<link rel=\"canonical\" href=\"https:\/\/www.thebigchallenge.com\/br\/home\/professor\/competicao\/recompensas\/\" \/>\n<meta property=\"og:locale\" content=\"fr_FR\" \/>\n<meta property=\"og:type\" content=\"article\" \/>\n<meta property=\"og:title\" content=\"Recompensas e Pr\u00eamios da Olimp\u00edada de Ingl\u00eas - The Big Challenge\" \/>\n<meta property=\"og:description\" content=\"Alunos premiados! Descubra a lista de pr\u00eamios: certificados oficiais, medalhas e muito mais!\" \/>\n<meta property=\"og:url\" content=\"https:\/\/www.thebigchallenge.com\/br\/home\/professor\/competicao\/recompensas\/\" \/>\n<meta property=\"og:site_name\" content=\"BR\" \/>\n<meta property=\"article:modified_time\" content=\"2026-02-27T15:11:47+00:00\" \/>\n<meta name=\"twitter:card\" content=\"summary_large_image\" \/>\n<script type=\"application\/ld+json\" class=\"yoast-schema-graph\">{\"@context\":\"https:\/\/schema.org\",\"@graph\":[{\"@type\":\"WebPage\",\"@id\":\"https:\/\/www.thebigchallenge.com\/br\/home\/professor\/competicao\/recompensas\/\",\"url\":\"https:\/\/www.thebigchallenge.com\/br\/home\/professor\/competicao\/recompensas\/\",\"name\":\"Recompensas e Pr\u00eamios da Olimp\u00edada de Ingl\u00eas - The Big Challenge\",\"isPartOf\":{\"@id\":\"https:\/\/www.thebigchallenge.com\/br\/#website\"},\"datePublished\":\"2026-01-13T17:05:12+00:00\",\"dateModified\":\"2026-02-27T15:11:47+00:00\",\"description\":\"Alunos premiados! Descubra a lista de pr\u00eamios: certificados oficiais, medalhas e muito mais!\",\"breadcrumb\":{\"@id\":\"https:\/\/www.thebigchallenge.com\/br\/home\/professor\/competicao\/recompensas\/#breadcrumb\"},\"inLanguage\":\"fr-FR\",\"potentialAction\":[{\"@type\":\"ReadAction\",\"target\":[\"https:\/\/www.thebigchallenge.com\/br\/home\/professor\/competicao\/recompensas\/\"]}]},{\"@type\":\"BreadcrumbList\",\"@id\":\"https:\/\/www.thebigchallenge.com\/br\/home\/professor\/competicao\/recompensas\/#breadcrumb\",\"itemListElement\":[{\"@type\":\"ListItem\",\"position\":1,\"name\":\"Accueil\",\"item\":\"https:\/\/www.thebigchallenge.com\/br\/\"},{\"@type\":\"ListItem\",\"position\":2,\"name\":\"Home\",\"item\":\"https:\/\/www.thebigchallenge.com\/br\/\"},{\"@type\":\"ListItem\",\"position\":3,\"name\":\"Professores\",\"item\":\"https:\/\/www.thebigchallenge.com\/br\/home\/professor\/\"},{\"@type\":\"ListItem\",\"position\":4,\"name\":\"The Big Challenge &#8211; O Olimp\u00edada de Ingl\u00eas\",\"item\":\"https:\/\/www.thebigchallenge.com\/br\/home\/professor\/competicao\/\"},{\"@type\":\"ListItem\",\"position\":5,\"name\":\"As Recompensas e Pr\u00eamios a ganhar\"}]},{\"@type\":\"WebSite\",\"@id\":\"https:\/\/www.thebigchallenge.com\/br\/#website\",\"url\":\"https:\/\/www.thebigchallenge.com\/br\/\",\"name\":\"BR\",\"description\":\"\",\"potentialAction\":[{\"@type\":\"SearchAction\",\"target\":{\"@type\":\"EntryPoint\",\"urlTemplate\":\"https:\/\/www.thebigchallenge.com\/br\/?s={search_term_string}\"},\"query-input\":\"required name=search_term_string\"}],\"inLanguage\":\"fr-FR\"}]}<\/script>\n<!-- \/ Yoast SEO plugin. -->","yoast_head_json":{"title":"Recompensas e Pr\u00eamios da Olimp\u00edada de Ingl\u00eas - The Big Challenge","description":"Alunos premiados! Descubra a lista de pr\u00eamios: certificados oficiais, medalhas e muito mais!","robots":{"index":"index","follow":"follow","max-snippet":"max-snippet:-1","max-image-preview":"max-image-preview:large","max-video-preview":"max-video-preview:-1"},"canonical":"https:\/\/www.thebigchallenge.com\/br\/home\/professor\/competicao\/recompensas\/","og_locale":"fr_FR","og_type":"article","og_title":"Recompensas e Pr\u00eamios da Olimp\u00edada de Ingl\u00eas - The Big Challenge","og_description":"Alunos premiados! Descubra a lista de pr\u00eamios: certificados oficiais, medalhas e muito mais!","og_url":"https:\/\/www.thebigchallenge.com\/br\/home\/professor\/competicao\/recompensas\/","og_site_name":"BR","article_modified_time":"2026-02-27T15:11:47+00:00","twitter_card":"summary_large_image","schema":{"@context":"https:\/\/schema.org","@graph":[{"@type":"WebPage","@id":"https:\/\/www.thebigchallenge.com\/br\/home\/professor\/competicao\/recompensas\/","url":"https:\/\/www.thebigchallenge.com\/br\/home\/professor\/competicao\/recompensas\/","name":"Recompensas e Pr\u00eamios da Olimp\u00edada de Ingl\u00eas - The Big Challenge","isPartOf":{"@id":"https:\/\/www.thebigchallenge.com\/br\/#website"},"datePublished":"2026-01-13T17:05:12+00:00","dateModified":"2026-02-27T15:11:47+00:00","description":"Alunos premiados! Descubra a lista de pr\u00eamios: certificados oficiais, medalhas e muito mais!","breadcrumb":{"@id":"https:\/\/www.thebigchallenge.com\/br\/home\/professor\/competicao\/recompensas\/#breadcrumb"},"inLanguage":"fr-FR","potentialAction":[{"@type":"ReadAction","target":["https:\/\/www.thebigchallenge.com\/br\/home\/professor\/competicao\/recompensas\/"]}]},{"@type":"BreadcrumbList","@id":"https:\/\/www.thebigchallenge.com\/br\/home\/professor\/competicao\/recompensas\/#breadcrumb","itemListElement":[{"@type":"ListItem","position":1,"name":"Accueil","item":"https:\/\/www.thebigchallenge.com\/br\/"},{"@type":"ListItem","position":2,"name":"Home","item":"https:\/\/www.thebigchallenge.com\/br\/"},{"@type":"ListItem","position":3,"name":"Professores","item":"https:\/\/www.thebigchallenge.com\/br\/home\/professor\/"},{"@type":"ListItem","position":4,"name":"The Big Challenge &#8211; O Olimp\u00edada de Ingl\u00eas","item":"https:\/\/www.thebigchallenge.com\/br\/home\/professor\/competicao\/"},{"@type":"ListItem","position":5,"name":"As Recompensas e Pr\u00eamios a ganhar"}]},{"@type":"WebSite","@id":"https:\/\/www.thebigchallenge.com\/br\/#website","url":"https:\/\/www.thebigchallenge.com\/br\/","name":"BR","description":"","potentialAction":[{"@type":"SearchAction","target":{"@type":"EntryPoint","urlTemplate":"https:\/\/www.thebigchallenge.com\/br\/?s={search_term_string}"},"query-input":"required name=search_term_string"}],"inLanguage":"fr-FR"}]}},"publishpress_future_action":{"enabled":false,"date":"1970-01-01 01:00:00","action":"","terms":[],"taxonomy":"","browser_timezone_offset":0},"_links":{"self":[{"href":"https:\/\/www.thebigchallenge.com\/br\/wp-json\/wp\/v2\/pages\/12776"}],"collection":[{"href":"https:\/\/www.thebigchallenge.com\/br\/wp-json\/wp\/v2\/pages"}],"about":[{"href":"https:\/\/www.thebigchallenge.com\/br\/wp-json\/wp\/v2\/types\/page"}],"author":[{"embeddable":true,"href":"https:\/\/www.thebigchallenge.com\/br\/wp-json\/wp\/v2\/users\/1"}],"replies":[{"embeddable":true,"href":"https:\/\/www.thebigchallenge.com\/br\/wp-json\/wp\/v2\/comments?post=12776"}],"version-history":[{"count":8,"href":"https:\/\/www.thebigchallenge.com\/br\/wp-json\/wp\/v2\/pages\/12776\/revisions"}],"predecessor-version":[{"id":13045,"href":"https:\/\/www.thebigchallenge.com\/br\/wp-json\/wp\/v2\/pages\/12776\/revisions\/13045"}],"up":[{"embeddable":true,"href":"https:\/\/www.thebigchallenge.com\/br\/wp-json\/wp\/v2\/pages\/12774"}],"wp:attachment":[{"href":"https:\/\/www.thebigchallenge.com\/br\/wp-json\/wp\/v2\/media?parent=12776"}],"curies":[{"name":"wp","href":"https:\/\/api.w.org\/{rel}","templated":true}]}}