{"id":9835,"date":"2019-01-03T16:27:20","date_gmt":"2019-01-03T15:27:20","guid":{"rendered":"https:\/\/www.thebigchallenge.com\/de-bis\/?page_id=9835"},"modified":"2023-08-24T10:44:51","modified_gmt":"2023-08-24T09:44:51","slug":"vu-par-les-participants","status":"publish","type":"page","link":"https:\/\/www.thebigchallenge.com\/de\/student\/comments\/vu-par-les-participants\/","title":{"rendered":"Vu par les participants"},"content":{"rendered":"","protected":false},"excerpt":{"rendered":"","protected":false},"author":1,"featured_media":0,"parent":29,"menu_order":0,"comment_status":"closed","ping_status":"closed","template":"","meta":{"footnotes":""},"acf":{"footer":"student"},"yoast_head":"<!-- This site is optimized with the Yoast SEO plugin v21.4 - https:\/\/yoast.com\/wordpress\/plugins\/seo\/ -->\n<title>Entdecke The Big Challenge<\/title>\n<meta name=\"description\" content=\"The Big Challenge PLAY und ein Englischwettbewerb sorgen das ganze Jahr \u00fcber f\u00fcr Spa\u00df.\" \/>\n<meta name=\"robots\" content=\"index, follow, max-snippet:-1, max-image-preview:large, max-video-preview:-1\" \/>\n<link rel=\"canonical\" href=\"https:\/\/www.thebigchallenge.com\/de\/student\/comments\/vu-par-les-participants\/\" \/>\n<meta property=\"og:locale\" content=\"fr_FR\" \/>\n<meta property=\"og:type\" content=\"article\" \/>\n<meta property=\"og:title\" content=\"Entdecke The Big Challenge\" \/>\n<meta property=\"og:description\" content=\"The Big Challenge PLAY und ein Englischwettbewerb sorgen das ganze Jahr \u00fcber f\u00fcr Spa\u00df.\" \/>\n<meta property=\"og:url\" content=\"https:\/\/www.thebigchallenge.com\/de\/student\/comments\/vu-par-les-participants\/\" \/>\n<meta property=\"og:site_name\" content=\"DE\" \/>\n<meta property=\"article:modified_time\" content=\"2023-08-24T09:44:51+00:00\" \/>\n<meta name=\"twitter:card\" content=\"summary_large_image\" \/>\n<script type=\"application\/ld+json\" class=\"yoast-schema-graph\">{\"@context\":\"https:\/\/schema.org\",\"@graph\":[{\"@type\":\"WebPage\",\"@id\":\"https:\/\/www.thebigchallenge.com\/de\/student\/comments\/vu-par-les-participants\/\",\"url\":\"https:\/\/www.thebigchallenge.com\/de\/student\/comments\/vu-par-les-participants\/\",\"name\":\"Entdecke The Big Challenge\",\"isPartOf\":{\"@id\":\"https:\/\/www.thebigchallenge.com\/de\/#website\"},\"datePublished\":\"2019-01-03T15:27:20+00:00\",\"dateModified\":\"2023-08-24T09:44:51+00:00\",\"description\":\"The Big Challenge PLAY und ein Englischwettbewerb sorgen das ganze Jahr \u00fcber f\u00fcr Spa\u00df.\",\"breadcrumb\":{\"@id\":\"https:\/\/www.thebigchallenge.com\/de\/student\/comments\/vu-par-les-participants\/#breadcrumb\"},\"inLanguage\":\"fr-FR\",\"potentialAction\":[{\"@type\":\"ReadAction\",\"target\":[\"https:\/\/www.thebigchallenge.com\/de\/student\/comments\/vu-par-les-participants\/\"]}]},{\"@type\":\"BreadcrumbList\",\"@id\":\"https:\/\/www.thebigchallenge.com\/de\/student\/comments\/vu-par-les-participants\/#breadcrumb\",\"itemListElement\":[{\"@type\":\"ListItem\",\"position\":1,\"name\":\"Accueil\",\"item\":\"https:\/\/www.thebigchallenge.com\/de\/\"},{\"@type\":\"ListItem\",\"position\":2,\"name\":\"Student\",\"item\":\"https:\/\/www.thebigchallenge.com\/de\/student\/\"},{\"@type\":\"ListItem\",\"position\":3,\"name\":\"Comments\",\"item\":\"https:\/\/www.thebigchallenge.com\/de\/student\/comments\/\"},{\"@type\":\"ListItem\",\"position\":4,\"name\":\"Vu par les participants\"}]},{\"@type\":\"WebSite\",\"@id\":\"https:\/\/www.thebigchallenge.com\/de\/#website\",\"url\":\"https:\/\/www.thebigchallenge.com\/de\/\",\"name\":\"DE\",\"description\":\"The Number One English Contest for Schools\",\"potentialAction\":[{\"@type\":\"SearchAction\",\"target\":{\"@type\":\"EntryPoint\",\"urlTemplate\":\"https:\/\/www.thebigchallenge.com\/de\/?s={search_term_string}\"},\"query-input\":\"required name=search_term_string\"}],\"inLanguage\":\"fr-FR\"}]}<\/script>\n<!-- \/ Yoast SEO plugin. -->","yoast_head_json":{"title":"Entdecke The Big Challenge","description":"The Big Challenge PLAY und ein Englischwettbewerb sorgen das ganze Jahr \u00fcber f\u00fcr Spa\u00df.","robots":{"index":"index","follow":"follow","max-snippet":"max-snippet:-1","max-image-preview":"max-image-preview:large","max-video-preview":"max-video-preview:-1"},"canonical":"https:\/\/www.thebigchallenge.com\/de\/student\/comments\/vu-par-les-participants\/","og_locale":"fr_FR","og_type":"article","og_title":"Entdecke The Big Challenge","og_description":"The Big Challenge PLAY und ein Englischwettbewerb sorgen das ganze Jahr \u00fcber f\u00fcr Spa\u00df.","og_url":"https:\/\/www.thebigchallenge.com\/de\/student\/comments\/vu-par-les-participants\/","og_site_name":"DE","article_modified_time":"2023-08-24T09:44:51+00:00","twitter_card":"summary_large_image","schema":{"@context":"https:\/\/schema.org","@graph":[{"@type":"WebPage","@id":"https:\/\/www.thebigchallenge.com\/de\/student\/comments\/vu-par-les-participants\/","url":"https:\/\/www.thebigchallenge.com\/de\/student\/comments\/vu-par-les-participants\/","name":"Entdecke The Big Challenge","isPartOf":{"@id":"https:\/\/www.thebigchallenge.com\/de\/#website"},"datePublished":"2019-01-03T15:27:20+00:00","dateModified":"2023-08-24T09:44:51+00:00","description":"The Big Challenge PLAY und ein Englischwettbewerb sorgen das ganze Jahr \u00fcber f\u00fcr Spa\u00df.","breadcrumb":{"@id":"https:\/\/www.thebigchallenge.com\/de\/student\/comments\/vu-par-les-participants\/#breadcrumb"},"inLanguage":"fr-FR","potentialAction":[{"@type":"ReadAction","target":["https:\/\/www.thebigchallenge.com\/de\/student\/comments\/vu-par-les-participants\/"]}]},{"@type":"BreadcrumbList","@id":"https:\/\/www.thebigchallenge.com\/de\/student\/comments\/vu-par-les-participants\/#breadcrumb","itemListElement":[{"@type":"ListItem","position":1,"name":"Accueil","item":"https:\/\/www.thebigchallenge.com\/de\/"},{"@type":"ListItem","position":2,"name":"Student","item":"https:\/\/www.thebigchallenge.com\/de\/student\/"},{"@type":"ListItem","position":3,"name":"Comments","item":"https:\/\/www.thebigchallenge.com\/de\/student\/comments\/"},{"@type":"ListItem","position":4,"name":"Vu par les participants"}]},{"@type":"WebSite","@id":"https:\/\/www.thebigchallenge.com\/de\/#website","url":"https:\/\/www.thebigchallenge.com\/de\/","name":"DE","description":"The Number One English Contest for Schools","potentialAction":[{"@type":"SearchAction","target":{"@type":"EntryPoint","urlTemplate":"https:\/\/www.thebigchallenge.com\/de\/?s={search_term_string}"},"query-input":"required name=search_term_string"}],"inLanguage":"fr-FR"}]}},"publishpress_future_action":{"enabled":false,"date":"1970-01-01 01:00:00","action":"","terms":[],"taxonomy":"","browser_timezone_offset":0},"_links":{"self":[{"href":"https:\/\/www.thebigchallenge.com\/de\/wp-json\/wp\/v2\/pages\/9835"}],"collection":[{"href":"https:\/\/www.thebigchallenge.com\/de\/wp-json\/wp\/v2\/pages"}],"about":[{"href":"https:\/\/www.thebigchallenge.com\/de\/wp-json\/wp\/v2\/types\/page"}],"author":[{"embeddable":true,"href":"https:\/\/www.thebigchallenge.com\/de\/wp-json\/wp\/v2\/users\/1"}],"replies":[{"embeddable":true,"href":"https:\/\/www.thebigchallenge.com\/de\/wp-json\/wp\/v2\/comments?post=9835"}],"version-history":[{"count":3,"href":"https:\/\/www.thebigchallenge.com\/de\/wp-json\/wp\/v2\/pages\/9835\/revisions"}],"predecessor-version":[{"id":9857,"href":"https:\/\/www.thebigchallenge.com\/de\/wp-json\/wp\/v2\/pages\/9835\/revisions\/9857"}],"up":[{"embeddable":true,"href":"https:\/\/www.thebigchallenge.com\/de\/wp-json\/wp\/v2\/pages\/29"}],"wp:attachment":[{"href":"https:\/\/www.thebigchallenge.com\/de\/wp-json\/wp\/v2\/media?parent=9835"}],"curies":[{"name":"wp","href":"https:\/\/api.w.org\/{rel}","templated":true}]}}