{"id":13559,"date":"2019-02-27T14:47:05","date_gmt":"2019-02-27T13:47:05","guid":{"rendered":"https:\/\/www.thebigchallenge.com\/es\/?page_id=13559"},"modified":"2025-10-10T08:39:16","modified_gmt":"2025-10-10T07:39:16","slug":"seguridad-de-datos","status":"publish","type":"page","link":"https:\/\/www.thebigchallenge.com\/es\/teacher\/legal\/seguridad-de-datos\/","title":{"rendered":"Seguridad de Datos"},"content":{"rendered":"","protected":false},"excerpt":{"rendered":"","protected":false},"author":1,"featured_media":0,"parent":14697,"menu_order":0,"comment_status":"closed","ping_status":"closed","template":"","meta":{"footnotes":""},"acf":{"footer":"teacher"},"yoast_head":"<!-- This site is optimized with the Yoast SEO plugin v21.4 - https:\/\/yoast.com\/wordpress\/plugins\/seo\/ -->\n<title>Seguridad de los datos en The Big Challenge<\/title>\n<meta name=\"description\" content=\"Descubra c\u00f3mo The Big Challenge garantiza la seguridad de sus datos. Inf\u00f3rmese sobre nuestras medidas de protecci\u00f3n y compromiso con la privacidad.\" \/>\n<meta name=\"robots\" content=\"index, follow, max-snippet:-1, max-image-preview:large, max-video-preview:-1\" \/>\n<link rel=\"canonical\" href=\"https:\/\/www.thebigchallenge.com\/es\/teacher\/legal\/seguridad-de-datos\/\" \/>\n<meta property=\"og:locale\" content=\"fr_FR\" \/>\n<meta property=\"og:type\" content=\"article\" \/>\n<meta property=\"og:title\" content=\"Seguridad de los datos en The Big Challenge\" \/>\n<meta property=\"og:description\" content=\"Descubra c\u00f3mo The Big Challenge garantiza la seguridad de sus datos. Inf\u00f3rmese sobre nuestras medidas de protecci\u00f3n y compromiso con la privacidad.\" \/>\n<meta property=\"og:url\" content=\"https:\/\/www.thebigchallenge.com\/es\/teacher\/legal\/seguridad-de-datos\/\" \/>\n<meta property=\"og:site_name\" content=\"ES\" \/>\n<meta property=\"article:modified_time\" content=\"2025-10-10T07:39:16+00:00\" \/>\n<meta name=\"twitter:card\" content=\"summary_large_image\" \/>\n<script type=\"application\/ld+json\" class=\"yoast-schema-graph\">{\"@context\":\"https:\/\/schema.org\",\"@graph\":[{\"@type\":\"WebPage\",\"@id\":\"https:\/\/www.thebigchallenge.com\/es\/teacher\/legal\/seguridad-de-datos\/\",\"url\":\"https:\/\/www.thebigchallenge.com\/es\/teacher\/legal\/seguridad-de-datos\/\",\"name\":\"Seguridad de los datos en The Big Challenge\",\"isPartOf\":{\"@id\":\"https:\/\/www.thebigchallenge.com\/es\/#website\"},\"datePublished\":\"2019-02-27T13:47:05+00:00\",\"dateModified\":\"2025-10-10T07:39:16+00:00\",\"description\":\"Descubra c\u00f3mo The Big Challenge garantiza la seguridad de sus datos. Inf\u00f3rmese sobre nuestras medidas de protecci\u00f3n y compromiso con la privacidad.\",\"breadcrumb\":{\"@id\":\"https:\/\/www.thebigchallenge.com\/es\/teacher\/legal\/seguridad-de-datos\/#breadcrumb\"},\"inLanguage\":\"fr-FR\",\"potentialAction\":[{\"@type\":\"ReadAction\",\"target\":[\"https:\/\/www.thebigchallenge.com\/es\/teacher\/legal\/seguridad-de-datos\/\"]}]},{\"@type\":\"BreadcrumbList\",\"@id\":\"https:\/\/www.thebigchallenge.com\/es\/teacher\/legal\/seguridad-de-datos\/#breadcrumb\",\"itemListElement\":[{\"@type\":\"ListItem\",\"position\":1,\"name\":\"Accueil\",\"item\":\"https:\/\/www.thebigchallenge.com\/es\/\"},{\"@type\":\"ListItem\",\"position\":2,\"name\":\"Teacher\",\"item\":\"https:\/\/www.thebigchallenge.com\/es\/teacher\/\"},{\"@type\":\"ListItem\",\"position\":3,\"name\":\"Legal\",\"item\":\"https:\/\/www.thebigchallenge.com\/es\/teacher\/legal\/\"},{\"@type\":\"ListItem\",\"position\":4,\"name\":\"Seguridad de Datos\"}]},{\"@type\":\"WebSite\",\"@id\":\"https:\/\/www.thebigchallenge.com\/es\/#website\",\"url\":\"https:\/\/www.thebigchallenge.com\/es\/\",\"name\":\"ES\",\"description\":\"Le Grand Jeu Concours d\u2019Anglais pour tous les El\u00e8ves des Lyc\u00e9es pro. Plus de 500 000 participants chaque ann\u00e9e.\",\"potentialAction\":[{\"@type\":\"SearchAction\",\"target\":{\"@type\":\"EntryPoint\",\"urlTemplate\":\"https:\/\/www.thebigchallenge.com\/es\/?s={search_term_string}\"},\"query-input\":\"required name=search_term_string\"}],\"inLanguage\":\"fr-FR\"}]}<\/script>\n<!-- \/ Yoast SEO plugin. -->","yoast_head_json":{"title":"Seguridad de los datos en The Big Challenge","description":"Descubra c\u00f3mo The Big Challenge garantiza la seguridad de sus datos. Inf\u00f3rmese sobre nuestras medidas de protecci\u00f3n y compromiso con la privacidad.","robots":{"index":"index","follow":"follow","max-snippet":"max-snippet:-1","max-image-preview":"max-image-preview:large","max-video-preview":"max-video-preview:-1"},"canonical":"https:\/\/www.thebigchallenge.com\/es\/teacher\/legal\/seguridad-de-datos\/","og_locale":"fr_FR","og_type":"article","og_title":"Seguridad de los datos en The Big Challenge","og_description":"Descubra c\u00f3mo The Big Challenge garantiza la seguridad de sus datos. Inf\u00f3rmese sobre nuestras medidas de protecci\u00f3n y compromiso con la privacidad.","og_url":"https:\/\/www.thebigchallenge.com\/es\/teacher\/legal\/seguridad-de-datos\/","og_site_name":"ES","article_modified_time":"2025-10-10T07:39:16+00:00","twitter_card":"summary_large_image","schema":{"@context":"https:\/\/schema.org","@graph":[{"@type":"WebPage","@id":"https:\/\/www.thebigchallenge.com\/es\/teacher\/legal\/seguridad-de-datos\/","url":"https:\/\/www.thebigchallenge.com\/es\/teacher\/legal\/seguridad-de-datos\/","name":"Seguridad de los datos en The Big Challenge","isPartOf":{"@id":"https:\/\/www.thebigchallenge.com\/es\/#website"},"datePublished":"2019-02-27T13:47:05+00:00","dateModified":"2025-10-10T07:39:16+00:00","description":"Descubra c\u00f3mo The Big Challenge garantiza la seguridad de sus datos. Inf\u00f3rmese sobre nuestras medidas de protecci\u00f3n y compromiso con la privacidad.","breadcrumb":{"@id":"https:\/\/www.thebigchallenge.com\/es\/teacher\/legal\/seguridad-de-datos\/#breadcrumb"},"inLanguage":"fr-FR","potentialAction":[{"@type":"ReadAction","target":["https:\/\/www.thebigchallenge.com\/es\/teacher\/legal\/seguridad-de-datos\/"]}]},{"@type":"BreadcrumbList","@id":"https:\/\/www.thebigchallenge.com\/es\/teacher\/legal\/seguridad-de-datos\/#breadcrumb","itemListElement":[{"@type":"ListItem","position":1,"name":"Accueil","item":"https:\/\/www.thebigchallenge.com\/es\/"},{"@type":"ListItem","position":2,"name":"Teacher","item":"https:\/\/www.thebigchallenge.com\/es\/teacher\/"},{"@type":"ListItem","position":3,"name":"Legal","item":"https:\/\/www.thebigchallenge.com\/es\/teacher\/legal\/"},{"@type":"ListItem","position":4,"name":"Seguridad de Datos"}]},{"@type":"WebSite","@id":"https:\/\/www.thebigchallenge.com\/es\/#website","url":"https:\/\/www.thebigchallenge.com\/es\/","name":"ES","description":"Le Grand Jeu Concours d\u2019Anglais pour tous les El\u00e8ves des Lyc\u00e9es pro. Plus de 500 000 participants chaque ann\u00e9e.","potentialAction":[{"@type":"SearchAction","target":{"@type":"EntryPoint","urlTemplate":"https:\/\/www.thebigchallenge.com\/es\/?s={search_term_string}"},"query-input":"required name=search_term_string"}],"inLanguage":"fr-FR"}]}},"publishpress_future_action":{"enabled":false,"date":"1970-01-01 01:00:00","action":"","terms":[],"taxonomy":"","browser_timezone_offset":0},"_links":{"self":[{"href":"https:\/\/www.thebigchallenge.com\/es\/wp-json\/wp\/v2\/pages\/13559"}],"collection":[{"href":"https:\/\/www.thebigchallenge.com\/es\/wp-json\/wp\/v2\/pages"}],"about":[{"href":"https:\/\/www.thebigchallenge.com\/es\/wp-json\/wp\/v2\/types\/page"}],"author":[{"embeddable":true,"href":"https:\/\/www.thebigchallenge.com\/es\/wp-json\/wp\/v2\/users\/1"}],"replies":[{"embeddable":true,"href":"https:\/\/www.thebigchallenge.com\/es\/wp-json\/wp\/v2\/comments?post=13559"}],"version-history":[{"count":4,"href":"https:\/\/www.thebigchallenge.com\/es\/wp-json\/wp\/v2\/pages\/13559\/revisions"}],"predecessor-version":[{"id":17040,"href":"https:\/\/www.thebigchallenge.com\/es\/wp-json\/wp\/v2\/pages\/13559\/revisions\/17040"}],"up":[{"embeddable":true,"href":"https:\/\/www.thebigchallenge.com\/es\/wp-json\/wp\/v2\/pages\/14697"}],"wp:attachment":[{"href":"https:\/\/www.thebigchallenge.com\/es\/wp-json\/wp\/v2\/media?parent=13559"}],"curies":[{"name":"wp","href":"https:\/\/api.w.org\/{rel}","templated":true}]}}