{"id":15517,"date":"2022-10-19T10:00:56","date_gmt":"2022-10-19T09:00:56","guid":{"rendered":"https:\/\/www.thebigchallenge.com\/es\/?page_id=15517"},"modified":"2024-12-05T12:41:09","modified_gmt":"2024-12-05T11:41:09","slug":"politica-de-confidencialidad-alumno-play","status":"publish","type":"page","link":"https:\/\/www.thebigchallenge.com\/es\/teacher\/legal\/politica-confidencialidad-general\/politica-de-confidencialidad-alumno-play\/","title":{"rendered":"Politique de confidentialit\u00e9 \u00e9l\u00e8ve &#8211; Play"},"content":{"rendered":"","protected":false},"excerpt":{"rendered":"","protected":false},"author":1,"featured_media":0,"parent":2510,"menu_order":0,"comment_status":"closed","ping_status":"closed","template":"","meta":{"footnotes":""},"acf":{"footer":"teacher"},"yoast_head":"<!-- This site is optimized with the Yoast SEO plugin v21.4 - https:\/\/yoast.com\/wordpress\/plugins\/seo\/ -->\n<title>Pol\u00edtica de confidencialidad para alumnos de The Big Challenge PLAY<\/title>\n<meta name=\"description\" content=\"Inf\u00f3rmese sobre la pol\u00edtica de confidencialidad para alumnos en la aplicaci\u00f3n PLAY de The Big Challenge. Descubra c\u00f3mo protegemos sus datos. Consulte aqu\u00ed.\" \/>\n<meta name=\"robots\" content=\"index, follow, max-snippet:-1, max-image-preview:large, max-video-preview:-1\" \/>\n<link rel=\"canonical\" href=\"https:\/\/www.thebigchallenge.com\/es\/teacher\/legal\/politica-confidencialidad-general\/politica-de-confidencialidad-alumno-play\/\" \/>\n<meta property=\"og:locale\" content=\"fr_FR\" \/>\n<meta property=\"og:type\" content=\"article\" \/>\n<meta property=\"og:title\" content=\"Pol\u00edtica de confidencialidad para alumnos de The Big Challenge PLAY\" \/>\n<meta property=\"og:description\" content=\"Inf\u00f3rmese sobre la pol\u00edtica de confidencialidad para alumnos en la aplicaci\u00f3n PLAY de The Big Challenge. Descubra c\u00f3mo protegemos sus datos. Consulte aqu\u00ed.\" \/>\n<meta property=\"og:url\" content=\"https:\/\/www.thebigchallenge.com\/es\/teacher\/legal\/politica-confidencialidad-general\/politica-de-confidencialidad-alumno-play\/\" \/>\n<meta property=\"og:site_name\" content=\"ES\" \/>\n<meta property=\"article:modified_time\" content=\"2024-12-05T11:41:09+00:00\" \/>\n<meta name=\"twitter:card\" content=\"summary_large_image\" \/>\n<script type=\"application\/ld+json\" class=\"yoast-schema-graph\">{\"@context\":\"https:\/\/schema.org\",\"@graph\":[{\"@type\":\"WebPage\",\"@id\":\"https:\/\/www.thebigchallenge.com\/es\/teacher\/legal\/politica-confidencialidad-general\/politica-de-confidencialidad-alumno-play\/\",\"url\":\"https:\/\/www.thebigchallenge.com\/es\/teacher\/legal\/politica-confidencialidad-general\/politica-de-confidencialidad-alumno-play\/\",\"name\":\"Pol\u00edtica de confidencialidad para alumnos de The Big Challenge PLAY\",\"isPartOf\":{\"@id\":\"https:\/\/www.thebigchallenge.com\/es\/#website\"},\"datePublished\":\"2022-10-19T09:00:56+00:00\",\"dateModified\":\"2024-12-05T11:41:09+00:00\",\"description\":\"Inf\u00f3rmese sobre la pol\u00edtica de confidencialidad para alumnos en la aplicaci\u00f3n PLAY de The Big Challenge. Descubra c\u00f3mo protegemos sus datos. Consulte aqu\u00ed.\",\"breadcrumb\":{\"@id\":\"https:\/\/www.thebigchallenge.com\/es\/teacher\/legal\/politica-confidencialidad-general\/politica-de-confidencialidad-alumno-play\/#breadcrumb\"},\"inLanguage\":\"fr-FR\",\"potentialAction\":[{\"@type\":\"ReadAction\",\"target\":[\"https:\/\/www.thebigchallenge.com\/es\/teacher\/legal\/politica-confidencialidad-general\/politica-de-confidencialidad-alumno-play\/\"]}]},{\"@type\":\"BreadcrumbList\",\"@id\":\"https:\/\/www.thebigchallenge.com\/es\/teacher\/legal\/politica-confidencialidad-general\/politica-de-confidencialidad-alumno-play\/#breadcrumb\",\"itemListElement\":[{\"@type\":\"ListItem\",\"position\":1,\"name\":\"Accueil\",\"item\":\"https:\/\/www.thebigchallenge.com\/es\/\"},{\"@type\":\"ListItem\",\"position\":2,\"name\":\"Teacher\",\"item\":\"https:\/\/www.thebigchallenge.com\/es\/teacher\/\"},{\"@type\":\"ListItem\",\"position\":3,\"name\":\"Legal\",\"item\":\"https:\/\/www.thebigchallenge.com\/es\/teacher\/legal\/\"},{\"@type\":\"ListItem\",\"position\":4,\"name\":\"Politique de confidentialit\u00e9 g\u00e9n\u00e9rale\",\"item\":\"https:\/\/www.thebigchallenge.com\/es\/teacher\/legal\/politica-confidencialidad-general\/\"},{\"@type\":\"ListItem\",\"position\":5,\"name\":\"Politique de confidentialit\u00e9 \u00e9l\u00e8ve &#8211; Play\"}]},{\"@type\":\"WebSite\",\"@id\":\"https:\/\/www.thebigchallenge.com\/es\/#website\",\"url\":\"https:\/\/www.thebigchallenge.com\/es\/\",\"name\":\"ES\",\"description\":\"Le Grand Jeu Concours d\u2019Anglais pour tous les El\u00e8ves des Lyc\u00e9es pro. Plus de 500 000 participants chaque ann\u00e9e.\",\"potentialAction\":[{\"@type\":\"SearchAction\",\"target\":{\"@type\":\"EntryPoint\",\"urlTemplate\":\"https:\/\/www.thebigchallenge.com\/es\/?s={search_term_string}\"},\"query-input\":\"required name=search_term_string\"}],\"inLanguage\":\"fr-FR\"}]}<\/script>\n<!-- \/ Yoast SEO plugin. -->","yoast_head_json":{"title":"Pol\u00edtica de confidencialidad para alumnos de The Big Challenge PLAY","description":"Inf\u00f3rmese sobre la pol\u00edtica de confidencialidad para alumnos en la aplicaci\u00f3n PLAY de The Big Challenge. Descubra c\u00f3mo protegemos sus datos. Consulte aqu\u00ed.","robots":{"index":"index","follow":"follow","max-snippet":"max-snippet:-1","max-image-preview":"max-image-preview:large","max-video-preview":"max-video-preview:-1"},"canonical":"https:\/\/www.thebigchallenge.com\/es\/teacher\/legal\/politica-confidencialidad-general\/politica-de-confidencialidad-alumno-play\/","og_locale":"fr_FR","og_type":"article","og_title":"Pol\u00edtica de confidencialidad para alumnos de The Big Challenge PLAY","og_description":"Inf\u00f3rmese sobre la pol\u00edtica de confidencialidad para alumnos en la aplicaci\u00f3n PLAY de The Big Challenge. Descubra c\u00f3mo protegemos sus datos. Consulte aqu\u00ed.","og_url":"https:\/\/www.thebigchallenge.com\/es\/teacher\/legal\/politica-confidencialidad-general\/politica-de-confidencialidad-alumno-play\/","og_site_name":"ES","article_modified_time":"2024-12-05T11:41:09+00:00","twitter_card":"summary_large_image","schema":{"@context":"https:\/\/schema.org","@graph":[{"@type":"WebPage","@id":"https:\/\/www.thebigchallenge.com\/es\/teacher\/legal\/politica-confidencialidad-general\/politica-de-confidencialidad-alumno-play\/","url":"https:\/\/www.thebigchallenge.com\/es\/teacher\/legal\/politica-confidencialidad-general\/politica-de-confidencialidad-alumno-play\/","name":"Pol\u00edtica de confidencialidad para alumnos de The Big Challenge PLAY","isPartOf":{"@id":"https:\/\/www.thebigchallenge.com\/es\/#website"},"datePublished":"2022-10-19T09:00:56+00:00","dateModified":"2024-12-05T11:41:09+00:00","description":"Inf\u00f3rmese sobre la pol\u00edtica de confidencialidad para alumnos en la aplicaci\u00f3n PLAY de The Big Challenge. Descubra c\u00f3mo protegemos sus datos. Consulte aqu\u00ed.","breadcrumb":{"@id":"https:\/\/www.thebigchallenge.com\/es\/teacher\/legal\/politica-confidencialidad-general\/politica-de-confidencialidad-alumno-play\/#breadcrumb"},"inLanguage":"fr-FR","potentialAction":[{"@type":"ReadAction","target":["https:\/\/www.thebigchallenge.com\/es\/teacher\/legal\/politica-confidencialidad-general\/politica-de-confidencialidad-alumno-play\/"]}]},{"@type":"BreadcrumbList","@id":"https:\/\/www.thebigchallenge.com\/es\/teacher\/legal\/politica-confidencialidad-general\/politica-de-confidencialidad-alumno-play\/#breadcrumb","itemListElement":[{"@type":"ListItem","position":1,"name":"Accueil","item":"https:\/\/www.thebigchallenge.com\/es\/"},{"@type":"ListItem","position":2,"name":"Teacher","item":"https:\/\/www.thebigchallenge.com\/es\/teacher\/"},{"@type":"ListItem","position":3,"name":"Legal","item":"https:\/\/www.thebigchallenge.com\/es\/teacher\/legal\/"},{"@type":"ListItem","position":4,"name":"Politique de confidentialit\u00e9 g\u00e9n\u00e9rale","item":"https:\/\/www.thebigchallenge.com\/es\/teacher\/legal\/politica-confidencialidad-general\/"},{"@type":"ListItem","position":5,"name":"Politique de confidentialit\u00e9 \u00e9l\u00e8ve &#8211; Play"}]},{"@type":"WebSite","@id":"https:\/\/www.thebigchallenge.com\/es\/#website","url":"https:\/\/www.thebigchallenge.com\/es\/","name":"ES","description":"Le Grand Jeu Concours d\u2019Anglais pour tous les El\u00e8ves des Lyc\u00e9es pro. Plus de 500 000 participants chaque ann\u00e9e.","potentialAction":[{"@type":"SearchAction","target":{"@type":"EntryPoint","urlTemplate":"https:\/\/www.thebigchallenge.com\/es\/?s={search_term_string}"},"query-input":"required name=search_term_string"}],"inLanguage":"fr-FR"}]}},"publishpress_future_action":{"enabled":false,"date":"1970-01-01 01:00:00","action":"","terms":[],"taxonomy":"","browser_timezone_offset":0},"_links":{"self":[{"href":"https:\/\/www.thebigchallenge.com\/es\/wp-json\/wp\/v2\/pages\/15517"}],"collection":[{"href":"https:\/\/www.thebigchallenge.com\/es\/wp-json\/wp\/v2\/pages"}],"about":[{"href":"https:\/\/www.thebigchallenge.com\/es\/wp-json\/wp\/v2\/types\/page"}],"author":[{"embeddable":true,"href":"https:\/\/www.thebigchallenge.com\/es\/wp-json\/wp\/v2\/users\/1"}],"replies":[{"embeddable":true,"href":"https:\/\/www.thebigchallenge.com\/es\/wp-json\/wp\/v2\/comments?post=15517"}],"version-history":[{"count":3,"href":"https:\/\/www.thebigchallenge.com\/es\/wp-json\/wp\/v2\/pages\/15517\/revisions"}],"predecessor-version":[{"id":16970,"href":"https:\/\/www.thebigchallenge.com\/es\/wp-json\/wp\/v2\/pages\/15517\/revisions\/16970"}],"up":[{"embeddable":true,"href":"https:\/\/www.thebigchallenge.com\/es\/wp-json\/wp\/v2\/pages\/2510"}],"wp:attachment":[{"href":"https:\/\/www.thebigchallenge.com\/es\/wp-json\/wp\/v2\/media?parent=15517"}],"curies":[{"name":"wp","href":"https:\/\/api.w.org\/{rel}","templated":true}]}}