{"id":15620,"date":"2023-01-13T13:12:33","date_gmt":"2023-01-13T12:12:33","guid":{"rendered":"https:\/\/www.thebigchallenge.com\/es\/?page_id=15620"},"modified":"2024-12-06T10:45:38","modified_gmt":"2024-12-06T09:45:38","slug":"demo-formato-flexible","status":"publish","type":"page","link":"https:\/\/www.thebigchallenge.com\/es\/teacher\/contest\/contenido\/demo-intro\/demo-formato-flexible\/","title":{"rendered":"Demo &#8211; formato flexible"},"content":{"rendered":"","protected":false},"excerpt":{"rendered":"","protected":false},"author":1,"featured_media":0,"parent":14034,"menu_order":0,"comment_status":"closed","ping_status":"closed","template":"","meta":{"footnotes":""},"acf":{"footer":"teacher"},"yoast_head":"<!-- This site is optimized with the Yoast SEO plugin v21.4 - https:\/\/yoast.com\/wordpress\/plugins\/seo\/ -->\n<title>Descubra el formato flexible del concurso The Big Challenge<\/title>\n<meta name=\"description\" content=\"The Big Challenge ofrece un formato flexible que se adapta a las necesidades de cada centro. Descubra c\u00f3mo organizar el concurso de forma sencilla y efectiva.\" \/>\n<meta name=\"robots\" content=\"index, follow, max-snippet:-1, max-image-preview:large, max-video-preview:-1\" \/>\n<link rel=\"canonical\" href=\"https:\/\/www.thebigchallenge.com\/es\/teacher\/contest\/contenido\/demo-intro\/demo-formato-flexible\/\" \/>\n<meta property=\"og:locale\" content=\"fr_FR\" \/>\n<meta property=\"og:type\" content=\"article\" \/>\n<meta property=\"og:title\" content=\"Descubra el formato flexible del concurso The Big Challenge\" \/>\n<meta property=\"og:description\" content=\"The Big Challenge ofrece un formato flexible que se adapta a las necesidades de cada centro. Descubra c\u00f3mo organizar el concurso de forma sencilla y efectiva.\" \/>\n<meta property=\"og:url\" content=\"https:\/\/www.thebigchallenge.com\/es\/teacher\/contest\/contenido\/demo-intro\/demo-formato-flexible\/\" \/>\n<meta property=\"og:site_name\" content=\"ES\" \/>\n<meta property=\"article:modified_time\" content=\"2024-12-06T09:45:38+00:00\" \/>\n<meta name=\"twitter:card\" content=\"summary_large_image\" \/>\n<script type=\"application\/ld+json\" class=\"yoast-schema-graph\">{\"@context\":\"https:\/\/schema.org\",\"@graph\":[{\"@type\":\"WebPage\",\"@id\":\"https:\/\/www.thebigchallenge.com\/es\/teacher\/contest\/contenido\/demo-intro\/demo-formato-flexible\/\",\"url\":\"https:\/\/www.thebigchallenge.com\/es\/teacher\/contest\/contenido\/demo-intro\/demo-formato-flexible\/\",\"name\":\"Descubra el formato flexible del concurso The Big Challenge\",\"isPartOf\":{\"@id\":\"https:\/\/www.thebigchallenge.com\/es\/#website\"},\"datePublished\":\"2023-01-13T12:12:33+00:00\",\"dateModified\":\"2024-12-06T09:45:38+00:00\",\"description\":\"The Big Challenge ofrece un formato flexible que se adapta a las necesidades de cada centro. Descubra c\u00f3mo organizar el concurso de forma sencilla y efectiva.\",\"breadcrumb\":{\"@id\":\"https:\/\/www.thebigchallenge.com\/es\/teacher\/contest\/contenido\/demo-intro\/demo-formato-flexible\/#breadcrumb\"},\"inLanguage\":\"fr-FR\",\"potentialAction\":[{\"@type\":\"ReadAction\",\"target\":[\"https:\/\/www.thebigchallenge.com\/es\/teacher\/contest\/contenido\/demo-intro\/demo-formato-flexible\/\"]}]},{\"@type\":\"BreadcrumbList\",\"@id\":\"https:\/\/www.thebigchallenge.com\/es\/teacher\/contest\/contenido\/demo-intro\/demo-formato-flexible\/#breadcrumb\",\"itemListElement\":[{\"@type\":\"ListItem\",\"position\":1,\"name\":\"Accueil\",\"item\":\"https:\/\/www.thebigchallenge.com\/es\/\"},{\"@type\":\"ListItem\",\"position\":2,\"name\":\"Teacher\",\"item\":\"https:\/\/www.thebigchallenge.com\/es\/teacher\/\"},{\"@type\":\"ListItem\",\"position\":3,\"name\":\"Contest\",\"item\":\"https:\/\/www.thebigchallenge.com\/es\/teacher\/contest\/\"},{\"@type\":\"ListItem\",\"position\":4,\"name\":\"Contenu concours\",\"item\":\"https:\/\/www.thebigchallenge.com\/es\/teacher\/contest\/contenido\/\"},{\"@type\":\"ListItem\",\"position\":5,\"name\":\"Demos &#8211; intro\",\"item\":\"https:\/\/www.thebigchallenge.com\/es\/teacher\/contest\/contenido\/demo-intro\/\"},{\"@type\":\"ListItem\",\"position\":6,\"name\":\"Demo &#8211; formato flexible\"}]},{\"@type\":\"WebSite\",\"@id\":\"https:\/\/www.thebigchallenge.com\/es\/#website\",\"url\":\"https:\/\/www.thebigchallenge.com\/es\/\",\"name\":\"ES\",\"description\":\"Le Grand Jeu Concours d\u2019Anglais pour tous les El\u00e8ves des Lyc\u00e9es pro. Plus de 500 000 participants chaque ann\u00e9e.\",\"potentialAction\":[{\"@type\":\"SearchAction\",\"target\":{\"@type\":\"EntryPoint\",\"urlTemplate\":\"https:\/\/www.thebigchallenge.com\/es\/?s={search_term_string}\"},\"query-input\":\"required name=search_term_string\"}],\"inLanguage\":\"fr-FR\"}]}<\/script>\n<!-- \/ Yoast SEO plugin. -->","yoast_head_json":{"title":"Descubra el formato flexible del concurso The Big Challenge","description":"The Big Challenge ofrece un formato flexible que se adapta a las necesidades de cada centro. Descubra c\u00f3mo organizar el concurso de forma sencilla y efectiva.","robots":{"index":"index","follow":"follow","max-snippet":"max-snippet:-1","max-image-preview":"max-image-preview:large","max-video-preview":"max-video-preview:-1"},"canonical":"https:\/\/www.thebigchallenge.com\/es\/teacher\/contest\/contenido\/demo-intro\/demo-formato-flexible\/","og_locale":"fr_FR","og_type":"article","og_title":"Descubra el formato flexible del concurso The Big Challenge","og_description":"The Big Challenge ofrece un formato flexible que se adapta a las necesidades de cada centro. Descubra c\u00f3mo organizar el concurso de forma sencilla y efectiva.","og_url":"https:\/\/www.thebigchallenge.com\/es\/teacher\/contest\/contenido\/demo-intro\/demo-formato-flexible\/","og_site_name":"ES","article_modified_time":"2024-12-06T09:45:38+00:00","twitter_card":"summary_large_image","schema":{"@context":"https:\/\/schema.org","@graph":[{"@type":"WebPage","@id":"https:\/\/www.thebigchallenge.com\/es\/teacher\/contest\/contenido\/demo-intro\/demo-formato-flexible\/","url":"https:\/\/www.thebigchallenge.com\/es\/teacher\/contest\/contenido\/demo-intro\/demo-formato-flexible\/","name":"Descubra el formato flexible del concurso The Big Challenge","isPartOf":{"@id":"https:\/\/www.thebigchallenge.com\/es\/#website"},"datePublished":"2023-01-13T12:12:33+00:00","dateModified":"2024-12-06T09:45:38+00:00","description":"The Big Challenge ofrece un formato flexible que se adapta a las necesidades de cada centro. Descubra c\u00f3mo organizar el concurso de forma sencilla y efectiva.","breadcrumb":{"@id":"https:\/\/www.thebigchallenge.com\/es\/teacher\/contest\/contenido\/demo-intro\/demo-formato-flexible\/#breadcrumb"},"inLanguage":"fr-FR","potentialAction":[{"@type":"ReadAction","target":["https:\/\/www.thebigchallenge.com\/es\/teacher\/contest\/contenido\/demo-intro\/demo-formato-flexible\/"]}]},{"@type":"BreadcrumbList","@id":"https:\/\/www.thebigchallenge.com\/es\/teacher\/contest\/contenido\/demo-intro\/demo-formato-flexible\/#breadcrumb","itemListElement":[{"@type":"ListItem","position":1,"name":"Accueil","item":"https:\/\/www.thebigchallenge.com\/es\/"},{"@type":"ListItem","position":2,"name":"Teacher","item":"https:\/\/www.thebigchallenge.com\/es\/teacher\/"},{"@type":"ListItem","position":3,"name":"Contest","item":"https:\/\/www.thebigchallenge.com\/es\/teacher\/contest\/"},{"@type":"ListItem","position":4,"name":"Contenu concours","item":"https:\/\/www.thebigchallenge.com\/es\/teacher\/contest\/contenido\/"},{"@type":"ListItem","position":5,"name":"Demos &#8211; intro","item":"https:\/\/www.thebigchallenge.com\/es\/teacher\/contest\/contenido\/demo-intro\/"},{"@type":"ListItem","position":6,"name":"Demo &#8211; formato flexible"}]},{"@type":"WebSite","@id":"https:\/\/www.thebigchallenge.com\/es\/#website","url":"https:\/\/www.thebigchallenge.com\/es\/","name":"ES","description":"Le Grand Jeu Concours d\u2019Anglais pour tous les El\u00e8ves des Lyc\u00e9es pro. Plus de 500 000 participants chaque ann\u00e9e.","potentialAction":[{"@type":"SearchAction","target":{"@type":"EntryPoint","urlTemplate":"https:\/\/www.thebigchallenge.com\/es\/?s={search_term_string}"},"query-input":"required name=search_term_string"}],"inLanguage":"fr-FR"}]}},"publishpress_future_action":{"enabled":false,"date":"1970-01-01 01:00:00","action":"","terms":[],"taxonomy":"","browser_timezone_offset":0},"_links":{"self":[{"href":"https:\/\/www.thebigchallenge.com\/es\/wp-json\/wp\/v2\/pages\/15620"}],"collection":[{"href":"https:\/\/www.thebigchallenge.com\/es\/wp-json\/wp\/v2\/pages"}],"about":[{"href":"https:\/\/www.thebigchallenge.com\/es\/wp-json\/wp\/v2\/types\/page"}],"author":[{"embeddable":true,"href":"https:\/\/www.thebigchallenge.com\/es\/wp-json\/wp\/v2\/users\/1"}],"replies":[{"embeddable":true,"href":"https:\/\/www.thebigchallenge.com\/es\/wp-json\/wp\/v2\/comments?post=15620"}],"version-history":[{"count":4,"href":"https:\/\/www.thebigchallenge.com\/es\/wp-json\/wp\/v2\/pages\/15620\/revisions"}],"predecessor-version":[{"id":17044,"href":"https:\/\/www.thebigchallenge.com\/es\/wp-json\/wp\/v2\/pages\/15620\/revisions\/17044"}],"up":[{"embeddable":true,"href":"https:\/\/www.thebigchallenge.com\/es\/wp-json\/wp\/v2\/pages\/14034"}],"wp:attachment":[{"href":"https:\/\/www.thebigchallenge.com\/es\/wp-json\/wp\/v2\/media?parent=15620"}],"curies":[{"name":"wp","href":"https:\/\/api.w.org\/{rel}","templated":true}]}}