{"id":15970,"date":"2023-07-05T11:38:30","date_gmt":"2023-07-05T10:38:30","guid":{"rendered":"https:\/\/www.thebigchallenge.com\/es\/?page_id=15970"},"modified":"2024-12-04T12:40:06","modified_gmt":"2024-12-04T11:40:06","slug":"seguimiento-del-progreso","status":"publish","type":"page","link":"https:\/\/www.thebigchallenge.com\/es\/teacher\/seguimiento-del-progreso\/","title":{"rendered":"Seguimiento del progreso"},"content":{"rendered":"","protected":false},"excerpt":{"rendered":"","protected":false},"author":1,"featured_media":0,"parent":16680,"menu_order":0,"comment_status":"closed","ping_status":"closed","template":"","meta":{"footnotes":""},"acf":{"footer":"teacher"},"yoast_head":"<!-- This site is optimized with the Yoast SEO plugin v21.4 - https:\/\/yoast.com\/wordpress\/plugins\/seo\/ -->\n<title>Monitorice los avances en ingl\u00e9s de sus alumnos f\u00e1cilmente<\/title>\n<meta name=\"description\" content=\"Con The Big Challenge, realice un seguimiento detallado del progreso de sus alumnos en ingl\u00e9s. Herramientas pr\u00e1cticas para evaluar y motivar a su clase.\" \/>\n<meta name=\"robots\" content=\"index, follow, max-snippet:-1, max-image-preview:large, max-video-preview:-1\" \/>\n<link rel=\"canonical\" href=\"https:\/\/www.thebigchallenge.com\/es\/teacher\/actividades-de-clase__trashed\/seguimiento-del-progreso\/\" \/>\n<meta property=\"og:locale\" content=\"fr_FR\" \/>\n<meta property=\"og:type\" content=\"article\" \/>\n<meta property=\"og:title\" content=\"Monitorice los avances en ingl\u00e9s de sus alumnos f\u00e1cilmente\" \/>\n<meta property=\"og:description\" content=\"Con The Big Challenge, realice un seguimiento detallado del progreso de sus alumnos en ingl\u00e9s. Herramientas pr\u00e1cticas para evaluar y motivar a su clase.\" \/>\n<meta property=\"og:url\" content=\"https:\/\/www.thebigchallenge.com\/es\/teacher\/actividades-de-clase__trashed\/seguimiento-del-progreso\/\" \/>\n<meta property=\"og:site_name\" content=\"ES\" \/>\n<meta property=\"article:modified_time\" content=\"2024-12-04T11:40:06+00:00\" \/>\n<meta name=\"twitter:card\" content=\"summary_large_image\" \/>\n<script type=\"application\/ld+json\" class=\"yoast-schema-graph\">{\"@context\":\"https:\/\/schema.org\",\"@graph\":[{\"@type\":\"WebPage\",\"@id\":\"https:\/\/www.thebigchallenge.com\/es\/teacher\/actividades-de-clase__trashed\/seguimiento-del-progreso\/\",\"url\":\"https:\/\/www.thebigchallenge.com\/es\/teacher\/actividades-de-clase__trashed\/seguimiento-del-progreso\/\",\"name\":\"Monitorice los avances en ingl\u00e9s de sus alumnos f\u00e1cilmente\",\"isPartOf\":{\"@id\":\"https:\/\/www.thebigchallenge.com\/es\/#website\"},\"datePublished\":\"2023-07-05T10:38:30+00:00\",\"dateModified\":\"2024-12-04T11:40:06+00:00\",\"description\":\"Con The Big Challenge, realice un seguimiento detallado del progreso de sus alumnos en ingl\u00e9s. Herramientas pr\u00e1cticas para evaluar y motivar a su clase.\",\"breadcrumb\":{\"@id\":\"https:\/\/www.thebigchallenge.com\/es\/teacher\/actividades-de-clase__trashed\/seguimiento-del-progreso\/#breadcrumb\"},\"inLanguage\":\"fr-FR\",\"potentialAction\":[{\"@type\":\"ReadAction\",\"target\":[\"https:\/\/www.thebigchallenge.com\/es\/teacher\/actividades-de-clase__trashed\/seguimiento-del-progreso\/\"]}]},{\"@type\":\"BreadcrumbList\",\"@id\":\"https:\/\/www.thebigchallenge.com\/es\/teacher\/actividades-de-clase__trashed\/seguimiento-del-progreso\/#breadcrumb\",\"itemListElement\":[{\"@type\":\"ListItem\",\"position\":1,\"name\":\"Accueil\",\"item\":\"https:\/\/www.thebigchallenge.com\/es\/\"},{\"@type\":\"ListItem\",\"position\":2,\"name\":\"Teacher\",\"item\":\"https:\/\/www.thebigchallenge.com\/es\/teacher\/\"},{\"@type\":\"ListItem\",\"position\":3,\"name\":\"Seguimiento del progreso\"}]},{\"@type\":\"WebSite\",\"@id\":\"https:\/\/www.thebigchallenge.com\/es\/#website\",\"url\":\"https:\/\/www.thebigchallenge.com\/es\/\",\"name\":\"ES\",\"description\":\"Le Grand Jeu Concours d\u2019Anglais pour tous les El\u00e8ves des Lyc\u00e9es pro. Plus de 500 000 participants chaque ann\u00e9e.\",\"potentialAction\":[{\"@type\":\"SearchAction\",\"target\":{\"@type\":\"EntryPoint\",\"urlTemplate\":\"https:\/\/www.thebigchallenge.com\/es\/?s={search_term_string}\"},\"query-input\":\"required name=search_term_string\"}],\"inLanguage\":\"fr-FR\"}]}<\/script>\n<!-- \/ Yoast SEO plugin. -->","yoast_head_json":{"title":"Monitorice los avances en ingl\u00e9s de sus alumnos f\u00e1cilmente","description":"Con The Big Challenge, realice un seguimiento detallado del progreso de sus alumnos en ingl\u00e9s. Herramientas pr\u00e1cticas para evaluar y motivar a su clase.","robots":{"index":"index","follow":"follow","max-snippet":"max-snippet:-1","max-image-preview":"max-image-preview:large","max-video-preview":"max-video-preview:-1"},"canonical":"https:\/\/www.thebigchallenge.com\/es\/teacher\/actividades-de-clase__trashed\/seguimiento-del-progreso\/","og_locale":"fr_FR","og_type":"article","og_title":"Monitorice los avances en ingl\u00e9s de sus alumnos f\u00e1cilmente","og_description":"Con The Big Challenge, realice un seguimiento detallado del progreso de sus alumnos en ingl\u00e9s. Herramientas pr\u00e1cticas para evaluar y motivar a su clase.","og_url":"https:\/\/www.thebigchallenge.com\/es\/teacher\/actividades-de-clase__trashed\/seguimiento-del-progreso\/","og_site_name":"ES","article_modified_time":"2024-12-04T11:40:06+00:00","twitter_card":"summary_large_image","schema":{"@context":"https:\/\/schema.org","@graph":[{"@type":"WebPage","@id":"https:\/\/www.thebigchallenge.com\/es\/teacher\/actividades-de-clase__trashed\/seguimiento-del-progreso\/","url":"https:\/\/www.thebigchallenge.com\/es\/teacher\/actividades-de-clase__trashed\/seguimiento-del-progreso\/","name":"Monitorice los avances en ingl\u00e9s de sus alumnos f\u00e1cilmente","isPartOf":{"@id":"https:\/\/www.thebigchallenge.com\/es\/#website"},"datePublished":"2023-07-05T10:38:30+00:00","dateModified":"2024-12-04T11:40:06+00:00","description":"Con The Big Challenge, realice un seguimiento detallado del progreso de sus alumnos en ingl\u00e9s. Herramientas pr\u00e1cticas para evaluar y motivar a su clase.","breadcrumb":{"@id":"https:\/\/www.thebigchallenge.com\/es\/teacher\/actividades-de-clase__trashed\/seguimiento-del-progreso\/#breadcrumb"},"inLanguage":"fr-FR","potentialAction":[{"@type":"ReadAction","target":["https:\/\/www.thebigchallenge.com\/es\/teacher\/actividades-de-clase__trashed\/seguimiento-del-progreso\/"]}]},{"@type":"BreadcrumbList","@id":"https:\/\/www.thebigchallenge.com\/es\/teacher\/actividades-de-clase__trashed\/seguimiento-del-progreso\/#breadcrumb","itemListElement":[{"@type":"ListItem","position":1,"name":"Accueil","item":"https:\/\/www.thebigchallenge.com\/es\/"},{"@type":"ListItem","position":2,"name":"Teacher","item":"https:\/\/www.thebigchallenge.com\/es\/teacher\/"},{"@type":"ListItem","position":3,"name":"Seguimiento del progreso"}]},{"@type":"WebSite","@id":"https:\/\/www.thebigchallenge.com\/es\/#website","url":"https:\/\/www.thebigchallenge.com\/es\/","name":"ES","description":"Le Grand Jeu Concours d\u2019Anglais pour tous les El\u00e8ves des Lyc\u00e9es pro. Plus de 500 000 participants chaque ann\u00e9e.","potentialAction":[{"@type":"SearchAction","target":{"@type":"EntryPoint","urlTemplate":"https:\/\/www.thebigchallenge.com\/es\/?s={search_term_string}"},"query-input":"required name=search_term_string"}],"inLanguage":"fr-FR"}]}},"publishpress_future_action":{"enabled":false,"date":"1970-01-01 01:00:00","action":"","terms":[],"taxonomy":"","browser_timezone_offset":0},"_links":{"self":[{"href":"https:\/\/www.thebigchallenge.com\/es\/wp-json\/wp\/v2\/pages\/15970"}],"collection":[{"href":"https:\/\/www.thebigchallenge.com\/es\/wp-json\/wp\/v2\/pages"}],"about":[{"href":"https:\/\/www.thebigchallenge.com\/es\/wp-json\/wp\/v2\/types\/page"}],"author":[{"embeddable":true,"href":"https:\/\/www.thebigchallenge.com\/es\/wp-json\/wp\/v2\/users\/1"}],"replies":[{"embeddable":true,"href":"https:\/\/www.thebigchallenge.com\/es\/wp-json\/wp\/v2\/comments?post=15970"}],"version-history":[{"count":2,"href":"https:\/\/www.thebigchallenge.com\/es\/wp-json\/wp\/v2\/pages\/15970\/revisions"}],"predecessor-version":[{"id":17025,"href":"https:\/\/www.thebigchallenge.com\/es\/wp-json\/wp\/v2\/pages\/15970\/revisions\/17025"}],"up":[{"embeddable":true,"href":"https:\/\/www.thebigchallenge.com\/es\/wp-json\/wp\/v2\/pages\/16680"}],"wp:attachment":[{"href":"https:\/\/www.thebigchallenge.com\/es\/wp-json\/wp\/v2\/media?parent=15970"}],"curies":[{"name":"wp","href":"https:\/\/api.w.org\/{rel}","templated":true}]}}