{"id":16088,"date":"2023-07-28T09:23:44","date_gmt":"2023-07-28T08:23:44","guid":{"rendered":"https:\/\/www.thebigchallenge.com\/es\/?page_id=16088"},"modified":"2025-10-09T15:45:16","modified_gmt":"2025-10-09T14:45:16","slug":"historico","status":"publish","type":"page","link":"https:\/\/www.thebigchallenge.com\/es\/student\/historico\/","title":{"rendered":"Annales"},"content":{"rendered":"","protected":false},"excerpt":{"rendered":"","protected":false},"author":1,"featured_media":0,"parent":16457,"menu_order":0,"comment_status":"closed","ping_status":"closed","template":"","meta":{"footnotes":""},"acf":{"footer":"teacher"},"yoast_head":"<!-- This site is optimized with the Yoast SEO plugin v21.4 - https:\/\/yoast.com\/wordpress\/plugins\/seo\/ -->\n<title>Practica con el archivo de Concursos The Big Challenge<\/title>\n<meta name=\"description\" content=\"Descurbre el hist\u00f3rico de cuestionarios The Big Challenge y prep\u00e1rate para el concurso. Practica con ejercicios reales y mejora tus habilidades en ingl\u00e9s. \u00a1Empieza ahora!\" \/>\n<meta name=\"robots\" content=\"index, follow, max-snippet:-1, max-image-preview:large, max-video-preview:-1\" \/>\n<link rel=\"canonical\" href=\"https:\/\/www.thebigchallenge.com\/es\/student\/historico\/\" \/>\n<meta property=\"og:locale\" content=\"fr_FR\" \/>\n<meta property=\"og:type\" content=\"article\" \/>\n<meta property=\"og:title\" content=\"Practica con el archivo de Concursos The Big Challenge\" \/>\n<meta property=\"og:description\" content=\"Descurbre el hist\u00f3rico de cuestionarios The Big Challenge y prep\u00e1rate para el concurso. Practica con ejercicios reales y mejora tus habilidades en ingl\u00e9s. \u00a1Empieza ahora!\" \/>\n<meta property=\"og:url\" content=\"https:\/\/www.thebigchallenge.com\/es\/student\/historico\/\" \/>\n<meta property=\"og:site_name\" content=\"ES\" \/>\n<meta property=\"article:modified_time\" content=\"2025-10-09T14:45:16+00:00\" \/>\n<meta name=\"twitter:card\" content=\"summary_large_image\" \/>\n<script type=\"application\/ld+json\" class=\"yoast-schema-graph\">{\"@context\":\"https:\/\/schema.org\",\"@graph\":[{\"@type\":\"WebPage\",\"@id\":\"https:\/\/www.thebigchallenge.com\/es\/student\/historico\/\",\"url\":\"https:\/\/www.thebigchallenge.com\/es\/student\/historico\/\",\"name\":\"Practica con el archivo de Concursos The Big Challenge\",\"isPartOf\":{\"@id\":\"https:\/\/www.thebigchallenge.com\/es\/#website\"},\"datePublished\":\"2023-07-28T08:23:44+00:00\",\"dateModified\":\"2025-10-09T14:45:16+00:00\",\"description\":\"Descurbre el hist\u00f3rico de cuestionarios The Big Challenge y prep\u00e1rate para el concurso. Practica con ejercicios reales y mejora tus habilidades en ingl\u00e9s. \u00a1Empieza ahora!\",\"breadcrumb\":{\"@id\":\"https:\/\/www.thebigchallenge.com\/es\/student\/historico\/#breadcrumb\"},\"inLanguage\":\"fr-FR\",\"potentialAction\":[{\"@type\":\"ReadAction\",\"target\":[\"https:\/\/www.thebigchallenge.com\/es\/student\/historico\/\"]}]},{\"@type\":\"BreadcrumbList\",\"@id\":\"https:\/\/www.thebigchallenge.com\/es\/student\/historico\/#breadcrumb\",\"itemListElement\":[{\"@type\":\"ListItem\",\"position\":1,\"name\":\"Accueil\",\"item\":\"https:\/\/www.thebigchallenge.com\/es\/\"},{\"@type\":\"ListItem\",\"position\":2,\"name\":\"Student\",\"item\":\"https:\/\/www.thebigchallenge.com\/es\/student\/\"},{\"@type\":\"ListItem\",\"position\":3,\"name\":\"Annales\"}]},{\"@type\":\"WebSite\",\"@id\":\"https:\/\/www.thebigchallenge.com\/es\/#website\",\"url\":\"https:\/\/www.thebigchallenge.com\/es\/\",\"name\":\"ES\",\"description\":\"Le Grand Jeu Concours d\u2019Anglais pour tous les El\u00e8ves des Lyc\u00e9es pro. Plus de 500 000 participants chaque ann\u00e9e.\",\"potentialAction\":[{\"@type\":\"SearchAction\",\"target\":{\"@type\":\"EntryPoint\",\"urlTemplate\":\"https:\/\/www.thebigchallenge.com\/es\/?s={search_term_string}\"},\"query-input\":\"required name=search_term_string\"}],\"inLanguage\":\"fr-FR\"}]}<\/script>\n<!-- \/ Yoast SEO plugin. -->","yoast_head_json":{"title":"Practica con el archivo de Concursos The Big Challenge","description":"Descurbre el hist\u00f3rico de cuestionarios The Big Challenge y prep\u00e1rate para el concurso. Practica con ejercicios reales y mejora tus habilidades en ingl\u00e9s. \u00a1Empieza ahora!","robots":{"index":"index","follow":"follow","max-snippet":"max-snippet:-1","max-image-preview":"max-image-preview:large","max-video-preview":"max-video-preview:-1"},"canonical":"https:\/\/www.thebigchallenge.com\/es\/student\/historico\/","og_locale":"fr_FR","og_type":"article","og_title":"Practica con el archivo de Concursos The Big Challenge","og_description":"Descurbre el hist\u00f3rico de cuestionarios The Big Challenge y prep\u00e1rate para el concurso. Practica con ejercicios reales y mejora tus habilidades en ingl\u00e9s. \u00a1Empieza ahora!","og_url":"https:\/\/www.thebigchallenge.com\/es\/student\/historico\/","og_site_name":"ES","article_modified_time":"2025-10-09T14:45:16+00:00","twitter_card":"summary_large_image","schema":{"@context":"https:\/\/schema.org","@graph":[{"@type":"WebPage","@id":"https:\/\/www.thebigchallenge.com\/es\/student\/historico\/","url":"https:\/\/www.thebigchallenge.com\/es\/student\/historico\/","name":"Practica con el archivo de Concursos The Big Challenge","isPartOf":{"@id":"https:\/\/www.thebigchallenge.com\/es\/#website"},"datePublished":"2023-07-28T08:23:44+00:00","dateModified":"2025-10-09T14:45:16+00:00","description":"Descurbre el hist\u00f3rico de cuestionarios The Big Challenge y prep\u00e1rate para el concurso. Practica con ejercicios reales y mejora tus habilidades en ingl\u00e9s. \u00a1Empieza ahora!","breadcrumb":{"@id":"https:\/\/www.thebigchallenge.com\/es\/student\/historico\/#breadcrumb"},"inLanguage":"fr-FR","potentialAction":[{"@type":"ReadAction","target":["https:\/\/www.thebigchallenge.com\/es\/student\/historico\/"]}]},{"@type":"BreadcrumbList","@id":"https:\/\/www.thebigchallenge.com\/es\/student\/historico\/#breadcrumb","itemListElement":[{"@type":"ListItem","position":1,"name":"Accueil","item":"https:\/\/www.thebigchallenge.com\/es\/"},{"@type":"ListItem","position":2,"name":"Student","item":"https:\/\/www.thebigchallenge.com\/es\/student\/"},{"@type":"ListItem","position":3,"name":"Annales"}]},{"@type":"WebSite","@id":"https:\/\/www.thebigchallenge.com\/es\/#website","url":"https:\/\/www.thebigchallenge.com\/es\/","name":"ES","description":"Le Grand Jeu Concours d\u2019Anglais pour tous les El\u00e8ves des Lyc\u00e9es pro. Plus de 500 000 participants chaque ann\u00e9e.","potentialAction":[{"@type":"SearchAction","target":{"@type":"EntryPoint","urlTemplate":"https:\/\/www.thebigchallenge.com\/es\/?s={search_term_string}"},"query-input":"required name=search_term_string"}],"inLanguage":"fr-FR"}]}},"publishpress_future_action":{"enabled":false,"date":"1970-01-01 01:00:00","action":"","terms":[],"taxonomy":"","browser_timezone_offset":0},"_links":{"self":[{"href":"https:\/\/www.thebigchallenge.com\/es\/wp-json\/wp\/v2\/pages\/16088"}],"collection":[{"href":"https:\/\/www.thebigchallenge.com\/es\/wp-json\/wp\/v2\/pages"}],"about":[{"href":"https:\/\/www.thebigchallenge.com\/es\/wp-json\/wp\/v2\/types\/page"}],"author":[{"embeddable":true,"href":"https:\/\/www.thebigchallenge.com\/es\/wp-json\/wp\/v2\/users\/1"}],"replies":[{"embeddable":true,"href":"https:\/\/www.thebigchallenge.com\/es\/wp-json\/wp\/v2\/comments?post=16088"}],"version-history":[{"count":6,"href":"https:\/\/www.thebigchallenge.com\/es\/wp-json\/wp\/v2\/pages\/16088\/revisions"}],"predecessor-version":[{"id":18054,"href":"https:\/\/www.thebigchallenge.com\/es\/wp-json\/wp\/v2\/pages\/16088\/revisions\/18054"}],"up":[{"embeddable":true,"href":"https:\/\/www.thebigchallenge.com\/es\/wp-json\/wp\/v2\/pages\/16457"}],"wp:attachment":[{"href":"https:\/\/www.thebigchallenge.com\/es\/wp-json\/wp\/v2\/media?parent=16088"}],"curies":[{"name":"wp","href":"https:\/\/api.w.org\/{rel}","templated":true}]}}