{"id":16224,"date":"2023-10-18T11:37:20","date_gmt":"2023-10-18T10:37:20","guid":{"rendered":"https:\/\/www.thebigchallenge.com\/es\/?page_id=16224"},"modified":"2025-09-01T09:23:18","modified_gmt":"2025-09-01T08:23:18","slug":"home","status":"publish","type":"page","link":"https:\/\/www.thebigchallenge.com\/es\/","title":{"rendered":"Home"},"content":{"rendered":"","protected":false},"excerpt":{"rendered":"","protected":false},"author":1,"featured_media":0,"parent":0,"menu_order":0,"comment_status":"closed","ping_status":"closed","template":"","meta":{"footnotes":""},"acf":{"footer":"teacher"},"yoast_head":"<!-- This site is optimized with the Yoast SEO plugin v21.4 - https:\/\/yoast.com\/wordpress\/plugins\/seo\/ -->\n<title>The Big Challenge - The First English contest for schools<\/title>\n<meta name=\"description\" content=\"The Big Challenge es un concurso nacional de ingl\u00e9s dise\u00f1ado para alumnos de toda Espa\u00f1a. Participa y aprende ingl\u00e9s de manera divertida con premios y reconocimientos para todos.\" \/>\n<meta name=\"robots\" content=\"index, follow, max-snippet:-1, max-image-preview:large, max-video-preview:-1\" \/>\n<link rel=\"canonical\" href=\"https:\/\/www.thebigchallenge.com\/es\/\" \/>\n<meta property=\"og:locale\" content=\"fr_FR\" \/>\n<meta property=\"og:type\" content=\"article\" \/>\n<meta property=\"og:title\" content=\"The Big Challenge - The First English contest for schools\" \/>\n<meta property=\"og:description\" content=\"The Big Challenge es un concurso nacional de ingl\u00e9s dise\u00f1ado para alumnos de toda Espa\u00f1a. Participa y aprende ingl\u00e9s de manera divertida con premios y reconocimientos para todos.\" \/>\n<meta property=\"og:url\" content=\"https:\/\/www.thebigchallenge.com\/es\/\" \/>\n<meta property=\"og:site_name\" content=\"ES\" \/>\n<meta property=\"article:modified_time\" content=\"2025-09-01T08:23:18+00:00\" \/>\n<meta name=\"twitter:card\" content=\"summary_large_image\" \/>\n<script type=\"application\/ld+json\" class=\"yoast-schema-graph\">{\"@context\":\"https:\/\/schema.org\",\"@graph\":[{\"@type\":\"WebPage\",\"@id\":\"https:\/\/www.thebigchallenge.com\/es\/\",\"url\":\"https:\/\/www.thebigchallenge.com\/es\/\",\"name\":\"The Big Challenge - The First English contest for schools\",\"isPartOf\":{\"@id\":\"https:\/\/www.thebigchallenge.com\/es\/#website\"},\"datePublished\":\"2023-10-18T10:37:20+00:00\",\"dateModified\":\"2025-09-01T08:23:18+00:00\",\"description\":\"The Big Challenge es un concurso nacional de ingl\u00e9s dise\u00f1ado para alumnos de toda Espa\u00f1a. Participa y aprende ingl\u00e9s de manera divertida con premios y reconocimientos para todos.\",\"breadcrumb\":{\"@id\":\"https:\/\/www.thebigchallenge.com\/es\/#breadcrumb\"},\"inLanguage\":\"fr-FR\",\"potentialAction\":[{\"@type\":\"ReadAction\",\"target\":[\"https:\/\/www.thebigchallenge.com\/es\/\"]}]},{\"@type\":\"BreadcrumbList\",\"@id\":\"https:\/\/www.thebigchallenge.com\/es\/#breadcrumb\",\"itemListElement\":[{\"@type\":\"ListItem\",\"position\":1,\"name\":\"Accueil\",\"item\":\"https:\/\/www.thebigchallenge.com\/es\/\"},{\"@type\":\"ListItem\",\"position\":2,\"name\":\"Home\"}]},{\"@type\":\"WebSite\",\"@id\":\"https:\/\/www.thebigchallenge.com\/es\/#website\",\"url\":\"https:\/\/www.thebigchallenge.com\/es\/\",\"name\":\"ES\",\"description\":\"Le Grand Jeu Concours d\u2019Anglais pour tous les El\u00e8ves des Lyc\u00e9es pro. Plus de 500 000 participants chaque ann\u00e9e.\",\"potentialAction\":[{\"@type\":\"SearchAction\",\"target\":{\"@type\":\"EntryPoint\",\"urlTemplate\":\"https:\/\/www.thebigchallenge.com\/es\/?s={search_term_string}\"},\"query-input\":\"required name=search_term_string\"}],\"inLanguage\":\"fr-FR\"}]}<\/script>\n<!-- \/ Yoast SEO plugin. -->","yoast_head_json":{"title":"The Big Challenge - The First English contest for schools","description":"The Big Challenge es un concurso nacional de ingl\u00e9s dise\u00f1ado para alumnos de toda Espa\u00f1a. Participa y aprende ingl\u00e9s de manera divertida con premios y reconocimientos para todos.","robots":{"index":"index","follow":"follow","max-snippet":"max-snippet:-1","max-image-preview":"max-image-preview:large","max-video-preview":"max-video-preview:-1"},"canonical":"https:\/\/www.thebigchallenge.com\/es\/","og_locale":"fr_FR","og_type":"article","og_title":"The Big Challenge - The First English contest for schools","og_description":"The Big Challenge es un concurso nacional de ingl\u00e9s dise\u00f1ado para alumnos de toda Espa\u00f1a. Participa y aprende ingl\u00e9s de manera divertida con premios y reconocimientos para todos.","og_url":"https:\/\/www.thebigchallenge.com\/es\/","og_site_name":"ES","article_modified_time":"2025-09-01T08:23:18+00:00","twitter_card":"summary_large_image","schema":{"@context":"https:\/\/schema.org","@graph":[{"@type":"WebPage","@id":"https:\/\/www.thebigchallenge.com\/es\/","url":"https:\/\/www.thebigchallenge.com\/es\/","name":"The Big Challenge - The First English contest for schools","isPartOf":{"@id":"https:\/\/www.thebigchallenge.com\/es\/#website"},"datePublished":"2023-10-18T10:37:20+00:00","dateModified":"2025-09-01T08:23:18+00:00","description":"The Big Challenge es un concurso nacional de ingl\u00e9s dise\u00f1ado para alumnos de toda Espa\u00f1a. Participa y aprende ingl\u00e9s de manera divertida con premios y reconocimientos para todos.","breadcrumb":{"@id":"https:\/\/www.thebigchallenge.com\/es\/#breadcrumb"},"inLanguage":"fr-FR","potentialAction":[{"@type":"ReadAction","target":["https:\/\/www.thebigchallenge.com\/es\/"]}]},{"@type":"BreadcrumbList","@id":"https:\/\/www.thebigchallenge.com\/es\/#breadcrumb","itemListElement":[{"@type":"ListItem","position":1,"name":"Accueil","item":"https:\/\/www.thebigchallenge.com\/es\/"},{"@type":"ListItem","position":2,"name":"Home"}]},{"@type":"WebSite","@id":"https:\/\/www.thebigchallenge.com\/es\/#website","url":"https:\/\/www.thebigchallenge.com\/es\/","name":"ES","description":"Le Grand Jeu Concours d\u2019Anglais pour tous les El\u00e8ves des Lyc\u00e9es pro. Plus de 500 000 participants chaque ann\u00e9e.","potentialAction":[{"@type":"SearchAction","target":{"@type":"EntryPoint","urlTemplate":"https:\/\/www.thebigchallenge.com\/es\/?s={search_term_string}"},"query-input":"required name=search_term_string"}],"inLanguage":"fr-FR"}]}},"publishpress_future_action":{"enabled":false,"date":"1970-01-01 01:00:00","action":"","terms":[],"taxonomy":"","browser_timezone_offset":0},"_links":{"self":[{"href":"https:\/\/www.thebigchallenge.com\/es\/wp-json\/wp\/v2\/pages\/16224"}],"collection":[{"href":"https:\/\/www.thebigchallenge.com\/es\/wp-json\/wp\/v2\/pages"}],"about":[{"href":"https:\/\/www.thebigchallenge.com\/es\/wp-json\/wp\/v2\/types\/page"}],"author":[{"embeddable":true,"href":"https:\/\/www.thebigchallenge.com\/es\/wp-json\/wp\/v2\/users\/1"}],"replies":[{"embeddable":true,"href":"https:\/\/www.thebigchallenge.com\/es\/wp-json\/wp\/v2\/comments?post=16224"}],"version-history":[{"count":7,"href":"https:\/\/www.thebigchallenge.com\/es\/wp-json\/wp\/v2\/pages\/16224\/revisions"}],"predecessor-version":[{"id":18018,"href":"https:\/\/www.thebigchallenge.com\/es\/wp-json\/wp\/v2\/pages\/16224\/revisions\/18018"}],"wp:attachment":[{"href":"https:\/\/www.thebigchallenge.com\/es\/wp-json\/wp\/v2\/media?parent=16224"}],"curies":[{"name":"wp","href":"https:\/\/api.w.org\/{rel}","templated":true}]}}