{"id":16950,"date":"2024-09-20T09:12:50","date_gmt":"2024-09-20T08:12:50","guid":{"rendered":"https:\/\/www.thebigchallenge.com\/es\/?page_id=16950"},"modified":"2025-10-09T15:47:25","modified_gmt":"2025-10-09T14:47:25","slug":"certificates","status":"publish","type":"page","link":"https:\/\/www.thebigchallenge.com\/es\/student\/certificates\/","title":{"rendered":"Certificats"},"content":{"rendered":"","protected":false},"excerpt":{"rendered":"","protected":false},"author":1,"featured_media":0,"parent":16457,"menu_order":0,"comment_status":"closed","ping_status":"closed","template":"","meta":{"footnotes":""},"acf":{"footer":"teacher"},"yoast_head":"<!-- This site is optimized with the Yoast SEO plugin v21.4 - https:\/\/yoast.com\/wordpress\/plugins\/seo\/ -->\n<title>Certificados oficiales de The Big Challenge<\/title>\n<meta name=\"description\" content=\"Descubre c\u00f3mo obtener tu certificado oficial de The Big Challenge. Reconoce tu participaci\u00f3n y mejora tu experiencia educativa en ingl\u00e9s.\" \/>\n<meta name=\"robots\" content=\"index, follow, max-snippet:-1, max-image-preview:large, max-video-preview:-1\" \/>\n<link rel=\"canonical\" href=\"https:\/\/www.thebigchallenge.com\/es\/student\/certificates\/\" \/>\n<meta property=\"og:locale\" content=\"fr_FR\" \/>\n<meta property=\"og:type\" content=\"article\" \/>\n<meta property=\"og:title\" content=\"Certificados oficiales de The Big Challenge\" \/>\n<meta property=\"og:description\" content=\"Descubre c\u00f3mo obtener tu certificado oficial de The Big Challenge. Reconoce tu participaci\u00f3n y mejora tu experiencia educativa en ingl\u00e9s.\" \/>\n<meta property=\"og:url\" content=\"https:\/\/www.thebigchallenge.com\/es\/student\/certificates\/\" \/>\n<meta property=\"og:site_name\" content=\"ES\" \/>\n<meta property=\"article:modified_time\" content=\"2025-10-09T14:47:25+00:00\" \/>\n<meta name=\"twitter:card\" content=\"summary_large_image\" \/>\n<script type=\"application\/ld+json\" class=\"yoast-schema-graph\">{\"@context\":\"https:\/\/schema.org\",\"@graph\":[{\"@type\":\"WebPage\",\"@id\":\"https:\/\/www.thebigchallenge.com\/es\/student\/certificates\/\",\"url\":\"https:\/\/www.thebigchallenge.com\/es\/student\/certificates\/\",\"name\":\"Certificados oficiales de The Big Challenge\",\"isPartOf\":{\"@id\":\"https:\/\/www.thebigchallenge.com\/es\/#website\"},\"datePublished\":\"2024-09-20T08:12:50+00:00\",\"dateModified\":\"2025-10-09T14:47:25+00:00\",\"description\":\"Descubre c\u00f3mo obtener tu certificado oficial de The Big Challenge. Reconoce tu participaci\u00f3n y mejora tu experiencia educativa en ingl\u00e9s.\",\"breadcrumb\":{\"@id\":\"https:\/\/www.thebigchallenge.com\/es\/student\/certificates\/#breadcrumb\"},\"inLanguage\":\"fr-FR\",\"potentialAction\":[{\"@type\":\"ReadAction\",\"target\":[\"https:\/\/www.thebigchallenge.com\/es\/student\/certificates\/\"]}]},{\"@type\":\"BreadcrumbList\",\"@id\":\"https:\/\/www.thebigchallenge.com\/es\/student\/certificates\/#breadcrumb\",\"itemListElement\":[{\"@type\":\"ListItem\",\"position\":1,\"name\":\"Accueil\",\"item\":\"https:\/\/www.thebigchallenge.com\/es\/\"},{\"@type\":\"ListItem\",\"position\":2,\"name\":\"Student\",\"item\":\"https:\/\/www.thebigchallenge.com\/es\/student\/\"},{\"@type\":\"ListItem\",\"position\":3,\"name\":\"Certificats\"}]},{\"@type\":\"WebSite\",\"@id\":\"https:\/\/www.thebigchallenge.com\/es\/#website\",\"url\":\"https:\/\/www.thebigchallenge.com\/es\/\",\"name\":\"ES\",\"description\":\"Le Grand Jeu Concours d\u2019Anglais pour tous les El\u00e8ves des Lyc\u00e9es pro. Plus de 500 000 participants chaque ann\u00e9e.\",\"potentialAction\":[{\"@type\":\"SearchAction\",\"target\":{\"@type\":\"EntryPoint\",\"urlTemplate\":\"https:\/\/www.thebigchallenge.com\/es\/?s={search_term_string}\"},\"query-input\":\"required name=search_term_string\"}],\"inLanguage\":\"fr-FR\"}]}<\/script>\n<!-- \/ Yoast SEO plugin. -->","yoast_head_json":{"title":"Certificados oficiales de The Big Challenge","description":"Descubre c\u00f3mo obtener tu certificado oficial de The Big Challenge. Reconoce tu participaci\u00f3n y mejora tu experiencia educativa en ingl\u00e9s.","robots":{"index":"index","follow":"follow","max-snippet":"max-snippet:-1","max-image-preview":"max-image-preview:large","max-video-preview":"max-video-preview:-1"},"canonical":"https:\/\/www.thebigchallenge.com\/es\/student\/certificates\/","og_locale":"fr_FR","og_type":"article","og_title":"Certificados oficiales de The Big Challenge","og_description":"Descubre c\u00f3mo obtener tu certificado oficial de The Big Challenge. Reconoce tu participaci\u00f3n y mejora tu experiencia educativa en ingl\u00e9s.","og_url":"https:\/\/www.thebigchallenge.com\/es\/student\/certificates\/","og_site_name":"ES","article_modified_time":"2025-10-09T14:47:25+00:00","twitter_card":"summary_large_image","schema":{"@context":"https:\/\/schema.org","@graph":[{"@type":"WebPage","@id":"https:\/\/www.thebigchallenge.com\/es\/student\/certificates\/","url":"https:\/\/www.thebigchallenge.com\/es\/student\/certificates\/","name":"Certificados oficiales de The Big Challenge","isPartOf":{"@id":"https:\/\/www.thebigchallenge.com\/es\/#website"},"datePublished":"2024-09-20T08:12:50+00:00","dateModified":"2025-10-09T14:47:25+00:00","description":"Descubre c\u00f3mo obtener tu certificado oficial de The Big Challenge. Reconoce tu participaci\u00f3n y mejora tu experiencia educativa en ingl\u00e9s.","breadcrumb":{"@id":"https:\/\/www.thebigchallenge.com\/es\/student\/certificates\/#breadcrumb"},"inLanguage":"fr-FR","potentialAction":[{"@type":"ReadAction","target":["https:\/\/www.thebigchallenge.com\/es\/student\/certificates\/"]}]},{"@type":"BreadcrumbList","@id":"https:\/\/www.thebigchallenge.com\/es\/student\/certificates\/#breadcrumb","itemListElement":[{"@type":"ListItem","position":1,"name":"Accueil","item":"https:\/\/www.thebigchallenge.com\/es\/"},{"@type":"ListItem","position":2,"name":"Student","item":"https:\/\/www.thebigchallenge.com\/es\/student\/"},{"@type":"ListItem","position":3,"name":"Certificats"}]},{"@type":"WebSite","@id":"https:\/\/www.thebigchallenge.com\/es\/#website","url":"https:\/\/www.thebigchallenge.com\/es\/","name":"ES","description":"Le Grand Jeu Concours d\u2019Anglais pour tous les El\u00e8ves des Lyc\u00e9es pro. Plus de 500 000 participants chaque ann\u00e9e.","potentialAction":[{"@type":"SearchAction","target":{"@type":"EntryPoint","urlTemplate":"https:\/\/www.thebigchallenge.com\/es\/?s={search_term_string}"},"query-input":"required name=search_term_string"}],"inLanguage":"fr-FR"}]}},"publishpress_future_action":{"enabled":false,"date":"1970-01-01 01:00:00","action":"","terms":[],"taxonomy":"","browser_timezone_offset":0},"_links":{"self":[{"href":"https:\/\/www.thebigchallenge.com\/es\/wp-json\/wp\/v2\/pages\/16950"}],"collection":[{"href":"https:\/\/www.thebigchallenge.com\/es\/wp-json\/wp\/v2\/pages"}],"about":[{"href":"https:\/\/www.thebigchallenge.com\/es\/wp-json\/wp\/v2\/types\/page"}],"author":[{"embeddable":true,"href":"https:\/\/www.thebigchallenge.com\/es\/wp-json\/wp\/v2\/users\/1"}],"replies":[{"embeddable":true,"href":"https:\/\/www.thebigchallenge.com\/es\/wp-json\/wp\/v2\/comments?post=16950"}],"version-history":[{"count":6,"href":"https:\/\/www.thebigchallenge.com\/es\/wp-json\/wp\/v2\/pages\/16950\/revisions"}],"predecessor-version":[{"id":17196,"href":"https:\/\/www.thebigchallenge.com\/es\/wp-json\/wp\/v2\/pages\/16950\/revisions\/17196"}],"up":[{"embeddable":true,"href":"https:\/\/www.thebigchallenge.com\/es\/wp-json\/wp\/v2\/pages\/16457"}],"wp:attachment":[{"href":"https:\/\/www.thebigchallenge.com\/es\/wp-json\/wp\/v2\/media?parent=16950"}],"curies":[{"name":"wp","href":"https:\/\/api.w.org\/{rel}","templated":true}]}}