{"id":17148,"date":"2025-03-19T16:39:36","date_gmt":"2025-03-19T15:39:36","guid":{"rendered":"https:\/\/www.thebigchallenge.com\/fr\/?page_id=42403"},"modified":"2025-12-08T12:44:39","modified_gmt":"2025-12-08T11:44:39","slug":"certificate-best","status":"publish","type":"page","link":"https:\/\/www.thebigchallenge.com\/es\/student\/parents\/certificate-best\/","title":{"rendered":"Certificat BEST"},"content":{"rendered":"","protected":false},"excerpt":{"rendered":"","protected":false},"author":1,"featured_media":0,"parent":15484,"menu_order":0,"comment_status":"closed","ping_status":"closed","template":"","meta":{"footnotes":""},"acf":{"footer":"student"},"yoast_head":"<!-- This site is optimized with the Yoast SEO plugin v21.4 - https:\/\/yoast.com\/wordpress\/plugins\/seo\/ -->\n<title>Certificado de ingl\u00e9s BEST: un diploma oficial para su hijo\/a<\/title>\n<meta name=\"description\" content=\"\u00bfSu hijo\/a ha participado en The Big Challenge? Reg\u00e1lale el certificado BEST, un diploma oficial y verificable que acredita su nivel de ingl\u00e9s. Es una ventaja para su futuro acad\u00e9mico y profesional. \u00a1Inf\u00f3rmese de c\u00f3mo conseguirlo!\" \/>\n<meta name=\"robots\" content=\"index, follow, max-snippet:-1, max-image-preview:large, max-video-preview:-1\" \/>\n<link rel=\"canonical\" href=\"https:\/\/www.thebigchallenge.com\/es\/student\/parents\/certificate-best\/\" \/>\n<meta property=\"og:locale\" content=\"fr_FR\" \/>\n<meta property=\"og:type\" content=\"article\" \/>\n<meta property=\"og:title\" content=\"Certificado de ingl\u00e9s BEST: un diploma oficial para su hijo\/a\" \/>\n<meta property=\"og:description\" content=\"\u00bfSu hijo\/a ha participado en The Big Challenge? Reg\u00e1lale el certificado BEST, un diploma oficial y verificable que acredita su nivel de ingl\u00e9s. Es una ventaja para su futuro acad\u00e9mico y profesional. \u00a1Inf\u00f3rmese de c\u00f3mo conseguirlo!\" \/>\n<meta property=\"og:url\" content=\"https:\/\/www.thebigchallenge.com\/es\/student\/parents\/certificate-best\/\" \/>\n<meta property=\"og:site_name\" content=\"ES\" \/>\n<meta property=\"article:modified_time\" content=\"2025-12-08T11:44:39+00:00\" \/>\n<meta name=\"twitter:card\" content=\"summary_large_image\" \/>\n<script type=\"application\/ld+json\" class=\"yoast-schema-graph\">{\"@context\":\"https:\/\/schema.org\",\"@graph\":[{\"@type\":\"WebPage\",\"@id\":\"https:\/\/www.thebigchallenge.com\/es\/student\/parents\/certificate-best\/\",\"url\":\"https:\/\/www.thebigchallenge.com\/es\/student\/parents\/certificate-best\/\",\"name\":\"Certificado de ingl\u00e9s BEST: un diploma oficial para su hijo\/a\",\"isPartOf\":{\"@id\":\"https:\/\/www.thebigchallenge.com\/es\/#website\"},\"datePublished\":\"2025-03-19T15:39:36+00:00\",\"dateModified\":\"2025-12-08T11:44:39+00:00\",\"description\":\"\u00bfSu hijo\/a ha participado en The Big Challenge? Reg\u00e1lale el certificado BEST, un diploma oficial y verificable que acredita su nivel de ingl\u00e9s. Es una ventaja para su futuro acad\u00e9mico y profesional. \u00a1Inf\u00f3rmese de c\u00f3mo conseguirlo!\",\"breadcrumb\":{\"@id\":\"https:\/\/www.thebigchallenge.com\/es\/student\/parents\/certificate-best\/#breadcrumb\"},\"inLanguage\":\"fr-FR\",\"potentialAction\":[{\"@type\":\"ReadAction\",\"target\":[\"https:\/\/www.thebigchallenge.com\/es\/student\/parents\/certificate-best\/\"]}]},{\"@type\":\"BreadcrumbList\",\"@id\":\"https:\/\/www.thebigchallenge.com\/es\/student\/parents\/certificate-best\/#breadcrumb\",\"itemListElement\":[{\"@type\":\"ListItem\",\"position\":1,\"name\":\"Accueil\",\"item\":\"https:\/\/www.thebigchallenge.com\/es\/\"},{\"@type\":\"ListItem\",\"position\":2,\"name\":\"Student\",\"item\":\"https:\/\/www.thebigchallenge.com\/es\/student\/\"},{\"@type\":\"ListItem\",\"position\":3,\"name\":\"Parents\",\"item\":\"https:\/\/www.thebigchallenge.com\/es\/student\/parents\/\"},{\"@type\":\"ListItem\",\"position\":4,\"name\":\"Certificat BEST\"}]},{\"@type\":\"WebSite\",\"@id\":\"https:\/\/www.thebigchallenge.com\/es\/#website\",\"url\":\"https:\/\/www.thebigchallenge.com\/es\/\",\"name\":\"ES\",\"description\":\"Le Grand Jeu Concours d\u2019Anglais pour tous les El\u00e8ves des Lyc\u00e9es pro. Plus de 500 000 participants chaque ann\u00e9e.\",\"potentialAction\":[{\"@type\":\"SearchAction\",\"target\":{\"@type\":\"EntryPoint\",\"urlTemplate\":\"https:\/\/www.thebigchallenge.com\/es\/?s={search_term_string}\"},\"query-input\":\"required name=search_term_string\"}],\"inLanguage\":\"fr-FR\"}]}<\/script>\n<!-- \/ Yoast SEO plugin. -->","yoast_head_json":{"title":"Certificado de ingl\u00e9s BEST: un diploma oficial para su hijo\/a","description":"\u00bfSu hijo\/a ha participado en The Big Challenge? Reg\u00e1lale el certificado BEST, un diploma oficial y verificable que acredita su nivel de ingl\u00e9s. Es una ventaja para su futuro acad\u00e9mico y profesional. \u00a1Inf\u00f3rmese de c\u00f3mo conseguirlo!","robots":{"index":"index","follow":"follow","max-snippet":"max-snippet:-1","max-image-preview":"max-image-preview:large","max-video-preview":"max-video-preview:-1"},"canonical":"https:\/\/www.thebigchallenge.com\/es\/student\/parents\/certificate-best\/","og_locale":"fr_FR","og_type":"article","og_title":"Certificado de ingl\u00e9s BEST: un diploma oficial para su hijo\/a","og_description":"\u00bfSu hijo\/a ha participado en The Big Challenge? Reg\u00e1lale el certificado BEST, un diploma oficial y verificable que acredita su nivel de ingl\u00e9s. Es una ventaja para su futuro acad\u00e9mico y profesional. \u00a1Inf\u00f3rmese de c\u00f3mo conseguirlo!","og_url":"https:\/\/www.thebigchallenge.com\/es\/student\/parents\/certificate-best\/","og_site_name":"ES","article_modified_time":"2025-12-08T11:44:39+00:00","twitter_card":"summary_large_image","schema":{"@context":"https:\/\/schema.org","@graph":[{"@type":"WebPage","@id":"https:\/\/www.thebigchallenge.com\/es\/student\/parents\/certificate-best\/","url":"https:\/\/www.thebigchallenge.com\/es\/student\/parents\/certificate-best\/","name":"Certificado de ingl\u00e9s BEST: un diploma oficial para su hijo\/a","isPartOf":{"@id":"https:\/\/www.thebigchallenge.com\/es\/#website"},"datePublished":"2025-03-19T15:39:36+00:00","dateModified":"2025-12-08T11:44:39+00:00","description":"\u00bfSu hijo\/a ha participado en The Big Challenge? Reg\u00e1lale el certificado BEST, un diploma oficial y verificable que acredita su nivel de ingl\u00e9s. Es una ventaja para su futuro acad\u00e9mico y profesional. \u00a1Inf\u00f3rmese de c\u00f3mo conseguirlo!","breadcrumb":{"@id":"https:\/\/www.thebigchallenge.com\/es\/student\/parents\/certificate-best\/#breadcrumb"},"inLanguage":"fr-FR","potentialAction":[{"@type":"ReadAction","target":["https:\/\/www.thebigchallenge.com\/es\/student\/parents\/certificate-best\/"]}]},{"@type":"BreadcrumbList","@id":"https:\/\/www.thebigchallenge.com\/es\/student\/parents\/certificate-best\/#breadcrumb","itemListElement":[{"@type":"ListItem","position":1,"name":"Accueil","item":"https:\/\/www.thebigchallenge.com\/es\/"},{"@type":"ListItem","position":2,"name":"Student","item":"https:\/\/www.thebigchallenge.com\/es\/student\/"},{"@type":"ListItem","position":3,"name":"Parents","item":"https:\/\/www.thebigchallenge.com\/es\/student\/parents\/"},{"@type":"ListItem","position":4,"name":"Certificat BEST"}]},{"@type":"WebSite","@id":"https:\/\/www.thebigchallenge.com\/es\/#website","url":"https:\/\/www.thebigchallenge.com\/es\/","name":"ES","description":"Le Grand Jeu Concours d\u2019Anglais pour tous les El\u00e8ves des Lyc\u00e9es pro. Plus de 500 000 participants chaque ann\u00e9e.","potentialAction":[{"@type":"SearchAction","target":{"@type":"EntryPoint","urlTemplate":"https:\/\/www.thebigchallenge.com\/es\/?s={search_term_string}"},"query-input":"required name=search_term_string"}],"inLanguage":"fr-FR"}]}},"publishpress_future_action":{"enabled":false,"date":"1970-01-01 01:00:00","action":"","terms":[],"taxonomy":"","browser_timezone_offset":0},"_links":{"self":[{"href":"https:\/\/www.thebigchallenge.com\/es\/wp-json\/wp\/v2\/pages\/17148"}],"collection":[{"href":"https:\/\/www.thebigchallenge.com\/es\/wp-json\/wp\/v2\/pages"}],"about":[{"href":"https:\/\/www.thebigchallenge.com\/es\/wp-json\/wp\/v2\/types\/page"}],"author":[{"embeddable":true,"href":"https:\/\/www.thebigchallenge.com\/es\/wp-json\/wp\/v2\/users\/1"}],"replies":[{"embeddable":true,"href":"https:\/\/www.thebigchallenge.com\/es\/wp-json\/wp\/v2\/comments?post=17148"}],"version-history":[{"count":10,"href":"https:\/\/www.thebigchallenge.com\/es\/wp-json\/wp\/v2\/pages\/17148\/revisions"}],"predecessor-version":[{"id":18107,"href":"https:\/\/www.thebigchallenge.com\/es\/wp-json\/wp\/v2\/pages\/17148\/revisions\/18107"}],"up":[{"embeddable":true,"href":"https:\/\/www.thebigchallenge.com\/es\/wp-json\/wp\/v2\/pages\/15484"}],"wp:attachment":[{"href":"https:\/\/www.thebigchallenge.com\/es\/wp-json\/wp\/v2\/media?parent=17148"}],"curies":[{"name":"wp","href":"https:\/\/api.w.org\/{rel}","templated":true}]}}