{"id":17269,"date":"2025-03-24T18:08:23","date_gmt":"2025-03-24T17:08:23","guid":{"rendered":"https:\/\/www.thebigchallenge.com\/fr\/?page_id=42419"},"modified":"2025-10-28T12:05:30","modified_gmt":"2025-10-28T11:05:30","slug":"series-multimedia","status":"publish","type":"page","link":"https:\/\/www.thebigchallenge.com\/es\/teacher\/academy\/series-multimedia\/","title":{"rendered":"S\u00e9ries multimedia"},"content":{"rendered":"","protected":false},"excerpt":{"rendered":"","protected":false},"author":1,"featured_media":0,"parent":17182,"menu_order":0,"comment_status":"closed","ping_status":"closed","template":"","meta":{"footnotes":""},"acf":{"footer":"teacher"},"yoast_head":"<!-- This site is optimized with the Yoast SEO plugin v21.4 - https:\/\/yoast.com\/wordpress\/plugins\/seo\/ -->\n<title>Series multimedia en ingl\u00e9s para la clase en The Academy<\/title>\n<meta name=\"description\" content=\"Big Challenge Academy: podcasts y audiolibros, acompa\u00f1ados de guiones, recursos visuales y ejercicios interactivos.\" \/>\n<meta name=\"robots\" content=\"index, follow, max-snippet:-1, max-image-preview:large, max-video-preview:-1\" \/>\n<link rel=\"canonical\" href=\"https:\/\/www.thebigchallenge.com\/es\/teacher\/academy\/series-multimedia\/\" \/>\n<meta property=\"og:locale\" content=\"fr_FR\" \/>\n<meta property=\"og:type\" content=\"article\" \/>\n<meta property=\"og:title\" content=\"Series multimedia en ingl\u00e9s para la clase en The Academy\" \/>\n<meta property=\"og:description\" content=\"Big Challenge Academy: podcasts y audiolibros, acompa\u00f1ados de guiones, recursos visuales y ejercicios interactivos.\" \/>\n<meta property=\"og:url\" content=\"https:\/\/www.thebigchallenge.com\/es\/teacher\/academy\/series-multimedia\/\" \/>\n<meta property=\"og:site_name\" content=\"ES\" \/>\n<meta property=\"article:modified_time\" content=\"2025-10-28T11:05:30+00:00\" \/>\n<meta name=\"twitter:card\" content=\"summary_large_image\" \/>\n<script type=\"application\/ld+json\" class=\"yoast-schema-graph\">{\"@context\":\"https:\/\/schema.org\",\"@graph\":[{\"@type\":\"WebPage\",\"@id\":\"https:\/\/www.thebigchallenge.com\/es\/teacher\/academy\/series-multimedia\/\",\"url\":\"https:\/\/www.thebigchallenge.com\/es\/teacher\/academy\/series-multimedia\/\",\"name\":\"Series multimedia en ingl\u00e9s para la clase en The Academy\",\"isPartOf\":{\"@id\":\"https:\/\/www.thebigchallenge.com\/es\/#website\"},\"datePublished\":\"2025-03-24T17:08:23+00:00\",\"dateModified\":\"2025-10-28T11:05:30+00:00\",\"description\":\"Big Challenge Academy: podcasts y audiolibros, acompa\u00f1ados de guiones, recursos visuales y ejercicios interactivos.\",\"breadcrumb\":{\"@id\":\"https:\/\/www.thebigchallenge.com\/es\/teacher\/academy\/series-multimedia\/#breadcrumb\"},\"inLanguage\":\"fr-FR\",\"potentialAction\":[{\"@type\":\"ReadAction\",\"target\":[\"https:\/\/www.thebigchallenge.com\/es\/teacher\/academy\/series-multimedia\/\"]}]},{\"@type\":\"BreadcrumbList\",\"@id\":\"https:\/\/www.thebigchallenge.com\/es\/teacher\/academy\/series-multimedia\/#breadcrumb\",\"itemListElement\":[{\"@type\":\"ListItem\",\"position\":1,\"name\":\"Accueil\",\"item\":\"https:\/\/www.thebigchallenge.com\/es\/\"},{\"@type\":\"ListItem\",\"position\":2,\"name\":\"Teacher\",\"item\":\"https:\/\/www.thebigchallenge.com\/es\/teacher\/\"},{\"@type\":\"ListItem\",\"position\":3,\"name\":\"Academy\",\"item\":\"https:\/\/www.thebigchallenge.com\/es\/teacher\/academy\/\"},{\"@type\":\"ListItem\",\"position\":4,\"name\":\"S\u00e9ries multimedia\"}]},{\"@type\":\"WebSite\",\"@id\":\"https:\/\/www.thebigchallenge.com\/es\/#website\",\"url\":\"https:\/\/www.thebigchallenge.com\/es\/\",\"name\":\"ES\",\"description\":\"Le Grand Jeu Concours d\u2019Anglais pour tous les El\u00e8ves des Lyc\u00e9es pro. Plus de 500 000 participants chaque ann\u00e9e.\",\"potentialAction\":[{\"@type\":\"SearchAction\",\"target\":{\"@type\":\"EntryPoint\",\"urlTemplate\":\"https:\/\/www.thebigchallenge.com\/es\/?s={search_term_string}\"},\"query-input\":\"required name=search_term_string\"}],\"inLanguage\":\"fr-FR\"}]}<\/script>\n<!-- \/ Yoast SEO plugin. -->","yoast_head_json":{"title":"Series multimedia en ingl\u00e9s para la clase en The Academy","description":"Big Challenge Academy: podcasts y audiolibros, acompa\u00f1ados de guiones, recursos visuales y ejercicios interactivos.","robots":{"index":"index","follow":"follow","max-snippet":"max-snippet:-1","max-image-preview":"max-image-preview:large","max-video-preview":"max-video-preview:-1"},"canonical":"https:\/\/www.thebigchallenge.com\/es\/teacher\/academy\/series-multimedia\/","og_locale":"fr_FR","og_type":"article","og_title":"Series multimedia en ingl\u00e9s para la clase en The Academy","og_description":"Big Challenge Academy: podcasts y audiolibros, acompa\u00f1ados de guiones, recursos visuales y ejercicios interactivos.","og_url":"https:\/\/www.thebigchallenge.com\/es\/teacher\/academy\/series-multimedia\/","og_site_name":"ES","article_modified_time":"2025-10-28T11:05:30+00:00","twitter_card":"summary_large_image","schema":{"@context":"https:\/\/schema.org","@graph":[{"@type":"WebPage","@id":"https:\/\/www.thebigchallenge.com\/es\/teacher\/academy\/series-multimedia\/","url":"https:\/\/www.thebigchallenge.com\/es\/teacher\/academy\/series-multimedia\/","name":"Series multimedia en ingl\u00e9s para la clase en The Academy","isPartOf":{"@id":"https:\/\/www.thebigchallenge.com\/es\/#website"},"datePublished":"2025-03-24T17:08:23+00:00","dateModified":"2025-10-28T11:05:30+00:00","description":"Big Challenge Academy: podcasts y audiolibros, acompa\u00f1ados de guiones, recursos visuales y ejercicios interactivos.","breadcrumb":{"@id":"https:\/\/www.thebigchallenge.com\/es\/teacher\/academy\/series-multimedia\/#breadcrumb"},"inLanguage":"fr-FR","potentialAction":[{"@type":"ReadAction","target":["https:\/\/www.thebigchallenge.com\/es\/teacher\/academy\/series-multimedia\/"]}]},{"@type":"BreadcrumbList","@id":"https:\/\/www.thebigchallenge.com\/es\/teacher\/academy\/series-multimedia\/#breadcrumb","itemListElement":[{"@type":"ListItem","position":1,"name":"Accueil","item":"https:\/\/www.thebigchallenge.com\/es\/"},{"@type":"ListItem","position":2,"name":"Teacher","item":"https:\/\/www.thebigchallenge.com\/es\/teacher\/"},{"@type":"ListItem","position":3,"name":"Academy","item":"https:\/\/www.thebigchallenge.com\/es\/teacher\/academy\/"},{"@type":"ListItem","position":4,"name":"S\u00e9ries multimedia"}]},{"@type":"WebSite","@id":"https:\/\/www.thebigchallenge.com\/es\/#website","url":"https:\/\/www.thebigchallenge.com\/es\/","name":"ES","description":"Le Grand Jeu Concours d\u2019Anglais pour tous les El\u00e8ves des Lyc\u00e9es pro. Plus de 500 000 participants chaque ann\u00e9e.","potentialAction":[{"@type":"SearchAction","target":{"@type":"EntryPoint","urlTemplate":"https:\/\/www.thebigchallenge.com\/es\/?s={search_term_string}"},"query-input":"required name=search_term_string"}],"inLanguage":"fr-FR"}]}},"publishpress_future_action":{"enabled":false,"date":"1970-01-01 01:00:00","action":"","terms":[],"taxonomy":"","browser_timezone_offset":0},"_links":{"self":[{"href":"https:\/\/www.thebigchallenge.com\/es\/wp-json\/wp\/v2\/pages\/17269"}],"collection":[{"href":"https:\/\/www.thebigchallenge.com\/es\/wp-json\/wp\/v2\/pages"}],"about":[{"href":"https:\/\/www.thebigchallenge.com\/es\/wp-json\/wp\/v2\/types\/page"}],"author":[{"embeddable":true,"href":"https:\/\/www.thebigchallenge.com\/es\/wp-json\/wp\/v2\/users\/1"}],"replies":[{"embeddable":true,"href":"https:\/\/www.thebigchallenge.com\/es\/wp-json\/wp\/v2\/comments?post=17269"}],"version-history":[{"count":10,"href":"https:\/\/www.thebigchallenge.com\/es\/wp-json\/wp\/v2\/pages\/17269\/revisions"}],"predecessor-version":[{"id":18082,"href":"https:\/\/www.thebigchallenge.com\/es\/wp-json\/wp\/v2\/pages\/17269\/revisions\/18082"}],"up":[{"embeddable":true,"href":"https:\/\/www.thebigchallenge.com\/es\/wp-json\/wp\/v2\/pages\/17182"}],"wp:attachment":[{"href":"https:\/\/www.thebigchallenge.com\/es\/wp-json\/wp\/v2\/media?parent=17269"}],"curies":[{"name":"wp","href":"https:\/\/api.w.org\/{rel}","templated":true}]}}