{"id":17287,"date":"2025-04-04T16:30:17","date_gmt":"2025-04-04T15:30:17","guid":{"rendered":"https:\/\/www.thebigchallenge.com\/fr\/?page_id=42732"},"modified":"2025-12-18T12:14:27","modified_gmt":"2025-12-18T11:14:27","slug":"biblioteca-recursos","status":"publish","type":"page","link":"https:\/\/www.thebigchallenge.com\/es\/teacher\/academy\/biblioteca-recursos\/","title":{"rendered":"Biblioth\u00e8que de ressources"},"content":{"rendered":"","protected":false},"excerpt":{"rendered":"","protected":false},"author":1,"featured_media":0,"parent":17182,"menu_order":0,"comment_status":"closed","ping_status":"closed","template":"","meta":{"footnotes":""},"acf":{"footer":"teacher"},"yoast_head":"<!-- This site is optimized with the Yoast SEO plugin v21.4 - https:\/\/yoast.com\/wordpress\/plugins\/seo\/ -->\n<title>Biblioteca de recursos<\/title>\n<meta name=\"description\" content=\"Descubra la Biblioteca de Recursos de The Big Challenge: actividades gratuitas, fichas imprimibles, juegos interactivos y recursos pedag\u00f3gicos para motivar a sus alumnos en clase de ingl\u00e9s durante todo el curso.\" \/>\n<meta name=\"robots\" content=\"index, follow, max-snippet:-1, max-image-preview:large, max-video-preview:-1\" \/>\n<link rel=\"canonical\" href=\"https:\/\/www.thebigchallenge.com\/es\/teacher\/academy\/biblioteca-recursos\/\" \/>\n<meta property=\"og:locale\" content=\"fr_FR\" \/>\n<meta property=\"og:type\" content=\"article\" \/>\n<meta property=\"og:title\" content=\"Biblioteca de recursos\" \/>\n<meta property=\"og:description\" content=\"Descubra la Biblioteca de Recursos de The Big Challenge: actividades gratuitas, fichas imprimibles, juegos interactivos y recursos pedag\u00f3gicos para motivar a sus alumnos en clase de ingl\u00e9s durante todo el curso.\" \/>\n<meta property=\"og:url\" content=\"https:\/\/www.thebigchallenge.com\/es\/teacher\/academy\/biblioteca-recursos\/\" \/>\n<meta property=\"og:site_name\" content=\"ES\" \/>\n<meta property=\"article:modified_time\" content=\"2025-12-18T11:14:27+00:00\" \/>\n<meta name=\"twitter:card\" content=\"summary_large_image\" \/>\n<script type=\"application\/ld+json\" class=\"yoast-schema-graph\">{\"@context\":\"https:\/\/schema.org\",\"@graph\":[{\"@type\":\"WebPage\",\"@id\":\"https:\/\/www.thebigchallenge.com\/es\/teacher\/academy\/biblioteca-recursos\/\",\"url\":\"https:\/\/www.thebigchallenge.com\/es\/teacher\/academy\/biblioteca-recursos\/\",\"name\":\"Biblioteca de recursos\",\"isPartOf\":{\"@id\":\"https:\/\/www.thebigchallenge.com\/es\/#website\"},\"datePublished\":\"2025-04-04T15:30:17+00:00\",\"dateModified\":\"2025-12-18T11:14:27+00:00\",\"description\":\"Descubra la Biblioteca de Recursos de The Big Challenge: actividades gratuitas, fichas imprimibles, juegos interactivos y recursos pedag\u00f3gicos para motivar a sus alumnos en clase de ingl\u00e9s durante todo el curso.\",\"breadcrumb\":{\"@id\":\"https:\/\/www.thebigchallenge.com\/es\/teacher\/academy\/biblioteca-recursos\/#breadcrumb\"},\"inLanguage\":\"fr-FR\",\"potentialAction\":[{\"@type\":\"ReadAction\",\"target\":[\"https:\/\/www.thebigchallenge.com\/es\/teacher\/academy\/biblioteca-recursos\/\"]}]},{\"@type\":\"BreadcrumbList\",\"@id\":\"https:\/\/www.thebigchallenge.com\/es\/teacher\/academy\/biblioteca-recursos\/#breadcrumb\",\"itemListElement\":[{\"@type\":\"ListItem\",\"position\":1,\"name\":\"Accueil\",\"item\":\"https:\/\/www.thebigchallenge.com\/es\/\"},{\"@type\":\"ListItem\",\"position\":2,\"name\":\"Teacher\",\"item\":\"https:\/\/www.thebigchallenge.com\/es\/teacher\/\"},{\"@type\":\"ListItem\",\"position\":3,\"name\":\"Academy\",\"item\":\"https:\/\/www.thebigchallenge.com\/es\/teacher\/academy\/\"},{\"@type\":\"ListItem\",\"position\":4,\"name\":\"Biblioth\u00e8que de ressources\"}]},{\"@type\":\"WebSite\",\"@id\":\"https:\/\/www.thebigchallenge.com\/es\/#website\",\"url\":\"https:\/\/www.thebigchallenge.com\/es\/\",\"name\":\"ES\",\"description\":\"Le Grand Jeu Concours d\u2019Anglais pour tous les El\u00e8ves des Lyc\u00e9es pro. Plus de 500 000 participants chaque ann\u00e9e.\",\"potentialAction\":[{\"@type\":\"SearchAction\",\"target\":{\"@type\":\"EntryPoint\",\"urlTemplate\":\"https:\/\/www.thebigchallenge.com\/es\/?s={search_term_string}\"},\"query-input\":\"required name=search_term_string\"}],\"inLanguage\":\"fr-FR\"}]}<\/script>\n<!-- \/ Yoast SEO plugin. -->","yoast_head_json":{"title":"Biblioteca de recursos","description":"Descubra la Biblioteca de Recursos de The Big Challenge: actividades gratuitas, fichas imprimibles, juegos interactivos y recursos pedag\u00f3gicos para motivar a sus alumnos en clase de ingl\u00e9s durante todo el curso.","robots":{"index":"index","follow":"follow","max-snippet":"max-snippet:-1","max-image-preview":"max-image-preview:large","max-video-preview":"max-video-preview:-1"},"canonical":"https:\/\/www.thebigchallenge.com\/es\/teacher\/academy\/biblioteca-recursos\/","og_locale":"fr_FR","og_type":"article","og_title":"Biblioteca de recursos","og_description":"Descubra la Biblioteca de Recursos de The Big Challenge: actividades gratuitas, fichas imprimibles, juegos interactivos y recursos pedag\u00f3gicos para motivar a sus alumnos en clase de ingl\u00e9s durante todo el curso.","og_url":"https:\/\/www.thebigchallenge.com\/es\/teacher\/academy\/biblioteca-recursos\/","og_site_name":"ES","article_modified_time":"2025-12-18T11:14:27+00:00","twitter_card":"summary_large_image","schema":{"@context":"https:\/\/schema.org","@graph":[{"@type":"WebPage","@id":"https:\/\/www.thebigchallenge.com\/es\/teacher\/academy\/biblioteca-recursos\/","url":"https:\/\/www.thebigchallenge.com\/es\/teacher\/academy\/biblioteca-recursos\/","name":"Biblioteca de recursos","isPartOf":{"@id":"https:\/\/www.thebigchallenge.com\/es\/#website"},"datePublished":"2025-04-04T15:30:17+00:00","dateModified":"2025-12-18T11:14:27+00:00","description":"Descubra la Biblioteca de Recursos de The Big Challenge: actividades gratuitas, fichas imprimibles, juegos interactivos y recursos pedag\u00f3gicos para motivar a sus alumnos en clase de ingl\u00e9s durante todo el curso.","breadcrumb":{"@id":"https:\/\/www.thebigchallenge.com\/es\/teacher\/academy\/biblioteca-recursos\/#breadcrumb"},"inLanguage":"fr-FR","potentialAction":[{"@type":"ReadAction","target":["https:\/\/www.thebigchallenge.com\/es\/teacher\/academy\/biblioteca-recursos\/"]}]},{"@type":"BreadcrumbList","@id":"https:\/\/www.thebigchallenge.com\/es\/teacher\/academy\/biblioteca-recursos\/#breadcrumb","itemListElement":[{"@type":"ListItem","position":1,"name":"Accueil","item":"https:\/\/www.thebigchallenge.com\/es\/"},{"@type":"ListItem","position":2,"name":"Teacher","item":"https:\/\/www.thebigchallenge.com\/es\/teacher\/"},{"@type":"ListItem","position":3,"name":"Academy","item":"https:\/\/www.thebigchallenge.com\/es\/teacher\/academy\/"},{"@type":"ListItem","position":4,"name":"Biblioth\u00e8que de ressources"}]},{"@type":"WebSite","@id":"https:\/\/www.thebigchallenge.com\/es\/#website","url":"https:\/\/www.thebigchallenge.com\/es\/","name":"ES","description":"Le Grand Jeu Concours d\u2019Anglais pour tous les El\u00e8ves des Lyc\u00e9es pro. Plus de 500 000 participants chaque ann\u00e9e.","potentialAction":[{"@type":"SearchAction","target":{"@type":"EntryPoint","urlTemplate":"https:\/\/www.thebigchallenge.com\/es\/?s={search_term_string}"},"query-input":"required name=search_term_string"}],"inLanguage":"fr-FR"}]}},"publishpress_future_action":{"enabled":false,"date":"1970-01-01 01:00:00","action":"","terms":[],"taxonomy":"","browser_timezone_offset":0},"_links":{"self":[{"href":"https:\/\/www.thebigchallenge.com\/es\/wp-json\/wp\/v2\/pages\/17287"}],"collection":[{"href":"https:\/\/www.thebigchallenge.com\/es\/wp-json\/wp\/v2\/pages"}],"about":[{"href":"https:\/\/www.thebigchallenge.com\/es\/wp-json\/wp\/v2\/types\/page"}],"author":[{"embeddable":true,"href":"https:\/\/www.thebigchallenge.com\/es\/wp-json\/wp\/v2\/users\/1"}],"replies":[{"embeddable":true,"href":"https:\/\/www.thebigchallenge.com\/es\/wp-json\/wp\/v2\/comments?post=17287"}],"version-history":[{"count":10,"href":"https:\/\/www.thebigchallenge.com\/es\/wp-json\/wp\/v2\/pages\/17287\/revisions"}],"predecessor-version":[{"id":18109,"href":"https:\/\/www.thebigchallenge.com\/es\/wp-json\/wp\/v2\/pages\/17287\/revisions\/18109"}],"up":[{"embeddable":true,"href":"https:\/\/www.thebigchallenge.com\/es\/wp-json\/wp\/v2\/pages\/17182"}],"wp:attachment":[{"href":"https:\/\/www.thebigchallenge.com\/es\/wp-json\/wp\/v2\/media?parent=17287"}],"curies":[{"name":"wp","href":"https:\/\/api.w.org\/{rel}","templated":true}]}}