{"id":19,"date":"2015-05-20T12:18:06","date_gmt":"2015-05-20T11:18:06","guid":{"rendered":"https:\/\/www.thebigchallenge.com\/es\/?page_id=19"},"modified":"2024-12-04T12:46:21","modified_gmt":"2024-12-04T11:46:21","slug":"comments","status":"publish","type":"page","link":"https:\/\/www.thebigchallenge.com\/es\/teacher\/contest\/comments\/","title":{"rendered":"Comments"},"content":{"rendered":"","protected":false},"excerpt":{"rendered":"","protected":false},"author":1,"featured_media":0,"parent":14954,"menu_order":0,"comment_status":"closed","ping_status":"open","template":"","meta":{"footnotes":""},"acf":{"footer":"teacher"},"yoast_head":"<!-- This site is optimized with the Yoast SEO plugin v21.4 - https:\/\/yoast.com\/wordpress\/plugins\/seo\/ -->\n<title>Descubra opiniones de profesores sobre el Concurso<\/title>\n<meta name=\"description\" content=\"Explore los comentarios y opiniones de profesores sobre The Big Challenge. Descubra c\u00f3mo el concurso motiva a los alumnos y mejora su aprendizaje del ingl\u00e9s.\" \/>\n<meta name=\"robots\" content=\"index, follow, max-snippet:-1, max-image-preview:large, max-video-preview:-1\" \/>\n<link rel=\"canonical\" href=\"https:\/\/www.thebigchallenge.com\/es\/teacher\/contest\/comments\/\" \/>\n<meta property=\"og:locale\" content=\"fr_FR\" \/>\n<meta property=\"og:type\" content=\"article\" \/>\n<meta property=\"og:title\" content=\"Descubra opiniones de profesores sobre el Concurso\" \/>\n<meta property=\"og:description\" content=\"Explore los comentarios y opiniones de profesores sobre The Big Challenge. Descubra c\u00f3mo el concurso motiva a los alumnos y mejora su aprendizaje del ingl\u00e9s.\" \/>\n<meta property=\"og:url\" content=\"https:\/\/www.thebigchallenge.com\/es\/teacher\/contest\/comments\/\" \/>\n<meta property=\"og:site_name\" content=\"ES\" \/>\n<meta property=\"article:modified_time\" content=\"2024-12-04T11:46:21+00:00\" \/>\n<meta name=\"twitter:card\" content=\"summary_large_image\" \/>\n<script type=\"application\/ld+json\" class=\"yoast-schema-graph\">{\"@context\":\"https:\/\/schema.org\",\"@graph\":[{\"@type\":\"WebPage\",\"@id\":\"https:\/\/www.thebigchallenge.com\/es\/teacher\/contest\/comments\/\",\"url\":\"https:\/\/www.thebigchallenge.com\/es\/teacher\/contest\/comments\/\",\"name\":\"Descubra opiniones de profesores sobre el Concurso\",\"isPartOf\":{\"@id\":\"https:\/\/www.thebigchallenge.com\/es\/#website\"},\"datePublished\":\"2015-05-20T11:18:06+00:00\",\"dateModified\":\"2024-12-04T11:46:21+00:00\",\"description\":\"Explore los comentarios y opiniones de profesores sobre The Big Challenge. Descubra c\u00f3mo el concurso motiva a los alumnos y mejora su aprendizaje del ingl\u00e9s.\",\"breadcrumb\":{\"@id\":\"https:\/\/www.thebigchallenge.com\/es\/teacher\/contest\/comments\/#breadcrumb\"},\"inLanguage\":\"fr-FR\",\"potentialAction\":[{\"@type\":\"ReadAction\",\"target\":[\"https:\/\/www.thebigchallenge.com\/es\/teacher\/contest\/comments\/\"]}]},{\"@type\":\"BreadcrumbList\",\"@id\":\"https:\/\/www.thebigchallenge.com\/es\/teacher\/contest\/comments\/#breadcrumb\",\"itemListElement\":[{\"@type\":\"ListItem\",\"position\":1,\"name\":\"Accueil\",\"item\":\"https:\/\/www.thebigchallenge.com\/es\/\"},{\"@type\":\"ListItem\",\"position\":2,\"name\":\"Teacher\",\"item\":\"https:\/\/www.thebigchallenge.com\/es\/teacher\/\"},{\"@type\":\"ListItem\",\"position\":3,\"name\":\"Contest\",\"item\":\"https:\/\/www.thebigchallenge.com\/es\/teacher\/contest\/\"},{\"@type\":\"ListItem\",\"position\":4,\"name\":\"Comments\"}]},{\"@type\":\"WebSite\",\"@id\":\"https:\/\/www.thebigchallenge.com\/es\/#website\",\"url\":\"https:\/\/www.thebigchallenge.com\/es\/\",\"name\":\"ES\",\"description\":\"Le Grand Jeu Concours d\u2019Anglais pour tous les El\u00e8ves des Lyc\u00e9es pro. Plus de 500 000 participants chaque ann\u00e9e.\",\"potentialAction\":[{\"@type\":\"SearchAction\",\"target\":{\"@type\":\"EntryPoint\",\"urlTemplate\":\"https:\/\/www.thebigchallenge.com\/es\/?s={search_term_string}\"},\"query-input\":\"required name=search_term_string\"}],\"inLanguage\":\"fr-FR\"}]}<\/script>\n<!-- \/ Yoast SEO plugin. -->","yoast_head_json":{"title":"Descubra opiniones de profesores sobre el Concurso","description":"Explore los comentarios y opiniones de profesores sobre The Big Challenge. Descubra c\u00f3mo el concurso motiva a los alumnos y mejora su aprendizaje del ingl\u00e9s.","robots":{"index":"index","follow":"follow","max-snippet":"max-snippet:-1","max-image-preview":"max-image-preview:large","max-video-preview":"max-video-preview:-1"},"canonical":"https:\/\/www.thebigchallenge.com\/es\/teacher\/contest\/comments\/","og_locale":"fr_FR","og_type":"article","og_title":"Descubra opiniones de profesores sobre el Concurso","og_description":"Explore los comentarios y opiniones de profesores sobre The Big Challenge. Descubra c\u00f3mo el concurso motiva a los alumnos y mejora su aprendizaje del ingl\u00e9s.","og_url":"https:\/\/www.thebigchallenge.com\/es\/teacher\/contest\/comments\/","og_site_name":"ES","article_modified_time":"2024-12-04T11:46:21+00:00","twitter_card":"summary_large_image","schema":{"@context":"https:\/\/schema.org","@graph":[{"@type":"WebPage","@id":"https:\/\/www.thebigchallenge.com\/es\/teacher\/contest\/comments\/","url":"https:\/\/www.thebigchallenge.com\/es\/teacher\/contest\/comments\/","name":"Descubra opiniones de profesores sobre el Concurso","isPartOf":{"@id":"https:\/\/www.thebigchallenge.com\/es\/#website"},"datePublished":"2015-05-20T11:18:06+00:00","dateModified":"2024-12-04T11:46:21+00:00","description":"Explore los comentarios y opiniones de profesores sobre The Big Challenge. Descubra c\u00f3mo el concurso motiva a los alumnos y mejora su aprendizaje del ingl\u00e9s.","breadcrumb":{"@id":"https:\/\/www.thebigchallenge.com\/es\/teacher\/contest\/comments\/#breadcrumb"},"inLanguage":"fr-FR","potentialAction":[{"@type":"ReadAction","target":["https:\/\/www.thebigchallenge.com\/es\/teacher\/contest\/comments\/"]}]},{"@type":"BreadcrumbList","@id":"https:\/\/www.thebigchallenge.com\/es\/teacher\/contest\/comments\/#breadcrumb","itemListElement":[{"@type":"ListItem","position":1,"name":"Accueil","item":"https:\/\/www.thebigchallenge.com\/es\/"},{"@type":"ListItem","position":2,"name":"Teacher","item":"https:\/\/www.thebigchallenge.com\/es\/teacher\/"},{"@type":"ListItem","position":3,"name":"Contest","item":"https:\/\/www.thebigchallenge.com\/es\/teacher\/contest\/"},{"@type":"ListItem","position":4,"name":"Comments"}]},{"@type":"WebSite","@id":"https:\/\/www.thebigchallenge.com\/es\/#website","url":"https:\/\/www.thebigchallenge.com\/es\/","name":"ES","description":"Le Grand Jeu Concours d\u2019Anglais pour tous les El\u00e8ves des Lyc\u00e9es pro. Plus de 500 000 participants chaque ann\u00e9e.","potentialAction":[{"@type":"SearchAction","target":{"@type":"EntryPoint","urlTemplate":"https:\/\/www.thebigchallenge.com\/es\/?s={search_term_string}"},"query-input":"required name=search_term_string"}],"inLanguage":"fr-FR"}]}},"publishpress_future_action":{"enabled":false,"date":"1970-01-01 01:00:00","action":"","terms":[],"taxonomy":"","browser_timezone_offset":0},"_links":{"self":[{"href":"https:\/\/www.thebigchallenge.com\/es\/wp-json\/wp\/v2\/pages\/19"}],"collection":[{"href":"https:\/\/www.thebigchallenge.com\/es\/wp-json\/wp\/v2\/pages"}],"about":[{"href":"https:\/\/www.thebigchallenge.com\/es\/wp-json\/wp\/v2\/types\/page"}],"author":[{"embeddable":true,"href":"https:\/\/www.thebigchallenge.com\/es\/wp-json\/wp\/v2\/users\/1"}],"replies":[{"embeddable":true,"href":"https:\/\/www.thebigchallenge.com\/es\/wp-json\/wp\/v2\/comments?post=19"}],"version-history":[{"count":10,"href":"https:\/\/www.thebigchallenge.com\/es\/wp-json\/wp\/v2\/pages\/19\/revisions"}],"predecessor-version":[{"id":16878,"href":"https:\/\/www.thebigchallenge.com\/es\/wp-json\/wp\/v2\/pages\/19\/revisions\/16878"}],"up":[{"embeddable":true,"href":"https:\/\/www.thebigchallenge.com\/es\/wp-json\/wp\/v2\/pages\/14954"}],"wp:attachment":[{"href":"https:\/\/www.thebigchallenge.com\/es\/wp-json\/wp\/v2\/media?parent=19"}],"curies":[{"name":"wp","href":"https:\/\/api.w.org\/{rel}","templated":true}]}}