{"id":242,"date":"2015-06-24T14:46:44","date_gmt":"2015-06-24T13:46:44","guid":{"rendered":"https:\/\/www.thebigchallenge.com\/es\/?page_id=242"},"modified":"2026-01-07T11:45:33","modified_gmt":"2026-01-07T10:45:33","slug":"prizes","status":"publish","type":"page","link":"https:\/\/www.thebigchallenge.com\/es\/teacher\/contest\/prizes\/","title":{"rendered":"Prizes"},"content":{"rendered":"","protected":false},"excerpt":{"rendered":"","protected":false},"author":1,"featured_media":0,"parent":14954,"menu_order":0,"comment_status":"closed","ping_status":"open","template":"","meta":{"footnotes":""},"acf":{"footer":"teacher"},"yoast_head":"<!-- This site is optimized with the Yoast SEO plugin v21.4 - https:\/\/yoast.com\/wordpress\/plugins\/seo\/ -->\n<title>Descubra los premios del concurso The Big Challenge<\/title>\n<meta name=\"description\" content=\"Descubra los premios del concurso The Big Challenge. Reconozca los logros de sus alumnos con premios dise\u00f1ados para motivar y celebrar su esfuerzo.\" \/>\n<meta name=\"robots\" content=\"index, follow, max-snippet:-1, max-image-preview:large, max-video-preview:-1\" \/>\n<link rel=\"canonical\" href=\"https:\/\/www.thebigchallenge.com\/es\/teacher\/contest\/prizes\/\" \/>\n<meta property=\"og:locale\" content=\"fr_FR\" \/>\n<meta property=\"og:type\" content=\"article\" \/>\n<meta property=\"og:title\" content=\"Descubra los premios del concurso The Big Challenge\" \/>\n<meta property=\"og:description\" content=\"Descubra los premios del concurso The Big Challenge. Reconozca los logros de sus alumnos con premios dise\u00f1ados para motivar y celebrar su esfuerzo.\" \/>\n<meta property=\"og:url\" content=\"https:\/\/www.thebigchallenge.com\/es\/teacher\/contest\/prizes\/\" \/>\n<meta property=\"og:site_name\" content=\"ES\" \/>\n<meta property=\"article:modified_time\" content=\"2026-01-07T10:45:33+00:00\" \/>\n<meta name=\"twitter:card\" content=\"summary_large_image\" \/>\n<script type=\"application\/ld+json\" class=\"yoast-schema-graph\">{\"@context\":\"https:\/\/schema.org\",\"@graph\":[{\"@type\":\"WebPage\",\"@id\":\"https:\/\/www.thebigchallenge.com\/es\/teacher\/contest\/prizes\/\",\"url\":\"https:\/\/www.thebigchallenge.com\/es\/teacher\/contest\/prizes\/\",\"name\":\"Descubra los premios del concurso The Big Challenge\",\"isPartOf\":{\"@id\":\"https:\/\/www.thebigchallenge.com\/es\/#website\"},\"datePublished\":\"2015-06-24T13:46:44+00:00\",\"dateModified\":\"2026-01-07T10:45:33+00:00\",\"description\":\"Descubra los premios del concurso The Big Challenge. Reconozca los logros de sus alumnos con premios dise\u00f1ados para motivar y celebrar su esfuerzo.\",\"breadcrumb\":{\"@id\":\"https:\/\/www.thebigchallenge.com\/es\/teacher\/contest\/prizes\/#breadcrumb\"},\"inLanguage\":\"fr-FR\",\"potentialAction\":[{\"@type\":\"ReadAction\",\"target\":[\"https:\/\/www.thebigchallenge.com\/es\/teacher\/contest\/prizes\/\"]}]},{\"@type\":\"BreadcrumbList\",\"@id\":\"https:\/\/www.thebigchallenge.com\/es\/teacher\/contest\/prizes\/#breadcrumb\",\"itemListElement\":[{\"@type\":\"ListItem\",\"position\":1,\"name\":\"Accueil\",\"item\":\"https:\/\/www.thebigchallenge.com\/es\/\"},{\"@type\":\"ListItem\",\"position\":2,\"name\":\"Teacher\",\"item\":\"https:\/\/www.thebigchallenge.com\/es\/teacher\/\"},{\"@type\":\"ListItem\",\"position\":3,\"name\":\"Contest\",\"item\":\"https:\/\/www.thebigchallenge.com\/es\/teacher\/contest\/\"},{\"@type\":\"ListItem\",\"position\":4,\"name\":\"Prizes\"}]},{\"@type\":\"WebSite\",\"@id\":\"https:\/\/www.thebigchallenge.com\/es\/#website\",\"url\":\"https:\/\/www.thebigchallenge.com\/es\/\",\"name\":\"ES\",\"description\":\"Le Grand Jeu Concours d\u2019Anglais pour tous les El\u00e8ves des Lyc\u00e9es pro. Plus de 500 000 participants chaque ann\u00e9e.\",\"potentialAction\":[{\"@type\":\"SearchAction\",\"target\":{\"@type\":\"EntryPoint\",\"urlTemplate\":\"https:\/\/www.thebigchallenge.com\/es\/?s={search_term_string}\"},\"query-input\":\"required name=search_term_string\"}],\"inLanguage\":\"fr-FR\"}]}<\/script>\n<!-- \/ Yoast SEO plugin. -->","yoast_head_json":{"title":"Descubra los premios del concurso The Big Challenge","description":"Descubra los premios del concurso The Big Challenge. Reconozca los logros de sus alumnos con premios dise\u00f1ados para motivar y celebrar su esfuerzo.","robots":{"index":"index","follow":"follow","max-snippet":"max-snippet:-1","max-image-preview":"max-image-preview:large","max-video-preview":"max-video-preview:-1"},"canonical":"https:\/\/www.thebigchallenge.com\/es\/teacher\/contest\/prizes\/","og_locale":"fr_FR","og_type":"article","og_title":"Descubra los premios del concurso The Big Challenge","og_description":"Descubra los premios del concurso The Big Challenge. Reconozca los logros de sus alumnos con premios dise\u00f1ados para motivar y celebrar su esfuerzo.","og_url":"https:\/\/www.thebigchallenge.com\/es\/teacher\/contest\/prizes\/","og_site_name":"ES","article_modified_time":"2026-01-07T10:45:33+00:00","twitter_card":"summary_large_image","schema":{"@context":"https:\/\/schema.org","@graph":[{"@type":"WebPage","@id":"https:\/\/www.thebigchallenge.com\/es\/teacher\/contest\/prizes\/","url":"https:\/\/www.thebigchallenge.com\/es\/teacher\/contest\/prizes\/","name":"Descubra los premios del concurso The Big Challenge","isPartOf":{"@id":"https:\/\/www.thebigchallenge.com\/es\/#website"},"datePublished":"2015-06-24T13:46:44+00:00","dateModified":"2026-01-07T10:45:33+00:00","description":"Descubra los premios del concurso The Big Challenge. Reconozca los logros de sus alumnos con premios dise\u00f1ados para motivar y celebrar su esfuerzo.","breadcrumb":{"@id":"https:\/\/www.thebigchallenge.com\/es\/teacher\/contest\/prizes\/#breadcrumb"},"inLanguage":"fr-FR","potentialAction":[{"@type":"ReadAction","target":["https:\/\/www.thebigchallenge.com\/es\/teacher\/contest\/prizes\/"]}]},{"@type":"BreadcrumbList","@id":"https:\/\/www.thebigchallenge.com\/es\/teacher\/contest\/prizes\/#breadcrumb","itemListElement":[{"@type":"ListItem","position":1,"name":"Accueil","item":"https:\/\/www.thebigchallenge.com\/es\/"},{"@type":"ListItem","position":2,"name":"Teacher","item":"https:\/\/www.thebigchallenge.com\/es\/teacher\/"},{"@type":"ListItem","position":3,"name":"Contest","item":"https:\/\/www.thebigchallenge.com\/es\/teacher\/contest\/"},{"@type":"ListItem","position":4,"name":"Prizes"}]},{"@type":"WebSite","@id":"https:\/\/www.thebigchallenge.com\/es\/#website","url":"https:\/\/www.thebigchallenge.com\/es\/","name":"ES","description":"Le Grand Jeu Concours d\u2019Anglais pour tous les El\u00e8ves des Lyc\u00e9es pro. Plus de 500 000 participants chaque ann\u00e9e.","potentialAction":[{"@type":"SearchAction","target":{"@type":"EntryPoint","urlTemplate":"https:\/\/www.thebigchallenge.com\/es\/?s={search_term_string}"},"query-input":"required name=search_term_string"}],"inLanguage":"fr-FR"}]}},"publishpress_future_action":{"enabled":false,"date":"1970-01-01 01:00:00","action":"","terms":[],"taxonomy":"","browser_timezone_offset":0},"_links":{"self":[{"href":"https:\/\/www.thebigchallenge.com\/es\/wp-json\/wp\/v2\/pages\/242"}],"collection":[{"href":"https:\/\/www.thebigchallenge.com\/es\/wp-json\/wp\/v2\/pages"}],"about":[{"href":"https:\/\/www.thebigchallenge.com\/es\/wp-json\/wp\/v2\/types\/page"}],"author":[{"embeddable":true,"href":"https:\/\/www.thebigchallenge.com\/es\/wp-json\/wp\/v2\/users\/1"}],"replies":[{"embeddable":true,"href":"https:\/\/www.thebigchallenge.com\/es\/wp-json\/wp\/v2\/comments?post=242"}],"version-history":[{"count":10,"href":"https:\/\/www.thebigchallenge.com\/es\/wp-json\/wp\/v2\/pages\/242\/revisions"}],"predecessor-version":[{"id":18117,"href":"https:\/\/www.thebigchallenge.com\/es\/wp-json\/wp\/v2\/pages\/242\/revisions\/18117"}],"up":[{"embeddable":true,"href":"https:\/\/www.thebigchallenge.com\/es\/wp-json\/wp\/v2\/pages\/14954"}],"wp:attachment":[{"href":"https:\/\/www.thebigchallenge.com\/es\/wp-json\/wp\/v2\/media?parent=242"}],"curies":[{"name":"wp","href":"https:\/\/api.w.org\/{rel}","templated":true}]}}