{"id":2862,"date":"2017-08-31T16:23:45","date_gmt":"2017-08-31T15:23:45","guid":{"rendered":"https:\/\/www.thebigchallenge.com\/es\/?page_id=2862"},"modified":"2024-12-04T12:29:51","modified_gmt":"2024-12-04T11:29:51","slug":"photo-form","status":"publish","type":"page","link":"https:\/\/www.thebigchallenge.com\/es\/student\/photos\/photo-form\/","title":{"rendered":"Photo Form"},"content":{"rendered":"","protected":false},"excerpt":{"rendered":"","protected":false},"author":1,"featured_media":0,"parent":2857,"menu_order":0,"comment_status":"closed","ping_status":"open","template":"","meta":{"footnotes":""},"acf":{"footer":"student"},"yoast_head":"<!-- This site is optimized with the Yoast SEO plugin v21.4 - https:\/\/yoast.com\/wordpress\/plugins\/seo\/ -->\n<title>Comparte tus fotos de The Big Challenge<\/title>\n<meta name=\"description\" content=\"Comparte tus fotos favoritas de The Big Challenge con nosotros. Sube tus im\u00e1genes y forma parte de nuestra galer\u00eda de momentos especiales.\" \/>\n<meta name=\"robots\" content=\"index, follow, max-snippet:-1, max-image-preview:large, max-video-preview:-1\" \/>\n<link rel=\"canonical\" href=\"https:\/\/www.thebigchallenge.com\/es\/student\/photos\/photo-form\/\" \/>\n<meta property=\"og:locale\" content=\"fr_FR\" \/>\n<meta property=\"og:type\" content=\"article\" \/>\n<meta property=\"og:title\" content=\"Comparte tus fotos de The Big Challenge\" \/>\n<meta property=\"og:description\" content=\"Comparte tus fotos favoritas de The Big Challenge con nosotros. Sube tus im\u00e1genes y forma parte de nuestra galer\u00eda de momentos especiales.\" \/>\n<meta property=\"og:url\" content=\"https:\/\/www.thebigchallenge.com\/es\/student\/photos\/photo-form\/\" \/>\n<meta property=\"og:site_name\" content=\"ES\" \/>\n<meta property=\"article:modified_time\" content=\"2024-12-04T11:29:51+00:00\" \/>\n<meta name=\"twitter:card\" content=\"summary_large_image\" \/>\n<script type=\"application\/ld+json\" class=\"yoast-schema-graph\">{\"@context\":\"https:\/\/schema.org\",\"@graph\":[{\"@type\":\"WebPage\",\"@id\":\"https:\/\/www.thebigchallenge.com\/es\/student\/photos\/photo-form\/\",\"url\":\"https:\/\/www.thebigchallenge.com\/es\/student\/photos\/photo-form\/\",\"name\":\"Comparte tus fotos de The Big Challenge\",\"isPartOf\":{\"@id\":\"https:\/\/www.thebigchallenge.com\/es\/#website\"},\"datePublished\":\"2017-08-31T15:23:45+00:00\",\"dateModified\":\"2024-12-04T11:29:51+00:00\",\"description\":\"Comparte tus fotos favoritas de The Big Challenge con nosotros. Sube tus im\u00e1genes y forma parte de nuestra galer\u00eda de momentos especiales.\",\"breadcrumb\":{\"@id\":\"https:\/\/www.thebigchallenge.com\/es\/student\/photos\/photo-form\/#breadcrumb\"},\"inLanguage\":\"fr-FR\",\"potentialAction\":[{\"@type\":\"ReadAction\",\"target\":[\"https:\/\/www.thebigchallenge.com\/es\/student\/photos\/photo-form\/\"]}]},{\"@type\":\"BreadcrumbList\",\"@id\":\"https:\/\/www.thebigchallenge.com\/es\/student\/photos\/photo-form\/#breadcrumb\",\"itemListElement\":[{\"@type\":\"ListItem\",\"position\":1,\"name\":\"Accueil\",\"item\":\"https:\/\/www.thebigchallenge.com\/es\/\"},{\"@type\":\"ListItem\",\"position\":2,\"name\":\"Student\",\"item\":\"https:\/\/www.thebigchallenge.com\/es\/student\/\"},{\"@type\":\"ListItem\",\"position\":3,\"name\":\"Photos\",\"item\":\"https:\/\/www.thebigchallenge.com\/es\/student\/photos\/\"},{\"@type\":\"ListItem\",\"position\":4,\"name\":\"Photo Form\"}]},{\"@type\":\"WebSite\",\"@id\":\"https:\/\/www.thebigchallenge.com\/es\/#website\",\"url\":\"https:\/\/www.thebigchallenge.com\/es\/\",\"name\":\"ES\",\"description\":\"Le Grand Jeu Concours d\u2019Anglais pour tous les El\u00e8ves des Lyc\u00e9es pro. Plus de 500 000 participants chaque ann\u00e9e.\",\"potentialAction\":[{\"@type\":\"SearchAction\",\"target\":{\"@type\":\"EntryPoint\",\"urlTemplate\":\"https:\/\/www.thebigchallenge.com\/es\/?s={search_term_string}\"},\"query-input\":\"required name=search_term_string\"}],\"inLanguage\":\"fr-FR\"}]}<\/script>\n<!-- \/ Yoast SEO plugin. -->","yoast_head_json":{"title":"Comparte tus fotos de The Big Challenge","description":"Comparte tus fotos favoritas de The Big Challenge con nosotros. Sube tus im\u00e1genes y forma parte de nuestra galer\u00eda de momentos especiales.","robots":{"index":"index","follow":"follow","max-snippet":"max-snippet:-1","max-image-preview":"max-image-preview:large","max-video-preview":"max-video-preview:-1"},"canonical":"https:\/\/www.thebigchallenge.com\/es\/student\/photos\/photo-form\/","og_locale":"fr_FR","og_type":"article","og_title":"Comparte tus fotos de The Big Challenge","og_description":"Comparte tus fotos favoritas de The Big Challenge con nosotros. Sube tus im\u00e1genes y forma parte de nuestra galer\u00eda de momentos especiales.","og_url":"https:\/\/www.thebigchallenge.com\/es\/student\/photos\/photo-form\/","og_site_name":"ES","article_modified_time":"2024-12-04T11:29:51+00:00","twitter_card":"summary_large_image","schema":{"@context":"https:\/\/schema.org","@graph":[{"@type":"WebPage","@id":"https:\/\/www.thebigchallenge.com\/es\/student\/photos\/photo-form\/","url":"https:\/\/www.thebigchallenge.com\/es\/student\/photos\/photo-form\/","name":"Comparte tus fotos de The Big Challenge","isPartOf":{"@id":"https:\/\/www.thebigchallenge.com\/es\/#website"},"datePublished":"2017-08-31T15:23:45+00:00","dateModified":"2024-12-04T11:29:51+00:00","description":"Comparte tus fotos favoritas de The Big Challenge con nosotros. Sube tus im\u00e1genes y forma parte de nuestra galer\u00eda de momentos especiales.","breadcrumb":{"@id":"https:\/\/www.thebigchallenge.com\/es\/student\/photos\/photo-form\/#breadcrumb"},"inLanguage":"fr-FR","potentialAction":[{"@type":"ReadAction","target":["https:\/\/www.thebigchallenge.com\/es\/student\/photos\/photo-form\/"]}]},{"@type":"BreadcrumbList","@id":"https:\/\/www.thebigchallenge.com\/es\/student\/photos\/photo-form\/#breadcrumb","itemListElement":[{"@type":"ListItem","position":1,"name":"Accueil","item":"https:\/\/www.thebigchallenge.com\/es\/"},{"@type":"ListItem","position":2,"name":"Student","item":"https:\/\/www.thebigchallenge.com\/es\/student\/"},{"@type":"ListItem","position":3,"name":"Photos","item":"https:\/\/www.thebigchallenge.com\/es\/student\/photos\/"},{"@type":"ListItem","position":4,"name":"Photo Form"}]},{"@type":"WebSite","@id":"https:\/\/www.thebigchallenge.com\/es\/#website","url":"https:\/\/www.thebigchallenge.com\/es\/","name":"ES","description":"Le Grand Jeu Concours d\u2019Anglais pour tous les El\u00e8ves des Lyc\u00e9es pro. Plus de 500 000 participants chaque ann\u00e9e.","potentialAction":[{"@type":"SearchAction","target":{"@type":"EntryPoint","urlTemplate":"https:\/\/www.thebigchallenge.com\/es\/?s={search_term_string}"},"query-input":"required name=search_term_string"}],"inLanguage":"fr-FR"}]}},"publishpress_future_action":{"enabled":false,"date":"1970-01-01 01:00:00","action":"","terms":[],"taxonomy":"","browser_timezone_offset":0},"_links":{"self":[{"href":"https:\/\/www.thebigchallenge.com\/es\/wp-json\/wp\/v2\/pages\/2862"}],"collection":[{"href":"https:\/\/www.thebigchallenge.com\/es\/wp-json\/wp\/v2\/pages"}],"about":[{"href":"https:\/\/www.thebigchallenge.com\/es\/wp-json\/wp\/v2\/types\/page"}],"author":[{"embeddable":true,"href":"https:\/\/www.thebigchallenge.com\/es\/wp-json\/wp\/v2\/users\/1"}],"replies":[{"embeddable":true,"href":"https:\/\/www.thebigchallenge.com\/es\/wp-json\/wp\/v2\/comments?post=2862"}],"version-history":[{"count":4,"href":"https:\/\/www.thebigchallenge.com\/es\/wp-json\/wp\/v2\/pages\/2862\/revisions"}],"predecessor-version":[{"id":17023,"href":"https:\/\/www.thebigchallenge.com\/es\/wp-json\/wp\/v2\/pages\/2862\/revisions\/17023"}],"up":[{"embeddable":true,"href":"https:\/\/www.thebigchallenge.com\/es\/wp-json\/wp\/v2\/pages\/2857"}],"wp:attachment":[{"href":"https:\/\/www.thebigchallenge.com\/es\/wp-json\/wp\/v2\/media?parent=2862"}],"curies":[{"name":"wp","href":"https:\/\/api.w.org\/{rel}","templated":true}]}}