{"id":35,"date":"2015-05-20T12:19:51","date_gmt":"2015-05-20T11:19:51","guid":{"rendered":"https:\/\/www.thebigchallenge.com\/es\/?page_id=35"},"modified":"2024-12-04T12:56:15","modified_gmt":"2024-12-04T11:56:15","slug":"photos","status":"publish","type":"page","link":"https:\/\/www.thebigchallenge.com\/es\/teacher\/contest\/photos\/","title":{"rendered":"Photos"},"content":{"rendered":"","protected":false},"excerpt":{"rendered":"","protected":false},"author":1,"featured_media":0,"parent":14954,"menu_order":0,"comment_status":"closed","ping_status":"open","template":"","meta":{"footnotes":""},"acf":{"footer":"teacher"},"yoast_head":"<!-- This site is optimized with the Yoast SEO plugin v21.4 - https:\/\/yoast.com\/wordpress\/plugins\/seo\/ -->\n<title>Reviva el concurso con las fotos de The Big Challenge<\/title>\n<meta name=\"description\" content=\"Explore las fotos del concurso The Big Challenge y reviva los momentos m\u00e1s emocionantes. Descubra c\u00f3mo sus alumnos pueden formar parte de esta experiencia \u00fanica.\" \/>\n<meta name=\"robots\" content=\"index, follow, max-snippet:-1, max-image-preview:large, max-video-preview:-1\" \/>\n<link rel=\"canonical\" href=\"https:\/\/www.thebigchallenge.com\/es\/teacher\/contest\/photos\/\" \/>\n<meta property=\"og:locale\" content=\"fr_FR\" \/>\n<meta property=\"og:type\" content=\"article\" \/>\n<meta property=\"og:title\" content=\"Reviva el concurso con las fotos de The Big Challenge\" \/>\n<meta property=\"og:description\" content=\"Explore las fotos del concurso The Big Challenge y reviva los momentos m\u00e1s emocionantes. Descubra c\u00f3mo sus alumnos pueden formar parte de esta experiencia \u00fanica.\" \/>\n<meta property=\"og:url\" content=\"https:\/\/www.thebigchallenge.com\/es\/teacher\/contest\/photos\/\" \/>\n<meta property=\"og:site_name\" content=\"ES\" \/>\n<meta property=\"article:modified_time\" content=\"2024-12-04T11:56:15+00:00\" \/>\n<meta name=\"twitter:card\" content=\"summary_large_image\" \/>\n<script type=\"application\/ld+json\" class=\"yoast-schema-graph\">{\"@context\":\"https:\/\/schema.org\",\"@graph\":[{\"@type\":\"WebPage\",\"@id\":\"https:\/\/www.thebigchallenge.com\/es\/teacher\/contest\/photos\/\",\"url\":\"https:\/\/www.thebigchallenge.com\/es\/teacher\/contest\/photos\/\",\"name\":\"Reviva el concurso con las fotos de The Big Challenge\",\"isPartOf\":{\"@id\":\"https:\/\/www.thebigchallenge.com\/es\/#website\"},\"datePublished\":\"2015-05-20T11:19:51+00:00\",\"dateModified\":\"2024-12-04T11:56:15+00:00\",\"description\":\"Explore las fotos del concurso The Big Challenge y reviva los momentos m\u00e1s emocionantes. Descubra c\u00f3mo sus alumnos pueden formar parte de esta experiencia \u00fanica.\",\"breadcrumb\":{\"@id\":\"https:\/\/www.thebigchallenge.com\/es\/teacher\/contest\/photos\/#breadcrumb\"},\"inLanguage\":\"fr-FR\",\"potentialAction\":[{\"@type\":\"ReadAction\",\"target\":[\"https:\/\/www.thebigchallenge.com\/es\/teacher\/contest\/photos\/\"]}]},{\"@type\":\"BreadcrumbList\",\"@id\":\"https:\/\/www.thebigchallenge.com\/es\/teacher\/contest\/photos\/#breadcrumb\",\"itemListElement\":[{\"@type\":\"ListItem\",\"position\":1,\"name\":\"Accueil\",\"item\":\"https:\/\/www.thebigchallenge.com\/es\/\"},{\"@type\":\"ListItem\",\"position\":2,\"name\":\"Teacher\",\"item\":\"https:\/\/www.thebigchallenge.com\/es\/teacher\/\"},{\"@type\":\"ListItem\",\"position\":3,\"name\":\"Contest\",\"item\":\"https:\/\/www.thebigchallenge.com\/es\/teacher\/contest\/\"},{\"@type\":\"ListItem\",\"position\":4,\"name\":\"Photos\"}]},{\"@type\":\"WebSite\",\"@id\":\"https:\/\/www.thebigchallenge.com\/es\/#website\",\"url\":\"https:\/\/www.thebigchallenge.com\/es\/\",\"name\":\"ES\",\"description\":\"Le Grand Jeu Concours d\u2019Anglais pour tous les El\u00e8ves des Lyc\u00e9es pro. Plus de 500 000 participants chaque ann\u00e9e.\",\"potentialAction\":[{\"@type\":\"SearchAction\",\"target\":{\"@type\":\"EntryPoint\",\"urlTemplate\":\"https:\/\/www.thebigchallenge.com\/es\/?s={search_term_string}\"},\"query-input\":\"required name=search_term_string\"}],\"inLanguage\":\"fr-FR\"}]}<\/script>\n<!-- \/ Yoast SEO plugin. -->","yoast_head_json":{"title":"Reviva el concurso con las fotos de The Big Challenge","description":"Explore las fotos del concurso The Big Challenge y reviva los momentos m\u00e1s emocionantes. Descubra c\u00f3mo sus alumnos pueden formar parte de esta experiencia \u00fanica.","robots":{"index":"index","follow":"follow","max-snippet":"max-snippet:-1","max-image-preview":"max-image-preview:large","max-video-preview":"max-video-preview:-1"},"canonical":"https:\/\/www.thebigchallenge.com\/es\/teacher\/contest\/photos\/","og_locale":"fr_FR","og_type":"article","og_title":"Reviva el concurso con las fotos de The Big Challenge","og_description":"Explore las fotos del concurso The Big Challenge y reviva los momentos m\u00e1s emocionantes. Descubra c\u00f3mo sus alumnos pueden formar parte de esta experiencia \u00fanica.","og_url":"https:\/\/www.thebigchallenge.com\/es\/teacher\/contest\/photos\/","og_site_name":"ES","article_modified_time":"2024-12-04T11:56:15+00:00","twitter_card":"summary_large_image","schema":{"@context":"https:\/\/schema.org","@graph":[{"@type":"WebPage","@id":"https:\/\/www.thebigchallenge.com\/es\/teacher\/contest\/photos\/","url":"https:\/\/www.thebigchallenge.com\/es\/teacher\/contest\/photos\/","name":"Reviva el concurso con las fotos de The Big Challenge","isPartOf":{"@id":"https:\/\/www.thebigchallenge.com\/es\/#website"},"datePublished":"2015-05-20T11:19:51+00:00","dateModified":"2024-12-04T11:56:15+00:00","description":"Explore las fotos del concurso The Big Challenge y reviva los momentos m\u00e1s emocionantes. Descubra c\u00f3mo sus alumnos pueden formar parte de esta experiencia \u00fanica.","breadcrumb":{"@id":"https:\/\/www.thebigchallenge.com\/es\/teacher\/contest\/photos\/#breadcrumb"},"inLanguage":"fr-FR","potentialAction":[{"@type":"ReadAction","target":["https:\/\/www.thebigchallenge.com\/es\/teacher\/contest\/photos\/"]}]},{"@type":"BreadcrumbList","@id":"https:\/\/www.thebigchallenge.com\/es\/teacher\/contest\/photos\/#breadcrumb","itemListElement":[{"@type":"ListItem","position":1,"name":"Accueil","item":"https:\/\/www.thebigchallenge.com\/es\/"},{"@type":"ListItem","position":2,"name":"Teacher","item":"https:\/\/www.thebigchallenge.com\/es\/teacher\/"},{"@type":"ListItem","position":3,"name":"Contest","item":"https:\/\/www.thebigchallenge.com\/es\/teacher\/contest\/"},{"@type":"ListItem","position":4,"name":"Photos"}]},{"@type":"WebSite","@id":"https:\/\/www.thebigchallenge.com\/es\/#website","url":"https:\/\/www.thebigchallenge.com\/es\/","name":"ES","description":"Le Grand Jeu Concours d\u2019Anglais pour tous les El\u00e8ves des Lyc\u00e9es pro. Plus de 500 000 participants chaque ann\u00e9e.","potentialAction":[{"@type":"SearchAction","target":{"@type":"EntryPoint","urlTemplate":"https:\/\/www.thebigchallenge.com\/es\/?s={search_term_string}"},"query-input":"required name=search_term_string"}],"inLanguage":"fr-FR"}]}},"publishpress_future_action":{"enabled":false,"date":"1970-01-01 01:00:00","action":"","terms":[],"taxonomy":"","browser_timezone_offset":0},"_links":{"self":[{"href":"https:\/\/www.thebigchallenge.com\/es\/wp-json\/wp\/v2\/pages\/35"}],"collection":[{"href":"https:\/\/www.thebigchallenge.com\/es\/wp-json\/wp\/v2\/pages"}],"about":[{"href":"https:\/\/www.thebigchallenge.com\/es\/wp-json\/wp\/v2\/types\/page"}],"author":[{"embeddable":true,"href":"https:\/\/www.thebigchallenge.com\/es\/wp-json\/wp\/v2\/users\/1"}],"replies":[{"embeddable":true,"href":"https:\/\/www.thebigchallenge.com\/es\/wp-json\/wp\/v2\/comments?post=35"}],"version-history":[{"count":10,"href":"https:\/\/www.thebigchallenge.com\/es\/wp-json\/wp\/v2\/pages\/35\/revisions"}],"predecessor-version":[{"id":16877,"href":"https:\/\/www.thebigchallenge.com\/es\/wp-json\/wp\/v2\/pages\/35\/revisions\/16877"}],"up":[{"embeddable":true,"href":"https:\/\/www.thebigchallenge.com\/es\/wp-json\/wp\/v2\/pages\/14954"}],"wp:attachment":[{"href":"https:\/\/www.thebigchallenge.com\/es\/wp-json\/wp\/v2\/media?parent=35"}],"curies":[{"name":"wp","href":"https:\/\/api.w.org\/{rel}","templated":true}]}}