{"id":996,"date":"2015-07-27T01:24:09","date_gmt":"2015-07-27T00:24:09","guid":{"rendered":"https:\/\/www.thebigchallenge.com\/es\/?page_id=996"},"modified":"2024-12-04T12:47:16","modified_gmt":"2024-12-04T11:47:16","slug":"comments-form","status":"publish","type":"page","link":"https:\/\/www.thebigchallenge.com\/es\/teacher\/contest\/comments\/comments-form\/","title":{"rendered":"Comments Form"},"content":{"rendered":"","protected":false},"excerpt":{"rendered":"","protected":false},"author":1,"featured_media":0,"parent":19,"menu_order":0,"comment_status":"closed","ping_status":"closed","template":"","meta":{"footnotes":""},"acf":{"footer":"teacher"},"yoast_head":"<!-- This site is optimized with the Yoast SEO plugin v21.4 - https:\/\/yoast.com\/wordpress\/plugins\/seo\/ -->\n<title>Comparta su opini\u00f3n sobre The Big Challenge<\/title>\n<meta name=\"description\" content=\"Comparta su opini\u00f3n sobre The Big Challenge mediante nuestro formulario de comentarios. Ay\u00fadenos a mejorar y a seguir motivando a los alumnos.\" \/>\n<meta name=\"robots\" content=\"index, follow, max-snippet:-1, max-image-preview:large, max-video-preview:-1\" \/>\n<link rel=\"canonical\" href=\"https:\/\/www.thebigchallenge.com\/es\/teacher\/contest\/comments\/comments-form\/\" \/>\n<meta property=\"og:locale\" content=\"fr_FR\" \/>\n<meta property=\"og:type\" content=\"article\" \/>\n<meta property=\"og:title\" content=\"Comparta su opini\u00f3n sobre The Big Challenge\" \/>\n<meta property=\"og:description\" content=\"Comparta su opini\u00f3n sobre The Big Challenge mediante nuestro formulario de comentarios. Ay\u00fadenos a mejorar y a seguir motivando a los alumnos.\" \/>\n<meta property=\"og:url\" content=\"https:\/\/www.thebigchallenge.com\/es\/teacher\/contest\/comments\/comments-form\/\" \/>\n<meta property=\"og:site_name\" content=\"ES\" \/>\n<meta property=\"article:modified_time\" content=\"2024-12-04T11:47:16+00:00\" \/>\n<meta name=\"twitter:card\" content=\"summary_large_image\" \/>\n<script type=\"application\/ld+json\" class=\"yoast-schema-graph\">{\"@context\":\"https:\/\/schema.org\",\"@graph\":[{\"@type\":\"WebPage\",\"@id\":\"https:\/\/www.thebigchallenge.com\/es\/teacher\/contest\/comments\/comments-form\/\",\"url\":\"https:\/\/www.thebigchallenge.com\/es\/teacher\/contest\/comments\/comments-form\/\",\"name\":\"Comparta su opini\u00f3n sobre The Big Challenge\",\"isPartOf\":{\"@id\":\"https:\/\/www.thebigchallenge.com\/es\/#website\"},\"datePublished\":\"2015-07-27T00:24:09+00:00\",\"dateModified\":\"2024-12-04T11:47:16+00:00\",\"description\":\"Comparta su opini\u00f3n sobre The Big Challenge mediante nuestro formulario de comentarios. Ay\u00fadenos a mejorar y a seguir motivando a los alumnos.\",\"breadcrumb\":{\"@id\":\"https:\/\/www.thebigchallenge.com\/es\/teacher\/contest\/comments\/comments-form\/#breadcrumb\"},\"inLanguage\":\"fr-FR\",\"potentialAction\":[{\"@type\":\"ReadAction\",\"target\":[\"https:\/\/www.thebigchallenge.com\/es\/teacher\/contest\/comments\/comments-form\/\"]}]},{\"@type\":\"BreadcrumbList\",\"@id\":\"https:\/\/www.thebigchallenge.com\/es\/teacher\/contest\/comments\/comments-form\/#breadcrumb\",\"itemListElement\":[{\"@type\":\"ListItem\",\"position\":1,\"name\":\"Accueil\",\"item\":\"https:\/\/www.thebigchallenge.com\/es\/\"},{\"@type\":\"ListItem\",\"position\":2,\"name\":\"Teacher\",\"item\":\"https:\/\/www.thebigchallenge.com\/es\/teacher\/\"},{\"@type\":\"ListItem\",\"position\":3,\"name\":\"Contest\",\"item\":\"https:\/\/www.thebigchallenge.com\/es\/teacher\/contest\/\"},{\"@type\":\"ListItem\",\"position\":4,\"name\":\"Comments\",\"item\":\"https:\/\/www.thebigchallenge.com\/es\/teacher\/contest\/comments\/\"},{\"@type\":\"ListItem\",\"position\":5,\"name\":\"Comments Form\"}]},{\"@type\":\"WebSite\",\"@id\":\"https:\/\/www.thebigchallenge.com\/es\/#website\",\"url\":\"https:\/\/www.thebigchallenge.com\/es\/\",\"name\":\"ES\",\"description\":\"Le Grand Jeu Concours d\u2019Anglais pour tous les El\u00e8ves des Lyc\u00e9es pro. Plus de 500 000 participants chaque ann\u00e9e.\",\"potentialAction\":[{\"@type\":\"SearchAction\",\"target\":{\"@type\":\"EntryPoint\",\"urlTemplate\":\"https:\/\/www.thebigchallenge.com\/es\/?s={search_term_string}\"},\"query-input\":\"required name=search_term_string\"}],\"inLanguage\":\"fr-FR\"}]}<\/script>\n<!-- \/ Yoast SEO plugin. -->","yoast_head_json":{"title":"Comparta su opini\u00f3n sobre The Big Challenge","description":"Comparta su opini\u00f3n sobre The Big Challenge mediante nuestro formulario de comentarios. Ay\u00fadenos a mejorar y a seguir motivando a los alumnos.","robots":{"index":"index","follow":"follow","max-snippet":"max-snippet:-1","max-image-preview":"max-image-preview:large","max-video-preview":"max-video-preview:-1"},"canonical":"https:\/\/www.thebigchallenge.com\/es\/teacher\/contest\/comments\/comments-form\/","og_locale":"fr_FR","og_type":"article","og_title":"Comparta su opini\u00f3n sobre The Big Challenge","og_description":"Comparta su opini\u00f3n sobre The Big Challenge mediante nuestro formulario de comentarios. Ay\u00fadenos a mejorar y a seguir motivando a los alumnos.","og_url":"https:\/\/www.thebigchallenge.com\/es\/teacher\/contest\/comments\/comments-form\/","og_site_name":"ES","article_modified_time":"2024-12-04T11:47:16+00:00","twitter_card":"summary_large_image","schema":{"@context":"https:\/\/schema.org","@graph":[{"@type":"WebPage","@id":"https:\/\/www.thebigchallenge.com\/es\/teacher\/contest\/comments\/comments-form\/","url":"https:\/\/www.thebigchallenge.com\/es\/teacher\/contest\/comments\/comments-form\/","name":"Comparta su opini\u00f3n sobre The Big Challenge","isPartOf":{"@id":"https:\/\/www.thebigchallenge.com\/es\/#website"},"datePublished":"2015-07-27T00:24:09+00:00","dateModified":"2024-12-04T11:47:16+00:00","description":"Comparta su opini\u00f3n sobre The Big Challenge mediante nuestro formulario de comentarios. Ay\u00fadenos a mejorar y a seguir motivando a los alumnos.","breadcrumb":{"@id":"https:\/\/www.thebigchallenge.com\/es\/teacher\/contest\/comments\/comments-form\/#breadcrumb"},"inLanguage":"fr-FR","potentialAction":[{"@type":"ReadAction","target":["https:\/\/www.thebigchallenge.com\/es\/teacher\/contest\/comments\/comments-form\/"]}]},{"@type":"BreadcrumbList","@id":"https:\/\/www.thebigchallenge.com\/es\/teacher\/contest\/comments\/comments-form\/#breadcrumb","itemListElement":[{"@type":"ListItem","position":1,"name":"Accueil","item":"https:\/\/www.thebigchallenge.com\/es\/"},{"@type":"ListItem","position":2,"name":"Teacher","item":"https:\/\/www.thebigchallenge.com\/es\/teacher\/"},{"@type":"ListItem","position":3,"name":"Contest","item":"https:\/\/www.thebigchallenge.com\/es\/teacher\/contest\/"},{"@type":"ListItem","position":4,"name":"Comments","item":"https:\/\/www.thebigchallenge.com\/es\/teacher\/contest\/comments\/"},{"@type":"ListItem","position":5,"name":"Comments Form"}]},{"@type":"WebSite","@id":"https:\/\/www.thebigchallenge.com\/es\/#website","url":"https:\/\/www.thebigchallenge.com\/es\/","name":"ES","description":"Le Grand Jeu Concours d\u2019Anglais pour tous les El\u00e8ves des Lyc\u00e9es pro. Plus de 500 000 participants chaque ann\u00e9e.","potentialAction":[{"@type":"SearchAction","target":{"@type":"EntryPoint","urlTemplate":"https:\/\/www.thebigchallenge.com\/es\/?s={search_term_string}"},"query-input":"required name=search_term_string"}],"inLanguage":"fr-FR"}]}},"publishpress_future_action":{"enabled":false,"date":"1970-01-01 01:00:00","action":"","terms":[],"taxonomy":"","browser_timezone_offset":0},"_links":{"self":[{"href":"https:\/\/www.thebigchallenge.com\/es\/wp-json\/wp\/v2\/pages\/996"}],"collection":[{"href":"https:\/\/www.thebigchallenge.com\/es\/wp-json\/wp\/v2\/pages"}],"about":[{"href":"https:\/\/www.thebigchallenge.com\/es\/wp-json\/wp\/v2\/types\/page"}],"author":[{"embeddable":true,"href":"https:\/\/www.thebigchallenge.com\/es\/wp-json\/wp\/v2\/users\/1"}],"replies":[{"embeddable":true,"href":"https:\/\/www.thebigchallenge.com\/es\/wp-json\/wp\/v2\/comments?post=996"}],"version-history":[{"count":10,"href":"https:\/\/www.thebigchallenge.com\/es\/wp-json\/wp\/v2\/pages\/996\/revisions"}],"predecessor-version":[{"id":16247,"href":"https:\/\/www.thebigchallenge.com\/es\/wp-json\/wp\/v2\/pages\/996\/revisions\/16247"}],"up":[{"embeddable":true,"href":"https:\/\/www.thebigchallenge.com\/es\/wp-json\/wp\/v2\/pages\/19"}],"wp:attachment":[{"href":"https:\/\/www.thebigchallenge.com\/es\/wp-json\/wp\/v2\/media?parent=996"}],"curies":[{"name":"wp","href":"https:\/\/api.w.org\/{rel}","templated":true}]}}