{"id":37589,"date":"2020-08-20T16:15:58","date_gmt":"2020-08-20T15:15:58","guid":{"rendered":"https:\/\/www.thebigchallenge.com\/fr\/?page_id=37589"},"modified":"2022-11-29T17:01:26","modified_gmt":"2022-11-29T16:01:26","slug":"sandbox","status":"publish","type":"page","link":"https:\/\/www.thebigchallenge.com\/fr\/sandbox\/","title":{"rendered":"sandbox"},"content":{"rendered":"","protected":false},"excerpt":{"rendered":"","protected":false},"author":1,"featured_media":0,"parent":0,"menu_order":0,"comment_status":"closed","ping_status":"closed","template":"","meta":{"footnotes":""},"acf":{"footer":"teacher"},"yoast_head":"<!-- This site is optimized with the Yoast SEO plugin v21.4 - https:\/\/yoast.com\/wordpress\/plugins\/seo\/ -->\n<title>sandbox - FR<\/title>\n<meta name=\"robots\" content=\"index, follow, max-snippet:-1, max-image-preview:large, max-video-preview:-1\" \/>\n<link rel=\"canonical\" href=\"https:\/\/www.thebigchallenge.com\/fr\/sandbox\/\" \/>\n<meta property=\"og:locale\" content=\"fr_FR\" \/>\n<meta property=\"og:type\" content=\"article\" \/>\n<meta property=\"og:title\" content=\"sandbox - FR\" \/>\n<meta property=\"og:url\" content=\"https:\/\/www.thebigchallenge.com\/fr\/sandbox\/\" \/>\n<meta property=\"og:site_name\" content=\"FR\" \/>\n<meta property=\"article:modified_time\" content=\"2022-11-29T16:01:26+00:00\" \/>\n<meta name=\"twitter:card\" content=\"summary_large_image\" \/>\n<script type=\"application\/ld+json\" class=\"yoast-schema-graph\">{\"@context\":\"https:\/\/schema.org\",\"@graph\":[{\"@type\":\"WebPage\",\"@id\":\"https:\/\/www.thebigchallenge.com\/fr\/sandbox\/\",\"url\":\"https:\/\/www.thebigchallenge.com\/fr\/sandbox\/\",\"name\":\"sandbox - FR\",\"isPartOf\":{\"@id\":\"https:\/\/www.thebigchallenge.com\/fr\/#website\"},\"datePublished\":\"2020-08-20T15:15:58+00:00\",\"dateModified\":\"2022-11-29T16:01:26+00:00\",\"breadcrumb\":{\"@id\":\"https:\/\/www.thebigchallenge.com\/fr\/sandbox\/#breadcrumb\"},\"inLanguage\":\"fr-FR\",\"potentialAction\":[{\"@type\":\"ReadAction\",\"target\":[\"https:\/\/www.thebigchallenge.com\/fr\/sandbox\/\"]}]},{\"@type\":\"BreadcrumbList\",\"@id\":\"https:\/\/www.thebigchallenge.com\/fr\/sandbox\/#breadcrumb\",\"itemListElement\":[{\"@type\":\"ListItem\",\"position\":1,\"name\":\"Accueil\",\"item\":\"https:\/\/www.thebigchallenge.com\/fr\/\"},{\"@type\":\"ListItem\",\"position\":2,\"name\":\"sandbox\"}]},{\"@type\":\"WebSite\",\"@id\":\"https:\/\/www.thebigchallenge.com\/fr\/#website\",\"url\":\"https:\/\/www.thebigchallenge.com\/fr\/\",\"name\":\"The Big Challenge France\",\"description\":\"Le Grand Jeu Concours d\u2019Anglais pour tous les El\u00e8ves du coll\u00e8ge. Plus de 600 000 participants chaque ann\u00e9e.\",\"publisher\":{\"@id\":\"https:\/\/www.thebigchallenge.com\/fr\/#organization\"},\"potentialAction\":[{\"@type\":\"SearchAction\",\"target\":{\"@type\":\"EntryPoint\",\"urlTemplate\":\"https:\/\/www.thebigchallenge.com\/fr\/?s={search_term_string}\"},\"query-input\":\"required name=search_term_string\"}],\"inLanguage\":\"fr-FR\"},{\"@type\":\"Organization\",\"@id\":\"https:\/\/www.thebigchallenge.com\/fr\/#organization\",\"name\":\"The Big Challenge France\",\"url\":\"https:\/\/www.thebigchallenge.com\/fr\/\",\"logo\":{\"@type\":\"ImageObject\",\"inLanguage\":\"fr-FR\",\"@id\":\"https:\/\/www.thebigchallenge.com\/fr\/#\/schema\/logo\/image\/\",\"url\":\"https:\/\/www.thebigchallenge.com\/fr\/wp-content\/uploads\/sites\/30\/2023\/11\/logo-the-big-challenge.png\",\"contentUrl\":\"https:\/\/www.thebigchallenge.com\/fr\/wp-content\/uploads\/sites\/30\/2023\/11\/logo-the-big-challenge.png\",\"width\":400,\"height\":73,\"caption\":\"The Big Challenge France\"},\"image\":{\"@id\":\"https:\/\/www.thebigchallenge.com\/fr\/#\/schema\/logo\/image\/\"}}]}<\/script>\n<!-- \/ Yoast SEO plugin. -->","yoast_head_json":{"title":"sandbox - FR","robots":{"index":"index","follow":"follow","max-snippet":"max-snippet:-1","max-image-preview":"max-image-preview:large","max-video-preview":"max-video-preview:-1"},"canonical":"https:\/\/www.thebigchallenge.com\/fr\/sandbox\/","og_locale":"fr_FR","og_type":"article","og_title":"sandbox - FR","og_url":"https:\/\/www.thebigchallenge.com\/fr\/sandbox\/","og_site_name":"FR","article_modified_time":"2022-11-29T16:01:26+00:00","twitter_card":"summary_large_image","schema":{"@context":"https:\/\/schema.org","@graph":[{"@type":"WebPage","@id":"https:\/\/www.thebigchallenge.com\/fr\/sandbox\/","url":"https:\/\/www.thebigchallenge.com\/fr\/sandbox\/","name":"sandbox - FR","isPartOf":{"@id":"https:\/\/www.thebigchallenge.com\/fr\/#website"},"datePublished":"2020-08-20T15:15:58+00:00","dateModified":"2022-11-29T16:01:26+00:00","breadcrumb":{"@id":"https:\/\/www.thebigchallenge.com\/fr\/sandbox\/#breadcrumb"},"inLanguage":"fr-FR","potentialAction":[{"@type":"ReadAction","target":["https:\/\/www.thebigchallenge.com\/fr\/sandbox\/"]}]},{"@type":"BreadcrumbList","@id":"https:\/\/www.thebigchallenge.com\/fr\/sandbox\/#breadcrumb","itemListElement":[{"@type":"ListItem","position":1,"name":"Accueil","item":"https:\/\/www.thebigchallenge.com\/fr\/"},{"@type":"ListItem","position":2,"name":"sandbox"}]},{"@type":"WebSite","@id":"https:\/\/www.thebigchallenge.com\/fr\/#website","url":"https:\/\/www.thebigchallenge.com\/fr\/","name":"The Big Challenge France","description":"Le Grand Jeu Concours d\u2019Anglais pour tous les El\u00e8ves du coll\u00e8ge. Plus de 600 000 participants chaque ann\u00e9e.","publisher":{"@id":"https:\/\/www.thebigchallenge.com\/fr\/#organization"},"potentialAction":[{"@type":"SearchAction","target":{"@type":"EntryPoint","urlTemplate":"https:\/\/www.thebigchallenge.com\/fr\/?s={search_term_string}"},"query-input":"required name=search_term_string"}],"inLanguage":"fr-FR"},{"@type":"Organization","@id":"https:\/\/www.thebigchallenge.com\/fr\/#organization","name":"The Big Challenge France","url":"https:\/\/www.thebigchallenge.com\/fr\/","logo":{"@type":"ImageObject","inLanguage":"fr-FR","@id":"https:\/\/www.thebigchallenge.com\/fr\/#\/schema\/logo\/image\/","url":"https:\/\/www.thebigchallenge.com\/fr\/wp-content\/uploads\/sites\/30\/2023\/11\/logo-the-big-challenge.png","contentUrl":"https:\/\/www.thebigchallenge.com\/fr\/wp-content\/uploads\/sites\/30\/2023\/11\/logo-the-big-challenge.png","width":400,"height":73,"caption":"The Big Challenge France"},"image":{"@id":"https:\/\/www.thebigchallenge.com\/fr\/#\/schema\/logo\/image\/"}}]}},"publishpress_future_action":{"enabled":false,"date":"1970-01-01 01:00:00","action":"","terms":[],"taxonomy":"","browser_timezone_offset":0},"_links":{"self":[{"href":"https:\/\/www.thebigchallenge.com\/fr\/wp-json\/wp\/v2\/pages\/37589"}],"collection":[{"href":"https:\/\/www.thebigchallenge.com\/fr\/wp-json\/wp\/v2\/pages"}],"about":[{"href":"https:\/\/www.thebigchallenge.com\/fr\/wp-json\/wp\/v2\/types\/page"}],"author":[{"embeddable":true,"href":"https:\/\/www.thebigchallenge.com\/fr\/wp-json\/wp\/v2\/users\/1"}],"replies":[{"embeddable":true,"href":"https:\/\/www.thebigchallenge.com\/fr\/wp-json\/wp\/v2\/comments?post=37589"}],"version-history":[{"count":1,"href":"https:\/\/www.thebigchallenge.com\/fr\/wp-json\/wp\/v2\/pages\/37589\/revisions"}],"predecessor-version":[{"id":37590,"href":"https:\/\/www.thebigchallenge.com\/fr\/wp-json\/wp\/v2\/pages\/37589\/revisions\/37590"}],"wp:attachment":[{"href":"https:\/\/www.thebigchallenge.com\/fr\/wp-json\/wp\/v2\/media?parent=37589"}],"curies":[{"name":"wp","href":"https:\/\/api.w.org\/{rel}","templated":true}]}}