{"id":38885,"date":"2022-03-04T15:54:30","date_gmt":"2022-03-04T14:54:30","guid":{"rendered":"https:\/\/www.thebigchallenge.com\/fr\/?page_id=38885"},"modified":"2024-12-04T17:36:48","modified_gmt":"2024-12-04T16:36:48","slug":"cookies","status":"publish","type":"page","link":"https:\/\/www.thebigchallenge.com\/fr\/teacher\/legal\/cookies\/","title":{"rendered":"Gestion des cookies"},"content":{"rendered":"","protected":false},"excerpt":{"rendered":"","protected":false},"author":1,"featured_media":0,"parent":37851,"menu_order":0,"comment_status":"closed","ping_status":"closed","template":"","meta":{"footnotes":""},"acf":{"footer":"teacher"},"yoast_head":"<!-- This site is optimized with the Yoast SEO plugin v21.4 - https:\/\/yoast.com\/wordpress\/plugins\/seo\/ -->\n<title>Gestion des Cookies sur The Big Challenge<\/title>\n<meta name=\"description\" content=\"Consultez la politique de cookies de The Big Challenge. D\u00e9couvrez comment vos donn\u00e9es sont utilis\u00e9es et g\u00e9rez vos pr\u00e9f\u00e9rences en toute transparence.\" \/>\n<meta name=\"robots\" content=\"index, follow, max-snippet:-1, max-image-preview:large, max-video-preview:-1\" \/>\n<link rel=\"canonical\" href=\"https:\/\/www.thebigchallenge.com\/fr\/teacher\/legal\/cookies\/\" \/>\n<meta property=\"og:locale\" content=\"fr_FR\" \/>\n<meta property=\"og:type\" content=\"article\" \/>\n<meta property=\"og:title\" content=\"Gestion des Cookies sur The Big Challenge\" \/>\n<meta property=\"og:description\" content=\"Consultez la politique de cookies de The Big Challenge. D\u00e9couvrez comment vos donn\u00e9es sont utilis\u00e9es et g\u00e9rez vos pr\u00e9f\u00e9rences en toute transparence.\" \/>\n<meta property=\"og:url\" content=\"https:\/\/www.thebigchallenge.com\/fr\/teacher\/legal\/cookies\/\" \/>\n<meta property=\"og:site_name\" content=\"FR\" \/>\n<meta property=\"article:modified_time\" content=\"2024-12-04T16:36:48+00:00\" \/>\n<meta name=\"twitter:card\" content=\"summary_large_image\" \/>\n<script type=\"application\/ld+json\" class=\"yoast-schema-graph\">{\"@context\":\"https:\/\/schema.org\",\"@graph\":[{\"@type\":\"WebPage\",\"@id\":\"https:\/\/www.thebigchallenge.com\/fr\/teacher\/legal\/cookies\/\",\"url\":\"https:\/\/www.thebigchallenge.com\/fr\/teacher\/legal\/cookies\/\",\"name\":\"Gestion des Cookies sur The Big Challenge\",\"isPartOf\":{\"@id\":\"https:\/\/www.thebigchallenge.com\/fr\/#website\"},\"datePublished\":\"2022-03-04T14:54:30+00:00\",\"dateModified\":\"2024-12-04T16:36:48+00:00\",\"description\":\"Consultez la politique de cookies de The Big Challenge. D\u00e9couvrez comment vos donn\u00e9es sont utilis\u00e9es et g\u00e9rez vos pr\u00e9f\u00e9rences en toute transparence.\",\"breadcrumb\":{\"@id\":\"https:\/\/www.thebigchallenge.com\/fr\/teacher\/legal\/cookies\/#breadcrumb\"},\"inLanguage\":\"fr-FR\",\"potentialAction\":[{\"@type\":\"ReadAction\",\"target\":[\"https:\/\/www.thebigchallenge.com\/fr\/teacher\/legal\/cookies\/\"]}]},{\"@type\":\"BreadcrumbList\",\"@id\":\"https:\/\/www.thebigchallenge.com\/fr\/teacher\/legal\/cookies\/#breadcrumb\",\"itemListElement\":[{\"@type\":\"ListItem\",\"position\":1,\"name\":\"Accueil\",\"item\":\"https:\/\/www.thebigchallenge.com\/fr\/\"},{\"@type\":\"ListItem\",\"position\":2,\"name\":\"Teacher\",\"item\":\"https:\/\/www.thebigchallenge.com\/fr\/teacher\/\"},{\"@type\":\"ListItem\",\"position\":3,\"name\":\"L\u00e9gal\",\"item\":\"https:\/\/www.thebigchallenge.com\/fr\/teacher\/legal\/\"},{\"@type\":\"ListItem\",\"position\":4,\"name\":\"Gestion des cookies\"}]},{\"@type\":\"WebSite\",\"@id\":\"https:\/\/www.thebigchallenge.com\/fr\/#website\",\"url\":\"https:\/\/www.thebigchallenge.com\/fr\/\",\"name\":\"The Big Challenge France\",\"description\":\"Le Grand Jeu Concours d\u2019Anglais pour tous les El\u00e8ves du coll\u00e8ge. Plus de 600 000 participants chaque ann\u00e9e.\",\"publisher\":{\"@id\":\"https:\/\/www.thebigchallenge.com\/fr\/#organization\"},\"potentialAction\":[{\"@type\":\"SearchAction\",\"target\":{\"@type\":\"EntryPoint\",\"urlTemplate\":\"https:\/\/www.thebigchallenge.com\/fr\/?s={search_term_string}\"},\"query-input\":\"required name=search_term_string\"}],\"inLanguage\":\"fr-FR\"},{\"@type\":\"Organization\",\"@id\":\"https:\/\/www.thebigchallenge.com\/fr\/#organization\",\"name\":\"The Big Challenge France\",\"url\":\"https:\/\/www.thebigchallenge.com\/fr\/\",\"logo\":{\"@type\":\"ImageObject\",\"inLanguage\":\"fr-FR\",\"@id\":\"https:\/\/www.thebigchallenge.com\/fr\/#\/schema\/logo\/image\/\",\"url\":\"https:\/\/www.thebigchallenge.com\/fr\/wp-content\/uploads\/sites\/30\/2023\/11\/logo-the-big-challenge.png\",\"contentUrl\":\"https:\/\/www.thebigchallenge.com\/fr\/wp-content\/uploads\/sites\/30\/2023\/11\/logo-the-big-challenge.png\",\"width\":400,\"height\":73,\"caption\":\"The Big Challenge France\"},\"image\":{\"@id\":\"https:\/\/www.thebigchallenge.com\/fr\/#\/schema\/logo\/image\/\"}}]}<\/script>\n<!-- \/ Yoast SEO plugin. -->","yoast_head_json":{"title":"Gestion des Cookies sur The Big Challenge","description":"Consultez la politique de cookies de The Big Challenge. D\u00e9couvrez comment vos donn\u00e9es sont utilis\u00e9es et g\u00e9rez vos pr\u00e9f\u00e9rences en toute transparence.","robots":{"index":"index","follow":"follow","max-snippet":"max-snippet:-1","max-image-preview":"max-image-preview:large","max-video-preview":"max-video-preview:-1"},"canonical":"https:\/\/www.thebigchallenge.com\/fr\/teacher\/legal\/cookies\/","og_locale":"fr_FR","og_type":"article","og_title":"Gestion des Cookies sur The Big Challenge","og_description":"Consultez la politique de cookies de The Big Challenge. D\u00e9couvrez comment vos donn\u00e9es sont utilis\u00e9es et g\u00e9rez vos pr\u00e9f\u00e9rences en toute transparence.","og_url":"https:\/\/www.thebigchallenge.com\/fr\/teacher\/legal\/cookies\/","og_site_name":"FR","article_modified_time":"2024-12-04T16:36:48+00:00","twitter_card":"summary_large_image","schema":{"@context":"https:\/\/schema.org","@graph":[{"@type":"WebPage","@id":"https:\/\/www.thebigchallenge.com\/fr\/teacher\/legal\/cookies\/","url":"https:\/\/www.thebigchallenge.com\/fr\/teacher\/legal\/cookies\/","name":"Gestion des Cookies sur The Big Challenge","isPartOf":{"@id":"https:\/\/www.thebigchallenge.com\/fr\/#website"},"datePublished":"2022-03-04T14:54:30+00:00","dateModified":"2024-12-04T16:36:48+00:00","description":"Consultez la politique de cookies de The Big Challenge. D\u00e9couvrez comment vos donn\u00e9es sont utilis\u00e9es et g\u00e9rez vos pr\u00e9f\u00e9rences en toute transparence.","breadcrumb":{"@id":"https:\/\/www.thebigchallenge.com\/fr\/teacher\/legal\/cookies\/#breadcrumb"},"inLanguage":"fr-FR","potentialAction":[{"@type":"ReadAction","target":["https:\/\/www.thebigchallenge.com\/fr\/teacher\/legal\/cookies\/"]}]},{"@type":"BreadcrumbList","@id":"https:\/\/www.thebigchallenge.com\/fr\/teacher\/legal\/cookies\/#breadcrumb","itemListElement":[{"@type":"ListItem","position":1,"name":"Accueil","item":"https:\/\/www.thebigchallenge.com\/fr\/"},{"@type":"ListItem","position":2,"name":"Teacher","item":"https:\/\/www.thebigchallenge.com\/fr\/teacher\/"},{"@type":"ListItem","position":3,"name":"L\u00e9gal","item":"https:\/\/www.thebigchallenge.com\/fr\/teacher\/legal\/"},{"@type":"ListItem","position":4,"name":"Gestion des cookies"}]},{"@type":"WebSite","@id":"https:\/\/www.thebigchallenge.com\/fr\/#website","url":"https:\/\/www.thebigchallenge.com\/fr\/","name":"The Big Challenge France","description":"Le Grand Jeu Concours d\u2019Anglais pour tous les El\u00e8ves du coll\u00e8ge. Plus de 600 000 participants chaque ann\u00e9e.","publisher":{"@id":"https:\/\/www.thebigchallenge.com\/fr\/#organization"},"potentialAction":[{"@type":"SearchAction","target":{"@type":"EntryPoint","urlTemplate":"https:\/\/www.thebigchallenge.com\/fr\/?s={search_term_string}"},"query-input":"required name=search_term_string"}],"inLanguage":"fr-FR"},{"@type":"Organization","@id":"https:\/\/www.thebigchallenge.com\/fr\/#organization","name":"The Big Challenge France","url":"https:\/\/www.thebigchallenge.com\/fr\/","logo":{"@type":"ImageObject","inLanguage":"fr-FR","@id":"https:\/\/www.thebigchallenge.com\/fr\/#\/schema\/logo\/image\/","url":"https:\/\/www.thebigchallenge.com\/fr\/wp-content\/uploads\/sites\/30\/2023\/11\/logo-the-big-challenge.png","contentUrl":"https:\/\/www.thebigchallenge.com\/fr\/wp-content\/uploads\/sites\/30\/2023\/11\/logo-the-big-challenge.png","width":400,"height":73,"caption":"The Big Challenge France"},"image":{"@id":"https:\/\/www.thebigchallenge.com\/fr\/#\/schema\/logo\/image\/"}}]}},"publishpress_future_action":{"enabled":false,"date":"1970-01-01 01:00:00","action":"","terms":[],"taxonomy":"","browser_timezone_offset":0},"_links":{"self":[{"href":"https:\/\/www.thebigchallenge.com\/fr\/wp-json\/wp\/v2\/pages\/38885"}],"collection":[{"href":"https:\/\/www.thebigchallenge.com\/fr\/wp-json\/wp\/v2\/pages"}],"about":[{"href":"https:\/\/www.thebigchallenge.com\/fr\/wp-json\/wp\/v2\/types\/page"}],"author":[{"embeddable":true,"href":"https:\/\/www.thebigchallenge.com\/fr\/wp-json\/wp\/v2\/users\/1"}],"replies":[{"embeddable":true,"href":"https:\/\/www.thebigchallenge.com\/fr\/wp-json\/wp\/v2\/comments?post=38885"}],"version-history":[{"count":2,"href":"https:\/\/www.thebigchallenge.com\/fr\/wp-json\/wp\/v2\/pages\/38885\/revisions"}],"predecessor-version":[{"id":42183,"href":"https:\/\/www.thebigchallenge.com\/fr\/wp-json\/wp\/v2\/pages\/38885\/revisions\/42183"}],"up":[{"embeddable":true,"href":"https:\/\/www.thebigchallenge.com\/fr\/wp-json\/wp\/v2\/pages\/37851"}],"wp:attachment":[{"href":"https:\/\/www.thebigchallenge.com\/fr\/wp-json\/wp\/v2\/media?parent=38885"}],"curies":[{"name":"wp","href":"https:\/\/api.w.org\/{rel}","templated":true}]}}