{"id":42403,"date":"2025-03-19T16:39:36","date_gmt":"2025-03-19T15:39:36","guid":{"rendered":"https:\/\/www.thebigchallenge.com\/fr\/?page_id=42403"},"modified":"2025-12-03T18:47:27","modified_gmt":"2025-12-03T17:47:27","slug":"certificat-best","status":"publish","type":"page","link":"https:\/\/www.thebigchallenge.com\/fr\/eleve\/parents\/certificat-best\/","title":{"rendered":"Certificat BEST"},"content":{"rendered":"","protected":false},"excerpt":{"rendered":"","protected":false},"author":1,"featured_media":0,"parent":38993,"menu_order":0,"comment_status":"closed","ping_status":"closed","template":"","meta":{"footnotes":""},"acf":{"footer":"student"},"yoast_head":"<!-- This site is optimized with the Yoast SEO plugin v21.4 - https:\/\/yoast.com\/wordpress\/plugins\/seo\/ -->\n<title>Certificat d\u2019anglais BEST : un dipl\u00f4me officiel pour votre enfant<\/title>\n<meta name=\"description\" content=\"Votre enfant a particip\u00e9 au concours The Big Challenge ? Offrez-lui le certificat BEST, un dipl\u00f4me officiel et v\u00e9rifiable attestant de son niveau d\u2019anglais. Un atout pour Parcoursup et son avenir acad\u00e9mique et professionnel. D\u00e9couvrez comment l\u2019obtenir !\" \/>\n<meta name=\"robots\" content=\"index, follow, max-snippet:-1, max-image-preview:large, max-video-preview:-1\" \/>\n<link rel=\"canonical\" href=\"https:\/\/www.thebigchallenge.com\/fr\/eleve\/parents\/certificat-best\/\" \/>\n<meta property=\"og:locale\" content=\"fr_FR\" \/>\n<meta property=\"og:type\" content=\"article\" \/>\n<meta property=\"og:title\" content=\"Certificat d\u2019anglais BEST : un dipl\u00f4me officiel pour votre enfant\" \/>\n<meta property=\"og:description\" content=\"Votre enfant a particip\u00e9 au concours The Big Challenge ? Offrez-lui le certificat BEST, un dipl\u00f4me officiel et v\u00e9rifiable attestant de son niveau d\u2019anglais. Un atout pour Parcoursup et son avenir acad\u00e9mique et professionnel. D\u00e9couvrez comment l\u2019obtenir !\" \/>\n<meta property=\"og:url\" content=\"https:\/\/www.thebigchallenge.com\/fr\/eleve\/parents\/certificat-best\/\" \/>\n<meta property=\"og:site_name\" content=\"FR\" \/>\n<meta property=\"article:modified_time\" content=\"2025-12-03T17:47:27+00:00\" \/>\n<meta name=\"twitter:card\" content=\"summary_large_image\" \/>\n<script type=\"application\/ld+json\" class=\"yoast-schema-graph\">{\"@context\":\"https:\/\/schema.org\",\"@graph\":[{\"@type\":\"WebPage\",\"@id\":\"https:\/\/www.thebigchallenge.com\/fr\/eleve\/parents\/certificat-best\/\",\"url\":\"https:\/\/www.thebigchallenge.com\/fr\/eleve\/parents\/certificat-best\/\",\"name\":\"Certificat d\u2019anglais BEST : un dipl\u00f4me officiel pour votre enfant\",\"isPartOf\":{\"@id\":\"https:\/\/www.thebigchallenge.com\/fr\/#website\"},\"datePublished\":\"2025-03-19T15:39:36+00:00\",\"dateModified\":\"2025-12-03T17:47:27+00:00\",\"description\":\"Votre enfant a particip\u00e9 au concours The Big Challenge ? Offrez-lui le certificat BEST, un dipl\u00f4me officiel et v\u00e9rifiable attestant de son niveau d\u2019anglais. Un atout pour Parcoursup et son avenir acad\u00e9mique et professionnel. D\u00e9couvrez comment l\u2019obtenir !\",\"breadcrumb\":{\"@id\":\"https:\/\/www.thebigchallenge.com\/fr\/eleve\/parents\/certificat-best\/#breadcrumb\"},\"inLanguage\":\"fr-FR\",\"potentialAction\":[{\"@type\":\"ReadAction\",\"target\":[\"https:\/\/www.thebigchallenge.com\/fr\/eleve\/parents\/certificat-best\/\"]}]},{\"@type\":\"BreadcrumbList\",\"@id\":\"https:\/\/www.thebigchallenge.com\/fr\/eleve\/parents\/certificat-best\/#breadcrumb\",\"itemListElement\":[{\"@type\":\"ListItem\",\"position\":1,\"name\":\"Accueil\",\"item\":\"https:\/\/www.thebigchallenge.com\/fr\/\"},{\"@type\":\"ListItem\",\"position\":2,\"name\":\"El\u00e8ve\",\"item\":\"https:\/\/www.thebigchallenge.com\/fr\/eleve\/\"},{\"@type\":\"ListItem\",\"position\":3,\"name\":\"Parents\",\"item\":\"https:\/\/www.thebigchallenge.com\/fr\/eleve\/parents\/\"},{\"@type\":\"ListItem\",\"position\":4,\"name\":\"Certificat BEST\"}]},{\"@type\":\"WebSite\",\"@id\":\"https:\/\/www.thebigchallenge.com\/fr\/#website\",\"url\":\"https:\/\/www.thebigchallenge.com\/fr\/\",\"name\":\"The Big Challenge France\",\"description\":\"Le Grand Jeu Concours d\u2019Anglais pour tous les El\u00e8ves du coll\u00e8ge. Plus de 600 000 participants chaque ann\u00e9e.\",\"publisher\":{\"@id\":\"https:\/\/www.thebigchallenge.com\/fr\/#organization\"},\"potentialAction\":[{\"@type\":\"SearchAction\",\"target\":{\"@type\":\"EntryPoint\",\"urlTemplate\":\"https:\/\/www.thebigchallenge.com\/fr\/?s={search_term_string}\"},\"query-input\":\"required name=search_term_string\"}],\"inLanguage\":\"fr-FR\"},{\"@type\":\"Organization\",\"@id\":\"https:\/\/www.thebigchallenge.com\/fr\/#organization\",\"name\":\"The Big Challenge France\",\"url\":\"https:\/\/www.thebigchallenge.com\/fr\/\",\"logo\":{\"@type\":\"ImageObject\",\"inLanguage\":\"fr-FR\",\"@id\":\"https:\/\/www.thebigchallenge.com\/fr\/#\/schema\/logo\/image\/\",\"url\":\"https:\/\/www.thebigchallenge.com\/fr\/wp-content\/uploads\/sites\/30\/2023\/11\/logo-the-big-challenge.png\",\"contentUrl\":\"https:\/\/www.thebigchallenge.com\/fr\/wp-content\/uploads\/sites\/30\/2023\/11\/logo-the-big-challenge.png\",\"width\":400,\"height\":73,\"caption\":\"The Big Challenge France\"},\"image\":{\"@id\":\"https:\/\/www.thebigchallenge.com\/fr\/#\/schema\/logo\/image\/\"}}]}<\/script>\n<!-- \/ Yoast SEO plugin. -->","yoast_head_json":{"title":"Certificat d\u2019anglais BEST : un dipl\u00f4me officiel pour votre enfant","description":"Votre enfant a particip\u00e9 au concours The Big Challenge ? Offrez-lui le certificat BEST, un dipl\u00f4me officiel et v\u00e9rifiable attestant de son niveau d\u2019anglais. Un atout pour Parcoursup et son avenir acad\u00e9mique et professionnel. D\u00e9couvrez comment l\u2019obtenir !","robots":{"index":"index","follow":"follow","max-snippet":"max-snippet:-1","max-image-preview":"max-image-preview:large","max-video-preview":"max-video-preview:-1"},"canonical":"https:\/\/www.thebigchallenge.com\/fr\/eleve\/parents\/certificat-best\/","og_locale":"fr_FR","og_type":"article","og_title":"Certificat d\u2019anglais BEST : un dipl\u00f4me officiel pour votre enfant","og_description":"Votre enfant a particip\u00e9 au concours The Big Challenge ? Offrez-lui le certificat BEST, un dipl\u00f4me officiel et v\u00e9rifiable attestant de son niveau d\u2019anglais. Un atout pour Parcoursup et son avenir acad\u00e9mique et professionnel. D\u00e9couvrez comment l\u2019obtenir !","og_url":"https:\/\/www.thebigchallenge.com\/fr\/eleve\/parents\/certificat-best\/","og_site_name":"FR","article_modified_time":"2025-12-03T17:47:27+00:00","twitter_card":"summary_large_image","schema":{"@context":"https:\/\/schema.org","@graph":[{"@type":"WebPage","@id":"https:\/\/www.thebigchallenge.com\/fr\/eleve\/parents\/certificat-best\/","url":"https:\/\/www.thebigchallenge.com\/fr\/eleve\/parents\/certificat-best\/","name":"Certificat d\u2019anglais BEST : un dipl\u00f4me officiel pour votre enfant","isPartOf":{"@id":"https:\/\/www.thebigchallenge.com\/fr\/#website"},"datePublished":"2025-03-19T15:39:36+00:00","dateModified":"2025-12-03T17:47:27+00:00","description":"Votre enfant a particip\u00e9 au concours The Big Challenge ? Offrez-lui le certificat BEST, un dipl\u00f4me officiel et v\u00e9rifiable attestant de son niveau d\u2019anglais. Un atout pour Parcoursup et son avenir acad\u00e9mique et professionnel. D\u00e9couvrez comment l\u2019obtenir !","breadcrumb":{"@id":"https:\/\/www.thebigchallenge.com\/fr\/eleve\/parents\/certificat-best\/#breadcrumb"},"inLanguage":"fr-FR","potentialAction":[{"@type":"ReadAction","target":["https:\/\/www.thebigchallenge.com\/fr\/eleve\/parents\/certificat-best\/"]}]},{"@type":"BreadcrumbList","@id":"https:\/\/www.thebigchallenge.com\/fr\/eleve\/parents\/certificat-best\/#breadcrumb","itemListElement":[{"@type":"ListItem","position":1,"name":"Accueil","item":"https:\/\/www.thebigchallenge.com\/fr\/"},{"@type":"ListItem","position":2,"name":"El\u00e8ve","item":"https:\/\/www.thebigchallenge.com\/fr\/eleve\/"},{"@type":"ListItem","position":3,"name":"Parents","item":"https:\/\/www.thebigchallenge.com\/fr\/eleve\/parents\/"},{"@type":"ListItem","position":4,"name":"Certificat BEST"}]},{"@type":"WebSite","@id":"https:\/\/www.thebigchallenge.com\/fr\/#website","url":"https:\/\/www.thebigchallenge.com\/fr\/","name":"The Big Challenge France","description":"Le Grand Jeu Concours d\u2019Anglais pour tous les El\u00e8ves du coll\u00e8ge. Plus de 600 000 participants chaque ann\u00e9e.","publisher":{"@id":"https:\/\/www.thebigchallenge.com\/fr\/#organization"},"potentialAction":[{"@type":"SearchAction","target":{"@type":"EntryPoint","urlTemplate":"https:\/\/www.thebigchallenge.com\/fr\/?s={search_term_string}"},"query-input":"required name=search_term_string"}],"inLanguage":"fr-FR"},{"@type":"Organization","@id":"https:\/\/www.thebigchallenge.com\/fr\/#organization","name":"The Big Challenge France","url":"https:\/\/www.thebigchallenge.com\/fr\/","logo":{"@type":"ImageObject","inLanguage":"fr-FR","@id":"https:\/\/www.thebigchallenge.com\/fr\/#\/schema\/logo\/image\/","url":"https:\/\/www.thebigchallenge.com\/fr\/wp-content\/uploads\/sites\/30\/2023\/11\/logo-the-big-challenge.png","contentUrl":"https:\/\/www.thebigchallenge.com\/fr\/wp-content\/uploads\/sites\/30\/2023\/11\/logo-the-big-challenge.png","width":400,"height":73,"caption":"The Big Challenge France"},"image":{"@id":"https:\/\/www.thebigchallenge.com\/fr\/#\/schema\/logo\/image\/"}}]}},"publishpress_future_action":{"enabled":false,"date":"1970-01-01 01:00:00","action":"","terms":[],"taxonomy":"","browser_timezone_offset":0},"_links":{"self":[{"href":"https:\/\/www.thebigchallenge.com\/fr\/wp-json\/wp\/v2\/pages\/42403"}],"collection":[{"href":"https:\/\/www.thebigchallenge.com\/fr\/wp-json\/wp\/v2\/pages"}],"about":[{"href":"https:\/\/www.thebigchallenge.com\/fr\/wp-json\/wp\/v2\/types\/page"}],"author":[{"embeddable":true,"href":"https:\/\/www.thebigchallenge.com\/fr\/wp-json\/wp\/v2\/users\/1"}],"replies":[{"embeddable":true,"href":"https:\/\/www.thebigchallenge.com\/fr\/wp-json\/wp\/v2\/comments?post=42403"}],"version-history":[{"count":10,"href":"https:\/\/www.thebigchallenge.com\/fr\/wp-json\/wp\/v2\/pages\/42403\/revisions"}],"predecessor-version":[{"id":45091,"href":"https:\/\/www.thebigchallenge.com\/fr\/wp-json\/wp\/v2\/pages\/42403\/revisions\/45091"}],"up":[{"embeddable":true,"href":"https:\/\/www.thebigchallenge.com\/fr\/wp-json\/wp\/v2\/pages\/38993"}],"wp:attachment":[{"href":"https:\/\/www.thebigchallenge.com\/fr\/wp-json\/wp\/v2\/media?parent=42403"}],"curies":[{"name":"wp","href":"https:\/\/api.w.org\/{rel}","templated":true}]}}