{"id":46017,"date":"2026-01-17T17:27:22","date_gmt":"2026-01-17T16:27:22","guid":{"rendered":"https:\/\/www.thebigchallenge.com\/fr\/?page_id=46017"},"modified":"2026-01-19T12:15:00","modified_gmt":"2026-01-19T11:15:00","slug":"communaute","status":"publish","type":"page","link":"https:\/\/www.thebigchallenge.com\/fr\/eleve\/communaute\/","title":{"rendered":"Communaut\u00e9 \u00e9l\u00e8ve"},"content":{"rendered":"","protected":false},"excerpt":{"rendered":"","protected":false},"author":1,"featured_media":0,"parent":45785,"menu_order":0,"comment_status":"closed","ping_status":"closed","template":"","meta":{"footnotes":""},"acf":{"footer":"student"},"yoast_head":"<!-- This site is optimized with the Yoast SEO plugin v21.4 - https:\/\/yoast.com\/wordpress\/plugins\/seo\/ -->\n<title>Rel\u00e8ve le d\u00e9fi The Big Challenge et progresse en anglais !<\/title>\n<meta name=\"description\" content=\"Rejoins The Big Challenge, le jeu-concours national d\u2019anglais, et d\u00e9couvre l\u2019application PLAY pour continuer \u00e0 apprendre en t\u2019amusant toute l\u2019ann\u00e9e.\" \/>\n<meta name=\"robots\" content=\"index, follow, max-snippet:-1, max-image-preview:large, max-video-preview:-1\" \/>\n<link rel=\"canonical\" href=\"https:\/\/www.thebigchallenge.com\/fr\/eleve\/communaute\/\" \/>\n<meta property=\"og:locale\" content=\"fr_FR\" \/>\n<meta property=\"og:type\" content=\"article\" \/>\n<meta property=\"og:title\" content=\"Rel\u00e8ve le d\u00e9fi The Big Challenge et progresse en anglais !\" \/>\n<meta property=\"og:description\" content=\"Rejoins The Big Challenge, le jeu-concours national d\u2019anglais, et d\u00e9couvre l\u2019application PLAY pour continuer \u00e0 apprendre en t\u2019amusant toute l\u2019ann\u00e9e.\" \/>\n<meta property=\"og:url\" content=\"https:\/\/www.thebigchallenge.com\/fr\/eleve\/communaute\/\" \/>\n<meta property=\"og:site_name\" content=\"FR\" \/>\n<meta property=\"article:modified_time\" content=\"2026-01-19T11:15:00+00:00\" \/>\n<meta name=\"twitter:card\" content=\"summary_large_image\" \/>\n<script type=\"application\/ld+json\" class=\"yoast-schema-graph\">{\"@context\":\"https:\/\/schema.org\",\"@graph\":[{\"@type\":\"WebPage\",\"@id\":\"https:\/\/www.thebigchallenge.com\/fr\/eleve\/communaute\/\",\"url\":\"https:\/\/www.thebigchallenge.com\/fr\/eleve\/communaute\/\",\"name\":\"Rel\u00e8ve le d\u00e9fi The Big Challenge et progresse en anglais !\",\"isPartOf\":{\"@id\":\"https:\/\/www.thebigchallenge.com\/fr\/#website\"},\"datePublished\":\"2026-01-17T16:27:22+00:00\",\"dateModified\":\"2026-01-19T11:15:00+00:00\",\"description\":\"Rejoins The Big Challenge, le jeu-concours national d\u2019anglais, et d\u00e9couvre l\u2019application PLAY pour continuer \u00e0 apprendre en t\u2019amusant toute l\u2019ann\u00e9e.\",\"breadcrumb\":{\"@id\":\"https:\/\/www.thebigchallenge.com\/fr\/eleve\/communaute\/#breadcrumb\"},\"inLanguage\":\"fr-FR\",\"potentialAction\":[{\"@type\":\"ReadAction\",\"target\":[\"https:\/\/www.thebigchallenge.com\/fr\/eleve\/communaute\/\"]}]},{\"@type\":\"BreadcrumbList\",\"@id\":\"https:\/\/www.thebigchallenge.com\/fr\/eleve\/communaute\/#breadcrumb\",\"itemListElement\":[{\"@type\":\"ListItem\",\"position\":1,\"name\":\"Accueil\",\"item\":\"https:\/\/www.thebigchallenge.com\/fr\/\"},{\"@type\":\"ListItem\",\"position\":2,\"name\":\"El\u00e8ve\",\"item\":\"https:\/\/www.thebigchallenge.com\/fr\/eleve\/\"},{\"@type\":\"ListItem\",\"position\":3,\"name\":\"Communaut\u00e9 \u00e9l\u00e8ve\"}]},{\"@type\":\"WebSite\",\"@id\":\"https:\/\/www.thebigchallenge.com\/fr\/#website\",\"url\":\"https:\/\/www.thebigchallenge.com\/fr\/\",\"name\":\"The Big Challenge France\",\"description\":\"Le Grand Jeu Concours d\u2019Anglais pour tous les El\u00e8ves du coll\u00e8ge. Plus de 600 000 participants chaque ann\u00e9e.\",\"publisher\":{\"@id\":\"https:\/\/www.thebigchallenge.com\/fr\/#organization\"},\"potentialAction\":[{\"@type\":\"SearchAction\",\"target\":{\"@type\":\"EntryPoint\",\"urlTemplate\":\"https:\/\/www.thebigchallenge.com\/fr\/?s={search_term_string}\"},\"query-input\":\"required name=search_term_string\"}],\"inLanguage\":\"fr-FR\"},{\"@type\":\"Organization\",\"@id\":\"https:\/\/www.thebigchallenge.com\/fr\/#organization\",\"name\":\"The Big Challenge France\",\"url\":\"https:\/\/www.thebigchallenge.com\/fr\/\",\"logo\":{\"@type\":\"ImageObject\",\"inLanguage\":\"fr-FR\",\"@id\":\"https:\/\/www.thebigchallenge.com\/fr\/#\/schema\/logo\/image\/\",\"url\":\"https:\/\/www.thebigchallenge.com\/fr\/wp-content\/uploads\/sites\/30\/2023\/11\/logo-the-big-challenge.png\",\"contentUrl\":\"https:\/\/www.thebigchallenge.com\/fr\/wp-content\/uploads\/sites\/30\/2023\/11\/logo-the-big-challenge.png\",\"width\":400,\"height\":73,\"caption\":\"The Big Challenge France\"},\"image\":{\"@id\":\"https:\/\/www.thebigchallenge.com\/fr\/#\/schema\/logo\/image\/\"}}]}<\/script>\n<!-- \/ Yoast SEO plugin. -->","yoast_head_json":{"title":"Rel\u00e8ve le d\u00e9fi The Big Challenge et progresse en anglais !","description":"Rejoins The Big Challenge, le jeu-concours national d\u2019anglais, et d\u00e9couvre l\u2019application PLAY pour continuer \u00e0 apprendre en t\u2019amusant toute l\u2019ann\u00e9e.","robots":{"index":"index","follow":"follow","max-snippet":"max-snippet:-1","max-image-preview":"max-image-preview:large","max-video-preview":"max-video-preview:-1"},"canonical":"https:\/\/www.thebigchallenge.com\/fr\/eleve\/communaute\/","og_locale":"fr_FR","og_type":"article","og_title":"Rel\u00e8ve le d\u00e9fi The Big Challenge et progresse en anglais !","og_description":"Rejoins The Big Challenge, le jeu-concours national d\u2019anglais, et d\u00e9couvre l\u2019application PLAY pour continuer \u00e0 apprendre en t\u2019amusant toute l\u2019ann\u00e9e.","og_url":"https:\/\/www.thebigchallenge.com\/fr\/eleve\/communaute\/","og_site_name":"FR","article_modified_time":"2026-01-19T11:15:00+00:00","twitter_card":"summary_large_image","schema":{"@context":"https:\/\/schema.org","@graph":[{"@type":"WebPage","@id":"https:\/\/www.thebigchallenge.com\/fr\/eleve\/communaute\/","url":"https:\/\/www.thebigchallenge.com\/fr\/eleve\/communaute\/","name":"Rel\u00e8ve le d\u00e9fi The Big Challenge et progresse en anglais !","isPartOf":{"@id":"https:\/\/www.thebigchallenge.com\/fr\/#website"},"datePublished":"2026-01-17T16:27:22+00:00","dateModified":"2026-01-19T11:15:00+00:00","description":"Rejoins The Big Challenge, le jeu-concours national d\u2019anglais, et d\u00e9couvre l\u2019application PLAY pour continuer \u00e0 apprendre en t\u2019amusant toute l\u2019ann\u00e9e.","breadcrumb":{"@id":"https:\/\/www.thebigchallenge.com\/fr\/eleve\/communaute\/#breadcrumb"},"inLanguage":"fr-FR","potentialAction":[{"@type":"ReadAction","target":["https:\/\/www.thebigchallenge.com\/fr\/eleve\/communaute\/"]}]},{"@type":"BreadcrumbList","@id":"https:\/\/www.thebigchallenge.com\/fr\/eleve\/communaute\/#breadcrumb","itemListElement":[{"@type":"ListItem","position":1,"name":"Accueil","item":"https:\/\/www.thebigchallenge.com\/fr\/"},{"@type":"ListItem","position":2,"name":"El\u00e8ve","item":"https:\/\/www.thebigchallenge.com\/fr\/eleve\/"},{"@type":"ListItem","position":3,"name":"Communaut\u00e9 \u00e9l\u00e8ve"}]},{"@type":"WebSite","@id":"https:\/\/www.thebigchallenge.com\/fr\/#website","url":"https:\/\/www.thebigchallenge.com\/fr\/","name":"The Big Challenge France","description":"Le Grand Jeu Concours d\u2019Anglais pour tous les El\u00e8ves du coll\u00e8ge. Plus de 600 000 participants chaque ann\u00e9e.","publisher":{"@id":"https:\/\/www.thebigchallenge.com\/fr\/#organization"},"potentialAction":[{"@type":"SearchAction","target":{"@type":"EntryPoint","urlTemplate":"https:\/\/www.thebigchallenge.com\/fr\/?s={search_term_string}"},"query-input":"required name=search_term_string"}],"inLanguage":"fr-FR"},{"@type":"Organization","@id":"https:\/\/www.thebigchallenge.com\/fr\/#organization","name":"The Big Challenge France","url":"https:\/\/www.thebigchallenge.com\/fr\/","logo":{"@type":"ImageObject","inLanguage":"fr-FR","@id":"https:\/\/www.thebigchallenge.com\/fr\/#\/schema\/logo\/image\/","url":"https:\/\/www.thebigchallenge.com\/fr\/wp-content\/uploads\/sites\/30\/2023\/11\/logo-the-big-challenge.png","contentUrl":"https:\/\/www.thebigchallenge.com\/fr\/wp-content\/uploads\/sites\/30\/2023\/11\/logo-the-big-challenge.png","width":400,"height":73,"caption":"The Big Challenge France"},"image":{"@id":"https:\/\/www.thebigchallenge.com\/fr\/#\/schema\/logo\/image\/"}}]}},"publishpress_future_action":{"enabled":false,"date":"1970-01-01 01:00:00","action":"","terms":[],"taxonomy":"","browser_timezone_offset":0},"_links":{"self":[{"href":"https:\/\/www.thebigchallenge.com\/fr\/wp-json\/wp\/v2\/pages\/46017"}],"collection":[{"href":"https:\/\/www.thebigchallenge.com\/fr\/wp-json\/wp\/v2\/pages"}],"about":[{"href":"https:\/\/www.thebigchallenge.com\/fr\/wp-json\/wp\/v2\/types\/page"}],"author":[{"embeddable":true,"href":"https:\/\/www.thebigchallenge.com\/fr\/wp-json\/wp\/v2\/users\/1"}],"replies":[{"embeddable":true,"href":"https:\/\/www.thebigchallenge.com\/fr\/wp-json\/wp\/v2\/comments?post=46017"}],"version-history":[{"count":3,"href":"https:\/\/www.thebigchallenge.com\/fr\/wp-json\/wp\/v2\/pages\/46017\/revisions"}],"predecessor-version":[{"id":46049,"href":"https:\/\/www.thebigchallenge.com\/fr\/wp-json\/wp\/v2\/pages\/46017\/revisions\/46049"}],"up":[{"embeddable":true,"href":"https:\/\/www.thebigchallenge.com\/fr\/wp-json\/wp\/v2\/pages\/45785"}],"wp:attachment":[{"href":"https:\/\/www.thebigchallenge.com\/fr\/wp-json\/wp\/v2\/media?parent=46017"}],"curies":[{"name":"wp","href":"https:\/\/api.w.org\/{rel}","templated":true}]}}