{"id":10824,"date":"2019-11-13T10:54:31","date_gmt":"2019-11-13T09:54:31","guid":{"rendered":"https:\/\/www.thebigchallenge.com\/pl\/?page_id=10824"},"modified":"2025-02-07T10:36:42","modified_gmt":"2025-02-07T09:36:42","slug":"demo-online-intro","status":"publish","type":"page","link":"https:\/\/www.thebigchallenge.com\/pl\/teacher\/contest\/demo-online-intro\/","title":{"rendered":"Demo online &#8211; intro"},"content":{"rendered":"","protected":false},"excerpt":{"rendered":"","protected":false},"author":1,"featured_media":0,"parent":11808,"menu_order":0,"comment_status":"closed","ping_status":"closed","template":"","meta":{"footnotes":""},"acf":[],"yoast_head":"<!-- This site is optimized with the Yoast SEO plugin v21.4 - https:\/\/yoast.com\/wordpress\/plugins\/seo\/ -->\n<title>Demo online The Big Challenge<\/title>\n<meta name=\"description\" content=\"Sprawd\u017a, jak wygl\u0105da The Big Challenge! Obejrzyj wersj\u0119 demonstracyjn\u0105 i poznaj rodzaje pyta\u0144 oraz specyfik\u0119 formatu online naszego konkursu.\" \/>\n<meta name=\"robots\" content=\"index, follow, max-snippet:-1, max-image-preview:large, max-video-preview:-1\" \/>\n<link rel=\"canonical\" href=\"https:\/\/www.thebigchallenge.com\/pl\/teacher\/contest\/demo-online-intro\/\" \/>\n<meta property=\"og:locale\" content=\"fr_FR\" \/>\n<meta property=\"og:type\" content=\"article\" \/>\n<meta property=\"og:title\" content=\"Demo online The Big Challenge\" \/>\n<meta property=\"og:description\" content=\"Sprawd\u017a, jak wygl\u0105da The Big Challenge! Obejrzyj wersj\u0119 demonstracyjn\u0105 i poznaj rodzaje pyta\u0144 oraz specyfik\u0119 formatu online naszego konkursu.\" \/>\n<meta property=\"og:url\" content=\"https:\/\/www.thebigchallenge.com\/pl\/teacher\/contest\/demo-online-intro\/\" \/>\n<meta property=\"og:site_name\" content=\"PL\" \/>\n<meta property=\"article:modified_time\" content=\"2025-02-07T09:36:42+00:00\" \/>\n<meta name=\"twitter:card\" content=\"summary_large_image\" \/>\n<script type=\"application\/ld+json\" class=\"yoast-schema-graph\">{\"@context\":\"https:\/\/schema.org\",\"@graph\":[{\"@type\":\"WebPage\",\"@id\":\"https:\/\/www.thebigchallenge.com\/pl\/teacher\/contest\/demo-online-intro\/\",\"url\":\"https:\/\/www.thebigchallenge.com\/pl\/teacher\/contest\/demo-online-intro\/\",\"name\":\"Demo online The Big Challenge\",\"isPartOf\":{\"@id\":\"https:\/\/www.thebigchallenge.com\/pl\/#website\"},\"datePublished\":\"2019-11-13T09:54:31+00:00\",\"dateModified\":\"2025-02-07T09:36:42+00:00\",\"description\":\"Sprawd\u017a, jak wygl\u0105da The Big Challenge! Obejrzyj wersj\u0119 demonstracyjn\u0105 i poznaj rodzaje pyta\u0144 oraz specyfik\u0119 formatu online naszego konkursu.\",\"breadcrumb\":{\"@id\":\"https:\/\/www.thebigchallenge.com\/pl\/teacher\/contest\/demo-online-intro\/#breadcrumb\"},\"inLanguage\":\"fr-FR\",\"potentialAction\":[{\"@type\":\"ReadAction\",\"target\":[\"https:\/\/www.thebigchallenge.com\/pl\/teacher\/contest\/demo-online-intro\/\"]}]},{\"@type\":\"BreadcrumbList\",\"@id\":\"https:\/\/www.thebigchallenge.com\/pl\/teacher\/contest\/demo-online-intro\/#breadcrumb\",\"itemListElement\":[{\"@type\":\"ListItem\",\"position\":1,\"name\":\"Accueil\",\"item\":\"https:\/\/www.thebigchallenge.com\/pl\/\"},{\"@type\":\"ListItem\",\"position\":2,\"name\":\"Teacher\",\"item\":\"https:\/\/www.thebigchallenge.com\/pl\/teacher\/\"},{\"@type\":\"ListItem\",\"position\":3,\"name\":\"Contest\",\"item\":\"https:\/\/www.thebigchallenge.com\/pl\/teacher\/contest\/\"},{\"@type\":\"ListItem\",\"position\":4,\"name\":\"Demo online &#8211; intro\"}]},{\"@type\":\"WebSite\",\"@id\":\"https:\/\/www.thebigchallenge.com\/pl\/#website\",\"url\":\"https:\/\/www.thebigchallenge.com\/pl\/\",\"name\":\"PL\",\"description\":\"The Number One English Contest for Schools\",\"potentialAction\":[{\"@type\":\"SearchAction\",\"target\":{\"@type\":\"EntryPoint\",\"urlTemplate\":\"https:\/\/www.thebigchallenge.com\/pl\/?s={search_term_string}\"},\"query-input\":\"required name=search_term_string\"}],\"inLanguage\":\"fr-FR\"}]}<\/script>\n<!-- \/ Yoast SEO plugin. -->","yoast_head_json":{"title":"Demo online The Big Challenge","description":"Sprawd\u017a, jak wygl\u0105da The Big Challenge! Obejrzyj wersj\u0119 demonstracyjn\u0105 i poznaj rodzaje pyta\u0144 oraz specyfik\u0119 formatu online naszego konkursu.","robots":{"index":"index","follow":"follow","max-snippet":"max-snippet:-1","max-image-preview":"max-image-preview:large","max-video-preview":"max-video-preview:-1"},"canonical":"https:\/\/www.thebigchallenge.com\/pl\/teacher\/contest\/demo-online-intro\/","og_locale":"fr_FR","og_type":"article","og_title":"Demo online The Big Challenge","og_description":"Sprawd\u017a, jak wygl\u0105da The Big Challenge! Obejrzyj wersj\u0119 demonstracyjn\u0105 i poznaj rodzaje pyta\u0144 oraz specyfik\u0119 formatu online naszego konkursu.","og_url":"https:\/\/www.thebigchallenge.com\/pl\/teacher\/contest\/demo-online-intro\/","og_site_name":"PL","article_modified_time":"2025-02-07T09:36:42+00:00","twitter_card":"summary_large_image","schema":{"@context":"https:\/\/schema.org","@graph":[{"@type":"WebPage","@id":"https:\/\/www.thebigchallenge.com\/pl\/teacher\/contest\/demo-online-intro\/","url":"https:\/\/www.thebigchallenge.com\/pl\/teacher\/contest\/demo-online-intro\/","name":"Demo online The Big Challenge","isPartOf":{"@id":"https:\/\/www.thebigchallenge.com\/pl\/#website"},"datePublished":"2019-11-13T09:54:31+00:00","dateModified":"2025-02-07T09:36:42+00:00","description":"Sprawd\u017a, jak wygl\u0105da The Big Challenge! Obejrzyj wersj\u0119 demonstracyjn\u0105 i poznaj rodzaje pyta\u0144 oraz specyfik\u0119 formatu online naszego konkursu.","breadcrumb":{"@id":"https:\/\/www.thebigchallenge.com\/pl\/teacher\/contest\/demo-online-intro\/#breadcrumb"},"inLanguage":"fr-FR","potentialAction":[{"@type":"ReadAction","target":["https:\/\/www.thebigchallenge.com\/pl\/teacher\/contest\/demo-online-intro\/"]}]},{"@type":"BreadcrumbList","@id":"https:\/\/www.thebigchallenge.com\/pl\/teacher\/contest\/demo-online-intro\/#breadcrumb","itemListElement":[{"@type":"ListItem","position":1,"name":"Accueil","item":"https:\/\/www.thebigchallenge.com\/pl\/"},{"@type":"ListItem","position":2,"name":"Teacher","item":"https:\/\/www.thebigchallenge.com\/pl\/teacher\/"},{"@type":"ListItem","position":3,"name":"Contest","item":"https:\/\/www.thebigchallenge.com\/pl\/teacher\/contest\/"},{"@type":"ListItem","position":4,"name":"Demo online &#8211; intro"}]},{"@type":"WebSite","@id":"https:\/\/www.thebigchallenge.com\/pl\/#website","url":"https:\/\/www.thebigchallenge.com\/pl\/","name":"PL","description":"The Number One English Contest for Schools","potentialAction":[{"@type":"SearchAction","target":{"@type":"EntryPoint","urlTemplate":"https:\/\/www.thebigchallenge.com\/pl\/?s={search_term_string}"},"query-input":"required name=search_term_string"}],"inLanguage":"fr-FR"}]}},"publishpress_future_action":{"enabled":false,"date":"1970-01-01 01:00:00","action":"","terms":[],"taxonomy":"","browser_timezone_offset":0},"_links":{"self":[{"href":"https:\/\/www.thebigchallenge.com\/pl\/wp-json\/wp\/v2\/pages\/10824"}],"collection":[{"href":"https:\/\/www.thebigchallenge.com\/pl\/wp-json\/wp\/v2\/pages"}],"about":[{"href":"https:\/\/www.thebigchallenge.com\/pl\/wp-json\/wp\/v2\/types\/page"}],"author":[{"embeddable":true,"href":"https:\/\/www.thebigchallenge.com\/pl\/wp-json\/wp\/v2\/users\/1"}],"replies":[{"embeddable":true,"href":"https:\/\/www.thebigchallenge.com\/pl\/wp-json\/wp\/v2\/comments?post=10824"}],"version-history":[{"count":4,"href":"https:\/\/www.thebigchallenge.com\/pl\/wp-json\/wp\/v2\/pages\/10824\/revisions"}],"predecessor-version":[{"id":12897,"href":"https:\/\/www.thebigchallenge.com\/pl\/wp-json\/wp\/v2\/pages\/10824\/revisions\/12897"}],"up":[{"embeddable":true,"href":"https:\/\/www.thebigchallenge.com\/pl\/wp-json\/wp\/v2\/pages\/11808"}],"wp:attachment":[{"href":"https:\/\/www.thebigchallenge.com\/pl\/wp-json\/wp\/v2\/media?parent=10824"}],"curies":[{"name":"wp","href":"https:\/\/api.w.org\/{rel}","templated":true}]}}