{"id":11808,"date":"2023-07-28T14:35:37","date_gmt":"2023-07-28T13:35:37","guid":{"rendered":"https:\/\/www.thebigchallenge.com\/pl\/?page_id=11808"},"modified":"2026-03-13T18:46:24","modified_gmt":"2026-03-13T17:46:24","slug":"contest","status":"publish","type":"page","link":"https:\/\/www.thebigchallenge.com\/pl\/teacher\/contest\/","title":{"rendered":"Contest"},"content":{"rendered":"","protected":false},"excerpt":{"rendered":"","protected":false},"author":1,"featured_media":0,"parent":12490,"menu_order":0,"comment_status":"closed","ping_status":"closed","template":"","meta":{"footnotes":""},"acf":[],"yoast_head":"<!-- This site is optimized with the Yoast SEO plugin v21.4 - https:\/\/yoast.com\/wordpress\/plugins\/seo\/ -->\n<title>Og\u00f3lnopolski konkurs j\u0119zyka angielskiego The Big Challenge<\/title>\n<meta name=\"description\" content=\"Zorganizuj konkurs The Big Challenge w Twojej szkole! Sprawd\u017a zasady, terminy i korzy\u015bci dla uczni\u00f3w. Do\u0142\u0105cz do tego wyj\u0105tkowego wydarzenia!\" \/>\n<meta name=\"robots\" content=\"index, follow, max-snippet:-1, max-image-preview:large, max-video-preview:-1\" \/>\n<link rel=\"canonical\" href=\"https:\/\/www.thebigchallenge.com\/pl\/teacher\/contest\/\" \/>\n<meta property=\"og:locale\" content=\"fr_FR\" \/>\n<meta property=\"og:type\" content=\"article\" \/>\n<meta property=\"og:title\" content=\"Og\u00f3lnopolski konkurs j\u0119zyka angielskiego The Big Challenge\" \/>\n<meta property=\"og:description\" content=\"Zorganizuj konkurs The Big Challenge w Twojej szkole! Sprawd\u017a zasady, terminy i korzy\u015bci dla uczni\u00f3w. Do\u0142\u0105cz do tego wyj\u0105tkowego wydarzenia!\" \/>\n<meta property=\"og:url\" content=\"https:\/\/www.thebigchallenge.com\/pl\/teacher\/contest\/\" \/>\n<meta property=\"og:site_name\" content=\"PL\" \/>\n<meta property=\"article:modified_time\" content=\"2026-03-13T17:46:24+00:00\" \/>\n<meta name=\"twitter:card\" content=\"summary_large_image\" \/>\n<script type=\"application\/ld+json\" class=\"yoast-schema-graph\">{\"@context\":\"https:\/\/schema.org\",\"@graph\":[{\"@type\":\"WebPage\",\"@id\":\"https:\/\/www.thebigchallenge.com\/pl\/teacher\/contest\/\",\"url\":\"https:\/\/www.thebigchallenge.com\/pl\/teacher\/contest\/\",\"name\":\"Og\u00f3lnopolski konkurs j\u0119zyka angielskiego The Big Challenge\",\"isPartOf\":{\"@id\":\"https:\/\/www.thebigchallenge.com\/pl\/#website\"},\"datePublished\":\"2023-07-28T13:35:37+00:00\",\"dateModified\":\"2026-03-13T17:46:24+00:00\",\"description\":\"Zorganizuj konkurs The Big Challenge w Twojej szkole! Sprawd\u017a zasady, terminy i korzy\u015bci dla uczni\u00f3w. Do\u0142\u0105cz do tego wyj\u0105tkowego wydarzenia!\",\"breadcrumb\":{\"@id\":\"https:\/\/www.thebigchallenge.com\/pl\/teacher\/contest\/#breadcrumb\"},\"inLanguage\":\"fr-FR\",\"potentialAction\":[{\"@type\":\"ReadAction\",\"target\":[\"https:\/\/www.thebigchallenge.com\/pl\/teacher\/contest\/\"]}]},{\"@type\":\"BreadcrumbList\",\"@id\":\"https:\/\/www.thebigchallenge.com\/pl\/teacher\/contest\/#breadcrumb\",\"itemListElement\":[{\"@type\":\"ListItem\",\"position\":1,\"name\":\"Accueil\",\"item\":\"https:\/\/www.thebigchallenge.com\/pl\/\"},{\"@type\":\"ListItem\",\"position\":2,\"name\":\"Teacher\",\"item\":\"https:\/\/www.thebigchallenge.com\/pl\/teacher\/\"},{\"@type\":\"ListItem\",\"position\":3,\"name\":\"Contest\"}]},{\"@type\":\"WebSite\",\"@id\":\"https:\/\/www.thebigchallenge.com\/pl\/#website\",\"url\":\"https:\/\/www.thebigchallenge.com\/pl\/\",\"name\":\"PL\",\"description\":\"The Number One English Contest for Schools\",\"potentialAction\":[{\"@type\":\"SearchAction\",\"target\":{\"@type\":\"EntryPoint\",\"urlTemplate\":\"https:\/\/www.thebigchallenge.com\/pl\/?s={search_term_string}\"},\"query-input\":\"required name=search_term_string\"}],\"inLanguage\":\"fr-FR\"}]}<\/script>\n<!-- \/ Yoast SEO plugin. -->","yoast_head_json":{"title":"Og\u00f3lnopolski konkurs j\u0119zyka angielskiego The Big Challenge","description":"Zorganizuj konkurs The Big Challenge w Twojej szkole! Sprawd\u017a zasady, terminy i korzy\u015bci dla uczni\u00f3w. Do\u0142\u0105cz do tego wyj\u0105tkowego wydarzenia!","robots":{"index":"index","follow":"follow","max-snippet":"max-snippet:-1","max-image-preview":"max-image-preview:large","max-video-preview":"max-video-preview:-1"},"canonical":"https:\/\/www.thebigchallenge.com\/pl\/teacher\/contest\/","og_locale":"fr_FR","og_type":"article","og_title":"Og\u00f3lnopolski konkurs j\u0119zyka angielskiego The Big Challenge","og_description":"Zorganizuj konkurs The Big Challenge w Twojej szkole! Sprawd\u017a zasady, terminy i korzy\u015bci dla uczni\u00f3w. Do\u0142\u0105cz do tego wyj\u0105tkowego wydarzenia!","og_url":"https:\/\/www.thebigchallenge.com\/pl\/teacher\/contest\/","og_site_name":"PL","article_modified_time":"2026-03-13T17:46:24+00:00","twitter_card":"summary_large_image","schema":{"@context":"https:\/\/schema.org","@graph":[{"@type":"WebPage","@id":"https:\/\/www.thebigchallenge.com\/pl\/teacher\/contest\/","url":"https:\/\/www.thebigchallenge.com\/pl\/teacher\/contest\/","name":"Og\u00f3lnopolski konkurs j\u0119zyka angielskiego The Big Challenge","isPartOf":{"@id":"https:\/\/www.thebigchallenge.com\/pl\/#website"},"datePublished":"2023-07-28T13:35:37+00:00","dateModified":"2026-03-13T17:46:24+00:00","description":"Zorganizuj konkurs The Big Challenge w Twojej szkole! Sprawd\u017a zasady, terminy i korzy\u015bci dla uczni\u00f3w. Do\u0142\u0105cz do tego wyj\u0105tkowego wydarzenia!","breadcrumb":{"@id":"https:\/\/www.thebigchallenge.com\/pl\/teacher\/contest\/#breadcrumb"},"inLanguage":"fr-FR","potentialAction":[{"@type":"ReadAction","target":["https:\/\/www.thebigchallenge.com\/pl\/teacher\/contest\/"]}]},{"@type":"BreadcrumbList","@id":"https:\/\/www.thebigchallenge.com\/pl\/teacher\/contest\/#breadcrumb","itemListElement":[{"@type":"ListItem","position":1,"name":"Accueil","item":"https:\/\/www.thebigchallenge.com\/pl\/"},{"@type":"ListItem","position":2,"name":"Teacher","item":"https:\/\/www.thebigchallenge.com\/pl\/teacher\/"},{"@type":"ListItem","position":3,"name":"Contest"}]},{"@type":"WebSite","@id":"https:\/\/www.thebigchallenge.com\/pl\/#website","url":"https:\/\/www.thebigchallenge.com\/pl\/","name":"PL","description":"The Number One English Contest for Schools","potentialAction":[{"@type":"SearchAction","target":{"@type":"EntryPoint","urlTemplate":"https:\/\/www.thebigchallenge.com\/pl\/?s={search_term_string}"},"query-input":"required name=search_term_string"}],"inLanguage":"fr-FR"}]}},"publishpress_future_action":{"enabled":false,"date":"1970-01-01 01:00:00","action":"","terms":[],"taxonomy":"","browser_timezone_offset":0},"_links":{"self":[{"href":"https:\/\/www.thebigchallenge.com\/pl\/wp-json\/wp\/v2\/pages\/11808"}],"collection":[{"href":"https:\/\/www.thebigchallenge.com\/pl\/wp-json\/wp\/v2\/pages"}],"about":[{"href":"https:\/\/www.thebigchallenge.com\/pl\/wp-json\/wp\/v2\/types\/page"}],"author":[{"embeddable":true,"href":"https:\/\/www.thebigchallenge.com\/pl\/wp-json\/wp\/v2\/users\/1"}],"replies":[{"embeddable":true,"href":"https:\/\/www.thebigchallenge.com\/pl\/wp-json\/wp\/v2\/comments?post=11808"}],"version-history":[{"count":10,"href":"https:\/\/www.thebigchallenge.com\/pl\/wp-json\/wp\/v2\/pages\/11808\/revisions"}],"predecessor-version":[{"id":13430,"href":"https:\/\/www.thebigchallenge.com\/pl\/wp-json\/wp\/v2\/pages\/11808\/revisions\/13430"}],"up":[{"embeddable":true,"href":"https:\/\/www.thebigchallenge.com\/pl\/wp-json\/wp\/v2\/pages\/12490"}],"wp:attachment":[{"href":"https:\/\/www.thebigchallenge.com\/pl\/wp-json\/wp\/v2\/media?parent=11808"}],"curies":[{"name":"wp","href":"https:\/\/api.w.org\/{rel}","templated":true}]}}