{"id":11822,"date":"2023-07-28T16:31:31","date_gmt":"2023-07-28T15:31:31","guid":{"rendered":"https:\/\/www.thebigchallenge.com\/pl\/?page_id=11822"},"modified":"2026-03-13T19:03:03","modified_gmt":"2026-03-13T18:03:03","slug":"conditions","status":"publish","type":"page","link":"https:\/\/www.thebigchallenge.com\/pl\/teacher\/contest\/conditions\/","title":{"rendered":"Conditions"},"content":{"rendered":"","protected":false},"excerpt":{"rendered":"","protected":false},"author":1,"featured_media":0,"parent":11808,"menu_order":0,"comment_status":"closed","ping_status":"closed","template":"","meta":{"footnotes":""},"acf":[],"yoast_head":"<!-- This site is optimized with the Yoast SEO plugin v21.4 - https:\/\/yoast.com\/wordpress\/plugins\/seo\/ -->\n<title>Warunki uczestnictwa<\/title>\n<meta name=\"description\" content=\"Poznaj zasady The Big Challenge! Sprawd\u017a warunki uczestnictwa, terminy i szczeg\u00f3\u0142owe informacje dotycz\u0105ce organizacji konkursu.\" \/>\n<meta name=\"robots\" content=\"index, follow, max-snippet:-1, max-image-preview:large, max-video-preview:-1\" \/>\n<link rel=\"canonical\" href=\"https:\/\/www.thebigchallenge.com\/pl\/teacher\/contest\/conditions\/\" \/>\n<meta property=\"og:locale\" content=\"fr_FR\" \/>\n<meta property=\"og:type\" content=\"article\" \/>\n<meta property=\"og:title\" content=\"Warunki uczestnictwa\" \/>\n<meta property=\"og:description\" content=\"Poznaj zasady The Big Challenge! Sprawd\u017a warunki uczestnictwa, terminy i szczeg\u00f3\u0142owe informacje dotycz\u0105ce organizacji konkursu.\" \/>\n<meta property=\"og:url\" content=\"https:\/\/www.thebigchallenge.com\/pl\/teacher\/contest\/conditions\/\" \/>\n<meta property=\"og:site_name\" content=\"PL\" \/>\n<meta property=\"article:modified_time\" content=\"2026-03-13T18:03:03+00:00\" \/>\n<meta name=\"twitter:card\" content=\"summary_large_image\" \/>\n<script type=\"application\/ld+json\" class=\"yoast-schema-graph\">{\"@context\":\"https:\/\/schema.org\",\"@graph\":[{\"@type\":\"WebPage\",\"@id\":\"https:\/\/www.thebigchallenge.com\/pl\/teacher\/contest\/conditions\/\",\"url\":\"https:\/\/www.thebigchallenge.com\/pl\/teacher\/contest\/conditions\/\",\"name\":\"Warunki uczestnictwa\",\"isPartOf\":{\"@id\":\"https:\/\/www.thebigchallenge.com\/pl\/#website\"},\"datePublished\":\"2023-07-28T15:31:31+00:00\",\"dateModified\":\"2026-03-13T18:03:03+00:00\",\"description\":\"Poznaj zasady The Big Challenge! Sprawd\u017a warunki uczestnictwa, terminy i szczeg\u00f3\u0142owe informacje dotycz\u0105ce organizacji konkursu.\",\"breadcrumb\":{\"@id\":\"https:\/\/www.thebigchallenge.com\/pl\/teacher\/contest\/conditions\/#breadcrumb\"},\"inLanguage\":\"fr-FR\",\"potentialAction\":[{\"@type\":\"ReadAction\",\"target\":[\"https:\/\/www.thebigchallenge.com\/pl\/teacher\/contest\/conditions\/\"]}]},{\"@type\":\"BreadcrumbList\",\"@id\":\"https:\/\/www.thebigchallenge.com\/pl\/teacher\/contest\/conditions\/#breadcrumb\",\"itemListElement\":[{\"@type\":\"ListItem\",\"position\":1,\"name\":\"Accueil\",\"item\":\"https:\/\/www.thebigchallenge.com\/pl\/\"},{\"@type\":\"ListItem\",\"position\":2,\"name\":\"Teacher\",\"item\":\"https:\/\/www.thebigchallenge.com\/pl\/teacher\/\"},{\"@type\":\"ListItem\",\"position\":3,\"name\":\"Contest\",\"item\":\"https:\/\/www.thebigchallenge.com\/pl\/teacher\/contest\/\"},{\"@type\":\"ListItem\",\"position\":4,\"name\":\"Conditions\"}]},{\"@type\":\"WebSite\",\"@id\":\"https:\/\/www.thebigchallenge.com\/pl\/#website\",\"url\":\"https:\/\/www.thebigchallenge.com\/pl\/\",\"name\":\"PL\",\"description\":\"The Number One English Contest for Schools\",\"potentialAction\":[{\"@type\":\"SearchAction\",\"target\":{\"@type\":\"EntryPoint\",\"urlTemplate\":\"https:\/\/www.thebigchallenge.com\/pl\/?s={search_term_string}\"},\"query-input\":\"required name=search_term_string\"}],\"inLanguage\":\"fr-FR\"}]}<\/script>\n<!-- \/ Yoast SEO plugin. -->","yoast_head_json":{"title":"Warunki uczestnictwa","description":"Poznaj zasady The Big Challenge! Sprawd\u017a warunki uczestnictwa, terminy i szczeg\u00f3\u0142owe informacje dotycz\u0105ce organizacji konkursu.","robots":{"index":"index","follow":"follow","max-snippet":"max-snippet:-1","max-image-preview":"max-image-preview:large","max-video-preview":"max-video-preview:-1"},"canonical":"https:\/\/www.thebigchallenge.com\/pl\/teacher\/contest\/conditions\/","og_locale":"fr_FR","og_type":"article","og_title":"Warunki uczestnictwa","og_description":"Poznaj zasady The Big Challenge! Sprawd\u017a warunki uczestnictwa, terminy i szczeg\u00f3\u0142owe informacje dotycz\u0105ce organizacji konkursu.","og_url":"https:\/\/www.thebigchallenge.com\/pl\/teacher\/contest\/conditions\/","og_site_name":"PL","article_modified_time":"2026-03-13T18:03:03+00:00","twitter_card":"summary_large_image","schema":{"@context":"https:\/\/schema.org","@graph":[{"@type":"WebPage","@id":"https:\/\/www.thebigchallenge.com\/pl\/teacher\/contest\/conditions\/","url":"https:\/\/www.thebigchallenge.com\/pl\/teacher\/contest\/conditions\/","name":"Warunki uczestnictwa","isPartOf":{"@id":"https:\/\/www.thebigchallenge.com\/pl\/#website"},"datePublished":"2023-07-28T15:31:31+00:00","dateModified":"2026-03-13T18:03:03+00:00","description":"Poznaj zasady The Big Challenge! Sprawd\u017a warunki uczestnictwa, terminy i szczeg\u00f3\u0142owe informacje dotycz\u0105ce organizacji konkursu.","breadcrumb":{"@id":"https:\/\/www.thebigchallenge.com\/pl\/teacher\/contest\/conditions\/#breadcrumb"},"inLanguage":"fr-FR","potentialAction":[{"@type":"ReadAction","target":["https:\/\/www.thebigchallenge.com\/pl\/teacher\/contest\/conditions\/"]}]},{"@type":"BreadcrumbList","@id":"https:\/\/www.thebigchallenge.com\/pl\/teacher\/contest\/conditions\/#breadcrumb","itemListElement":[{"@type":"ListItem","position":1,"name":"Accueil","item":"https:\/\/www.thebigchallenge.com\/pl\/"},{"@type":"ListItem","position":2,"name":"Teacher","item":"https:\/\/www.thebigchallenge.com\/pl\/teacher\/"},{"@type":"ListItem","position":3,"name":"Contest","item":"https:\/\/www.thebigchallenge.com\/pl\/teacher\/contest\/"},{"@type":"ListItem","position":4,"name":"Conditions"}]},{"@type":"WebSite","@id":"https:\/\/www.thebigchallenge.com\/pl\/#website","url":"https:\/\/www.thebigchallenge.com\/pl\/","name":"PL","description":"The Number One English Contest for Schools","potentialAction":[{"@type":"SearchAction","target":{"@type":"EntryPoint","urlTemplate":"https:\/\/www.thebigchallenge.com\/pl\/?s={search_term_string}"},"query-input":"required name=search_term_string"}],"inLanguage":"fr-FR"}]}},"publishpress_future_action":{"enabled":false,"date":"1970-01-01 01:00:00","action":"","terms":[],"taxonomy":"","browser_timezone_offset":0},"_links":{"self":[{"href":"https:\/\/www.thebigchallenge.com\/pl\/wp-json\/wp\/v2\/pages\/11822"}],"collection":[{"href":"https:\/\/www.thebigchallenge.com\/pl\/wp-json\/wp\/v2\/pages"}],"about":[{"href":"https:\/\/www.thebigchallenge.com\/pl\/wp-json\/wp\/v2\/types\/page"}],"author":[{"embeddable":true,"href":"https:\/\/www.thebigchallenge.com\/pl\/wp-json\/wp\/v2\/users\/1"}],"replies":[{"embeddable":true,"href":"https:\/\/www.thebigchallenge.com\/pl\/wp-json\/wp\/v2\/comments?post=11822"}],"version-history":[{"count":6,"href":"https:\/\/www.thebigchallenge.com\/pl\/wp-json\/wp\/v2\/pages\/11822\/revisions"}],"predecessor-version":[{"id":13435,"href":"https:\/\/www.thebigchallenge.com\/pl\/wp-json\/wp\/v2\/pages\/11822\/revisions\/13435"}],"up":[{"embeddable":true,"href":"https:\/\/www.thebigchallenge.com\/pl\/wp-json\/wp\/v2\/pages\/11808"}],"wp:attachment":[{"href":"https:\/\/www.thebigchallenge.com\/pl\/wp-json\/wp\/v2\/media?parent=11822"}],"curies":[{"name":"wp","href":"https:\/\/api.w.org\/{rel}","templated":true}]}}