{"id":12123,"date":"2022-03-04T16:12:12","date_gmt":"2022-03-04T15:12:12","guid":{"rendered":"http:\/\/www.thebigchallenge.com\/fr\/?page_id=38892"},"modified":"2024-10-07T11:40:51","modified_gmt":"2024-10-07T10:40:51","slug":"polityka-prywatnosci-uczen-konkurs","status":"publish","type":"page","link":"https:\/\/www.thebigchallenge.com\/pl\/teacher\/legal\/polityka-prywatnosci-uczen-konkurs\/","title":{"rendered":"PL Politique de confidentialit\u00e9 \u00e9l\u00e8ve &#8211; Contest"},"content":{"rendered":"","protected":false},"excerpt":{"rendered":"","protected":false},"author":1,"featured_media":0,"parent":11638,"menu_order":0,"comment_status":"closed","ping_status":"closed","template":"","meta":{"footnotes":""},"acf":[],"yoast_head":"<!-- This site is optimized with the Yoast SEO plugin v21.4 - https:\/\/yoast.com\/wordpress\/plugins\/seo\/ -->\n<title>Polityka prywatno\u015bci - Ucze\u0144 - Konkurs<\/title>\n<meta name=\"robots\" content=\"index, follow, max-snippet:-1, max-image-preview:large, max-video-preview:-1\" \/>\n<link rel=\"canonical\" href=\"https:\/\/www.thebigchallenge.com\/pl\/teacher\/legal\/polityka-prywatnosci-uczen-konkurs\/\" \/>\n<meta property=\"og:locale\" content=\"fr_FR\" \/>\n<meta property=\"og:type\" content=\"article\" \/>\n<meta property=\"og:title\" content=\"Polityka prywatno\u015bci - Ucze\u0144 - Konkurs\" \/>\n<meta property=\"og:url\" content=\"https:\/\/www.thebigchallenge.com\/pl\/teacher\/legal\/polityka-prywatnosci-uczen-konkurs\/\" \/>\n<meta property=\"og:site_name\" content=\"PL\" \/>\n<meta property=\"article:modified_time\" content=\"2024-10-07T10:40:51+00:00\" \/>\n<meta name=\"twitter:card\" content=\"summary_large_image\" \/>\n<script type=\"application\/ld+json\" class=\"yoast-schema-graph\">{\"@context\":\"https:\/\/schema.org\",\"@graph\":[{\"@type\":\"WebPage\",\"@id\":\"https:\/\/www.thebigchallenge.com\/pl\/teacher\/legal\/polityka-prywatnosci-uczen-konkurs\/\",\"url\":\"https:\/\/www.thebigchallenge.com\/pl\/teacher\/legal\/polityka-prywatnosci-uczen-konkurs\/\",\"name\":\"Polityka prywatno\u015bci - Ucze\u0144 - Konkurs\",\"isPartOf\":{\"@id\":\"https:\/\/www.thebigchallenge.com\/pl\/#website\"},\"datePublished\":\"2022-03-04T15:12:12+00:00\",\"dateModified\":\"2024-10-07T10:40:51+00:00\",\"breadcrumb\":{\"@id\":\"https:\/\/www.thebigchallenge.com\/pl\/teacher\/legal\/polityka-prywatnosci-uczen-konkurs\/#breadcrumb\"},\"inLanguage\":\"fr-FR\",\"potentialAction\":[{\"@type\":\"ReadAction\",\"target\":[\"https:\/\/www.thebigchallenge.com\/pl\/teacher\/legal\/polityka-prywatnosci-uczen-konkurs\/\"]}]},{\"@type\":\"BreadcrumbList\",\"@id\":\"https:\/\/www.thebigchallenge.com\/pl\/teacher\/legal\/polityka-prywatnosci-uczen-konkurs\/#breadcrumb\",\"itemListElement\":[{\"@type\":\"ListItem\",\"position\":1,\"name\":\"Accueil\",\"item\":\"https:\/\/www.thebigchallenge.com\/pl\/\"},{\"@type\":\"ListItem\",\"position\":2,\"name\":\"Teacher\",\"item\":\"https:\/\/www.thebigchallenge.com\/pl\/teacher\/\"},{\"@type\":\"ListItem\",\"position\":3,\"name\":\"Legal\",\"item\":\"https:\/\/www.thebigchallenge.com\/pl\/teacher\/legal\/\"},{\"@type\":\"ListItem\",\"position\":4,\"name\":\"PL Politique de confidentialit\u00e9 \u00e9l\u00e8ve &#8211; Contest\"}]},{\"@type\":\"WebSite\",\"@id\":\"https:\/\/www.thebigchallenge.com\/pl\/#website\",\"url\":\"https:\/\/www.thebigchallenge.com\/pl\/\",\"name\":\"PL\",\"description\":\"The Number One English Contest for Schools\",\"potentialAction\":[{\"@type\":\"SearchAction\",\"target\":{\"@type\":\"EntryPoint\",\"urlTemplate\":\"https:\/\/www.thebigchallenge.com\/pl\/?s={search_term_string}\"},\"query-input\":\"required name=search_term_string\"}],\"inLanguage\":\"fr-FR\"}]}<\/script>\n<!-- \/ Yoast SEO plugin. -->","yoast_head_json":{"title":"Polityka prywatno\u015bci - Ucze\u0144 - Konkurs","robots":{"index":"index","follow":"follow","max-snippet":"max-snippet:-1","max-image-preview":"max-image-preview:large","max-video-preview":"max-video-preview:-1"},"canonical":"https:\/\/www.thebigchallenge.com\/pl\/teacher\/legal\/polityka-prywatnosci-uczen-konkurs\/","og_locale":"fr_FR","og_type":"article","og_title":"Polityka prywatno\u015bci - Ucze\u0144 - Konkurs","og_url":"https:\/\/www.thebigchallenge.com\/pl\/teacher\/legal\/polityka-prywatnosci-uczen-konkurs\/","og_site_name":"PL","article_modified_time":"2024-10-07T10:40:51+00:00","twitter_card":"summary_large_image","schema":{"@context":"https:\/\/schema.org","@graph":[{"@type":"WebPage","@id":"https:\/\/www.thebigchallenge.com\/pl\/teacher\/legal\/polityka-prywatnosci-uczen-konkurs\/","url":"https:\/\/www.thebigchallenge.com\/pl\/teacher\/legal\/polityka-prywatnosci-uczen-konkurs\/","name":"Polityka prywatno\u015bci - Ucze\u0144 - Konkurs","isPartOf":{"@id":"https:\/\/www.thebigchallenge.com\/pl\/#website"},"datePublished":"2022-03-04T15:12:12+00:00","dateModified":"2024-10-07T10:40:51+00:00","breadcrumb":{"@id":"https:\/\/www.thebigchallenge.com\/pl\/teacher\/legal\/polityka-prywatnosci-uczen-konkurs\/#breadcrumb"},"inLanguage":"fr-FR","potentialAction":[{"@type":"ReadAction","target":["https:\/\/www.thebigchallenge.com\/pl\/teacher\/legal\/polityka-prywatnosci-uczen-konkurs\/"]}]},{"@type":"BreadcrumbList","@id":"https:\/\/www.thebigchallenge.com\/pl\/teacher\/legal\/polityka-prywatnosci-uczen-konkurs\/#breadcrumb","itemListElement":[{"@type":"ListItem","position":1,"name":"Accueil","item":"https:\/\/www.thebigchallenge.com\/pl\/"},{"@type":"ListItem","position":2,"name":"Teacher","item":"https:\/\/www.thebigchallenge.com\/pl\/teacher\/"},{"@type":"ListItem","position":3,"name":"Legal","item":"https:\/\/www.thebigchallenge.com\/pl\/teacher\/legal\/"},{"@type":"ListItem","position":4,"name":"PL Politique de confidentialit\u00e9 \u00e9l\u00e8ve &#8211; Contest"}]},{"@type":"WebSite","@id":"https:\/\/www.thebigchallenge.com\/pl\/#website","url":"https:\/\/www.thebigchallenge.com\/pl\/","name":"PL","description":"The Number One English Contest for Schools","potentialAction":[{"@type":"SearchAction","target":{"@type":"EntryPoint","urlTemplate":"https:\/\/www.thebigchallenge.com\/pl\/?s={search_term_string}"},"query-input":"required name=search_term_string"}],"inLanguage":"fr-FR"}]}},"publishpress_future_action":{"enabled":false,"date":"1970-01-01 01:00:00","action":"","terms":[],"taxonomy":"","browser_timezone_offset":0},"_links":{"self":[{"href":"https:\/\/www.thebigchallenge.com\/pl\/wp-json\/wp\/v2\/pages\/12123"}],"collection":[{"href":"https:\/\/www.thebigchallenge.com\/pl\/wp-json\/wp\/v2\/pages"}],"about":[{"href":"https:\/\/www.thebigchallenge.com\/pl\/wp-json\/wp\/v2\/types\/page"}],"author":[{"embeddable":true,"href":"https:\/\/www.thebigchallenge.com\/pl\/wp-json\/wp\/v2\/users\/1"}],"replies":[{"embeddable":true,"href":"https:\/\/www.thebigchallenge.com\/pl\/wp-json\/wp\/v2\/comments?post=12123"}],"version-history":[{"count":10,"href":"https:\/\/www.thebigchallenge.com\/pl\/wp-json\/wp\/v2\/pages\/12123\/revisions"}],"predecessor-version":[{"id":12853,"href":"https:\/\/www.thebigchallenge.com\/pl\/wp-json\/wp\/v2\/pages\/12123\/revisions\/12853"}],"up":[{"embeddable":true,"href":"https:\/\/www.thebigchallenge.com\/pl\/wp-json\/wp\/v2\/pages\/11638"}],"wp:attachment":[{"href":"https:\/\/www.thebigchallenge.com\/pl\/wp-json\/wp\/v2\/media?parent=12123"}],"curies":[{"name":"wp","href":"https:\/\/api.w.org\/{rel}","templated":true}]}}