{"id":12332,"date":"2024-05-31T14:12:33","date_gmt":"2024-05-31T13:12:33","guid":{"rendered":"https:\/\/www.thebigchallenge.com\/fr\/?page_id=40965"},"modified":"2025-01-13T14:44:09","modified_gmt":"2025-01-13T13:44:09","slug":"student","status":"publish","type":"page","link":"https:\/\/www.thebigchallenge.com\/pl\/student\/","title":{"rendered":"Student"},"content":{"rendered":"","protected":false},"excerpt":{"rendered":"","protected":false},"author":1,"featured_media":0,"parent":0,"menu_order":0,"comment_status":"closed","ping_status":"closed","template":"","meta":{"footnotes":""},"acf":[],"yoast_head":"<!-- This site is optimized with the Yoast SEO plugin v21.4 - https:\/\/yoast.com\/wordpress\/plugins\/seo\/ -->\n<title>Home Student - The Big Challenge - Polska<\/title>\n<meta name=\"description\" content=\"Uczniowie przygotowuj\u0105 si\u0119 do konkursu przez ca\u0142y rok, korzystaj\u0105c z darmowych gier online. Tysi\u0105ce wspania\u0142ych nagr\u00f3d do wygrania w konkursie!\" \/>\n<meta name=\"robots\" content=\"index, follow, max-snippet:-1, max-image-preview:large, max-video-preview:-1\" \/>\n<link rel=\"canonical\" href=\"https:\/\/www.thebigchallenge.com\/pl\/student\/\" \/>\n<meta property=\"og:locale\" content=\"fr_FR\" \/>\n<meta property=\"og:type\" content=\"article\" \/>\n<meta property=\"og:title\" content=\"Home Student - The Big Challenge - Polska\" \/>\n<meta property=\"og:description\" content=\"Uczniowie przygotowuj\u0105 si\u0119 do konkursu przez ca\u0142y rok, korzystaj\u0105c z darmowych gier online. Tysi\u0105ce wspania\u0142ych nagr\u00f3d do wygrania w konkursie!\" \/>\n<meta property=\"og:url\" content=\"https:\/\/www.thebigchallenge.com\/pl\/student\/\" \/>\n<meta property=\"og:site_name\" content=\"PL\" \/>\n<meta property=\"article:modified_time\" content=\"2025-01-13T13:44:09+00:00\" \/>\n<meta name=\"twitter:card\" content=\"summary_large_image\" \/>\n<script type=\"application\/ld+json\" class=\"yoast-schema-graph\">{\"@context\":\"https:\/\/schema.org\",\"@graph\":[{\"@type\":\"WebPage\",\"@id\":\"https:\/\/www.thebigchallenge.com\/pl\/student\/\",\"url\":\"https:\/\/www.thebigchallenge.com\/pl\/student\/\",\"name\":\"Home Student - The Big Challenge - Polska\",\"isPartOf\":{\"@id\":\"https:\/\/www.thebigchallenge.com\/pl\/#website\"},\"datePublished\":\"2024-05-31T13:12:33+00:00\",\"dateModified\":\"2025-01-13T13:44:09+00:00\",\"description\":\"Uczniowie przygotowuj\u0105 si\u0119 do konkursu przez ca\u0142y rok, korzystaj\u0105c z darmowych gier online. Tysi\u0105ce wspania\u0142ych nagr\u00f3d do wygrania w konkursie!\",\"breadcrumb\":{\"@id\":\"https:\/\/www.thebigchallenge.com\/pl\/student\/#breadcrumb\"},\"inLanguage\":\"fr-FR\",\"potentialAction\":[{\"@type\":\"ReadAction\",\"target\":[\"https:\/\/www.thebigchallenge.com\/pl\/student\/\"]}]},{\"@type\":\"BreadcrumbList\",\"@id\":\"https:\/\/www.thebigchallenge.com\/pl\/student\/#breadcrumb\",\"itemListElement\":[{\"@type\":\"ListItem\",\"position\":1,\"name\":\"Accueil\",\"item\":\"https:\/\/www.thebigchallenge.com\/pl\/\"},{\"@type\":\"ListItem\",\"position\":2,\"name\":\"Student\"}]},{\"@type\":\"WebSite\",\"@id\":\"https:\/\/www.thebigchallenge.com\/pl\/#website\",\"url\":\"https:\/\/www.thebigchallenge.com\/pl\/\",\"name\":\"PL\",\"description\":\"The Number One English Contest for Schools\",\"potentialAction\":[{\"@type\":\"SearchAction\",\"target\":{\"@type\":\"EntryPoint\",\"urlTemplate\":\"https:\/\/www.thebigchallenge.com\/pl\/?s={search_term_string}\"},\"query-input\":\"required name=search_term_string\"}],\"inLanguage\":\"fr-FR\"}]}<\/script>\n<!-- \/ Yoast SEO plugin. -->","yoast_head_json":{"title":"Home Student - The Big Challenge - Polska","description":"Uczniowie przygotowuj\u0105 si\u0119 do konkursu przez ca\u0142y rok, korzystaj\u0105c z darmowych gier online. Tysi\u0105ce wspania\u0142ych nagr\u00f3d do wygrania w konkursie!","robots":{"index":"index","follow":"follow","max-snippet":"max-snippet:-1","max-image-preview":"max-image-preview:large","max-video-preview":"max-video-preview:-1"},"canonical":"https:\/\/www.thebigchallenge.com\/pl\/student\/","og_locale":"fr_FR","og_type":"article","og_title":"Home Student - The Big Challenge - Polska","og_description":"Uczniowie przygotowuj\u0105 si\u0119 do konkursu przez ca\u0142y rok, korzystaj\u0105c z darmowych gier online. Tysi\u0105ce wspania\u0142ych nagr\u00f3d do wygrania w konkursie!","og_url":"https:\/\/www.thebigchallenge.com\/pl\/student\/","og_site_name":"PL","article_modified_time":"2025-01-13T13:44:09+00:00","twitter_card":"summary_large_image","schema":{"@context":"https:\/\/schema.org","@graph":[{"@type":"WebPage","@id":"https:\/\/www.thebigchallenge.com\/pl\/student\/","url":"https:\/\/www.thebigchallenge.com\/pl\/student\/","name":"Home Student - The Big Challenge - Polska","isPartOf":{"@id":"https:\/\/www.thebigchallenge.com\/pl\/#website"},"datePublished":"2024-05-31T13:12:33+00:00","dateModified":"2025-01-13T13:44:09+00:00","description":"Uczniowie przygotowuj\u0105 si\u0119 do konkursu przez ca\u0142y rok, korzystaj\u0105c z darmowych gier online. Tysi\u0105ce wspania\u0142ych nagr\u00f3d do wygrania w konkursie!","breadcrumb":{"@id":"https:\/\/www.thebigchallenge.com\/pl\/student\/#breadcrumb"},"inLanguage":"fr-FR","potentialAction":[{"@type":"ReadAction","target":["https:\/\/www.thebigchallenge.com\/pl\/student\/"]}]},{"@type":"BreadcrumbList","@id":"https:\/\/www.thebigchallenge.com\/pl\/student\/#breadcrumb","itemListElement":[{"@type":"ListItem","position":1,"name":"Accueil","item":"https:\/\/www.thebigchallenge.com\/pl\/"},{"@type":"ListItem","position":2,"name":"Student"}]},{"@type":"WebSite","@id":"https:\/\/www.thebigchallenge.com\/pl\/#website","url":"https:\/\/www.thebigchallenge.com\/pl\/","name":"PL","description":"The Number One English Contest for Schools","potentialAction":[{"@type":"SearchAction","target":{"@type":"EntryPoint","urlTemplate":"https:\/\/www.thebigchallenge.com\/pl\/?s={search_term_string}"},"query-input":"required name=search_term_string"}],"inLanguage":"fr-FR"}]}},"publishpress_future_action":{"enabled":false,"date":"1970-01-01 01:00:00","action":"","terms":[],"taxonomy":"","browser_timezone_offset":0},"_links":{"self":[{"href":"https:\/\/www.thebigchallenge.com\/pl\/wp-json\/wp\/v2\/pages\/12332"}],"collection":[{"href":"https:\/\/www.thebigchallenge.com\/pl\/wp-json\/wp\/v2\/pages"}],"about":[{"href":"https:\/\/www.thebigchallenge.com\/pl\/wp-json\/wp\/v2\/types\/page"}],"author":[{"embeddable":true,"href":"https:\/\/www.thebigchallenge.com\/pl\/wp-json\/wp\/v2\/users\/1"}],"replies":[{"embeddable":true,"href":"https:\/\/www.thebigchallenge.com\/pl\/wp-json\/wp\/v2\/comments?post=12332"}],"version-history":[{"count":10,"href":"https:\/\/www.thebigchallenge.com\/pl\/wp-json\/wp\/v2\/pages\/12332\/revisions"}],"predecessor-version":[{"id":12880,"href":"https:\/\/www.thebigchallenge.com\/pl\/wp-json\/wp\/v2\/pages\/12332\/revisions\/12880"}],"wp:attachment":[{"href":"https:\/\/www.thebigchallenge.com\/pl\/wp-json\/wp\/v2\/media?parent=12332"}],"curies":[{"name":"wp","href":"https:\/\/api.w.org\/{rel}","templated":true}]}}