{"id":12813,"date":"2024-09-10T15:05:28","date_gmt":"2024-09-10T14:05:28","guid":{"rendered":"https:\/\/www.thebigchallenge.com\/fr\/?page_id=41900"},"modified":"2024-09-25T13:45:29","modified_gmt":"2024-09-25T12:45:29","slug":"certificates","status":"publish","type":"page","link":"https:\/\/www.thebigchallenge.com\/pl\/student\/certificates\/","title":{"rendered":"ST Certificats"},"content":{"rendered":"","protected":false},"excerpt":{"rendered":"","protected":false},"author":1,"featured_media":0,"parent":12332,"menu_order":0,"comment_status":"closed","ping_status":"closed","template":"","meta":{"footnotes":""},"acf":[],"yoast_head":"<!-- This site is optimized with the Yoast SEO plugin v21.4 - https:\/\/yoast.com\/wordpress\/plugins\/seo\/ -->\n<title>Certyfikaty The Big Challenge<\/title>\n<meta name=\"description\" content=\"Certyfikaty The Big Challenge potwierdzaj\u0105ce poziom i osi\u0105gni\u0119cia uczni\u00f3w w j\u0119zyku angielskim\" \/>\n<meta name=\"robots\" content=\"index, follow, max-snippet:-1, max-image-preview:large, max-video-preview:-1\" \/>\n<link rel=\"canonical\" href=\"https:\/\/www.thebigchallenge.com\/pl\/student\/certificates\/\" \/>\n<meta property=\"og:locale\" content=\"fr_FR\" \/>\n<meta property=\"og:type\" content=\"article\" \/>\n<meta property=\"og:title\" content=\"Certyfikaty The Big Challenge\" \/>\n<meta property=\"og:description\" content=\"Certyfikaty The Big Challenge potwierdzaj\u0105ce poziom i osi\u0105gni\u0119cia uczni\u00f3w w j\u0119zyku angielskim\" \/>\n<meta property=\"og:url\" content=\"https:\/\/www.thebigchallenge.com\/pl\/student\/certificates\/\" \/>\n<meta property=\"og:site_name\" content=\"PL\" \/>\n<meta property=\"article:modified_time\" content=\"2024-09-25T12:45:29+00:00\" \/>\n<meta name=\"twitter:card\" content=\"summary_large_image\" \/>\n<script type=\"application\/ld+json\" class=\"yoast-schema-graph\">{\"@context\":\"https:\/\/schema.org\",\"@graph\":[{\"@type\":\"WebPage\",\"@id\":\"https:\/\/www.thebigchallenge.com\/pl\/student\/certificates\/\",\"url\":\"https:\/\/www.thebigchallenge.com\/pl\/student\/certificates\/\",\"name\":\"Certyfikaty The Big Challenge\",\"isPartOf\":{\"@id\":\"https:\/\/www.thebigchallenge.com\/pl\/#website\"},\"datePublished\":\"2024-09-10T14:05:28+00:00\",\"dateModified\":\"2024-09-25T12:45:29+00:00\",\"description\":\"Certyfikaty The Big Challenge potwierdzaj\u0105ce poziom i osi\u0105gni\u0119cia uczni\u00f3w w j\u0119zyku angielskim\",\"breadcrumb\":{\"@id\":\"https:\/\/www.thebigchallenge.com\/pl\/student\/certificates\/#breadcrumb\"},\"inLanguage\":\"fr-FR\",\"potentialAction\":[{\"@type\":\"ReadAction\",\"target\":[\"https:\/\/www.thebigchallenge.com\/pl\/student\/certificates\/\"]}]},{\"@type\":\"BreadcrumbList\",\"@id\":\"https:\/\/www.thebigchallenge.com\/pl\/student\/certificates\/#breadcrumb\",\"itemListElement\":[{\"@type\":\"ListItem\",\"position\":1,\"name\":\"Accueil\",\"item\":\"https:\/\/www.thebigchallenge.com\/pl\/\"},{\"@type\":\"ListItem\",\"position\":2,\"name\":\"Student\",\"item\":\"https:\/\/www.thebigchallenge.com\/pl\/student\/\"},{\"@type\":\"ListItem\",\"position\":3,\"name\":\"ST Certificats\"}]},{\"@type\":\"WebSite\",\"@id\":\"https:\/\/www.thebigchallenge.com\/pl\/#website\",\"url\":\"https:\/\/www.thebigchallenge.com\/pl\/\",\"name\":\"PL\",\"description\":\"The Number One English Contest for Schools\",\"potentialAction\":[{\"@type\":\"SearchAction\",\"target\":{\"@type\":\"EntryPoint\",\"urlTemplate\":\"https:\/\/www.thebigchallenge.com\/pl\/?s={search_term_string}\"},\"query-input\":\"required name=search_term_string\"}],\"inLanguage\":\"fr-FR\"}]}<\/script>\n<!-- \/ Yoast SEO plugin. -->","yoast_head_json":{"title":"Certyfikaty The Big Challenge","description":"Certyfikaty The Big Challenge potwierdzaj\u0105ce poziom i osi\u0105gni\u0119cia uczni\u00f3w w j\u0119zyku angielskim","robots":{"index":"index","follow":"follow","max-snippet":"max-snippet:-1","max-image-preview":"max-image-preview:large","max-video-preview":"max-video-preview:-1"},"canonical":"https:\/\/www.thebigchallenge.com\/pl\/student\/certificates\/","og_locale":"fr_FR","og_type":"article","og_title":"Certyfikaty The Big Challenge","og_description":"Certyfikaty The Big Challenge potwierdzaj\u0105ce poziom i osi\u0105gni\u0119cia uczni\u00f3w w j\u0119zyku angielskim","og_url":"https:\/\/www.thebigchallenge.com\/pl\/student\/certificates\/","og_site_name":"PL","article_modified_time":"2024-09-25T12:45:29+00:00","twitter_card":"summary_large_image","schema":{"@context":"https:\/\/schema.org","@graph":[{"@type":"WebPage","@id":"https:\/\/www.thebigchallenge.com\/pl\/student\/certificates\/","url":"https:\/\/www.thebigchallenge.com\/pl\/student\/certificates\/","name":"Certyfikaty The Big Challenge","isPartOf":{"@id":"https:\/\/www.thebigchallenge.com\/pl\/#website"},"datePublished":"2024-09-10T14:05:28+00:00","dateModified":"2024-09-25T12:45:29+00:00","description":"Certyfikaty The Big Challenge potwierdzaj\u0105ce poziom i osi\u0105gni\u0119cia uczni\u00f3w w j\u0119zyku angielskim","breadcrumb":{"@id":"https:\/\/www.thebigchallenge.com\/pl\/student\/certificates\/#breadcrumb"},"inLanguage":"fr-FR","potentialAction":[{"@type":"ReadAction","target":["https:\/\/www.thebigchallenge.com\/pl\/student\/certificates\/"]}]},{"@type":"BreadcrumbList","@id":"https:\/\/www.thebigchallenge.com\/pl\/student\/certificates\/#breadcrumb","itemListElement":[{"@type":"ListItem","position":1,"name":"Accueil","item":"https:\/\/www.thebigchallenge.com\/pl\/"},{"@type":"ListItem","position":2,"name":"Student","item":"https:\/\/www.thebigchallenge.com\/pl\/student\/"},{"@type":"ListItem","position":3,"name":"ST Certificats"}]},{"@type":"WebSite","@id":"https:\/\/www.thebigchallenge.com\/pl\/#website","url":"https:\/\/www.thebigchallenge.com\/pl\/","name":"PL","description":"The Number One English Contest for Schools","potentialAction":[{"@type":"SearchAction","target":{"@type":"EntryPoint","urlTemplate":"https:\/\/www.thebigchallenge.com\/pl\/?s={search_term_string}"},"query-input":"required name=search_term_string"}],"inLanguage":"fr-FR"}]}},"publishpress_future_action":{"enabled":false,"date":"1970-01-01 01:00:00","action":"","terms":[],"taxonomy":"","browser_timezone_offset":0},"_links":{"self":[{"href":"https:\/\/www.thebigchallenge.com\/pl\/wp-json\/wp\/v2\/pages\/12813"}],"collection":[{"href":"https:\/\/www.thebigchallenge.com\/pl\/wp-json\/wp\/v2\/pages"}],"about":[{"href":"https:\/\/www.thebigchallenge.com\/pl\/wp-json\/wp\/v2\/types\/page"}],"author":[{"embeddable":true,"href":"https:\/\/www.thebigchallenge.com\/pl\/wp-json\/wp\/v2\/users\/1"}],"replies":[{"embeddable":true,"href":"https:\/\/www.thebigchallenge.com\/pl\/wp-json\/wp\/v2\/comments?post=12813"}],"version-history":[{"count":7,"href":"https:\/\/www.thebigchallenge.com\/pl\/wp-json\/wp\/v2\/pages\/12813\/revisions"}],"predecessor-version":[{"id":12822,"href":"https:\/\/www.thebigchallenge.com\/pl\/wp-json\/wp\/v2\/pages\/12813\/revisions\/12822"}],"up":[{"embeddable":true,"href":"https:\/\/www.thebigchallenge.com\/pl\/wp-json\/wp\/v2\/pages\/12332"}],"wp:attachment":[{"href":"https:\/\/www.thebigchallenge.com\/pl\/wp-json\/wp\/v2\/media?parent=12813"}],"curies":[{"name":"wp","href":"https:\/\/api.w.org\/{rel}","templated":true}]}}