{"id":13091,"date":"2025-04-04T17:09:49","date_gmt":"2025-04-04T16:09:49","guid":{"rendered":"https:\/\/www.thebigchallenge.com\/fr\/?page_id=42756"},"modified":"2025-10-28T12:02:47","modified_gmt":"2025-10-28T11:02:47","slug":"zadania-z-autokorekta","status":"publish","type":"page","link":"https:\/\/www.thebigchallenge.com\/pl\/teacher\/academy\/zadania-z-autokorekta\/","title":{"rendered":"Devoirs autocorrig\u00e9s"},"content":{"rendered":"","protected":false},"excerpt":{"rendered":"","protected":false},"author":1,"featured_media":0,"parent":13088,"menu_order":0,"comment_status":"closed","ping_status":"closed","template":"","meta":{"footnotes":""},"acf":[],"yoast_head":"<!-- This site is optimized with the Yoast SEO plugin v21.4 - https:\/\/yoast.com\/wordpress\/plugins\/seo\/ -->\n<title>Zadania z autokorekt\u0105 w The Big Chalenge Academy<\/title>\n<meta name=\"description\" content=\"Zaproponuj swoim uczniom zadania z angielskiego w The Big Challenge. \u015aledzenie post\u0119p\u00f3w, autokorekta, motywuj\u0105ce \u0107wiczenia gotowe do u\u017cycia na zaj\u0119ciach w klasie.\" \/>\n<meta name=\"robots\" content=\"index, follow, max-snippet:-1, max-image-preview:large, max-video-preview:-1\" \/>\n<link rel=\"canonical\" href=\"https:\/\/www.thebigchallenge.com\/pl\/teacher\/academy\/zadania-z-autokorekta\/\" \/>\n<meta property=\"og:locale\" content=\"fr_FR\" \/>\n<meta property=\"og:type\" content=\"article\" \/>\n<meta property=\"og:title\" content=\"Zadania z autokorekt\u0105 w The Big Chalenge Academy\" \/>\n<meta property=\"og:description\" content=\"Zaproponuj swoim uczniom zadania z angielskiego w The Big Challenge. \u015aledzenie post\u0119p\u00f3w, autokorekta, motywuj\u0105ce \u0107wiczenia gotowe do u\u017cycia na zaj\u0119ciach w klasie.\" \/>\n<meta property=\"og:url\" content=\"https:\/\/www.thebigchallenge.com\/pl\/teacher\/academy\/zadania-z-autokorekta\/\" \/>\n<meta property=\"og:site_name\" content=\"PL\" \/>\n<meta property=\"article:modified_time\" content=\"2025-10-28T11:02:47+00:00\" \/>\n<meta name=\"twitter:card\" content=\"summary_large_image\" \/>\n<script type=\"application\/ld+json\" class=\"yoast-schema-graph\">{\"@context\":\"https:\/\/schema.org\",\"@graph\":[{\"@type\":\"WebPage\",\"@id\":\"https:\/\/www.thebigchallenge.com\/pl\/teacher\/academy\/zadania-z-autokorekta\/\",\"url\":\"https:\/\/www.thebigchallenge.com\/pl\/teacher\/academy\/zadania-z-autokorekta\/\",\"name\":\"Zadania z autokorekt\u0105 w The Big Chalenge Academy\",\"isPartOf\":{\"@id\":\"https:\/\/www.thebigchallenge.com\/pl\/#website\"},\"datePublished\":\"2025-04-04T16:09:49+00:00\",\"dateModified\":\"2025-10-28T11:02:47+00:00\",\"description\":\"Zaproponuj swoim uczniom zadania z angielskiego w The Big Challenge. \u015aledzenie post\u0119p\u00f3w, autokorekta, motywuj\u0105ce \u0107wiczenia gotowe do u\u017cycia na zaj\u0119ciach w klasie.\",\"breadcrumb\":{\"@id\":\"https:\/\/www.thebigchallenge.com\/pl\/teacher\/academy\/zadania-z-autokorekta\/#breadcrumb\"},\"inLanguage\":\"fr-FR\",\"potentialAction\":[{\"@type\":\"ReadAction\",\"target\":[\"https:\/\/www.thebigchallenge.com\/pl\/teacher\/academy\/zadania-z-autokorekta\/\"]}]},{\"@type\":\"BreadcrumbList\",\"@id\":\"https:\/\/www.thebigchallenge.com\/pl\/teacher\/academy\/zadania-z-autokorekta\/#breadcrumb\",\"itemListElement\":[{\"@type\":\"ListItem\",\"position\":1,\"name\":\"Accueil\",\"item\":\"https:\/\/www.thebigchallenge.com\/pl\/\"},{\"@type\":\"ListItem\",\"position\":2,\"name\":\"Teacher\",\"item\":\"https:\/\/www.thebigchallenge.com\/pl\/teacher\/\"},{\"@type\":\"ListItem\",\"position\":3,\"name\":\"Academy\",\"item\":\"https:\/\/www.thebigchallenge.com\/pl\/teacher\/academy\/\"},{\"@type\":\"ListItem\",\"position\":4,\"name\":\"Devoirs autocorrig\u00e9s\"}]},{\"@type\":\"WebSite\",\"@id\":\"https:\/\/www.thebigchallenge.com\/pl\/#website\",\"url\":\"https:\/\/www.thebigchallenge.com\/pl\/\",\"name\":\"PL\",\"description\":\"The Number One English Contest for Schools\",\"potentialAction\":[{\"@type\":\"SearchAction\",\"target\":{\"@type\":\"EntryPoint\",\"urlTemplate\":\"https:\/\/www.thebigchallenge.com\/pl\/?s={search_term_string}\"},\"query-input\":\"required name=search_term_string\"}],\"inLanguage\":\"fr-FR\"}]}<\/script>\n<!-- \/ Yoast SEO plugin. -->","yoast_head_json":{"title":"Zadania z autokorekt\u0105 w The Big Chalenge Academy","description":"Zaproponuj swoim uczniom zadania z angielskiego w The Big Challenge. \u015aledzenie post\u0119p\u00f3w, autokorekta, motywuj\u0105ce \u0107wiczenia gotowe do u\u017cycia na zaj\u0119ciach w klasie.","robots":{"index":"index","follow":"follow","max-snippet":"max-snippet:-1","max-image-preview":"max-image-preview:large","max-video-preview":"max-video-preview:-1"},"canonical":"https:\/\/www.thebigchallenge.com\/pl\/teacher\/academy\/zadania-z-autokorekta\/","og_locale":"fr_FR","og_type":"article","og_title":"Zadania z autokorekt\u0105 w The Big Chalenge Academy","og_description":"Zaproponuj swoim uczniom zadania z angielskiego w The Big Challenge. \u015aledzenie post\u0119p\u00f3w, autokorekta, motywuj\u0105ce \u0107wiczenia gotowe do u\u017cycia na zaj\u0119ciach w klasie.","og_url":"https:\/\/www.thebigchallenge.com\/pl\/teacher\/academy\/zadania-z-autokorekta\/","og_site_name":"PL","article_modified_time":"2025-10-28T11:02:47+00:00","twitter_card":"summary_large_image","schema":{"@context":"https:\/\/schema.org","@graph":[{"@type":"WebPage","@id":"https:\/\/www.thebigchallenge.com\/pl\/teacher\/academy\/zadania-z-autokorekta\/","url":"https:\/\/www.thebigchallenge.com\/pl\/teacher\/academy\/zadania-z-autokorekta\/","name":"Zadania z autokorekt\u0105 w The Big Chalenge Academy","isPartOf":{"@id":"https:\/\/www.thebigchallenge.com\/pl\/#website"},"datePublished":"2025-04-04T16:09:49+00:00","dateModified":"2025-10-28T11:02:47+00:00","description":"Zaproponuj swoim uczniom zadania z angielskiego w The Big Challenge. \u015aledzenie post\u0119p\u00f3w, autokorekta, motywuj\u0105ce \u0107wiczenia gotowe do u\u017cycia na zaj\u0119ciach w klasie.","breadcrumb":{"@id":"https:\/\/www.thebigchallenge.com\/pl\/teacher\/academy\/zadania-z-autokorekta\/#breadcrumb"},"inLanguage":"fr-FR","potentialAction":[{"@type":"ReadAction","target":["https:\/\/www.thebigchallenge.com\/pl\/teacher\/academy\/zadania-z-autokorekta\/"]}]},{"@type":"BreadcrumbList","@id":"https:\/\/www.thebigchallenge.com\/pl\/teacher\/academy\/zadania-z-autokorekta\/#breadcrumb","itemListElement":[{"@type":"ListItem","position":1,"name":"Accueil","item":"https:\/\/www.thebigchallenge.com\/pl\/"},{"@type":"ListItem","position":2,"name":"Teacher","item":"https:\/\/www.thebigchallenge.com\/pl\/teacher\/"},{"@type":"ListItem","position":3,"name":"Academy","item":"https:\/\/www.thebigchallenge.com\/pl\/teacher\/academy\/"},{"@type":"ListItem","position":4,"name":"Devoirs autocorrig\u00e9s"}]},{"@type":"WebSite","@id":"https:\/\/www.thebigchallenge.com\/pl\/#website","url":"https:\/\/www.thebigchallenge.com\/pl\/","name":"PL","description":"The Number One English Contest for Schools","potentialAction":[{"@type":"SearchAction","target":{"@type":"EntryPoint","urlTemplate":"https:\/\/www.thebigchallenge.com\/pl\/?s={search_term_string}"},"query-input":"required name=search_term_string"}],"inLanguage":"fr-FR"}]}},"publishpress_future_action":{"enabled":false,"date":"1970-01-01 01:00:00","action":"","terms":[],"taxonomy":"","browser_timezone_offset":0},"_links":{"self":[{"href":"https:\/\/www.thebigchallenge.com\/pl\/wp-json\/wp\/v2\/pages\/13091"}],"collection":[{"href":"https:\/\/www.thebigchallenge.com\/pl\/wp-json\/wp\/v2\/pages"}],"about":[{"href":"https:\/\/www.thebigchallenge.com\/pl\/wp-json\/wp\/v2\/types\/page"}],"author":[{"embeddable":true,"href":"https:\/\/www.thebigchallenge.com\/pl\/wp-json\/wp\/v2\/users\/1"}],"replies":[{"embeddable":true,"href":"https:\/\/www.thebigchallenge.com\/pl\/wp-json\/wp\/v2\/comments?post=13091"}],"version-history":[{"count":10,"href":"https:\/\/www.thebigchallenge.com\/pl\/wp-json\/wp\/v2\/pages\/13091\/revisions"}],"predecessor-version":[{"id":13411,"href":"https:\/\/www.thebigchallenge.com\/pl\/wp-json\/wp\/v2\/pages\/13091\/revisions\/13411"}],"up":[{"embeddable":true,"href":"https:\/\/www.thebigchallenge.com\/pl\/wp-json\/wp\/v2\/pages\/13088"}],"wp:attachment":[{"href":"https:\/\/www.thebigchallenge.com\/pl\/wp-json\/wp\/v2\/media?parent=13091"}],"curies":[{"name":"wp","href":"https:\/\/api.w.org\/{rel}","templated":true}]}}