{"id":13092,"date":"2025-04-03T17:00:33","date_gmt":"2025-04-03T16:00:33","guid":{"rendered":"https:\/\/www.thebigchallenge.com\/fr\/?page_id=42626"},"modified":"2025-10-28T12:02:44","modified_gmt":"2025-10-28T11:02:44","slug":"wydarzenia","status":"publish","type":"page","link":"https:\/\/www.thebigchallenge.com\/pl\/teacher\/academy\/wydarzenia\/","title":{"rendered":"Ev\u00e8nements"},"content":{"rendered":"","protected":false},"excerpt":{"rendered":"","protected":false},"author":1,"featured_media":0,"parent":13088,"menu_order":0,"comment_status":"closed","ping_status":"closed","template":"","meta":{"footnotes":""},"acf":[],"yoast_head":"<!-- This site is optimized with the Yoast SEO plugin v21.4 - https:\/\/yoast.com\/wordpress\/plugins\/seo\/ -->\n<title>Wydarzenia w The Big Challenge Academy<\/title>\n<meta name=\"description\" content=\"Motywuj swoich uczni\u00f3w za pomoc\u0105 wydarze\u0144 The Big Challenge: codzienne wyzwania, konkursy klasowe i rankingi w czasie rzeczywistym, kt\u00f3re urozmaic\u0105 Twoje lekcje angielskiego przez ca\u0142y rok.\" \/>\n<meta name=\"robots\" content=\"index, follow, max-snippet:-1, max-image-preview:large, max-video-preview:-1\" \/>\n<link rel=\"canonical\" href=\"https:\/\/www.thebigchallenge.com\/pl\/teacher\/academy\/wydarzenia\/\" \/>\n<meta property=\"og:locale\" content=\"fr_FR\" \/>\n<meta property=\"og:type\" content=\"article\" \/>\n<meta property=\"og:title\" content=\"Wydarzenia w The Big Challenge Academy\" \/>\n<meta property=\"og:description\" content=\"Motywuj swoich uczni\u00f3w za pomoc\u0105 wydarze\u0144 The Big Challenge: codzienne wyzwania, konkursy klasowe i rankingi w czasie rzeczywistym, kt\u00f3re urozmaic\u0105 Twoje lekcje angielskiego przez ca\u0142y rok.\" \/>\n<meta property=\"og:url\" content=\"https:\/\/www.thebigchallenge.com\/pl\/teacher\/academy\/wydarzenia\/\" \/>\n<meta property=\"og:site_name\" content=\"PL\" \/>\n<meta property=\"article:modified_time\" content=\"2025-10-28T11:02:44+00:00\" \/>\n<meta name=\"twitter:card\" content=\"summary_large_image\" \/>\n<script type=\"application\/ld+json\" class=\"yoast-schema-graph\">{\"@context\":\"https:\/\/schema.org\",\"@graph\":[{\"@type\":\"WebPage\",\"@id\":\"https:\/\/www.thebigchallenge.com\/pl\/teacher\/academy\/wydarzenia\/\",\"url\":\"https:\/\/www.thebigchallenge.com\/pl\/teacher\/academy\/wydarzenia\/\",\"name\":\"Wydarzenia w The Big Challenge Academy\",\"isPartOf\":{\"@id\":\"https:\/\/www.thebigchallenge.com\/pl\/#website\"},\"datePublished\":\"2025-04-03T16:00:33+00:00\",\"dateModified\":\"2025-10-28T11:02:44+00:00\",\"description\":\"Motywuj swoich uczni\u00f3w za pomoc\u0105 wydarze\u0144 The Big Challenge: codzienne wyzwania, konkursy klasowe i rankingi w czasie rzeczywistym, kt\u00f3re urozmaic\u0105 Twoje lekcje angielskiego przez ca\u0142y rok.\",\"breadcrumb\":{\"@id\":\"https:\/\/www.thebigchallenge.com\/pl\/teacher\/academy\/wydarzenia\/#breadcrumb\"},\"inLanguage\":\"fr-FR\",\"potentialAction\":[{\"@type\":\"ReadAction\",\"target\":[\"https:\/\/www.thebigchallenge.com\/pl\/teacher\/academy\/wydarzenia\/\"]}]},{\"@type\":\"BreadcrumbList\",\"@id\":\"https:\/\/www.thebigchallenge.com\/pl\/teacher\/academy\/wydarzenia\/#breadcrumb\",\"itemListElement\":[{\"@type\":\"ListItem\",\"position\":1,\"name\":\"Accueil\",\"item\":\"https:\/\/www.thebigchallenge.com\/pl\/\"},{\"@type\":\"ListItem\",\"position\":2,\"name\":\"Teacher\",\"item\":\"https:\/\/www.thebigchallenge.com\/pl\/teacher\/\"},{\"@type\":\"ListItem\",\"position\":3,\"name\":\"Academy\",\"item\":\"https:\/\/www.thebigchallenge.com\/pl\/teacher\/academy\/\"},{\"@type\":\"ListItem\",\"position\":4,\"name\":\"Ev\u00e8nements\"}]},{\"@type\":\"WebSite\",\"@id\":\"https:\/\/www.thebigchallenge.com\/pl\/#website\",\"url\":\"https:\/\/www.thebigchallenge.com\/pl\/\",\"name\":\"PL\",\"description\":\"The Number One English Contest for Schools\",\"potentialAction\":[{\"@type\":\"SearchAction\",\"target\":{\"@type\":\"EntryPoint\",\"urlTemplate\":\"https:\/\/www.thebigchallenge.com\/pl\/?s={search_term_string}\"},\"query-input\":\"required name=search_term_string\"}],\"inLanguage\":\"fr-FR\"}]}<\/script>\n<!-- \/ Yoast SEO plugin. -->","yoast_head_json":{"title":"Wydarzenia w The Big Challenge Academy","description":"Motywuj swoich uczni\u00f3w za pomoc\u0105 wydarze\u0144 The Big Challenge: codzienne wyzwania, konkursy klasowe i rankingi w czasie rzeczywistym, kt\u00f3re urozmaic\u0105 Twoje lekcje angielskiego przez ca\u0142y rok.","robots":{"index":"index","follow":"follow","max-snippet":"max-snippet:-1","max-image-preview":"max-image-preview:large","max-video-preview":"max-video-preview:-1"},"canonical":"https:\/\/www.thebigchallenge.com\/pl\/teacher\/academy\/wydarzenia\/","og_locale":"fr_FR","og_type":"article","og_title":"Wydarzenia w The Big Challenge Academy","og_description":"Motywuj swoich uczni\u00f3w za pomoc\u0105 wydarze\u0144 The Big Challenge: codzienne wyzwania, konkursy klasowe i rankingi w czasie rzeczywistym, kt\u00f3re urozmaic\u0105 Twoje lekcje angielskiego przez ca\u0142y rok.","og_url":"https:\/\/www.thebigchallenge.com\/pl\/teacher\/academy\/wydarzenia\/","og_site_name":"PL","article_modified_time":"2025-10-28T11:02:44+00:00","twitter_card":"summary_large_image","schema":{"@context":"https:\/\/schema.org","@graph":[{"@type":"WebPage","@id":"https:\/\/www.thebigchallenge.com\/pl\/teacher\/academy\/wydarzenia\/","url":"https:\/\/www.thebigchallenge.com\/pl\/teacher\/academy\/wydarzenia\/","name":"Wydarzenia w The Big Challenge Academy","isPartOf":{"@id":"https:\/\/www.thebigchallenge.com\/pl\/#website"},"datePublished":"2025-04-03T16:00:33+00:00","dateModified":"2025-10-28T11:02:44+00:00","description":"Motywuj swoich uczni\u00f3w za pomoc\u0105 wydarze\u0144 The Big Challenge: codzienne wyzwania, konkursy klasowe i rankingi w czasie rzeczywistym, kt\u00f3re urozmaic\u0105 Twoje lekcje angielskiego przez ca\u0142y rok.","breadcrumb":{"@id":"https:\/\/www.thebigchallenge.com\/pl\/teacher\/academy\/wydarzenia\/#breadcrumb"},"inLanguage":"fr-FR","potentialAction":[{"@type":"ReadAction","target":["https:\/\/www.thebigchallenge.com\/pl\/teacher\/academy\/wydarzenia\/"]}]},{"@type":"BreadcrumbList","@id":"https:\/\/www.thebigchallenge.com\/pl\/teacher\/academy\/wydarzenia\/#breadcrumb","itemListElement":[{"@type":"ListItem","position":1,"name":"Accueil","item":"https:\/\/www.thebigchallenge.com\/pl\/"},{"@type":"ListItem","position":2,"name":"Teacher","item":"https:\/\/www.thebigchallenge.com\/pl\/teacher\/"},{"@type":"ListItem","position":3,"name":"Academy","item":"https:\/\/www.thebigchallenge.com\/pl\/teacher\/academy\/"},{"@type":"ListItem","position":4,"name":"Ev\u00e8nements"}]},{"@type":"WebSite","@id":"https:\/\/www.thebigchallenge.com\/pl\/#website","url":"https:\/\/www.thebigchallenge.com\/pl\/","name":"PL","description":"The Number One English Contest for Schools","potentialAction":[{"@type":"SearchAction","target":{"@type":"EntryPoint","urlTemplate":"https:\/\/www.thebigchallenge.com\/pl\/?s={search_term_string}"},"query-input":"required name=search_term_string"}],"inLanguage":"fr-FR"}]}},"publishpress_future_action":{"enabled":false,"date":"1970-01-01 01:00:00","action":"","terms":[],"taxonomy":"","browser_timezone_offset":0},"_links":{"self":[{"href":"https:\/\/www.thebigchallenge.com\/pl\/wp-json\/wp\/v2\/pages\/13092"}],"collection":[{"href":"https:\/\/www.thebigchallenge.com\/pl\/wp-json\/wp\/v2\/pages"}],"about":[{"href":"https:\/\/www.thebigchallenge.com\/pl\/wp-json\/wp\/v2\/types\/page"}],"author":[{"embeddable":true,"href":"https:\/\/www.thebigchallenge.com\/pl\/wp-json\/wp\/v2\/users\/1"}],"replies":[{"embeddable":true,"href":"https:\/\/www.thebigchallenge.com\/pl\/wp-json\/wp\/v2\/comments?post=13092"}],"version-history":[{"count":10,"href":"https:\/\/www.thebigchallenge.com\/pl\/wp-json\/wp\/v2\/pages\/13092\/revisions"}],"predecessor-version":[{"id":13412,"href":"https:\/\/www.thebigchallenge.com\/pl\/wp-json\/wp\/v2\/pages\/13092\/revisions\/13412"}],"up":[{"embeddable":true,"href":"https:\/\/www.thebigchallenge.com\/pl\/wp-json\/wp\/v2\/pages\/13088"}],"wp:attachment":[{"href":"https:\/\/www.thebigchallenge.com\/pl\/wp-json\/wp\/v2\/media?parent=13092"}],"curies":[{"name":"wp","href":"https:\/\/api.w.org\/{rel}","templated":true}]}}