{"id":29,"date":"2015-05-20T12:19:17","date_gmt":"2015-05-20T11:19:17","guid":{"rendered":"https:\/\/www.thebigchallenge.com\/pl\/?page_id=29"},"modified":"2024-09-25T13:50:30","modified_gmt":"2024-09-25T12:50:30","slug":"comments","status":"publish","type":"page","link":"https:\/\/www.thebigchallenge.com\/pl\/student\/comments\/","title":{"rendered":"ST Comments"},"content":{"rendered":"","protected":false},"excerpt":{"rendered":"","protected":false},"author":1,"featured_media":0,"parent":12332,"menu_order":0,"comment_status":"closed","ping_status":"closed","template":"","meta":{"footnotes":""},"acf":[],"yoast_head":"<!-- This site is optimized with the Yoast SEO plugin v21.4 - https:\/\/yoast.com\/wordpress\/plugins\/seo\/ -->\n<title>Komentarze uczni\u00f3w - The Big Challenge - Polska<\/title>\n<meta name=\"description\" content=\"Uczniowie, kt\u00f3rzy wzi\u0119li udzia\u0142 w konkursie j\u0119zyka angielskiego dziel\u0105 si\u0119 z nami swoimi wra\u017ceniami.\" \/>\n<meta name=\"robots\" content=\"index, follow, max-snippet:-1, max-image-preview:large, max-video-preview:-1\" \/>\n<link rel=\"canonical\" href=\"https:\/\/www.thebigchallenge.com\/pl\/student\/comments\/\" \/>\n<meta property=\"og:locale\" content=\"fr_FR\" \/>\n<meta property=\"og:type\" content=\"article\" \/>\n<meta property=\"og:title\" content=\"Komentarze uczni\u00f3w - The Big Challenge - Polska\" \/>\n<meta property=\"og:description\" content=\"Uczniowie, kt\u00f3rzy wzi\u0119li udzia\u0142 w konkursie j\u0119zyka angielskiego dziel\u0105 si\u0119 z nami swoimi wra\u017ceniami.\" \/>\n<meta property=\"og:url\" content=\"https:\/\/www.thebigchallenge.com\/pl\/student\/comments\/\" \/>\n<meta property=\"og:site_name\" content=\"PL\" \/>\n<meta property=\"article:modified_time\" content=\"2024-09-25T12:50:30+00:00\" \/>\n<meta name=\"twitter:card\" content=\"summary_large_image\" \/>\n<script type=\"application\/ld+json\" class=\"yoast-schema-graph\">{\"@context\":\"https:\/\/schema.org\",\"@graph\":[{\"@type\":\"WebPage\",\"@id\":\"https:\/\/www.thebigchallenge.com\/pl\/student\/comments\/\",\"url\":\"https:\/\/www.thebigchallenge.com\/pl\/student\/comments\/\",\"name\":\"Komentarze uczni\u00f3w - The Big Challenge - Polska\",\"isPartOf\":{\"@id\":\"https:\/\/www.thebigchallenge.com\/pl\/#website\"},\"datePublished\":\"2015-05-20T11:19:17+00:00\",\"dateModified\":\"2024-09-25T12:50:30+00:00\",\"description\":\"Uczniowie, kt\u00f3rzy wzi\u0119li udzia\u0142 w konkursie j\u0119zyka angielskiego dziel\u0105 si\u0119 z nami swoimi wra\u017ceniami.\",\"breadcrumb\":{\"@id\":\"https:\/\/www.thebigchallenge.com\/pl\/student\/comments\/#breadcrumb\"},\"inLanguage\":\"fr-FR\",\"potentialAction\":[{\"@type\":\"ReadAction\",\"target\":[\"https:\/\/www.thebigchallenge.com\/pl\/student\/comments\/\"]}]},{\"@type\":\"BreadcrumbList\",\"@id\":\"https:\/\/www.thebigchallenge.com\/pl\/student\/comments\/#breadcrumb\",\"itemListElement\":[{\"@type\":\"ListItem\",\"position\":1,\"name\":\"Accueil\",\"item\":\"https:\/\/www.thebigchallenge.com\/pl\/\"},{\"@type\":\"ListItem\",\"position\":2,\"name\":\"Student\",\"item\":\"https:\/\/www.thebigchallenge.com\/pl\/student\/\"},{\"@type\":\"ListItem\",\"position\":3,\"name\":\"ST Comments\"}]},{\"@type\":\"WebSite\",\"@id\":\"https:\/\/www.thebigchallenge.com\/pl\/#website\",\"url\":\"https:\/\/www.thebigchallenge.com\/pl\/\",\"name\":\"PL\",\"description\":\"The Number One English Contest for Schools\",\"potentialAction\":[{\"@type\":\"SearchAction\",\"target\":{\"@type\":\"EntryPoint\",\"urlTemplate\":\"https:\/\/www.thebigchallenge.com\/pl\/?s={search_term_string}\"},\"query-input\":\"required name=search_term_string\"}],\"inLanguage\":\"fr-FR\"}]}<\/script>\n<!-- \/ Yoast SEO plugin. -->","yoast_head_json":{"title":"Komentarze uczni\u00f3w - The Big Challenge - Polska","description":"Uczniowie, kt\u00f3rzy wzi\u0119li udzia\u0142 w konkursie j\u0119zyka angielskiego dziel\u0105 si\u0119 z nami swoimi wra\u017ceniami.","robots":{"index":"index","follow":"follow","max-snippet":"max-snippet:-1","max-image-preview":"max-image-preview:large","max-video-preview":"max-video-preview:-1"},"canonical":"https:\/\/www.thebigchallenge.com\/pl\/student\/comments\/","og_locale":"fr_FR","og_type":"article","og_title":"Komentarze uczni\u00f3w - The Big Challenge - Polska","og_description":"Uczniowie, kt\u00f3rzy wzi\u0119li udzia\u0142 w konkursie j\u0119zyka angielskiego dziel\u0105 si\u0119 z nami swoimi wra\u017ceniami.","og_url":"https:\/\/www.thebigchallenge.com\/pl\/student\/comments\/","og_site_name":"PL","article_modified_time":"2024-09-25T12:50:30+00:00","twitter_card":"summary_large_image","schema":{"@context":"https:\/\/schema.org","@graph":[{"@type":"WebPage","@id":"https:\/\/www.thebigchallenge.com\/pl\/student\/comments\/","url":"https:\/\/www.thebigchallenge.com\/pl\/student\/comments\/","name":"Komentarze uczni\u00f3w - The Big Challenge - Polska","isPartOf":{"@id":"https:\/\/www.thebigchallenge.com\/pl\/#website"},"datePublished":"2015-05-20T11:19:17+00:00","dateModified":"2024-09-25T12:50:30+00:00","description":"Uczniowie, kt\u00f3rzy wzi\u0119li udzia\u0142 w konkursie j\u0119zyka angielskiego dziel\u0105 si\u0119 z nami swoimi wra\u017ceniami.","breadcrumb":{"@id":"https:\/\/www.thebigchallenge.com\/pl\/student\/comments\/#breadcrumb"},"inLanguage":"fr-FR","potentialAction":[{"@type":"ReadAction","target":["https:\/\/www.thebigchallenge.com\/pl\/student\/comments\/"]}]},{"@type":"BreadcrumbList","@id":"https:\/\/www.thebigchallenge.com\/pl\/student\/comments\/#breadcrumb","itemListElement":[{"@type":"ListItem","position":1,"name":"Accueil","item":"https:\/\/www.thebigchallenge.com\/pl\/"},{"@type":"ListItem","position":2,"name":"Student","item":"https:\/\/www.thebigchallenge.com\/pl\/student\/"},{"@type":"ListItem","position":3,"name":"ST Comments"}]},{"@type":"WebSite","@id":"https:\/\/www.thebigchallenge.com\/pl\/#website","url":"https:\/\/www.thebigchallenge.com\/pl\/","name":"PL","description":"The Number One English Contest for Schools","potentialAction":[{"@type":"SearchAction","target":{"@type":"EntryPoint","urlTemplate":"https:\/\/www.thebigchallenge.com\/pl\/?s={search_term_string}"},"query-input":"required name=search_term_string"}],"inLanguage":"fr-FR"}]}},"publishpress_future_action":{"enabled":false,"date":"1970-01-01 01:00:00","action":"","terms":[],"taxonomy":"","browser_timezone_offset":0},"_links":{"self":[{"href":"https:\/\/www.thebigchallenge.com\/pl\/wp-json\/wp\/v2\/pages\/29"}],"collection":[{"href":"https:\/\/www.thebigchallenge.com\/pl\/wp-json\/wp\/v2\/pages"}],"about":[{"href":"https:\/\/www.thebigchallenge.com\/pl\/wp-json\/wp\/v2\/types\/page"}],"author":[{"embeddable":true,"href":"https:\/\/www.thebigchallenge.com\/pl\/wp-json\/wp\/v2\/users\/1"}],"replies":[{"embeddable":true,"href":"https:\/\/www.thebigchallenge.com\/pl\/wp-json\/wp\/v2\/comments?post=29"}],"version-history":[{"count":10,"href":"https:\/\/www.thebigchallenge.com\/pl\/wp-json\/wp\/v2\/pages\/29\/revisions"}],"predecessor-version":[{"id":12825,"href":"https:\/\/www.thebigchallenge.com\/pl\/wp-json\/wp\/v2\/pages\/29\/revisions\/12825"}],"up":[{"embeddable":true,"href":"https:\/\/www.thebigchallenge.com\/pl\/wp-json\/wp\/v2\/pages\/12332"}],"wp:attachment":[{"href":"https:\/\/www.thebigchallenge.com\/pl\/wp-json\/wp\/v2\/media?parent=29"}],"curies":[{"name":"wp","href":"https:\/\/api.w.org\/{rel}","templated":true}]}}